{"id":38871,"date":"2025-07-19T01:54:25","date_gmt":"2025-07-19T00:54:25","guid":{"rendered":"https:\/\/babylove.se\/produkt\/dekorillo-vaggklistermarke-cosmic-little-mouse\/"},"modified":"2026-04-08T12:36:46","modified_gmt":"2026-04-08T11:36:46","slug":"dekorillo-veggklistremerke-cosmic-little-mouse","status":"publish","type":"product","link":"https:\/\/babylove.se\/no\/produkt\/dekorillo-veggklistremerke-cosmic-little-mouse\/","title":{"rendered":"Dekorillo, veggklistremerke Cosmic Little Mouse"},"content":{"rendered":"<p>En sjarmerende veggdekorasjon med rommotiv fra Dekorillo. \\n \\nDette er en fantastisk m\u00e5te \u00e5 innrede barnerommet ditt p\u00e5, da den passer like godt ved sengen som ved skrivebordet eller p\u00e5 en tom helvegg i stedet for tapet. Med disse veggklistremerkene kan du dekorere ditt barns rom og samtidig skape masse lek! \\n \\n<strong>M\u00e5l<\/strong>: \\n<\/p>\n<ul> \\n \\t<\/p>\n<li><strong>M<\/strong>:  m\u00e5ne &#8211; 27&#215;2 cm, mus #1 &#8211; 23x10cm, mus #2 &#8211; 18x13cm, mus #3 &#8211; 14 x19cm , mus #4 &#8211; 12x15cm,<\/li>\n<p> \\n \\t<\/p>\n<li><strong>L<\/strong>: m\u00e5ne &#8211; 50&#215;50 cm, mus #1 &#8211; 40x18cm, mus #2 &#8211; 21x33cm, mus #3 &#8211; 26x34cm , mus #4 &#8211; 23x27cm<\/li>\n<p> \\n \\t<\/p>\n<li><strong>XL<\/strong>:  m\u00e5ne &#8211; 90x90cm, mus #1 &#8211; 75x35cm, mus #2 &#8211; 40x60cm, mus #3 &#8211; 50x60cm, mus #4 &#8211; 50x45cm<\/li>\n<p> \\n<\/ul>\n<p> \\n<u>Obs! Klistremerkene er ikke egnet for vegger med ru overflate eller hvis de er malt med lateksmaling eller tapetsert.<\/u> \\n \\nDesigner: <a href=\"https:\/\/babylove.se\/varumarken\/dekorillo\">Dekorillo<\/a><\/p>\n","protected":false},"excerpt":{"rendered":"<p>En sjarmerende veggdekorasjon med rommotiv fra Dekorillo. \\n \\nDette er en fantastisk m\u00e5te \u00e5 innrede barnerommet ditt p\u00e5, da den passer like godt ved sengen som ved skrivebordet eller p\u00e5 en tom helvegg i stedet for tapet. Med disse veggklistremerkene kan du dekorere ditt barns rom og samtidig skape masse lek! \\n \\nM\u00e5l: \\n \\n [&hellip;]<\/p>\n","protected":false},"featured_media":38873,"comment_status":"open","ping_status":"closed","template":"","meta":{"_acf_changed":false},"product_brand":[994],"product_cat":[995,238,24],"product_tag":[1709],"class_list":{"0":"post-38871","1":"product","2":"type-product","3":"status-publish","4":"has-post-thumbnail","6":"product_brand-dekorillo","7":"product_cat-dekorillo","8":"product_cat-rommet","9":"product_cat-veggklistremerker","10":"product_tag-utforsalg","11":"pa_storlek-l","12":"pa_storlek-m","13":"pa_storlek-xl","15":"first","16":"instock","17":"taxable","18":"shipping-taxable","19":"purchasable","20":"product-type-variable"},"acf":[],"yoast_head":"<!-- This site is optimized with the Yoast SEO Premium plugin v25.8 (Yoast SEO v27.2) - https:\/\/yoast.com\/product\/yoast-seo-premium-wordpress\/ -->\n<title>Dekorillo, veggklistremerke Cosmic Little Mouse - Babylove Norska<\/title>\n<meta name=\"robots\" content=\"noindex, follow, max-snippet:-1, max-image-preview:large, max-video-preview:-1\" \/>\n<meta property=\"og:locale\" content=\"nb_NO\" \/>\n<meta property=\"og:type\" content=\"article\" \/>\n<meta property=\"og:title\" content=\"Dekorillo, veggklistremerke Cosmic Little Mouse\" \/>\n<meta property=\"og:description\" content=\"En sjarmerende veggdekorasjon med rommotiv fra Dekorillo. n nDette er en fantastisk m\u00e5te \u00e5 innrede barnerommet ditt p\u00e5, da den passer like godt ved sengen som ved skrivebordet eller p\u00e5 en tom helvegg i stedet for tapet. Med disse veggklistremerkene kan du dekorere ditt barns rom og samtidig skape masse lek! n nM\u00e5l: n n [&hellip;]\" \/>\n<meta property=\"og:url\" content=\"https:\/\/babylove.se\/no\/produkt\/dekorillo-veggklistremerke-cosmic-little-mouse\/\" \/>\n<meta property=\"og:site_name\" content=\"Babylove Norska\" \/>\n<meta property=\"article:modified_time\" content=\"2026-04-08T11:36:46+00:00\" \/>\n<meta property=\"og:image\" content=\"https:\/\/babylove.se\/no\/wp-content\/uploads\/sites\/3\/2025\/07\/62ea792454c73.jpeg\" \/>\n\t<meta property=\"og:image:width\" content=\"1536\" \/>\n\t<meta property=\"og:image:height\" content=\"1536\" \/>\n\t<meta property=\"og:image:type\" content=\"image\/jpeg\" \/>\n<meta name=\"twitter:card\" content=\"summary_large_image\" \/>\n<meta name=\"twitter:label1\" content=\"Availability\" \/>\n\t<meta name=\"twitter:data1\" content=\"In stock\" \/>\n<script type=\"application\/ld+json\" class=\"yoast-schema-graph\">{\"@context\":\"https:\/\/schema.org\",\"@graph\":[{\"@type\":\"WebPage\",\"@id\":\"https:\/\/babylove.se\/no\/produkt\/dekorillo-veggklistremerke-cosmic-little-mouse\/\",\"url\":\"https:\/\/babylove.se\/no\/produkt\/dekorillo-veggklistremerke-cosmic-little-mouse\/\",\"name\":\"Dekorillo, veggklistremerke Cosmic Little Mouse - Babylove Norska\",\"isPartOf\":{\"@id\":\"https:\/\/babylove.se\/no\/#website\"},\"primaryImageOfPage\":{\"@id\":\"https:\/\/babylove.se\/no\/produkt\/dekorillo-veggklistremerke-cosmic-little-mouse\/#primaryimage\"},\"image\":{\"@id\":\"https:\/\/babylove.se\/no\/produkt\/dekorillo-veggklistremerke-cosmic-little-mouse\/#primaryimage\"},\"thumbnailUrl\":\"https:\/\/babylove.se\/no\/wp-content\/uploads\/sites\/3\/2025\/07\/62ea792454c73.jpeg\",\"datePublished\":\"2025-07-19T00:54:25+00:00\",\"dateModified\":\"2026-04-08T11:36:46+00:00\",\"breadcrumb\":{\"@id\":\"https:\/\/babylove.se\/no\/produkt\/dekorillo-veggklistremerke-cosmic-little-mouse\/#breadcrumb\"},\"inLanguage\":\"nb-NO\",\"potentialAction\":[{\"@type\":\"ReadAction\",\"target\":[\"https:\/\/babylove.se\/no\/produkt\/dekorillo-veggklistremerke-cosmic-little-mouse\/\"]}]},{\"@type\":\"ImageObject\",\"inLanguage\":\"nb-NO\",\"@id\":\"https:\/\/babylove.se\/no\/produkt\/dekorillo-veggklistremerke-cosmic-little-mouse\/#primaryimage\",\"url\":\"https:\/\/babylove.se\/no\/wp-content\/uploads\/sites\/3\/2025\/07\/62ea792454c73.jpeg\",\"contentUrl\":\"https:\/\/babylove.se\/no\/wp-content\/uploads\/sites\/3\/2025\/07\/62ea792454c73.jpeg\",\"width\":1536,\"height\":1536},{\"@type\":\"BreadcrumbList\",\"@id\":\"https:\/\/babylove.se\/no\/produkt\/dekorillo-veggklistremerke-cosmic-little-mouse\/#breadcrumb\",\"itemListElement\":[{\"@type\":\"ListItem\",\"position\":1,\"name\":\"Hem\",\"item\":\"https:\/\/babylove.se\/no\/\"},{\"@type\":\"ListItem\",\"position\":2,\"name\":\"Butik\",\"item\":\"https:\/\/babylove.se\/no\/butik\/\"},{\"@type\":\"ListItem\",\"position\":3,\"name\":\"Dekorillo, veggklistremerke Cosmic Little Mouse\"}]},{\"@type\":\"WebSite\",\"@id\":\"https:\/\/babylove.se\/no\/#website\",\"url\":\"https:\/\/babylove.se\/no\/\",\"name\":\"Babylove Norska\",\"description\":\"\",\"potentialAction\":[{\"@type\":\"SearchAction\",\"target\":{\"@type\":\"EntryPoint\",\"urlTemplate\":\"https:\/\/babylove.se\/no\/?s={search_term_string}\"},\"query-input\":{\"@type\":\"PropertyValueSpecification\",\"valueRequired\":true,\"valueName\":\"search_term_string\"}}],\"inLanguage\":\"nb-NO\"}]}<\/script>\n<meta property=\"product:brand\" content=\"Dekorillo\" \/>\n<meta property=\"og:availability\" content=\"instock\" \/>\n<meta property=\"product:availability\" content=\"instock\" \/>\n<meta property=\"product:retailer_item_id\" content=\"Cosmic Little MouseM\" \/>\n<meta property=\"product:condition\" content=\"new\" \/>\n<!-- \/ Yoast SEO Premium plugin. -->","yoast_head_json":{"title":"Dekorillo, veggklistremerke Cosmic Little Mouse - Babylove Norska","robots":{"index":"noindex","follow":"follow","max-snippet":"max-snippet:-1","max-image-preview":"max-image-preview:large","max-video-preview":"max-video-preview:-1"},"og_locale":"nb_NO","og_type":"article","og_title":"Dekorillo, veggklistremerke Cosmic Little Mouse","og_description":"En sjarmerende veggdekorasjon med rommotiv fra Dekorillo. n nDette er en fantastisk m\u00e5te \u00e5 innrede barnerommet ditt p\u00e5, da den passer like godt ved sengen som ved skrivebordet eller p\u00e5 en tom helvegg i stedet for tapet. Med disse veggklistremerkene kan du dekorere ditt barns rom og samtidig skape masse lek! n nM\u00e5l: n n [&hellip;]","og_url":"https:\/\/babylove.se\/no\/produkt\/dekorillo-veggklistremerke-cosmic-little-mouse\/","og_site_name":"Babylove Norska","article_modified_time":"2026-04-08T11:36:46+00:00","og_image":[{"width":1536,"height":1536,"url":"https:\/\/babylove.se\/no\/wp-content\/uploads\/sites\/3\/2025\/07\/62ea792454c73.jpeg","type":"image\/jpeg"}],"twitter_card":"summary_large_image","twitter_misc":{"Availability":"In stock"},"schema":{"@context":"https:\/\/schema.org","@graph":[{"@type":"WebPage","@id":"https:\/\/babylove.se\/no\/produkt\/dekorillo-veggklistremerke-cosmic-little-mouse\/","url":"https:\/\/babylove.se\/no\/produkt\/dekorillo-veggklistremerke-cosmic-little-mouse\/","name":"Dekorillo, veggklistremerke Cosmic Little Mouse - Babylove Norska","isPartOf":{"@id":"https:\/\/babylove.se\/no\/#website"},"primaryImageOfPage":{"@id":"https:\/\/babylove.se\/no\/produkt\/dekorillo-veggklistremerke-cosmic-little-mouse\/#primaryimage"},"image":{"@id":"https:\/\/babylove.se\/no\/produkt\/dekorillo-veggklistremerke-cosmic-little-mouse\/#primaryimage"},"thumbnailUrl":"https:\/\/babylove.se\/no\/wp-content\/uploads\/sites\/3\/2025\/07\/62ea792454c73.jpeg","datePublished":"2025-07-19T00:54:25+00:00","dateModified":"2026-04-08T11:36:46+00:00","breadcrumb":{"@id":"https:\/\/babylove.se\/no\/produkt\/dekorillo-veggklistremerke-cosmic-little-mouse\/#breadcrumb"},"inLanguage":"nb-NO","potentialAction":[{"@type":"ReadAction","target":["https:\/\/babylove.se\/no\/produkt\/dekorillo-veggklistremerke-cosmic-little-mouse\/"]}]},{"@type":"ImageObject","inLanguage":"nb-NO","@id":"https:\/\/babylove.se\/no\/produkt\/dekorillo-veggklistremerke-cosmic-little-mouse\/#primaryimage","url":"https:\/\/babylove.se\/no\/wp-content\/uploads\/sites\/3\/2025\/07\/62ea792454c73.jpeg","contentUrl":"https:\/\/babylove.se\/no\/wp-content\/uploads\/sites\/3\/2025\/07\/62ea792454c73.jpeg","width":1536,"height":1536},{"@type":"BreadcrumbList","@id":"https:\/\/babylove.se\/no\/produkt\/dekorillo-veggklistremerke-cosmic-little-mouse\/#breadcrumb","itemListElement":[{"@type":"ListItem","position":1,"name":"Hem","item":"https:\/\/babylove.se\/no\/"},{"@type":"ListItem","position":2,"name":"Butik","item":"https:\/\/babylove.se\/no\/butik\/"},{"@type":"ListItem","position":3,"name":"Dekorillo, veggklistremerke Cosmic Little Mouse"}]},{"@type":"WebSite","@id":"https:\/\/babylove.se\/no\/#website","url":"https:\/\/babylove.se\/no\/","name":"Babylove Norska","description":"","potentialAction":[{"@type":"SearchAction","target":{"@type":"EntryPoint","urlTemplate":"https:\/\/babylove.se\/no\/?s={search_term_string}"},"query-input":{"@type":"PropertyValueSpecification","valueRequired":true,"valueName":"search_term_string"}}],"inLanguage":"nb-NO"}]},"product_brand":"Dekorillo","og_availability":"instock","product_availability":"instock","product_retailer_item_id":"Cosmic Little MouseM","product_condition":"new"},"_links":{"self":[{"href":"https:\/\/babylove.se\/no\/wp-json\/wp\/v2\/product\/38871","targetHints":{"allow":["GET"]}}],"collection":[{"href":"https:\/\/babylove.se\/no\/wp-json\/wp\/v2\/product"}],"about":[{"href":"https:\/\/babylove.se\/no\/wp-json\/wp\/v2\/types\/product"}],"replies":[{"embeddable":true,"href":"https:\/\/babylove.se\/no\/wp-json\/wp\/v2\/comments?post=38871"}],"wp:featuredmedia":[{"embeddable":true,"href":"https:\/\/babylove.se\/no\/wp-json\/wp\/v2\/media\/38873"}],"wp:attachment":[{"href":"https:\/\/babylove.se\/no\/wp-json\/wp\/v2\/media?parent=38871"}],"wp:term":[{"taxonomy":"product_brand","embeddable":true,"href":"https:\/\/babylove.se\/no\/wp-json\/wp\/v2\/product_brand?post=38871"},{"taxonomy":"product_cat","embeddable":true,"href":"https:\/\/babylove.se\/no\/wp-json\/wp\/v2\/product_cat?post=38871"},{"taxonomy":"product_tag","embeddable":true,"href":"https:\/\/babylove.se\/no\/wp-json\/wp\/v2\/product_tag?post=38871"}],"curies":[{"name":"wp","href":"https:\/\/api.w.org\/{rel}","templated":true}]}}