{"id":38915,"date":"2025-07-19T01:54:56","date_gmt":"2025-07-19T00:54:56","guid":{"rendered":"https:\/\/babylove.se\/produkt\/liewood-mirabelle-dockhus-till-barnrummet-golden-caramel\/"},"modified":"2026-04-08T12:37:10","modified_gmt":"2026-04-08T11:37:10","slug":"liewood-mirabelle-dukkehus-til-barnerommet-golden-caramel","status":"publish","type":"product","link":"https:\/\/babylove.se\/no\/produkt\/liewood-mirabelle-dukkehus-til-barnerommet-golden-caramel\/","title":{"rendered":"Liewood, Mirabelle dukkehus til barnerommet, Golden caramel"},"content":{"rendered":"<p>Vakkert fleretagesdukkhus i tre fra danske Liewood! <\/p>\n<p>Unikt i sitt slag med utrolige detaljer i skandinavisk stil. Et dukkhus for generasjoner som aldri g\u00e5r av moten og holder lenge. <\/p>\n<p>Din dukkhusfamilie er klar til \u00e5 flytte inn! Ikke glem \u00e5 komplettere med m\u00f8bler og annen innredning! <\/p>\n<p><strong>Materiale<\/strong>: 100% kryssfiner. CE-merket. <\/p>\n<p><strong>M\u00e5l<\/strong>: Toppdel: 22 x 40 x 40 cm. Bunndel: 32 x 20 x 40 cm. <\/p>\n<p>Designer: <a href=\"https:\/\/babylove.se\/varumarken\/liewood\">Liewood<\/a><\/p>\n","protected":false},"excerpt":{"rendered":"<p>Vakkert fleretagesdukkhus i tre fra danske Liewood! Unikt i sitt slag med utrolige detaljer i skandinavisk stil. Et dukkhus for generasjoner som aldri g\u00e5r av moten og holder lenge. Din dukkhusfamilie er klar til \u00e5 flytte inn! Ikke glem \u00e5 komplettere med m\u00f8bler og annen innredning! Materiale: 100% kryssfiner. CE-merket. M\u00e5l: Toppdel: 22 x 40 [&hellip;]<\/p>\n","protected":false},"featured_media":38917,"comment_status":"closed","ping_status":"closed","template":"","meta":{"_acf_changed":false},"product_brand":[282],"product_cat":[89,72,68,283,112],"product_tag":[],"class_list":{"0":"post-38915","1":"product","2":"type-product","3":"status-publish","4":"has-post-thumbnail","6":"product_brand-liewood","7":"product_cat-dukkehus","8":"product_cat-julegaver","9":"product_cat-leker","10":"product_cat-liewood","11":"product_cat-treleker","13":"first","14":"outofstock","15":"taxable","16":"shipping-taxable","17":"purchasable","18":"product-type-simple"},"acf":[],"yoast_head":"<!-- This site is optimized with the Yoast SEO Premium plugin v25.8 (Yoast SEO v27.2) - https:\/\/yoast.com\/product\/yoast-seo-premium-wordpress\/ -->\n<title>Liewood, Mirabelle dukkehus til barnerommet, Golden caramel - Babylove Norska<\/title>\n<meta name=\"robots\" content=\"noindex, follow, max-snippet:-1, max-image-preview:large, max-video-preview:-1\" \/>\n<meta property=\"og:locale\" content=\"nb_NO\" \/>\n<meta property=\"og:type\" content=\"article\" \/>\n<meta property=\"og:title\" content=\"Liewood, Mirabelle dukkehus til barnerommet, Golden caramel\" \/>\n<meta property=\"og:description\" content=\"Vakkert fleretagesdukkhus i tre fra danske Liewood! Unikt i sitt slag med utrolige detaljer i skandinavisk stil. Et dukkhus for generasjoner som aldri g\u00e5r av moten og holder lenge. Din dukkhusfamilie er klar til \u00e5 flytte inn! Ikke glem \u00e5 komplettere med m\u00f8bler og annen innredning! Materiale: 100% kryssfiner. CE-merket. M\u00e5l: Toppdel: 22 x 40 [&hellip;]\" \/>\n<meta property=\"og:url\" content=\"https:\/\/babylove.se\/no\/produkt\/liewood-mirabelle-dukkehus-til-barnerommet-golden-caramel\/\" \/>\n<meta property=\"og:site_name\" content=\"Babylove Norska\" \/>\n<meta property=\"article:modified_time\" content=\"2026-04-08T11:37:10+00:00\" \/>\n<meta property=\"og:image\" content=\"https:\/\/babylove.se\/no\/wp-content\/uploads\/sites\/3\/2025\/07\/62f61659c4f7b.jpeg\" \/>\n\t<meta property=\"og:image:width\" content=\"805\" \/>\n\t<meta property=\"og:image:height\" content=\"1182\" \/>\n\t<meta property=\"og:image:type\" content=\"image\/jpeg\" \/>\n<meta name=\"twitter:card\" content=\"summary_large_image\" \/>\n<meta name=\"twitter:label1\" content=\"Price\" \/>\n\t<meta name=\"twitter:data1\" content=\"1 399,00&nbsp;&#107;&#114;\" \/>\n\t<meta name=\"twitter:label2\" content=\"Availability\" \/>\n\t<meta name=\"twitter:data2\" content=\"Out of stock\" \/>\n<script type=\"application\/ld+json\" class=\"yoast-schema-graph\">{\"@context\":\"https:\/\/schema.org\",\"@graph\":[{\"@type\":\"WebPage\",\"@id\":\"https:\/\/babylove.se\/no\/produkt\/liewood-mirabelle-dukkehus-til-barnerommet-golden-caramel\/\",\"url\":\"https:\/\/babylove.se\/no\/produkt\/liewood-mirabelle-dukkehus-til-barnerommet-golden-caramel\/\",\"name\":\"Liewood, Mirabelle dukkehus til barnerommet, Golden caramel - Babylove Norska\",\"isPartOf\":{\"@id\":\"https:\/\/babylove.se\/no\/#website\"},\"primaryImageOfPage\":{\"@id\":\"https:\/\/babylove.se\/no\/produkt\/liewood-mirabelle-dukkehus-til-barnerommet-golden-caramel\/#primaryimage\"},\"image\":{\"@id\":\"https:\/\/babylove.se\/no\/produkt\/liewood-mirabelle-dukkehus-til-barnerommet-golden-caramel\/#primaryimage\"},\"thumbnailUrl\":\"https:\/\/babylove.se\/no\/wp-content\/uploads\/sites\/3\/2025\/07\/62f61659c4f7b.jpeg\",\"datePublished\":\"2025-07-19T00:54:56+00:00\",\"dateModified\":\"2026-04-08T11:37:10+00:00\",\"breadcrumb\":{\"@id\":\"https:\/\/babylove.se\/no\/produkt\/liewood-mirabelle-dukkehus-til-barnerommet-golden-caramel\/#breadcrumb\"},\"inLanguage\":\"nb-NO\",\"potentialAction\":[{\"@type\":\"ReadAction\",\"target\":[\"https:\/\/babylove.se\/no\/produkt\/liewood-mirabelle-dukkehus-til-barnerommet-golden-caramel\/\"]}]},{\"@type\":\"ImageObject\",\"inLanguage\":\"nb-NO\",\"@id\":\"https:\/\/babylove.se\/no\/produkt\/liewood-mirabelle-dukkehus-til-barnerommet-golden-caramel\/#primaryimage\",\"url\":\"https:\/\/babylove.se\/no\/wp-content\/uploads\/sites\/3\/2025\/07\/62f61659c4f7b.jpeg\",\"contentUrl\":\"https:\/\/babylove.se\/no\/wp-content\/uploads\/sites\/3\/2025\/07\/62f61659c4f7b.jpeg\",\"width\":805,\"height\":1182},{\"@type\":\"BreadcrumbList\",\"@id\":\"https:\/\/babylove.se\/no\/produkt\/liewood-mirabelle-dukkehus-til-barnerommet-golden-caramel\/#breadcrumb\",\"itemListElement\":[{\"@type\":\"ListItem\",\"position\":1,\"name\":\"Hem\",\"item\":\"https:\/\/babylove.se\/no\/\"},{\"@type\":\"ListItem\",\"position\":2,\"name\":\"Butik\",\"item\":\"https:\/\/babylove.se\/no\/butik\/\"},{\"@type\":\"ListItem\",\"position\":3,\"name\":\"Liewood, Mirabelle dukkehus til barnerommet, Golden caramel\"}]},{\"@type\":\"WebSite\",\"@id\":\"https:\/\/babylove.se\/no\/#website\",\"url\":\"https:\/\/babylove.se\/no\/\",\"name\":\"Babylove Norska\",\"description\":\"\",\"potentialAction\":[{\"@type\":\"SearchAction\",\"target\":{\"@type\":\"EntryPoint\",\"urlTemplate\":\"https:\/\/babylove.se\/no\/?s={search_term_string}\"},\"query-input\":{\"@type\":\"PropertyValueSpecification\",\"valueRequired\":true,\"valueName\":\"search_term_string\"}}],\"inLanguage\":\"nb-NO\"}]}<\/script>\n<meta property=\"product:brand\" content=\"Liewood\" \/>\n<meta property=\"product:price:amount\" content=\"1399.00\" \/>\n<meta property=\"product:price:currency\" content=\"SEK\" \/>\n<meta property=\"og:availability\" content=\"out of stock\" \/>\n<meta property=\"product:availability\" content=\"out of stock\" \/>\n<meta property=\"product:retailer_item_id\" content=\"LW150923050\" \/>\n<meta property=\"product:condition\" content=\"new\" \/>\n<!-- \/ Yoast SEO Premium plugin. -->","yoast_head_json":{"title":"Liewood, Mirabelle dukkehus til barnerommet, Golden caramel - Babylove Norska","robots":{"index":"noindex","follow":"follow","max-snippet":"max-snippet:-1","max-image-preview":"max-image-preview:large","max-video-preview":"max-video-preview:-1"},"og_locale":"nb_NO","og_type":"article","og_title":"Liewood, Mirabelle dukkehus til barnerommet, Golden caramel","og_description":"Vakkert fleretagesdukkhus i tre fra danske Liewood! Unikt i sitt slag med utrolige detaljer i skandinavisk stil. Et dukkhus for generasjoner som aldri g\u00e5r av moten og holder lenge. Din dukkhusfamilie er klar til \u00e5 flytte inn! Ikke glem \u00e5 komplettere med m\u00f8bler og annen innredning! Materiale: 100% kryssfiner. CE-merket. M\u00e5l: Toppdel: 22 x 40 [&hellip;]","og_url":"https:\/\/babylove.se\/no\/produkt\/liewood-mirabelle-dukkehus-til-barnerommet-golden-caramel\/","og_site_name":"Babylove Norska","article_modified_time":"2026-04-08T11:37:10+00:00","og_image":[{"width":805,"height":1182,"url":"https:\/\/babylove.se\/no\/wp-content\/uploads\/sites\/3\/2025\/07\/62f61659c4f7b.jpeg","type":"image\/jpeg"}],"twitter_card":"summary_large_image","twitter_misc":{"Price":"1 399,00&nbsp;&#107;&#114;","Availability":"Out of stock"},"schema":{"@context":"https:\/\/schema.org","@graph":[{"@type":"WebPage","@id":"https:\/\/babylove.se\/no\/produkt\/liewood-mirabelle-dukkehus-til-barnerommet-golden-caramel\/","url":"https:\/\/babylove.se\/no\/produkt\/liewood-mirabelle-dukkehus-til-barnerommet-golden-caramel\/","name":"Liewood, Mirabelle dukkehus til barnerommet, Golden caramel - Babylove Norska","isPartOf":{"@id":"https:\/\/babylove.se\/no\/#website"},"primaryImageOfPage":{"@id":"https:\/\/babylove.se\/no\/produkt\/liewood-mirabelle-dukkehus-til-barnerommet-golden-caramel\/#primaryimage"},"image":{"@id":"https:\/\/babylove.se\/no\/produkt\/liewood-mirabelle-dukkehus-til-barnerommet-golden-caramel\/#primaryimage"},"thumbnailUrl":"https:\/\/babylove.se\/no\/wp-content\/uploads\/sites\/3\/2025\/07\/62f61659c4f7b.jpeg","datePublished":"2025-07-19T00:54:56+00:00","dateModified":"2026-04-08T11:37:10+00:00","breadcrumb":{"@id":"https:\/\/babylove.se\/no\/produkt\/liewood-mirabelle-dukkehus-til-barnerommet-golden-caramel\/#breadcrumb"},"inLanguage":"nb-NO","potentialAction":[{"@type":"ReadAction","target":["https:\/\/babylove.se\/no\/produkt\/liewood-mirabelle-dukkehus-til-barnerommet-golden-caramel\/"]}]},{"@type":"ImageObject","inLanguage":"nb-NO","@id":"https:\/\/babylove.se\/no\/produkt\/liewood-mirabelle-dukkehus-til-barnerommet-golden-caramel\/#primaryimage","url":"https:\/\/babylove.se\/no\/wp-content\/uploads\/sites\/3\/2025\/07\/62f61659c4f7b.jpeg","contentUrl":"https:\/\/babylove.se\/no\/wp-content\/uploads\/sites\/3\/2025\/07\/62f61659c4f7b.jpeg","width":805,"height":1182},{"@type":"BreadcrumbList","@id":"https:\/\/babylove.se\/no\/produkt\/liewood-mirabelle-dukkehus-til-barnerommet-golden-caramel\/#breadcrumb","itemListElement":[{"@type":"ListItem","position":1,"name":"Hem","item":"https:\/\/babylove.se\/no\/"},{"@type":"ListItem","position":2,"name":"Butik","item":"https:\/\/babylove.se\/no\/butik\/"},{"@type":"ListItem","position":3,"name":"Liewood, Mirabelle dukkehus til barnerommet, Golden caramel"}]},{"@type":"WebSite","@id":"https:\/\/babylove.se\/no\/#website","url":"https:\/\/babylove.se\/no\/","name":"Babylove Norska","description":"","potentialAction":[{"@type":"SearchAction","target":{"@type":"EntryPoint","urlTemplate":"https:\/\/babylove.se\/no\/?s={search_term_string}"},"query-input":{"@type":"PropertyValueSpecification","valueRequired":true,"valueName":"search_term_string"}}],"inLanguage":"nb-NO"}]},"product_brand":"Liewood","product_price_amount":"1399.00","product_price_currency":"SEK","og_availability":"out of stock","product_availability":"out of stock","product_retailer_item_id":"LW150923050","product_condition":"new"},"_links":{"self":[{"href":"https:\/\/babylove.se\/no\/wp-json\/wp\/v2\/product\/38915","targetHints":{"allow":["GET"]}}],"collection":[{"href":"https:\/\/babylove.se\/no\/wp-json\/wp\/v2\/product"}],"about":[{"href":"https:\/\/babylove.se\/no\/wp-json\/wp\/v2\/types\/product"}],"replies":[{"embeddable":true,"href":"https:\/\/babylove.se\/no\/wp-json\/wp\/v2\/comments?post=38915"}],"wp:featuredmedia":[{"embeddable":true,"href":"https:\/\/babylove.se\/no\/wp-json\/wp\/v2\/media\/38917"}],"wp:attachment":[{"href":"https:\/\/babylove.se\/no\/wp-json\/wp\/v2\/media?parent=38915"}],"wp:term":[{"taxonomy":"product_brand","embeddable":true,"href":"https:\/\/babylove.se\/no\/wp-json\/wp\/v2\/product_brand?post=38915"},{"taxonomy":"product_cat","embeddable":true,"href":"https:\/\/babylove.se\/no\/wp-json\/wp\/v2\/product_cat?post=38915"},{"taxonomy":"product_tag","embeddable":true,"href":"https:\/\/babylove.se\/no\/wp-json\/wp\/v2\/product_tag?post=38915"}],"curies":[{"name":"wp","href":"https:\/\/api.w.org\/{rel}","templated":true}]}}