{"id":3928,"date":"2025-07-18T20:18:59","date_gmt":"2025-07-18T19:18:59","guid":{"rendered":"https:\/\/babylove.se\/produkt\/dra-pa-lakan-vagnvagga-2-pack-kanin-hjarta-pink-no-more\/"},"modified":"2026-04-08T08:03:29","modified_gmt":"2026-04-08T07:03:29","slug":"dra-pa-laken-vognvugge-2-pack-kanin-hjerte-rosa-ikke-mer","status":"publish","type":"product","link":"https:\/\/babylove.se\/no\/produkt\/dra-pa-laken-vognvugge-2-pack-kanin-hjerte-rosa-ikke-mer\/","title":{"rendered":"Stretchlaken vogn\/vugge , 2-pakk , Kanin &#038; Hjerte, Pink No More"},"content":{"rendered":"<p>Et delikat og vakkert strekklaken som passer til de aller fleste barnevognene. Det blir b\u00e5de ekstra koselig for barnet ditt i vogna, samtidig som du beskytter madrassen mot flekker og enkelt kan holde rent i og rundt vogna. Lakenet er sv\u00e6rt enkelt \u00e5 ta av og p\u00e5, og \u00e5 vaske det blir derfor meget smidig.&nbsp;<\/p>\n<p>Alle brukte farger er selvf\u00f8lgelig helt barnesikre.&nbsp;<\/p>\n<p><strong>Materiale<\/strong>: 100 % bomull.&nbsp;<\/p>\n<p><strong>M\u00e5l<\/strong>: 50 x 80 cm , Kommer i sett med to.<\/p>\n<p>Designer: <a href=\"https:\/\/babylove.se\/varumarken\/pink-no-more\"><u>Pink No More<\/u><\/a><\/p>\n","protected":false},"excerpt":{"rendered":"<p>Et delikat og vakkert strekklaken som passer til de aller fleste barnevognene. Det blir b\u00e5de ekstra koselig for barnet ditt i vogna, samtidig som du beskytter madrassen mot flekker og enkelt kan holde rent i og rundt vogna. Lakenet er sv\u00e6rt enkelt \u00e5 ta av og p\u00e5, og \u00e5 vaske det blir derfor meget smidig.&nbsp; [&hellip;]<\/p>\n","protected":false},"featured_media":3930,"comment_status":"closed","ping_status":"open","template":"","meta":{"_acf_changed":false},"product_brand":[187],"product_cat":[188,119],"product_tag":[],"class_list":{"0":"post-3928","1":"product","2":"type-product","3":"status-publish","4":"has-post-thumbnail","6":"product_brand-pink-no-more","7":"product_cat-pink-no-more","8":"product_cat-underlaken","10":"first","11":"outofstock","12":"taxable","13":"shipping-taxable","14":"purchasable","15":"product-type-simple"},"acf":[],"yoast_head":"<!-- This site is optimized with the Yoast SEO Premium plugin v25.8 (Yoast SEO v27.2) - https:\/\/yoast.com\/product\/yoast-seo-premium-wordpress\/ -->\n<title>Stretchlaken vogn\/vugge , 2-pakk , Kanin &amp; Hjerte, Pink No More - Babylove Norska<\/title>\n<meta name=\"description\" content=\"Ett delikat och vackert dra-p\u00e5-lakan som passar till de allra flesta barnvagnarna. Kommer i set om tv\u00e5 - 14 dagars \u00f6ppet k\u00f6p - skickas inom 24 timmar !\" \/>\n<meta name=\"robots\" content=\"noindex, follow, max-snippet:-1, max-image-preview:large, max-video-preview:-1\" \/>\n<meta property=\"og:locale\" content=\"nb_NO\" \/>\n<meta property=\"og:type\" content=\"article\" \/>\n<meta property=\"og:title\" content=\"Stretchlaken vogn\/vugge , 2-pakk , Kanin &amp; Hjerte, Pink No More\" \/>\n<meta property=\"og:description\" content=\"Ett delikat och vackert dra-p\u00e5-lakan som passar till de allra flesta barnvagnarna. Kommer i set om tv\u00e5 - 14 dagars \u00f6ppet k\u00f6p - skickas inom 24 timmar !\" \/>\n<meta property=\"og:url\" content=\"https:\/\/babylove.se\/no\/produkt\/dra-pa-laken-vognvugge-2-pack-kanin-hjerte-rosa-ikke-mer\/\" \/>\n<meta property=\"og:site_name\" content=\"Babylove Norska\" \/>\n<meta property=\"article:modified_time\" content=\"2026-04-08T07:03:29+00:00\" \/>\n<meta property=\"og:image\" content=\"https:\/\/babylove.se\/no\/wp-content\/uploads\/sites\/3\/2025\/07\/597ef3a669121.jpeg\" \/>\n\t<meta property=\"og:image:width\" content=\"640\" \/>\n\t<meta property=\"og:image:height\" content=\"426\" \/>\n\t<meta property=\"og:image:type\" content=\"image\/jpeg\" \/>\n<meta name=\"twitter:card\" content=\"summary_large_image\" \/>\n<meta name=\"twitter:label1\" content=\"Price\" \/>\n\t<meta name=\"twitter:data1\" content=\"249,00&nbsp;&#107;&#114;\" \/>\n\t<meta name=\"twitter:label2\" content=\"Availability\" \/>\n\t<meta name=\"twitter:data2\" content=\"Out of stock\" \/>\n<script type=\"application\/ld+json\" class=\"yoast-schema-graph\">{\"@context\":\"https:\/\/schema.org\",\"@graph\":[{\"@type\":\"WebPage\",\"@id\":\"https:\/\/babylove.se\/no\/produkt\/dra-pa-laken-vognvugge-2-pack-kanin-hjerte-rosa-ikke-mer\/\",\"url\":\"https:\/\/babylove.se\/no\/produkt\/dra-pa-laken-vognvugge-2-pack-kanin-hjerte-rosa-ikke-mer\/\",\"name\":\"Stretchlaken vogn\/vugge , 2-pakk , Kanin & Hjerte, Pink No More - Babylove Norska\",\"isPartOf\":{\"@id\":\"https:\/\/babylove.se\/no\/#website\"},\"primaryImageOfPage\":{\"@id\":\"https:\/\/babylove.se\/no\/produkt\/dra-pa-laken-vognvugge-2-pack-kanin-hjerte-rosa-ikke-mer\/#primaryimage\"},\"image\":{\"@id\":\"https:\/\/babylove.se\/no\/produkt\/dra-pa-laken-vognvugge-2-pack-kanin-hjerte-rosa-ikke-mer\/#primaryimage\"},\"thumbnailUrl\":\"https:\/\/babylove.se\/no\/wp-content\/uploads\/sites\/3\/2025\/07\/597ef3a669121.jpeg\",\"datePublished\":\"2025-07-18T19:18:59+00:00\",\"dateModified\":\"2026-04-08T07:03:29+00:00\",\"description\":\"Ett delikat och vackert dra-p\u00e5-lakan som passar till de allra flesta barnvagnarna. Kommer i set om tv\u00e5 - 14 dagars \u00f6ppet k\u00f6p - skickas inom 24 timmar !\",\"breadcrumb\":{\"@id\":\"https:\/\/babylove.se\/no\/produkt\/dra-pa-laken-vognvugge-2-pack-kanin-hjerte-rosa-ikke-mer\/#breadcrumb\"},\"inLanguage\":\"nb-NO\",\"potentialAction\":[{\"@type\":\"ReadAction\",\"target\":[\"https:\/\/babylove.se\/no\/produkt\/dra-pa-laken-vognvugge-2-pack-kanin-hjerte-rosa-ikke-mer\/\"]}]},{\"@type\":\"ImageObject\",\"inLanguage\":\"nb-NO\",\"@id\":\"https:\/\/babylove.se\/no\/produkt\/dra-pa-laken-vognvugge-2-pack-kanin-hjerte-rosa-ikke-mer\/#primaryimage\",\"url\":\"https:\/\/babylove.se\/no\/wp-content\/uploads\/sites\/3\/2025\/07\/597ef3a669121.jpeg\",\"contentUrl\":\"https:\/\/babylove.se\/no\/wp-content\/uploads\/sites\/3\/2025\/07\/597ef3a669121.jpeg\",\"width\":640,\"height\":426},{\"@type\":\"BreadcrumbList\",\"@id\":\"https:\/\/babylove.se\/no\/produkt\/dra-pa-laken-vognvugge-2-pack-kanin-hjerte-rosa-ikke-mer\/#breadcrumb\",\"itemListElement\":[{\"@type\":\"ListItem\",\"position\":1,\"name\":\"Hem\",\"item\":\"https:\/\/babylove.se\/no\/\"},{\"@type\":\"ListItem\",\"position\":2,\"name\":\"Butik\",\"item\":\"https:\/\/babylove.se\/no\/butik\/\"},{\"@type\":\"ListItem\",\"position\":3,\"name\":\"Stretchlaken vogn\/vugge , 2-pakk , Kanin &#038; Hjerte, Pink No More\"}]},{\"@type\":\"WebSite\",\"@id\":\"https:\/\/babylove.se\/no\/#website\",\"url\":\"https:\/\/babylove.se\/no\/\",\"name\":\"Babylove Norska\",\"description\":\"\",\"potentialAction\":[{\"@type\":\"SearchAction\",\"target\":{\"@type\":\"EntryPoint\",\"urlTemplate\":\"https:\/\/babylove.se\/no\/?s={search_term_string}\"},\"query-input\":{\"@type\":\"PropertyValueSpecification\",\"valueRequired\":true,\"valueName\":\"search_term_string\"}}],\"inLanguage\":\"nb-NO\"}]}<\/script>\n<meta property=\"product:brand\" content=\"Pink No more\" \/>\n<meta property=\"product:price:amount\" content=\"249.00\" \/>\n<meta property=\"product:price:currency\" content=\"SEK\" \/>\n<meta property=\"og:availability\" content=\"out of stock\" \/>\n<meta property=\"product:availability\" content=\"out of stock\" \/>\n<meta property=\"product:retailer_item_id\" content=\"1300\" \/>\n<meta property=\"product:condition\" content=\"new\" \/>\n<!-- \/ Yoast SEO Premium plugin. -->","yoast_head_json":{"title":"Stretchlaken vogn\/vugge , 2-pakk , Kanin & Hjerte, Pink No More - Babylove Norska","description":"Ett delikat och vackert dra-p\u00e5-lakan som passar till de allra flesta barnvagnarna. Kommer i set om tv\u00e5 - 14 dagars \u00f6ppet k\u00f6p - skickas inom 24 timmar !","robots":{"index":"noindex","follow":"follow","max-snippet":"max-snippet:-1","max-image-preview":"max-image-preview:large","max-video-preview":"max-video-preview:-1"},"og_locale":"nb_NO","og_type":"article","og_title":"Stretchlaken vogn\/vugge , 2-pakk , Kanin & Hjerte, Pink No More","og_description":"Ett delikat och vackert dra-p\u00e5-lakan som passar till de allra flesta barnvagnarna. Kommer i set om tv\u00e5 - 14 dagars \u00f6ppet k\u00f6p - skickas inom 24 timmar !","og_url":"https:\/\/babylove.se\/no\/produkt\/dra-pa-laken-vognvugge-2-pack-kanin-hjerte-rosa-ikke-mer\/","og_site_name":"Babylove Norska","article_modified_time":"2026-04-08T07:03:29+00:00","og_image":[{"width":640,"height":426,"url":"https:\/\/babylove.se\/no\/wp-content\/uploads\/sites\/3\/2025\/07\/597ef3a669121.jpeg","type":"image\/jpeg"}],"twitter_card":"summary_large_image","twitter_misc":{"Price":"249,00&nbsp;&#107;&#114;","Availability":"Out of stock"},"schema":{"@context":"https:\/\/schema.org","@graph":[{"@type":"WebPage","@id":"https:\/\/babylove.se\/no\/produkt\/dra-pa-laken-vognvugge-2-pack-kanin-hjerte-rosa-ikke-mer\/","url":"https:\/\/babylove.se\/no\/produkt\/dra-pa-laken-vognvugge-2-pack-kanin-hjerte-rosa-ikke-mer\/","name":"Stretchlaken vogn\/vugge , 2-pakk , Kanin & Hjerte, Pink No More - Babylove Norska","isPartOf":{"@id":"https:\/\/babylove.se\/no\/#website"},"primaryImageOfPage":{"@id":"https:\/\/babylove.se\/no\/produkt\/dra-pa-laken-vognvugge-2-pack-kanin-hjerte-rosa-ikke-mer\/#primaryimage"},"image":{"@id":"https:\/\/babylove.se\/no\/produkt\/dra-pa-laken-vognvugge-2-pack-kanin-hjerte-rosa-ikke-mer\/#primaryimage"},"thumbnailUrl":"https:\/\/babylove.se\/no\/wp-content\/uploads\/sites\/3\/2025\/07\/597ef3a669121.jpeg","datePublished":"2025-07-18T19:18:59+00:00","dateModified":"2026-04-08T07:03:29+00:00","description":"Ett delikat och vackert dra-p\u00e5-lakan som passar till de allra flesta barnvagnarna. Kommer i set om tv\u00e5 - 14 dagars \u00f6ppet k\u00f6p - skickas inom 24 timmar !","breadcrumb":{"@id":"https:\/\/babylove.se\/no\/produkt\/dra-pa-laken-vognvugge-2-pack-kanin-hjerte-rosa-ikke-mer\/#breadcrumb"},"inLanguage":"nb-NO","potentialAction":[{"@type":"ReadAction","target":["https:\/\/babylove.se\/no\/produkt\/dra-pa-laken-vognvugge-2-pack-kanin-hjerte-rosa-ikke-mer\/"]}]},{"@type":"ImageObject","inLanguage":"nb-NO","@id":"https:\/\/babylove.se\/no\/produkt\/dra-pa-laken-vognvugge-2-pack-kanin-hjerte-rosa-ikke-mer\/#primaryimage","url":"https:\/\/babylove.se\/no\/wp-content\/uploads\/sites\/3\/2025\/07\/597ef3a669121.jpeg","contentUrl":"https:\/\/babylove.se\/no\/wp-content\/uploads\/sites\/3\/2025\/07\/597ef3a669121.jpeg","width":640,"height":426},{"@type":"BreadcrumbList","@id":"https:\/\/babylove.se\/no\/produkt\/dra-pa-laken-vognvugge-2-pack-kanin-hjerte-rosa-ikke-mer\/#breadcrumb","itemListElement":[{"@type":"ListItem","position":1,"name":"Hem","item":"https:\/\/babylove.se\/no\/"},{"@type":"ListItem","position":2,"name":"Butik","item":"https:\/\/babylove.se\/no\/butik\/"},{"@type":"ListItem","position":3,"name":"Stretchlaken vogn\/vugge , 2-pakk , Kanin &#038; Hjerte, Pink No More"}]},{"@type":"WebSite","@id":"https:\/\/babylove.se\/no\/#website","url":"https:\/\/babylove.se\/no\/","name":"Babylove Norska","description":"","potentialAction":[{"@type":"SearchAction","target":{"@type":"EntryPoint","urlTemplate":"https:\/\/babylove.se\/no\/?s={search_term_string}"},"query-input":{"@type":"PropertyValueSpecification","valueRequired":true,"valueName":"search_term_string"}}],"inLanguage":"nb-NO"}]},"product_brand":"Pink No more","product_price_amount":"249.00","product_price_currency":"SEK","og_availability":"out of stock","product_availability":"out of stock","product_retailer_item_id":"1300","product_condition":"new"},"_links":{"self":[{"href":"https:\/\/babylove.se\/no\/wp-json\/wp\/v2\/product\/3928","targetHints":{"allow":["GET"]}}],"collection":[{"href":"https:\/\/babylove.se\/no\/wp-json\/wp\/v2\/product"}],"about":[{"href":"https:\/\/babylove.se\/no\/wp-json\/wp\/v2\/types\/product"}],"replies":[{"embeddable":true,"href":"https:\/\/babylove.se\/no\/wp-json\/wp\/v2\/comments?post=3928"}],"wp:featuredmedia":[{"embeddable":true,"href":"https:\/\/babylove.se\/no\/wp-json\/wp\/v2\/media\/3930"}],"wp:attachment":[{"href":"https:\/\/babylove.se\/no\/wp-json\/wp\/v2\/media?parent=3928"}],"wp:term":[{"taxonomy":"product_brand","embeddable":true,"href":"https:\/\/babylove.se\/no\/wp-json\/wp\/v2\/product_brand?post=3928"},{"taxonomy":"product_cat","embeddable":true,"href":"https:\/\/babylove.se\/no\/wp-json\/wp\/v2\/product_cat?post=3928"},{"taxonomy":"product_tag","embeddable":true,"href":"https:\/\/babylove.se\/no\/wp-json\/wp\/v2\/product_tag?post=3928"}],"curies":[{"name":"wp","href":"https:\/\/api.w.org\/{rel}","templated":true}]}}