{"id":39337,"date":"2025-07-19T02:00:14","date_gmt":"2025-07-19T01:00:14","guid":{"rendered":"https:\/\/babylove.se\/produkt\/hussang-dante\/"},"modified":"2026-04-08T12:40:49","modified_gmt":"2026-04-08T11:40:49","slug":"hussang-dante","status":"publish","type":"product","link":"https:\/\/babylove.se\/no\/produkt\/hussang-dante\/","title":{"rendered":"Husseng Dante"},"content":{"rendered":"<p>Deilig husseng som kommer til \u00e5 oppfylle ditt barns alle forventninger! \\n \\nEn stabil barneseng i stilsikker design, for mange \u00e5r med s\u00f8te dr\u00f8mmer! Sengen er laget av massiv furu som gj\u00f8r den stabil og solid. Ideell \u00e5 b\u00e5de leke og sove i. \\n \\nVi lover at sengen kommer til \u00e5 bli ditt barns favoritt, og ikke bare for \u00e5 sove i da den med enkle midler kan bli en skikkelig bra kosekrok. Mange dekorerer med sengehimmel, vimpler eller lysslynger, bare din kreativitet setter stopp. \\n \\n<strong>Tilvalg<\/strong>: \\n<\/p>\n<ul> \\n \\t<\/p>\n<li>Farge: velg mellom natur (lakkert), hvit, gr\u00e5 og antrasitt. Alle senger i natur er behandlet med vannbasert lakk. Legg igjen en kommentar i kassen hvis du \u00f8nsker en naturfargede seng som er ubehandlet.<\/li>\n<p> \\n \\t<\/p>\n<li>Oppbevaringskasse: velg med eller uten.<\/li>\n<p> \\n<\/ul>\n<p> \\n<strong>Info:<\/strong> \\n<\/p>\n<ul> \\n \\t<\/p>\n<li>100% FSC-sertifisert furutre som sikrer at virket kommer fra ansvarlig skogbruk.<\/li>\n<p> \\n \\t<\/p>\n<li>St\u00f8ttebredden kan monteres p\u00e5 valgfri side. Avstand mellom spilene 6,5 cm.<\/li>\n<p> \\n \\t<\/p>\n<li>St\u00f8ttebreddens h\u00f8yde n\u00e5r den er montert: 25 cm.<\/li>\n<p> \\n \\t<\/p>\n<li>Sengens totale h\u00f8yde: 132,5 cm.<\/li>\n<p> \\n \\t<\/p>\n<li>Maks vekt: 100 kg.<\/li>\n<p> \\n<\/ul>\n<p> \\n<strong>M\u00e5l: <\/strong> \\n<\/p>\n<ul> \\n \\t<\/p>\n<li>Finnes i forskjellige sengm\u00e5l. M\u00e5lene til venstre i listen gjelder sengm\u00e5l. M\u00e5lene i parenteser (bredde &amp; lengde) gjelder den totale st\u00f8rrelsen p\u00e5 sengen.<\/li>\n<p> \\n<\/ul>\n<p> \\nMadrass inng\u00e5r ikke, men ta gjerne en titt p\u00e5 v\u00e5rt store madrassutvalg. Vi anbefaler en skummadrass med tykkelse p\u00e5 ca 10-12 cm. \\n \\nSengene produseres i henhold til standarden EN-747-1: 2012 + A1: 2015 i v\u00e5r fabrikk i Europa som har de h\u00f8yeste sikkerhetsstandardene for produksjon av barnesenger. og kontrollerer hvert trinn fra det at t\u00f8mmeret kommer inn i fabrikken til at et ferdig produkt forlater. Sengene lakkeres tre ganger med \u00f8kologisk, milj\u00f8vennlig og vannbasert maling som f\u00f8lger normen EN 71-3:2019. \\n \\n<em>Dette er en seng produsert og tilpasset for barn. <em><em><em>Sengen leveres umontert og b\u00f8r settes sammen i rommet den skal brukes i.<\/em><\/em><\/em><\/em><\/p>\n","protected":false},"excerpt":{"rendered":"<p>Deilig husseng som kommer til \u00e5 oppfylle ditt barns alle forventninger! \\n \\nEn stabil barneseng i stilsikker design, for mange \u00e5r med s\u00f8te dr\u00f8mmer! Sengen er laget av massiv furu som gj\u00f8r den stabil og solid. Ideell \u00e5 b\u00e5de leke og sove i. \\n \\nVi lover at sengen kommer til \u00e5 bli ditt barns favoritt, [&hellip;]<\/p>\n","protected":false},"featured_media":39339,"comment_status":"open","ping_status":"closed","template":"","meta":{"_acf_changed":false},"product_brand":[1319],"product_cat":[217,1320,1321],"product_tag":[1689],"class_list":{"0":"post-39337","1":"product","2":"type-product","3":"status-publish","4":"has-post-thumbnail","6":"product_brand-lano","7":"product_cat-sengesanger","8":"product_cat-lano","9":"product_cat-lano-bestillingsvarer","10":"product_tag-bestillingsvaror","11":"pa_farg-antracit","12":"pa_farg-gra","13":"pa_farg-natur","14":"pa_farg-vit","15":"pa_forvaringslada-med","16":"pa_forvaringslada-utan","17":"pa_storlek-80x160-cm-b87-cm-l168-cm","18":"pa_storlek-80x180-cm-b87-cm-l188-cm","19":"pa_storlek-80x200-cm-b87-cm-l208-cm","20":"pa_storlek-90x190-cm-b97-cm-l198-cm","21":"pa_storlek-90x200-cm-b97-cm-l208-cm","23":"first","24":"instock","25":"taxable","26":"shipping-taxable","27":"purchasable","28":"product-type-variable"},"acf":[],"yoast_head":"<!-- This site is optimized with the Yoast SEO Premium plugin v25.8 (Yoast SEO v27.2) - https:\/\/yoast.com\/product\/yoast-seo-premium-wordpress\/ -->\n<title>Husseng Dante - Babylove Norska<\/title>\n<meta name=\"robots\" content=\"noindex, follow, max-snippet:-1, max-image-preview:large, max-video-preview:-1\" \/>\n<meta property=\"og:locale\" content=\"nb_NO\" \/>\n<meta property=\"og:type\" content=\"article\" \/>\n<meta property=\"og:title\" content=\"Husseng Dante\" \/>\n<meta property=\"og:description\" content=\"Deilig husseng som kommer til \u00e5 oppfylle ditt barns alle forventninger! n nEn stabil barneseng i stilsikker design, for mange \u00e5r med s\u00f8te dr\u00f8mmer! Sengen er laget av massiv furu som gj\u00f8r den stabil og solid. Ideell \u00e5 b\u00e5de leke og sove i. n nVi lover at sengen kommer til \u00e5 bli ditt barns favoritt, [&hellip;]\" \/>\n<meta property=\"og:url\" content=\"https:\/\/babylove.se\/no\/produkt\/hussang-dante\/\" \/>\n<meta property=\"og:site_name\" content=\"Babylove Norska\" \/>\n<meta property=\"article:modified_time\" content=\"2026-04-08T11:40:49+00:00\" \/>\n<meta property=\"og:image\" content=\"https:\/\/babylove.se\/no\/wp-content\/uploads\/sites\/3\/2025\/07\/6305e9c38dc81.jpeg\" \/>\n\t<meta property=\"og:image:width\" content=\"1493\" \/>\n\t<meta property=\"og:image:height\" content=\"1080\" \/>\n\t<meta property=\"og:image:type\" content=\"image\/jpeg\" \/>\n<meta name=\"twitter:card\" content=\"summary_large_image\" \/>\n<meta name=\"twitter:label1\" content=\"Availability\" \/>\n\t<meta name=\"twitter:data1\" content=\"In stock\" \/>\n<script type=\"application\/ld+json\" class=\"yoast-schema-graph\">{\"@context\":\"https:\/\/schema.org\",\"@graph\":[{\"@type\":\"WebPage\",\"@id\":\"https:\/\/babylove.se\/no\/produkt\/hussang-dante\/\",\"url\":\"https:\/\/babylove.se\/no\/produkt\/hussang-dante\/\",\"name\":\"Husseng Dante - Babylove Norska\",\"isPartOf\":{\"@id\":\"https:\/\/babylove.se\/no\/#website\"},\"primaryImageOfPage\":{\"@id\":\"https:\/\/babylove.se\/no\/produkt\/hussang-dante\/#primaryimage\"},\"image\":{\"@id\":\"https:\/\/babylove.se\/no\/produkt\/hussang-dante\/#primaryimage\"},\"thumbnailUrl\":\"https:\/\/babylove.se\/no\/wp-content\/uploads\/sites\/3\/2025\/07\/6305e9c38dc81.jpeg\",\"datePublished\":\"2025-07-19T01:00:14+00:00\",\"dateModified\":\"2026-04-08T11:40:49+00:00\",\"breadcrumb\":{\"@id\":\"https:\/\/babylove.se\/no\/produkt\/hussang-dante\/#breadcrumb\"},\"inLanguage\":\"nb-NO\",\"potentialAction\":[{\"@type\":\"ReadAction\",\"target\":[\"https:\/\/babylove.se\/no\/produkt\/hussang-dante\/\"]}]},{\"@type\":\"ImageObject\",\"inLanguage\":\"nb-NO\",\"@id\":\"https:\/\/babylove.se\/no\/produkt\/hussang-dante\/#primaryimage\",\"url\":\"https:\/\/babylove.se\/no\/wp-content\/uploads\/sites\/3\/2025\/07\/6305e9c38dc81.jpeg\",\"contentUrl\":\"https:\/\/babylove.se\/no\/wp-content\/uploads\/sites\/3\/2025\/07\/6305e9c38dc81.jpeg\",\"width\":1493,\"height\":1080},{\"@type\":\"BreadcrumbList\",\"@id\":\"https:\/\/babylove.se\/no\/produkt\/hussang-dante\/#breadcrumb\",\"itemListElement\":[{\"@type\":\"ListItem\",\"position\":1,\"name\":\"Hem\",\"item\":\"https:\/\/babylove.se\/no\/\"},{\"@type\":\"ListItem\",\"position\":2,\"name\":\"Butik\",\"item\":\"https:\/\/babylove.se\/no\/butik\/\"},{\"@type\":\"ListItem\",\"position\":3,\"name\":\"Husseng Dante\"}]},{\"@type\":\"WebSite\",\"@id\":\"https:\/\/babylove.se\/no\/#website\",\"url\":\"https:\/\/babylove.se\/no\/\",\"name\":\"Babylove Norska\",\"description\":\"\",\"potentialAction\":[{\"@type\":\"SearchAction\",\"target\":{\"@type\":\"EntryPoint\",\"urlTemplate\":\"https:\/\/babylove.se\/no\/?s={search_term_string}\"},\"query-input\":{\"@type\":\"PropertyValueSpecification\",\"valueRequired\":true,\"valueName\":\"search_term_string\"}}],\"inLanguage\":\"nb-NO\"}]}<\/script>\n<meta property=\"product:brand\" content=\"LANO\" \/>\n<meta property=\"og:availability\" content=\"instock\" \/>\n<meta property=\"product:availability\" content=\"instock\" \/>\n<meta property=\"product:retailer_item_id\" content=\"DOMI002-80x160-cm-Natur-Utan\" \/>\n<meta property=\"product:condition\" content=\"new\" \/>\n<!-- \/ Yoast SEO Premium plugin. -->","yoast_head_json":{"title":"Husseng Dante - Babylove Norska","robots":{"index":"noindex","follow":"follow","max-snippet":"max-snippet:-1","max-image-preview":"max-image-preview:large","max-video-preview":"max-video-preview:-1"},"og_locale":"nb_NO","og_type":"article","og_title":"Husseng Dante","og_description":"Deilig husseng som kommer til \u00e5 oppfylle ditt barns alle forventninger! n nEn stabil barneseng i stilsikker design, for mange \u00e5r med s\u00f8te dr\u00f8mmer! Sengen er laget av massiv furu som gj\u00f8r den stabil og solid. Ideell \u00e5 b\u00e5de leke og sove i. n nVi lover at sengen kommer til \u00e5 bli ditt barns favoritt, [&hellip;]","og_url":"https:\/\/babylove.se\/no\/produkt\/hussang-dante\/","og_site_name":"Babylove Norska","article_modified_time":"2026-04-08T11:40:49+00:00","og_image":[{"width":1493,"height":1080,"url":"https:\/\/babylove.se\/no\/wp-content\/uploads\/sites\/3\/2025\/07\/6305e9c38dc81.jpeg","type":"image\/jpeg"}],"twitter_card":"summary_large_image","twitter_misc":{"Availability":"In stock"},"schema":{"@context":"https:\/\/schema.org","@graph":[{"@type":"WebPage","@id":"https:\/\/babylove.se\/no\/produkt\/hussang-dante\/","url":"https:\/\/babylove.se\/no\/produkt\/hussang-dante\/","name":"Husseng Dante - Babylove Norska","isPartOf":{"@id":"https:\/\/babylove.se\/no\/#website"},"primaryImageOfPage":{"@id":"https:\/\/babylove.se\/no\/produkt\/hussang-dante\/#primaryimage"},"image":{"@id":"https:\/\/babylove.se\/no\/produkt\/hussang-dante\/#primaryimage"},"thumbnailUrl":"https:\/\/babylove.se\/no\/wp-content\/uploads\/sites\/3\/2025\/07\/6305e9c38dc81.jpeg","datePublished":"2025-07-19T01:00:14+00:00","dateModified":"2026-04-08T11:40:49+00:00","breadcrumb":{"@id":"https:\/\/babylove.se\/no\/produkt\/hussang-dante\/#breadcrumb"},"inLanguage":"nb-NO","potentialAction":[{"@type":"ReadAction","target":["https:\/\/babylove.se\/no\/produkt\/hussang-dante\/"]}]},{"@type":"ImageObject","inLanguage":"nb-NO","@id":"https:\/\/babylove.se\/no\/produkt\/hussang-dante\/#primaryimage","url":"https:\/\/babylove.se\/no\/wp-content\/uploads\/sites\/3\/2025\/07\/6305e9c38dc81.jpeg","contentUrl":"https:\/\/babylove.se\/no\/wp-content\/uploads\/sites\/3\/2025\/07\/6305e9c38dc81.jpeg","width":1493,"height":1080},{"@type":"BreadcrumbList","@id":"https:\/\/babylove.se\/no\/produkt\/hussang-dante\/#breadcrumb","itemListElement":[{"@type":"ListItem","position":1,"name":"Hem","item":"https:\/\/babylove.se\/no\/"},{"@type":"ListItem","position":2,"name":"Butik","item":"https:\/\/babylove.se\/no\/butik\/"},{"@type":"ListItem","position":3,"name":"Husseng Dante"}]},{"@type":"WebSite","@id":"https:\/\/babylove.se\/no\/#website","url":"https:\/\/babylove.se\/no\/","name":"Babylove Norska","description":"","potentialAction":[{"@type":"SearchAction","target":{"@type":"EntryPoint","urlTemplate":"https:\/\/babylove.se\/no\/?s={search_term_string}"},"query-input":{"@type":"PropertyValueSpecification","valueRequired":true,"valueName":"search_term_string"}}],"inLanguage":"nb-NO"}]},"product_brand":"LANO","og_availability":"instock","product_availability":"instock","product_retailer_item_id":"DOMI002-80x160-cm-Natur-Utan","product_condition":"new"},"_links":{"self":[{"href":"https:\/\/babylove.se\/no\/wp-json\/wp\/v2\/product\/39337","targetHints":{"allow":["GET"]}}],"collection":[{"href":"https:\/\/babylove.se\/no\/wp-json\/wp\/v2\/product"}],"about":[{"href":"https:\/\/babylove.se\/no\/wp-json\/wp\/v2\/types\/product"}],"replies":[{"embeddable":true,"href":"https:\/\/babylove.se\/no\/wp-json\/wp\/v2\/comments?post=39337"}],"wp:featuredmedia":[{"embeddable":true,"href":"https:\/\/babylove.se\/no\/wp-json\/wp\/v2\/media\/39339"}],"wp:attachment":[{"href":"https:\/\/babylove.se\/no\/wp-json\/wp\/v2\/media?parent=39337"}],"wp:term":[{"taxonomy":"product_brand","embeddable":true,"href":"https:\/\/babylove.se\/no\/wp-json\/wp\/v2\/product_brand?post=39337"},{"taxonomy":"product_cat","embeddable":true,"href":"https:\/\/babylove.se\/no\/wp-json\/wp\/v2\/product_cat?post=39337"},{"taxonomy":"product_tag","embeddable":true,"href":"https:\/\/babylove.se\/no\/wp-json\/wp\/v2\/product_tag?post=39337"}],"curies":[{"name":"wp","href":"https:\/\/api.w.org\/{rel}","templated":true}]}}