{"id":39944,"date":"2025-07-19T02:11:31","date_gmt":"2025-07-19T01:11:31","guid":{"rendered":"https:\/\/babylove.se\/produkt\/maileg-ginger-babyrum\/"},"modified":"2026-04-08T12:41:44","modified_gmt":"2026-04-08T11:41:44","slug":"maileg-ingefaer-babyrom","status":"publish","type":"product","link":"https:\/\/babylove.se\/no\/produkt\/maileg-ingefaer-babyrom\/","title":{"rendered":"Maileg, Ingef\u00e6r babyrom"},"content":{"rendered":"<p>Nydelig babyrom i en vakker eske fra danske Maileg har alt som den minste i dukkehuset trenger for \u00e5 sove godt! <\/p>\n<p>Barnekammeret har fine detaljer p\u00e5 veggen, en liten stol samt en krok for \u00e5 henge kl\u00e6r. F\u00f8lger ogs\u00e5 med en liten baby, en kleshenger, en bleie og en veske. Ikke glem \u00e5 lese en godnattsaga f\u00f8r leggetid! <\/p>\n<p>Perfekt som en fin d\u00e5psgave! <\/p>\n<p>Alder: Fra 3 \u00e5r. <\/p>\n<p><strong>M\u00e5l<\/strong>: 18 x 18 cm <\/p>\n<p><strong>Materiale<\/strong>: Bomull og polyester. <\/p>\n<p>Designer: <a href=\"https:\/\/babylove.se\/varumarken\/maileg\">Maileg<\/a><\/p>\n","protected":false},"excerpt":{"rendered":"<p>Nydelig babyrom i en vakker eske fra danske Maileg har alt som den minste i dukkehuset trenger for \u00e5 sove godt! Barnekammeret har fine detaljer p\u00e5 veggen, en liten stol samt en krok for \u00e5 henge kl\u00e6r. F\u00f8lger ogs\u00e5 med en liten baby, en kleshenger, en bleie og en veske. Ikke glem \u00e5 lese en [&hellip;]<\/p>\n","protected":false},"featured_media":39946,"comment_status":"closed","ping_status":"closed","template":"","meta":{"_acf_changed":false},"product_brand":[662],"product_cat":[182,72,68,663],"product_tag":[],"class_list":{"0":"post-39944","1":"product","2":"type-product","3":"status-publish","4":"has-post-thumbnail","6":"product_brand-maileg","7":"product_cat-dockhusmobler","8":"product_cat-julegaver","9":"product_cat-leker","10":"product_cat-maileg","12":"first","13":"outofstock","14":"taxable","15":"shipping-taxable","16":"purchasable","17":"product-type-simple"},"acf":[],"yoast_head":"<!-- This site is optimized with the Yoast SEO Premium plugin v25.8 (Yoast SEO v27.2) - https:\/\/yoast.com\/product\/yoast-seo-premium-wordpress\/ -->\n<title>Maileg, Ingef\u00e6r babyrom - Babylove Norska<\/title>\n<meta name=\"robots\" content=\"noindex, follow, max-snippet:-1, max-image-preview:large, max-video-preview:-1\" \/>\n<meta property=\"og:locale\" content=\"nb_NO\" \/>\n<meta property=\"og:type\" content=\"article\" \/>\n<meta property=\"og:title\" content=\"Maileg, Ingef\u00e6r babyrom\" \/>\n<meta property=\"og:description\" content=\"Nydelig babyrom i en vakker eske fra danske Maileg har alt som den minste i dukkehuset trenger for \u00e5 sove godt! Barnekammeret har fine detaljer p\u00e5 veggen, en liten stol samt en krok for \u00e5 henge kl\u00e6r. F\u00f8lger ogs\u00e5 med en liten baby, en kleshenger, en bleie og en veske. Ikke glem \u00e5 lese en [&hellip;]\" \/>\n<meta property=\"og:url\" content=\"https:\/\/babylove.se\/no\/produkt\/maileg-ingefaer-babyrom\/\" \/>\n<meta property=\"og:site_name\" content=\"Babylove Norska\" \/>\n<meta property=\"article:modified_time\" content=\"2026-04-08T11:41:44+00:00\" \/>\n<meta property=\"og:image\" content=\"https:\/\/babylove.se\/no\/wp-content\/uploads\/sites\/3\/2025\/07\/63087c5e14969.png\" \/>\n\t<meta property=\"og:image:width\" content=\"608\" \/>\n\t<meta property=\"og:image:height\" content=\"507\" \/>\n\t<meta property=\"og:image:type\" content=\"image\/png\" \/>\n<meta name=\"twitter:card\" content=\"summary_large_image\" \/>\n<meta name=\"twitter:label1\" content=\"Price\" \/>\n\t<meta name=\"twitter:data1\" content=\"399,00&nbsp;&#107;&#114;\" \/>\n\t<meta name=\"twitter:label2\" content=\"Availability\" \/>\n\t<meta name=\"twitter:data2\" content=\"Out of stock\" \/>\n<script type=\"application\/ld+json\" class=\"yoast-schema-graph\">{\"@context\":\"https:\/\/schema.org\",\"@graph\":[{\"@type\":\"WebPage\",\"@id\":\"https:\/\/babylove.se\/no\/produkt\/maileg-ingefaer-babyrom\/\",\"url\":\"https:\/\/babylove.se\/no\/produkt\/maileg-ingefaer-babyrom\/\",\"name\":\"Maileg, Ingef\u00e6r babyrom - Babylove Norska\",\"isPartOf\":{\"@id\":\"https:\/\/babylove.se\/no\/#website\"},\"primaryImageOfPage\":{\"@id\":\"https:\/\/babylove.se\/no\/produkt\/maileg-ingefaer-babyrom\/#primaryimage\"},\"image\":{\"@id\":\"https:\/\/babylove.se\/no\/produkt\/maileg-ingefaer-babyrom\/#primaryimage\"},\"thumbnailUrl\":\"https:\/\/babylove.se\/no\/wp-content\/uploads\/sites\/3\/2025\/07\/63087c5e14969.png\",\"datePublished\":\"2025-07-19T01:11:31+00:00\",\"dateModified\":\"2026-04-08T11:41:44+00:00\",\"breadcrumb\":{\"@id\":\"https:\/\/babylove.se\/no\/produkt\/maileg-ingefaer-babyrom\/#breadcrumb\"},\"inLanguage\":\"nb-NO\",\"potentialAction\":[{\"@type\":\"ReadAction\",\"target\":[\"https:\/\/babylove.se\/no\/produkt\/maileg-ingefaer-babyrom\/\"]}]},{\"@type\":\"ImageObject\",\"inLanguage\":\"nb-NO\",\"@id\":\"https:\/\/babylove.se\/no\/produkt\/maileg-ingefaer-babyrom\/#primaryimage\",\"url\":\"https:\/\/babylove.se\/no\/wp-content\/uploads\/sites\/3\/2025\/07\/63087c5e14969.png\",\"contentUrl\":\"https:\/\/babylove.se\/no\/wp-content\/uploads\/sites\/3\/2025\/07\/63087c5e14969.png\",\"width\":608,\"height\":507},{\"@type\":\"BreadcrumbList\",\"@id\":\"https:\/\/babylove.se\/no\/produkt\/maileg-ingefaer-babyrom\/#breadcrumb\",\"itemListElement\":[{\"@type\":\"ListItem\",\"position\":1,\"name\":\"Hem\",\"item\":\"https:\/\/babylove.se\/no\/\"},{\"@type\":\"ListItem\",\"position\":2,\"name\":\"Butik\",\"item\":\"https:\/\/babylove.se\/no\/butik\/\"},{\"@type\":\"ListItem\",\"position\":3,\"name\":\"Maileg, Ingef\u00e6r babyrom\"}]},{\"@type\":\"WebSite\",\"@id\":\"https:\/\/babylove.se\/no\/#website\",\"url\":\"https:\/\/babylove.se\/no\/\",\"name\":\"Babylove Norska\",\"description\":\"\",\"potentialAction\":[{\"@type\":\"SearchAction\",\"target\":{\"@type\":\"EntryPoint\",\"urlTemplate\":\"https:\/\/babylove.se\/no\/?s={search_term_string}\"},\"query-input\":{\"@type\":\"PropertyValueSpecification\",\"valueRequired\":true,\"valueName\":\"search_term_string\"}}],\"inLanguage\":\"nb-NO\"}]}<\/script>\n<meta property=\"product:brand\" content=\"Maileg\" \/>\n<meta property=\"product:price:amount\" content=\"399.00\" \/>\n<meta property=\"product:price:currency\" content=\"SEK\" \/>\n<meta property=\"og:availability\" content=\"out of stock\" \/>\n<meta property=\"product:availability\" content=\"out of stock\" \/>\n<meta property=\"product:retailer_item_id\" content=\"17-8001-00\" \/>\n<meta property=\"product:condition\" content=\"new\" \/>\n<!-- \/ Yoast SEO Premium plugin. -->","yoast_head_json":{"title":"Maileg, Ingef\u00e6r babyrom - Babylove Norska","robots":{"index":"noindex","follow":"follow","max-snippet":"max-snippet:-1","max-image-preview":"max-image-preview:large","max-video-preview":"max-video-preview:-1"},"og_locale":"nb_NO","og_type":"article","og_title":"Maileg, Ingef\u00e6r babyrom","og_description":"Nydelig babyrom i en vakker eske fra danske Maileg har alt som den minste i dukkehuset trenger for \u00e5 sove godt! Barnekammeret har fine detaljer p\u00e5 veggen, en liten stol samt en krok for \u00e5 henge kl\u00e6r. F\u00f8lger ogs\u00e5 med en liten baby, en kleshenger, en bleie og en veske. Ikke glem \u00e5 lese en [&hellip;]","og_url":"https:\/\/babylove.se\/no\/produkt\/maileg-ingefaer-babyrom\/","og_site_name":"Babylove Norska","article_modified_time":"2026-04-08T11:41:44+00:00","og_image":[{"width":608,"height":507,"url":"https:\/\/babylove.se\/no\/wp-content\/uploads\/sites\/3\/2025\/07\/63087c5e14969.png","type":"image\/png"}],"twitter_card":"summary_large_image","twitter_misc":{"Price":"399,00&nbsp;&#107;&#114;","Availability":"Out of stock"},"schema":{"@context":"https:\/\/schema.org","@graph":[{"@type":"WebPage","@id":"https:\/\/babylove.se\/no\/produkt\/maileg-ingefaer-babyrom\/","url":"https:\/\/babylove.se\/no\/produkt\/maileg-ingefaer-babyrom\/","name":"Maileg, Ingef\u00e6r babyrom - Babylove Norska","isPartOf":{"@id":"https:\/\/babylove.se\/no\/#website"},"primaryImageOfPage":{"@id":"https:\/\/babylove.se\/no\/produkt\/maileg-ingefaer-babyrom\/#primaryimage"},"image":{"@id":"https:\/\/babylove.se\/no\/produkt\/maileg-ingefaer-babyrom\/#primaryimage"},"thumbnailUrl":"https:\/\/babylove.se\/no\/wp-content\/uploads\/sites\/3\/2025\/07\/63087c5e14969.png","datePublished":"2025-07-19T01:11:31+00:00","dateModified":"2026-04-08T11:41:44+00:00","breadcrumb":{"@id":"https:\/\/babylove.se\/no\/produkt\/maileg-ingefaer-babyrom\/#breadcrumb"},"inLanguage":"nb-NO","potentialAction":[{"@type":"ReadAction","target":["https:\/\/babylove.se\/no\/produkt\/maileg-ingefaer-babyrom\/"]}]},{"@type":"ImageObject","inLanguage":"nb-NO","@id":"https:\/\/babylove.se\/no\/produkt\/maileg-ingefaer-babyrom\/#primaryimage","url":"https:\/\/babylove.se\/no\/wp-content\/uploads\/sites\/3\/2025\/07\/63087c5e14969.png","contentUrl":"https:\/\/babylove.se\/no\/wp-content\/uploads\/sites\/3\/2025\/07\/63087c5e14969.png","width":608,"height":507},{"@type":"BreadcrumbList","@id":"https:\/\/babylove.se\/no\/produkt\/maileg-ingefaer-babyrom\/#breadcrumb","itemListElement":[{"@type":"ListItem","position":1,"name":"Hem","item":"https:\/\/babylove.se\/no\/"},{"@type":"ListItem","position":2,"name":"Butik","item":"https:\/\/babylove.se\/no\/butik\/"},{"@type":"ListItem","position":3,"name":"Maileg, Ingef\u00e6r babyrom"}]},{"@type":"WebSite","@id":"https:\/\/babylove.se\/no\/#website","url":"https:\/\/babylove.se\/no\/","name":"Babylove Norska","description":"","potentialAction":[{"@type":"SearchAction","target":{"@type":"EntryPoint","urlTemplate":"https:\/\/babylove.se\/no\/?s={search_term_string}"},"query-input":{"@type":"PropertyValueSpecification","valueRequired":true,"valueName":"search_term_string"}}],"inLanguage":"nb-NO"}]},"product_brand":"Maileg","product_price_amount":"399.00","product_price_currency":"SEK","og_availability":"out of stock","product_availability":"out of stock","product_retailer_item_id":"17-8001-00","product_condition":"new"},"_links":{"self":[{"href":"https:\/\/babylove.se\/no\/wp-json\/wp\/v2\/product\/39944","targetHints":{"allow":["GET"]}}],"collection":[{"href":"https:\/\/babylove.se\/no\/wp-json\/wp\/v2\/product"}],"about":[{"href":"https:\/\/babylove.se\/no\/wp-json\/wp\/v2\/types\/product"}],"replies":[{"embeddable":true,"href":"https:\/\/babylove.se\/no\/wp-json\/wp\/v2\/comments?post=39944"}],"wp:featuredmedia":[{"embeddable":true,"href":"https:\/\/babylove.se\/no\/wp-json\/wp\/v2\/media\/39946"}],"wp:attachment":[{"href":"https:\/\/babylove.se\/no\/wp-json\/wp\/v2\/media?parent=39944"}],"wp:term":[{"taxonomy":"product_brand","embeddable":true,"href":"https:\/\/babylove.se\/no\/wp-json\/wp\/v2\/product_brand?post=39944"},{"taxonomy":"product_cat","embeddable":true,"href":"https:\/\/babylove.se\/no\/wp-json\/wp\/v2\/product_cat?post=39944"},{"taxonomy":"product_tag","embeddable":true,"href":"https:\/\/babylove.se\/no\/wp-json\/wp\/v2\/product_tag?post=39944"}],"curies":[{"name":"wp","href":"https:\/\/api.w.org\/{rel}","templated":true}]}}