{"id":40317,"date":"2025-07-19T02:20:54","date_gmt":"2025-07-19T01:20:54","guid":{"rendered":"https:\/\/babylove.se\/produkt\/mrs-mighetto-haklapp-gron-swan-and-sparrow\/"},"modified":"2026-04-08T12:42:18","modified_gmt":"2026-04-08T11:42:18","slug":"mrs-mighetto-haklapp-gronn-swan-and-sparrow","status":"publish","type":"product","link":"https:\/\/babylove.se\/no\/produkt\/mrs-mighetto-haklapp-gronn-swan-and-sparrow\/","title":{"rendered":"Mrs Mighetto, haklapp Gr\u00f8nn Swan and Sparrow"},"content":{"rendered":"<p>De fantastiske smeklene fra Mrs Mighetto er en storfavoritt hos utallige foreldre. <\/p>\n<p>Rengj\u00f8ringen? Like enkel den, bare skyll i vann eller t\u00f8rk av med en v\u00e5tserviett etter hvert m\u00e5ltid. Kan maskinvaskes ved vanskeligere flekker. <\/p>\n<p>Smekla dekker b\u00e5de skuldrene og brystet og lommen foran fanger opp alt s\u00f8l og alle smuler. Du fester enkelt smekla med borrel\u00e5s i nakken p\u00e5 barnet ditt og det er p\u00e5 kort tid klart for sitt m\u00e5ltid. <\/p>\n<p>En ekstra liten bonus er utseendet, barnet ditt kommer til \u00e5 se bed\u00e5rende ut ved matbordet, uansett hvor mye det s\u00f8ler? <\/p>\n<p>Match den gjerne med en smokkholder fra samme serie! <\/p>\n<p><strong>Materiale<\/strong>: Myk polyester, 100% fri fra PVC og ftalater. <\/p>\n<p>Designer: <a href=\"https:\/\/babylove.se\/varumarken\/mrs-mighetto\">Mrs Mighetto<\/a><\/p>\n","protected":false},"excerpt":{"rendered":"<p>De fantastiske smeklene fra Mrs Mighetto er en storfavoritt hos utallige foreldre. Rengj\u00f8ringen? Like enkel den, bare skyll i vann eller t\u00f8rk av med en v\u00e5tserviett etter hvert m\u00e5ltid. Kan maskinvaskes ved vanskeligere flekker. Smekla dekker b\u00e5de skuldrene og brystet og lommen foran fanger opp alt s\u00f8l og alle smuler. Du fester enkelt smekla med [&hellip;]<\/p>\n","protected":false},"featured_media":40319,"comment_status":"open","ping_status":"closed","template":"","meta":{"_acf_changed":false},"product_brand":[974],"product_cat":[975,206],"product_tag":[],"class_list":{"0":"post-40317","1":"product","2":"type-product","3":"status-publish","4":"has-post-thumbnail","6":"product_brand-mrs-mighetto","7":"product_cat-mrs-mighetto","8":"product_cat-smekker","10":"first","11":"outofstock","12":"taxable","13":"shipping-taxable","14":"purchasable","15":"product-type-simple"},"acf":[],"yoast_head":"<!-- This site is optimized with the Yoast SEO Premium plugin v25.8 (Yoast SEO v27.2) - https:\/\/yoast.com\/product\/yoast-seo-premium-wordpress\/ -->\n<title>Mrs Mighetto, haklapp Gr\u00f8nn Swan and Sparrow - Babylove Norska<\/title>\n<meta name=\"robots\" content=\"noindex, follow, max-snippet:-1, max-image-preview:large, max-video-preview:-1\" \/>\n<meta property=\"og:locale\" content=\"nb_NO\" \/>\n<meta property=\"og:type\" content=\"article\" \/>\n<meta property=\"og:title\" content=\"Mrs Mighetto, haklapp Gr\u00f8nn Swan and Sparrow\" \/>\n<meta property=\"og:description\" content=\"De fantastiske smeklene fra Mrs Mighetto er en storfavoritt hos utallige foreldre. Rengj\u00f8ringen? Like enkel den, bare skyll i vann eller t\u00f8rk av med en v\u00e5tserviett etter hvert m\u00e5ltid. Kan maskinvaskes ved vanskeligere flekker. Smekla dekker b\u00e5de skuldrene og brystet og lommen foran fanger opp alt s\u00f8l og alle smuler. Du fester enkelt smekla med [&hellip;]\" \/>\n<meta property=\"og:url\" content=\"https:\/\/babylove.se\/no\/produkt\/mrs-mighetto-haklapp-gronn-swan-and-sparrow\/\" \/>\n<meta property=\"og:site_name\" content=\"Babylove Norska\" \/>\n<meta property=\"article:modified_time\" content=\"2026-04-08T11:42:18+00:00\" \/>\n<meta property=\"og:image\" content=\"https:\/\/babylove.se\/no\/wp-content\/uploads\/sites\/3\/2025\/07\/630c9115b9403.jpeg\" \/>\n\t<meta property=\"og:image:width\" content=\"675\" \/>\n\t<meta property=\"og:image:height\" content=\"1013\" \/>\n\t<meta property=\"og:image:type\" content=\"image\/jpeg\" \/>\n<meta name=\"twitter:card\" content=\"summary_large_image\" \/>\n<meta name=\"twitter:label1\" content=\"Price\" \/>\n\t<meta name=\"twitter:data1\" content=\"249,00&nbsp;&#107;&#114;\" \/>\n\t<meta name=\"twitter:label2\" content=\"Availability\" \/>\n\t<meta name=\"twitter:data2\" content=\"Out of stock\" \/>\n<script type=\"application\/ld+json\" class=\"yoast-schema-graph\">{\"@context\":\"https:\/\/schema.org\",\"@graph\":[{\"@type\":\"WebPage\",\"@id\":\"https:\/\/babylove.se\/no\/produkt\/mrs-mighetto-haklapp-gronn-swan-and-sparrow\/\",\"url\":\"https:\/\/babylove.se\/no\/produkt\/mrs-mighetto-haklapp-gronn-swan-and-sparrow\/\",\"name\":\"Mrs Mighetto, haklapp Gr\u00f8nn Swan and Sparrow - Babylove Norska\",\"isPartOf\":{\"@id\":\"https:\/\/babylove.se\/no\/#website\"},\"primaryImageOfPage\":{\"@id\":\"https:\/\/babylove.se\/no\/produkt\/mrs-mighetto-haklapp-gronn-swan-and-sparrow\/#primaryimage\"},\"image\":{\"@id\":\"https:\/\/babylove.se\/no\/produkt\/mrs-mighetto-haklapp-gronn-swan-and-sparrow\/#primaryimage\"},\"thumbnailUrl\":\"https:\/\/babylove.se\/no\/wp-content\/uploads\/sites\/3\/2025\/07\/630c9115b9403.jpeg\",\"datePublished\":\"2025-07-19T01:20:54+00:00\",\"dateModified\":\"2026-04-08T11:42:18+00:00\",\"breadcrumb\":{\"@id\":\"https:\/\/babylove.se\/no\/produkt\/mrs-mighetto-haklapp-gronn-swan-and-sparrow\/#breadcrumb\"},\"inLanguage\":\"nb-NO\",\"potentialAction\":[{\"@type\":\"ReadAction\",\"target\":[\"https:\/\/babylove.se\/no\/produkt\/mrs-mighetto-haklapp-gronn-swan-and-sparrow\/\"]}]},{\"@type\":\"ImageObject\",\"inLanguage\":\"nb-NO\",\"@id\":\"https:\/\/babylove.se\/no\/produkt\/mrs-mighetto-haklapp-gronn-swan-and-sparrow\/#primaryimage\",\"url\":\"https:\/\/babylove.se\/no\/wp-content\/uploads\/sites\/3\/2025\/07\/630c9115b9403.jpeg\",\"contentUrl\":\"https:\/\/babylove.se\/no\/wp-content\/uploads\/sites\/3\/2025\/07\/630c9115b9403.jpeg\",\"width\":675,\"height\":1013},{\"@type\":\"BreadcrumbList\",\"@id\":\"https:\/\/babylove.se\/no\/produkt\/mrs-mighetto-haklapp-gronn-swan-and-sparrow\/#breadcrumb\",\"itemListElement\":[{\"@type\":\"ListItem\",\"position\":1,\"name\":\"Hem\",\"item\":\"https:\/\/babylove.se\/no\/\"},{\"@type\":\"ListItem\",\"position\":2,\"name\":\"Butik\",\"item\":\"https:\/\/babylove.se\/no\/butik\/\"},{\"@type\":\"ListItem\",\"position\":3,\"name\":\"Mrs Mighetto, haklapp Gr\u00f8nn Swan and Sparrow\"}]},{\"@type\":\"WebSite\",\"@id\":\"https:\/\/babylove.se\/no\/#website\",\"url\":\"https:\/\/babylove.se\/no\/\",\"name\":\"Babylove Norska\",\"description\":\"\",\"potentialAction\":[{\"@type\":\"SearchAction\",\"target\":{\"@type\":\"EntryPoint\",\"urlTemplate\":\"https:\/\/babylove.se\/no\/?s={search_term_string}\"},\"query-input\":{\"@type\":\"PropertyValueSpecification\",\"valueRequired\":true,\"valueName\":\"search_term_string\"}}],\"inLanguage\":\"nb-NO\"}]}<\/script>\n<meta property=\"product:brand\" content=\"Mrs Mighetto\" \/>\n<meta property=\"product:price:amount\" content=\"249.00\" \/>\n<meta property=\"product:price:currency\" content=\"SEK\" \/>\n<meta property=\"og:availability\" content=\"out of stock\" \/>\n<meta property=\"product:availability\" content=\"out of stock\" \/>\n<meta property=\"product:retailer_item_id\" content=\"BP-BIB-SWAN-GREEN\" \/>\n<meta property=\"product:condition\" content=\"new\" \/>\n<!-- \/ Yoast SEO Premium plugin. -->","yoast_head_json":{"title":"Mrs Mighetto, haklapp Gr\u00f8nn Swan and Sparrow - Babylove Norska","robots":{"index":"noindex","follow":"follow","max-snippet":"max-snippet:-1","max-image-preview":"max-image-preview:large","max-video-preview":"max-video-preview:-1"},"og_locale":"nb_NO","og_type":"article","og_title":"Mrs Mighetto, haklapp Gr\u00f8nn Swan and Sparrow","og_description":"De fantastiske smeklene fra Mrs Mighetto er en storfavoritt hos utallige foreldre. Rengj\u00f8ringen? Like enkel den, bare skyll i vann eller t\u00f8rk av med en v\u00e5tserviett etter hvert m\u00e5ltid. Kan maskinvaskes ved vanskeligere flekker. Smekla dekker b\u00e5de skuldrene og brystet og lommen foran fanger opp alt s\u00f8l og alle smuler. Du fester enkelt smekla med [&hellip;]","og_url":"https:\/\/babylove.se\/no\/produkt\/mrs-mighetto-haklapp-gronn-swan-and-sparrow\/","og_site_name":"Babylove Norska","article_modified_time":"2026-04-08T11:42:18+00:00","og_image":[{"width":675,"height":1013,"url":"https:\/\/babylove.se\/no\/wp-content\/uploads\/sites\/3\/2025\/07\/630c9115b9403.jpeg","type":"image\/jpeg"}],"twitter_card":"summary_large_image","twitter_misc":{"Price":"249,00&nbsp;&#107;&#114;","Availability":"Out of stock"},"schema":{"@context":"https:\/\/schema.org","@graph":[{"@type":"WebPage","@id":"https:\/\/babylove.se\/no\/produkt\/mrs-mighetto-haklapp-gronn-swan-and-sparrow\/","url":"https:\/\/babylove.se\/no\/produkt\/mrs-mighetto-haklapp-gronn-swan-and-sparrow\/","name":"Mrs Mighetto, haklapp Gr\u00f8nn Swan and Sparrow - Babylove Norska","isPartOf":{"@id":"https:\/\/babylove.se\/no\/#website"},"primaryImageOfPage":{"@id":"https:\/\/babylove.se\/no\/produkt\/mrs-mighetto-haklapp-gronn-swan-and-sparrow\/#primaryimage"},"image":{"@id":"https:\/\/babylove.se\/no\/produkt\/mrs-mighetto-haklapp-gronn-swan-and-sparrow\/#primaryimage"},"thumbnailUrl":"https:\/\/babylove.se\/no\/wp-content\/uploads\/sites\/3\/2025\/07\/630c9115b9403.jpeg","datePublished":"2025-07-19T01:20:54+00:00","dateModified":"2026-04-08T11:42:18+00:00","breadcrumb":{"@id":"https:\/\/babylove.se\/no\/produkt\/mrs-mighetto-haklapp-gronn-swan-and-sparrow\/#breadcrumb"},"inLanguage":"nb-NO","potentialAction":[{"@type":"ReadAction","target":["https:\/\/babylove.se\/no\/produkt\/mrs-mighetto-haklapp-gronn-swan-and-sparrow\/"]}]},{"@type":"ImageObject","inLanguage":"nb-NO","@id":"https:\/\/babylove.se\/no\/produkt\/mrs-mighetto-haklapp-gronn-swan-and-sparrow\/#primaryimage","url":"https:\/\/babylove.se\/no\/wp-content\/uploads\/sites\/3\/2025\/07\/630c9115b9403.jpeg","contentUrl":"https:\/\/babylove.se\/no\/wp-content\/uploads\/sites\/3\/2025\/07\/630c9115b9403.jpeg","width":675,"height":1013},{"@type":"BreadcrumbList","@id":"https:\/\/babylove.se\/no\/produkt\/mrs-mighetto-haklapp-gronn-swan-and-sparrow\/#breadcrumb","itemListElement":[{"@type":"ListItem","position":1,"name":"Hem","item":"https:\/\/babylove.se\/no\/"},{"@type":"ListItem","position":2,"name":"Butik","item":"https:\/\/babylove.se\/no\/butik\/"},{"@type":"ListItem","position":3,"name":"Mrs Mighetto, haklapp Gr\u00f8nn Swan and Sparrow"}]},{"@type":"WebSite","@id":"https:\/\/babylove.se\/no\/#website","url":"https:\/\/babylove.se\/no\/","name":"Babylove Norska","description":"","potentialAction":[{"@type":"SearchAction","target":{"@type":"EntryPoint","urlTemplate":"https:\/\/babylove.se\/no\/?s={search_term_string}"},"query-input":{"@type":"PropertyValueSpecification","valueRequired":true,"valueName":"search_term_string"}}],"inLanguage":"nb-NO"}]},"product_brand":"Mrs Mighetto","product_price_amount":"249.00","product_price_currency":"SEK","og_availability":"out of stock","product_availability":"out of stock","product_retailer_item_id":"BP-BIB-SWAN-GREEN","product_condition":"new"},"_links":{"self":[{"href":"https:\/\/babylove.se\/no\/wp-json\/wp\/v2\/product\/40317","targetHints":{"allow":["GET"]}}],"collection":[{"href":"https:\/\/babylove.se\/no\/wp-json\/wp\/v2\/product"}],"about":[{"href":"https:\/\/babylove.se\/no\/wp-json\/wp\/v2\/types\/product"}],"replies":[{"embeddable":true,"href":"https:\/\/babylove.se\/no\/wp-json\/wp\/v2\/comments?post=40317"}],"wp:featuredmedia":[{"embeddable":true,"href":"https:\/\/babylove.se\/no\/wp-json\/wp\/v2\/media\/40319"}],"wp:attachment":[{"href":"https:\/\/babylove.se\/no\/wp-json\/wp\/v2\/media?parent=40317"}],"wp:term":[{"taxonomy":"product_brand","embeddable":true,"href":"https:\/\/babylove.se\/no\/wp-json\/wp\/v2\/product_brand?post=40317"},{"taxonomy":"product_cat","embeddable":true,"href":"https:\/\/babylove.se\/no\/wp-json\/wp\/v2\/product_cat?post=40317"},{"taxonomy":"product_tag","embeddable":true,"href":"https:\/\/babylove.se\/no\/wp-json\/wp\/v2\/product_tag?post=40317"}],"curies":[{"name":"wp","href":"https:\/\/api.w.org\/{rel}","templated":true}]}}