{"id":4039,"date":"2025-07-18T20:19:51","date_gmt":"2025-07-18T19:19:51","guid":{"rendered":"https:\/\/babylove.se\/produkt\/presentkort\/"},"modified":"2026-04-08T08:04:10","modified_gmt":"2026-04-08T07:04:10","slug":"gavekort","status":"publish","type":"product","link":"https:\/\/babylove.se\/no\/produkt\/gavekort\/","title":{"rendered":"Gavekort 1000 kr"},"content":{"rendered":"<p>Er du ikke helt sikker p\u00e5 hva du skal kj\u00f8pe i gave? Skaff deg da et av v\u00e5re popul\u00e6re gavekort som garanterer at mottakeren av gaven kommer til \u00e5 bli forn\u00f8yd. &nbsp;<\/p>\n<p>Med gavekortet kan de selvf\u00f8lgelig velge fra hele v\u00e5rt fine sortiment.<\/p>\n<p>Oppgi navnet og e-postadressen til den som skal motta gavekortet i feltene ovenfor. Merk at gavekortet sendes digitalt til den oppgitte e-postadressen innen noen timer. Hvis du heller vil sende gavekortet p\u00e5 egen h\u00e5nd ved en senere anledning skriver du din e-postadresse som mottakerens e-postadresse.<\/p>\n<p>Gavekortet er gyldig i 1 \u00e5r (dato fremg\u00e5r p\u00e5 gavekortet) og gjelder ved ett kj\u00f8pstilfelle hos babylove.se<\/p>\n","protected":false},"excerpt":{"rendered":"<p>Er du ikke helt sikker p\u00e5 hva du skal kj\u00f8pe i gave? Skaff deg da et av v\u00e5re popul\u00e6re gavekort som garanterer at mottakeren av gaven kommer til \u00e5 bli forn\u00f8yd. &nbsp; Med gavekortet kan de selvf\u00f8lgelig velge fra hele v\u00e5rt fine sortiment. Oppgi navnet og e-postadressen til den som skal motta gavekortet i feltene [&hellip;]<\/p>\n","protected":false},"featured_media":4041,"comment_status":"closed","ping_status":"closed","template":"","meta":{"_acf_changed":false},"product_brand":[],"product_cat":[70,235,86],"product_tag":[],"class_list":{"0":"post-4039","1":"product","2":"type-product","3":"status-publish","4":"has-post-thumbnail","6":"product_cat-gaver","7":"product_cat-gavekort","8":"product_cat-produktliste","10":"first","11":"instock","12":"virtual","13":"taxable","14":"purchasable","15":"product-type-simple"},"acf":[],"yoast_head":"<!-- This site is optimized with the Yoast SEO Premium plugin v25.8 (Yoast SEO v27.2) - https:\/\/yoast.com\/product\/yoast-seo-premium-wordpress\/ -->\n<title>Gavekort 1000 kr - Babylove Norska<\/title>\n<meta name=\"robots\" content=\"noindex, follow, max-snippet:-1, max-image-preview:large, max-video-preview:-1\" \/>\n<meta property=\"og:locale\" content=\"nb_NO\" \/>\n<meta property=\"og:type\" content=\"article\" \/>\n<meta property=\"og:title\" content=\"Gavekort 1000 kr\" \/>\n<meta property=\"og:description\" content=\"Er du ikke helt sikker p\u00e5 hva du skal kj\u00f8pe i gave? Skaff deg da et av v\u00e5re popul\u00e6re gavekort som garanterer at mottakeren av gaven kommer til \u00e5 bli forn\u00f8yd. &nbsp; Med gavekortet kan de selvf\u00f8lgelig velge fra hele v\u00e5rt fine sortiment. Oppgi navnet og e-postadressen til den som skal motta gavekortet i feltene [&hellip;]\" \/>\n<meta property=\"og:url\" content=\"https:\/\/babylove.se\/no\/produkt\/gavekort\/\" \/>\n<meta property=\"og:site_name\" content=\"Babylove Norska\" \/>\n<meta property=\"article:modified_time\" content=\"2026-04-08T07:04:10+00:00\" \/>\n<meta property=\"og:image\" content=\"https:\/\/babylove.se\/no\/wp-content\/uploads\/sites\/3\/2025\/07\/599483e69da89.jpeg\" \/>\n\t<meta property=\"og:image:width\" content=\"576\" \/>\n\t<meta property=\"og:image:height\" content=\"384\" \/>\n\t<meta property=\"og:image:type\" content=\"image\/jpeg\" \/>\n<meta name=\"twitter:card\" content=\"summary_large_image\" \/>\n<meta name=\"twitter:label1\" content=\"Price\" \/>\n\t<meta name=\"twitter:data1\" content=\"1 000,00&nbsp;&#107;&#114;\" \/>\n\t<meta name=\"twitter:label2\" content=\"Availability\" \/>\n\t<meta name=\"twitter:data2\" content=\"In stock\" \/>\n<script type=\"application\/ld+json\" class=\"yoast-schema-graph\">{\"@context\":\"https:\/\/schema.org\",\"@graph\":[{\"@type\":\"WebPage\",\"@id\":\"https:\/\/babylove.se\/no\/produkt\/gavekort\/\",\"url\":\"https:\/\/babylove.se\/no\/produkt\/gavekort\/\",\"name\":\"Gavekort 1000 kr - Babylove Norska\",\"isPartOf\":{\"@id\":\"https:\/\/babylove.se\/no\/#website\"},\"primaryImageOfPage\":{\"@id\":\"https:\/\/babylove.se\/no\/produkt\/gavekort\/#primaryimage\"},\"image\":{\"@id\":\"https:\/\/babylove.se\/no\/produkt\/gavekort\/#primaryimage\"},\"thumbnailUrl\":\"https:\/\/babylove.se\/no\/wp-content\/uploads\/sites\/3\/2025\/07\/599483e69da89.jpeg\",\"datePublished\":\"2025-07-18T19:19:51+00:00\",\"dateModified\":\"2026-04-08T07:04:10+00:00\",\"breadcrumb\":{\"@id\":\"https:\/\/babylove.se\/no\/produkt\/gavekort\/#breadcrumb\"},\"inLanguage\":\"nb-NO\",\"potentialAction\":[{\"@type\":\"ReadAction\",\"target\":[\"https:\/\/babylove.se\/no\/produkt\/gavekort\/\"]}]},{\"@type\":\"ImageObject\",\"inLanguage\":\"nb-NO\",\"@id\":\"https:\/\/babylove.se\/no\/produkt\/gavekort\/#primaryimage\",\"url\":\"https:\/\/babylove.se\/no\/wp-content\/uploads\/sites\/3\/2025\/07\/599483e69da89.jpeg\",\"contentUrl\":\"https:\/\/babylove.se\/no\/wp-content\/uploads\/sites\/3\/2025\/07\/599483e69da89.jpeg\",\"width\":576,\"height\":384},{\"@type\":\"BreadcrumbList\",\"@id\":\"https:\/\/babylove.se\/no\/produkt\/gavekort\/#breadcrumb\",\"itemListElement\":[{\"@type\":\"ListItem\",\"position\":1,\"name\":\"Hem\",\"item\":\"https:\/\/babylove.se\/no\/\"},{\"@type\":\"ListItem\",\"position\":2,\"name\":\"Butik\",\"item\":\"https:\/\/babylove.se\/no\/butik\/\"},{\"@type\":\"ListItem\",\"position\":3,\"name\":\"Gavekort 1000 kr\"}]},{\"@type\":\"WebSite\",\"@id\":\"https:\/\/babylove.se\/no\/#website\",\"url\":\"https:\/\/babylove.se\/no\/\",\"name\":\"Babylove Norska\",\"description\":\"\",\"potentialAction\":[{\"@type\":\"SearchAction\",\"target\":{\"@type\":\"EntryPoint\",\"urlTemplate\":\"https:\/\/babylove.se\/no\/?s={search_term_string}\"},\"query-input\":{\"@type\":\"PropertyValueSpecification\",\"valueRequired\":true,\"valueName\":\"search_term_string\"}}],\"inLanguage\":\"nb-NO\"}]}<\/script>\n<meta property=\"product:price:amount\" content=\"1000.00\" \/>\n<meta property=\"product:price:currency\" content=\"SEK\" \/>\n<meta property=\"og:availability\" content=\"instock\" \/>\n<meta property=\"product:availability\" content=\"instock\" \/>\n<meta property=\"product:retailer_item_id\" content=\"1315\" \/>\n<meta property=\"product:condition\" content=\"new\" \/>\n<!-- \/ Yoast SEO Premium plugin. -->","yoast_head_json":{"title":"Gavekort 1000 kr - Babylove Norska","robots":{"index":"noindex","follow":"follow","max-snippet":"max-snippet:-1","max-image-preview":"max-image-preview:large","max-video-preview":"max-video-preview:-1"},"og_locale":"nb_NO","og_type":"article","og_title":"Gavekort 1000 kr","og_description":"Er du ikke helt sikker p\u00e5 hva du skal kj\u00f8pe i gave? Skaff deg da et av v\u00e5re popul\u00e6re gavekort som garanterer at mottakeren av gaven kommer til \u00e5 bli forn\u00f8yd. &nbsp; Med gavekortet kan de selvf\u00f8lgelig velge fra hele v\u00e5rt fine sortiment. Oppgi navnet og e-postadressen til den som skal motta gavekortet i feltene [&hellip;]","og_url":"https:\/\/babylove.se\/no\/produkt\/gavekort\/","og_site_name":"Babylove Norska","article_modified_time":"2026-04-08T07:04:10+00:00","og_image":[{"width":576,"height":384,"url":"https:\/\/babylove.se\/no\/wp-content\/uploads\/sites\/3\/2025\/07\/599483e69da89.jpeg","type":"image\/jpeg"}],"twitter_card":"summary_large_image","twitter_misc":{"Price":"1 000,00&nbsp;&#107;&#114;","Availability":"In stock"},"schema":{"@context":"https:\/\/schema.org","@graph":[{"@type":"WebPage","@id":"https:\/\/babylove.se\/no\/produkt\/gavekort\/","url":"https:\/\/babylove.se\/no\/produkt\/gavekort\/","name":"Gavekort 1000 kr - Babylove Norska","isPartOf":{"@id":"https:\/\/babylove.se\/no\/#website"},"primaryImageOfPage":{"@id":"https:\/\/babylove.se\/no\/produkt\/gavekort\/#primaryimage"},"image":{"@id":"https:\/\/babylove.se\/no\/produkt\/gavekort\/#primaryimage"},"thumbnailUrl":"https:\/\/babylove.se\/no\/wp-content\/uploads\/sites\/3\/2025\/07\/599483e69da89.jpeg","datePublished":"2025-07-18T19:19:51+00:00","dateModified":"2026-04-08T07:04:10+00:00","breadcrumb":{"@id":"https:\/\/babylove.se\/no\/produkt\/gavekort\/#breadcrumb"},"inLanguage":"nb-NO","potentialAction":[{"@type":"ReadAction","target":["https:\/\/babylove.se\/no\/produkt\/gavekort\/"]}]},{"@type":"ImageObject","inLanguage":"nb-NO","@id":"https:\/\/babylove.se\/no\/produkt\/gavekort\/#primaryimage","url":"https:\/\/babylove.se\/no\/wp-content\/uploads\/sites\/3\/2025\/07\/599483e69da89.jpeg","contentUrl":"https:\/\/babylove.se\/no\/wp-content\/uploads\/sites\/3\/2025\/07\/599483e69da89.jpeg","width":576,"height":384},{"@type":"BreadcrumbList","@id":"https:\/\/babylove.se\/no\/produkt\/gavekort\/#breadcrumb","itemListElement":[{"@type":"ListItem","position":1,"name":"Hem","item":"https:\/\/babylove.se\/no\/"},{"@type":"ListItem","position":2,"name":"Butik","item":"https:\/\/babylove.se\/no\/butik\/"},{"@type":"ListItem","position":3,"name":"Gavekort 1000 kr"}]},{"@type":"WebSite","@id":"https:\/\/babylove.se\/no\/#website","url":"https:\/\/babylove.se\/no\/","name":"Babylove Norska","description":"","potentialAction":[{"@type":"SearchAction","target":{"@type":"EntryPoint","urlTemplate":"https:\/\/babylove.se\/no\/?s={search_term_string}"},"query-input":{"@type":"PropertyValueSpecification","valueRequired":true,"valueName":"search_term_string"}}],"inLanguage":"nb-NO"}]},"product_price_amount":"1000.00","product_price_currency":"SEK","og_availability":"instock","product_availability":"instock","product_retailer_item_id":"1315","product_condition":"new"},"_links":{"self":[{"href":"https:\/\/babylove.se\/no\/wp-json\/wp\/v2\/product\/4039","targetHints":{"allow":["GET"]}}],"collection":[{"href":"https:\/\/babylove.se\/no\/wp-json\/wp\/v2\/product"}],"about":[{"href":"https:\/\/babylove.se\/no\/wp-json\/wp\/v2\/types\/product"}],"replies":[{"embeddable":true,"href":"https:\/\/babylove.se\/no\/wp-json\/wp\/v2\/comments?post=4039"}],"wp:featuredmedia":[{"embeddable":true,"href":"https:\/\/babylove.se\/no\/wp-json\/wp\/v2\/media\/4041"}],"wp:attachment":[{"href":"https:\/\/babylove.se\/no\/wp-json\/wp\/v2\/media?parent=4039"}],"wp:term":[{"taxonomy":"product_brand","embeddable":true,"href":"https:\/\/babylove.se\/no\/wp-json\/wp\/v2\/product_brand?post=4039"},{"taxonomy":"product_cat","embeddable":true,"href":"https:\/\/babylove.se\/no\/wp-json\/wp\/v2\/product_cat?post=4039"},{"taxonomy":"product_tag","embeddable":true,"href":"https:\/\/babylove.se\/no\/wp-json\/wp\/v2\/product_tag?post=4039"}],"curies":[{"name":"wp","href":"https:\/\/api.w.org\/{rel}","templated":true}]}}