{"id":41182,"date":"2025-07-19T02:39:05","date_gmt":"2025-07-19T01:39:05","guid":{"rendered":"https:\/\/babylove.se\/produkt\/barnsang-med-stodbrada-och-extrasang-denize\/"},"modified":"2026-04-08T12:43:22","modified_gmt":"2026-04-08T11:43:22","slug":"barnesang-med-stottebrett-og-ekstraseng-denize","status":"publish","type":"product","link":"https:\/\/babylove.se\/no\/produkt\/barnesang-med-stottebrett-og-ekstraseng-denize\/","title":{"rendered":"Barneseng med st\u00f8ttebrett og ekstraseng, Denize"},"content":{"rendered":"<p>En fantastisk fin barneseng med en praktisk ekstraseng under som du enkelt tar frem ved behov. Perfekt som en s\u00f8skenseng eller hvis en kamerat vil sove over. <\/p>\n<p>En stabil og gedigen barneseng i tidl\u00f8s design, som ikke bare er en koselig soveplass, men ogs\u00e5 en flott interi\u00f8rdetalj p\u00e5 barnerommet! Sengen er laget av massiv furu som gj\u00f8r den stabil og solid. Ideell \u00e5 b\u00e5de leke som sove i. <\/p>\n<p>En seng i skandinavisk stilren stil som passer overalt og i alle typer rom. Du kan enkelt dekorere den med fine vimpler eller lysslynger for \u00e5 f\u00e5 mer effekt. <\/p>\n<p><strong>Tilvalg<\/strong>: <\/p>\n<ul>\n<li>Farge: velg mellom natur (lakkert), hvit, gr\u00e5 og antrasitt. Alle senger i natur er behandlet med vannbasert lakk. Legg igjen en kommentar i kassen hvis du \u00f8nsker en naturf\u00e4rget seng som er ubehandlet.<\/li>\n<li>Oppbevaringsboks: velg med eller uten.<\/li>\n<\/ul>\n<p><strong>Info:<\/strong> <\/p>\n<ul>\n<li>100% FSC-sertifisert furutre som sikrer at t\u00f8mmeret kommer fra ansvarlig skogsdrift.<\/li>\n<li>Sengens totale h\u00f8yde: 85 cm.<\/li>\n<li>St\u00f8ttebrett h\u00f8yde n\u00e5r den er montert: 27 cm. Avstand mellom spiler 6,5 cm.<\/li>\n<li>St\u00f8ttebretter kan monteres p\u00e5 valgfri side.<\/li>\n<li>Oppbevaringsboks h\u00f8yde: 11,5 cm.<\/li>\n<li>Maks vekt: 100 kg per seng.<\/li>\n<\/ul>\n<p><strong>M\u00e5l: <\/strong> <\/p>\n<ul>\n<li>Finnes i forskjellige sengm\u00e5l. M\u00e5lene til venstre i listen gjelder sengm\u00e5l for den \u00f8vre sengen. M\u00e5lene innenfor parentesen (bredde &amp; lengde) gjelder den totale st\u00f8rrelsen p\u00e5 sengen.<\/li>\n<li>Sengm\u00e5l til ekstraseng 10 cm kortere enn sengens lengde. Eksempel: Til seng 80&#215;160 = ekstraseng 80&#215;150<\/li>\n<\/ul>\n<p>Madrasser inng\u00e5r ikke, men finnes \u00e5 kj\u00f8pe i v\u00e5rt store utvalg! Vi anbefaler en skummadrass med tykkelse p\u00e5 <em>10-12 cm<\/em> for den \u00f8vre sengen og <em><strong>maks<\/strong> 8 cm<\/em> for ekstrasengen. Hvis madrassen til ekstrasengen er tykkere enn 8 cm vil ikke ekstrasengen kunne rulles ut. <\/p>\n<p>Sengene produseres i henhold til standarden EN-747-1: 2012 + A1: 2015 i v\u00e5r fabrikk i Europa som har de h\u00f8yeste sikkerhetsstandardene for produksjon av barnesenger, og kontrollerer hvert steg fra t\u00f8mmeret kommer inn i fabrikken til at et ferdig produkt forlater. Sengene lakkeres tre ganger med \u00f8kologisk, milj\u00f8vennlig og vannbasert maling som f\u00f8lger normen EN 71-3:2019. <\/p>\n<p><em><em>Dette er en seng produsert og tilpasset for barn. <em><em><em><em><em>Sengen leveres umontert og b\u00f8r settes sammen i rommet den skal brukes i.<\/em><\/em><\/em><\/em><\/em><\/em><\/em><\/p>\n","protected":false},"excerpt":{"rendered":"<p>En fantastisk fin barneseng med en praktisk ekstraseng under som du enkelt tar frem ved behov. Perfekt som en s\u00f8skenseng eller hvis en kamerat vil sove over. En stabil og gedigen barneseng i tidl\u00f8s design, som ikke bare er en koselig soveplass, men ogs\u00e5 en flott interi\u00f8rdetalj p\u00e5 barnerommet! Sengen er laget av massiv furu [&hellip;]<\/p>\n","protected":false},"featured_media":41184,"comment_status":"open","ping_status":"closed","template":"","meta":{"_acf_changed":false},"product_brand":[1319],"product_cat":[269,1320,1321,40],"product_tag":[1689],"class_list":{"0":"post-41182","1":"product","2":"type-product","3":"status-publish","4":"has-post-thumbnail","6":"product_brand-lano","7":"product_cat-juniorsenger","8":"product_cat-lano","9":"product_cat-lano-bestillingsvarer","10":"product_cat-soverom-barn","11":"product_tag-bestillingsvaror","12":"pa_farg-antracit","13":"pa_farg-gra","14":"pa_farg-vit","15":"pa_farg-natur","16":"pa_forvaringslada-med","17":"pa_forvaringslada-utan","18":"pa_storlek-80x160-cm-b87-cm-l168-cm","19":"pa_storlek-80x180-cm-b87-cm-l188-cm","20":"pa_storlek-80x200-cm-b87-cm-l208-cm","21":"pa_storlek-90x190-cm-b97-cm-l198-cm","22":"pa_storlek-90x200-cm-b97-cm-l208-cm","24":"first","25":"instock","26":"taxable","27":"shipping-taxable","28":"purchasable","29":"product-type-variable"},"acf":[],"yoast_head":"<!-- This site is optimized with the Yoast SEO Premium plugin v25.8 (Yoast SEO v27.2) - https:\/\/yoast.com\/product\/yoast-seo-premium-wordpress\/ -->\n<title>Barneseng med st\u00f8ttebrett og ekstraseng, Denize - Babylove Norska<\/title>\n<meta name=\"robots\" content=\"noindex, follow, max-snippet:-1, max-image-preview:large, max-video-preview:-1\" \/>\n<meta property=\"og:locale\" content=\"nb_NO\" \/>\n<meta property=\"og:type\" content=\"article\" \/>\n<meta property=\"og:title\" content=\"Barneseng med st\u00f8ttebrett og ekstraseng, Denize\" \/>\n<meta property=\"og:description\" content=\"En fantastisk fin barneseng med en praktisk ekstraseng under som du enkelt tar frem ved behov. Perfekt som en s\u00f8skenseng eller hvis en kamerat vil sove over. En stabil og gedigen barneseng i tidl\u00f8s design, som ikke bare er en koselig soveplass, men ogs\u00e5 en flott interi\u00f8rdetalj p\u00e5 barnerommet! Sengen er laget av massiv furu [&hellip;]\" \/>\n<meta property=\"og:url\" content=\"https:\/\/babylove.se\/no\/produkt\/barnesang-med-stottebrett-og-ekstraseng-denize\/\" \/>\n<meta property=\"og:site_name\" content=\"Babylove Norska\" \/>\n<meta property=\"article:modified_time\" content=\"2026-04-08T11:43:22+00:00\" \/>\n<meta property=\"og:image\" content=\"https:\/\/babylove.se\/no\/wp-content\/uploads\/sites\/3\/2025\/07\/630f143b5534c.jpeg\" \/>\n\t<meta property=\"og:image:width\" content=\"768\" \/>\n\t<meta property=\"og:image:height\" content=\"576\" \/>\n\t<meta property=\"og:image:type\" content=\"image\/jpeg\" \/>\n<meta name=\"twitter:card\" content=\"summary_large_image\" \/>\n<meta name=\"twitter:label1\" content=\"Availability\" \/>\n\t<meta name=\"twitter:data1\" content=\"In stock\" \/>\n<script type=\"application\/ld+json\" class=\"yoast-schema-graph\">{\"@context\":\"https:\/\/schema.org\",\"@graph\":[{\"@type\":\"WebPage\",\"@id\":\"https:\/\/babylove.se\/no\/produkt\/barnesang-med-stottebrett-og-ekstraseng-denize\/\",\"url\":\"https:\/\/babylove.se\/no\/produkt\/barnesang-med-stottebrett-og-ekstraseng-denize\/\",\"name\":\"Barneseng med st\u00f8ttebrett og ekstraseng, Denize - Babylove Norska\",\"isPartOf\":{\"@id\":\"https:\/\/babylove.se\/no\/#website\"},\"primaryImageOfPage\":{\"@id\":\"https:\/\/babylove.se\/no\/produkt\/barnesang-med-stottebrett-og-ekstraseng-denize\/#primaryimage\"},\"image\":{\"@id\":\"https:\/\/babylove.se\/no\/produkt\/barnesang-med-stottebrett-og-ekstraseng-denize\/#primaryimage\"},\"thumbnailUrl\":\"https:\/\/babylove.se\/no\/wp-content\/uploads\/sites\/3\/2025\/07\/630f143b5534c.jpeg\",\"datePublished\":\"2025-07-19T01:39:05+00:00\",\"dateModified\":\"2026-04-08T11:43:22+00:00\",\"breadcrumb\":{\"@id\":\"https:\/\/babylove.se\/no\/produkt\/barnesang-med-stottebrett-og-ekstraseng-denize\/#breadcrumb\"},\"inLanguage\":\"nb-NO\",\"potentialAction\":[{\"@type\":\"ReadAction\",\"target\":[\"https:\/\/babylove.se\/no\/produkt\/barnesang-med-stottebrett-og-ekstraseng-denize\/\"]}]},{\"@type\":\"ImageObject\",\"inLanguage\":\"nb-NO\",\"@id\":\"https:\/\/babylove.se\/no\/produkt\/barnesang-med-stottebrett-og-ekstraseng-denize\/#primaryimage\",\"url\":\"https:\/\/babylove.se\/no\/wp-content\/uploads\/sites\/3\/2025\/07\/630f143b5534c.jpeg\",\"contentUrl\":\"https:\/\/babylove.se\/no\/wp-content\/uploads\/sites\/3\/2025\/07\/630f143b5534c.jpeg\",\"width\":768,\"height\":576},{\"@type\":\"BreadcrumbList\",\"@id\":\"https:\/\/babylove.se\/no\/produkt\/barnesang-med-stottebrett-og-ekstraseng-denize\/#breadcrumb\",\"itemListElement\":[{\"@type\":\"ListItem\",\"position\":1,\"name\":\"Hem\",\"item\":\"https:\/\/babylove.se\/no\/\"},{\"@type\":\"ListItem\",\"position\":2,\"name\":\"Butik\",\"item\":\"https:\/\/babylove.se\/no\/butik\/\"},{\"@type\":\"ListItem\",\"position\":3,\"name\":\"Barneseng med st\u00f8ttebrett og ekstraseng, Denize\"}]},{\"@type\":\"WebSite\",\"@id\":\"https:\/\/babylove.se\/no\/#website\",\"url\":\"https:\/\/babylove.se\/no\/\",\"name\":\"Babylove Norska\",\"description\":\"\",\"potentialAction\":[{\"@type\":\"SearchAction\",\"target\":{\"@type\":\"EntryPoint\",\"urlTemplate\":\"https:\/\/babylove.se\/no\/?s={search_term_string}\"},\"query-input\":{\"@type\":\"PropertyValueSpecification\",\"valueRequired\":true,\"valueName\":\"search_term_string\"}}],\"inLanguage\":\"nb-NO\"}]}<\/script>\n<meta property=\"product:brand\" content=\"LANO\" \/>\n<meta property=\"og:availability\" content=\"instock\" \/>\n<meta property=\"product:availability\" content=\"instock\" \/>\n<meta property=\"product:retailer_item_id\" content=\"DOMIN002-80x160-cm-Natur-Utan\" \/>\n<meta property=\"product:condition\" content=\"new\" \/>\n<!-- \/ Yoast SEO Premium plugin. -->","yoast_head_json":{"title":"Barneseng med st\u00f8ttebrett og ekstraseng, Denize - Babylove Norska","robots":{"index":"noindex","follow":"follow","max-snippet":"max-snippet:-1","max-image-preview":"max-image-preview:large","max-video-preview":"max-video-preview:-1"},"og_locale":"nb_NO","og_type":"article","og_title":"Barneseng med st\u00f8ttebrett og ekstraseng, Denize","og_description":"En fantastisk fin barneseng med en praktisk ekstraseng under som du enkelt tar frem ved behov. Perfekt som en s\u00f8skenseng eller hvis en kamerat vil sove over. En stabil og gedigen barneseng i tidl\u00f8s design, som ikke bare er en koselig soveplass, men ogs\u00e5 en flott interi\u00f8rdetalj p\u00e5 barnerommet! Sengen er laget av massiv furu [&hellip;]","og_url":"https:\/\/babylove.se\/no\/produkt\/barnesang-med-stottebrett-og-ekstraseng-denize\/","og_site_name":"Babylove Norska","article_modified_time":"2026-04-08T11:43:22+00:00","og_image":[{"width":768,"height":576,"url":"https:\/\/babylove.se\/no\/wp-content\/uploads\/sites\/3\/2025\/07\/630f143b5534c.jpeg","type":"image\/jpeg"}],"twitter_card":"summary_large_image","twitter_misc":{"Availability":"In stock"},"schema":{"@context":"https:\/\/schema.org","@graph":[{"@type":"WebPage","@id":"https:\/\/babylove.se\/no\/produkt\/barnesang-med-stottebrett-og-ekstraseng-denize\/","url":"https:\/\/babylove.se\/no\/produkt\/barnesang-med-stottebrett-og-ekstraseng-denize\/","name":"Barneseng med st\u00f8ttebrett og ekstraseng, Denize - Babylove Norska","isPartOf":{"@id":"https:\/\/babylove.se\/no\/#website"},"primaryImageOfPage":{"@id":"https:\/\/babylove.se\/no\/produkt\/barnesang-med-stottebrett-og-ekstraseng-denize\/#primaryimage"},"image":{"@id":"https:\/\/babylove.se\/no\/produkt\/barnesang-med-stottebrett-og-ekstraseng-denize\/#primaryimage"},"thumbnailUrl":"https:\/\/babylove.se\/no\/wp-content\/uploads\/sites\/3\/2025\/07\/630f143b5534c.jpeg","datePublished":"2025-07-19T01:39:05+00:00","dateModified":"2026-04-08T11:43:22+00:00","breadcrumb":{"@id":"https:\/\/babylove.se\/no\/produkt\/barnesang-med-stottebrett-og-ekstraseng-denize\/#breadcrumb"},"inLanguage":"nb-NO","potentialAction":[{"@type":"ReadAction","target":["https:\/\/babylove.se\/no\/produkt\/barnesang-med-stottebrett-og-ekstraseng-denize\/"]}]},{"@type":"ImageObject","inLanguage":"nb-NO","@id":"https:\/\/babylove.se\/no\/produkt\/barnesang-med-stottebrett-og-ekstraseng-denize\/#primaryimage","url":"https:\/\/babylove.se\/no\/wp-content\/uploads\/sites\/3\/2025\/07\/630f143b5534c.jpeg","contentUrl":"https:\/\/babylove.se\/no\/wp-content\/uploads\/sites\/3\/2025\/07\/630f143b5534c.jpeg","width":768,"height":576},{"@type":"BreadcrumbList","@id":"https:\/\/babylove.se\/no\/produkt\/barnesang-med-stottebrett-og-ekstraseng-denize\/#breadcrumb","itemListElement":[{"@type":"ListItem","position":1,"name":"Hem","item":"https:\/\/babylove.se\/no\/"},{"@type":"ListItem","position":2,"name":"Butik","item":"https:\/\/babylove.se\/no\/butik\/"},{"@type":"ListItem","position":3,"name":"Barneseng med st\u00f8ttebrett og ekstraseng, Denize"}]},{"@type":"WebSite","@id":"https:\/\/babylove.se\/no\/#website","url":"https:\/\/babylove.se\/no\/","name":"Babylove Norska","description":"","potentialAction":[{"@type":"SearchAction","target":{"@type":"EntryPoint","urlTemplate":"https:\/\/babylove.se\/no\/?s={search_term_string}"},"query-input":{"@type":"PropertyValueSpecification","valueRequired":true,"valueName":"search_term_string"}}],"inLanguage":"nb-NO"}]},"product_brand":"LANO","og_availability":"instock","product_availability":"instock","product_retailer_item_id":"DOMIN002-80x160-cm-Natur-Utan","product_condition":"new"},"_links":{"self":[{"href":"https:\/\/babylove.se\/no\/wp-json\/wp\/v2\/product\/41182","targetHints":{"allow":["GET"]}}],"collection":[{"href":"https:\/\/babylove.se\/no\/wp-json\/wp\/v2\/product"}],"about":[{"href":"https:\/\/babylove.se\/no\/wp-json\/wp\/v2\/types\/product"}],"replies":[{"embeddable":true,"href":"https:\/\/babylove.se\/no\/wp-json\/wp\/v2\/comments?post=41182"}],"wp:featuredmedia":[{"embeddable":true,"href":"https:\/\/babylove.se\/no\/wp-json\/wp\/v2\/media\/41184"}],"wp:attachment":[{"href":"https:\/\/babylove.se\/no\/wp-json\/wp\/v2\/media?parent=41182"}],"wp:term":[{"taxonomy":"product_brand","embeddable":true,"href":"https:\/\/babylove.se\/no\/wp-json\/wp\/v2\/product_brand?post=41182"},{"taxonomy":"product_cat","embeddable":true,"href":"https:\/\/babylove.se\/no\/wp-json\/wp\/v2\/product_cat?post=41182"},{"taxonomy":"product_tag","embeddable":true,"href":"https:\/\/babylove.se\/no\/wp-json\/wp\/v2\/product_tag?post=41182"}],"curies":[{"name":"wp","href":"https:\/\/api.w.org\/{rel}","templated":true}]}}