{"id":41399,"date":"2025-07-19T02:43:37","date_gmt":"2025-07-19T01:43:37","guid":{"rendered":"https:\/\/babylove.se\/produkt\/jollein-moseskorg-med-madrass-och-overdrag\/"},"modified":"2026-04-08T12:43:40","modified_gmt":"2026-04-08T11:43:40","slug":"jollein-moseskurv-med-madras-og-overtrekk","status":"publish","type":"product","link":"https:\/\/babylove.se\/no\/produkt\/jollein-moseskurv-med-madras-og-overtrekk\/","title":{"rendered":"Jollein, Moseskurv med madras og overtrekk"},"content":{"rendered":"<p>En fin vevd moseskurv i n\u00f8ytrale farger fra Jollein. Fungerer perfekt for det lille barnet n\u00e5r det er tid for s\u00f8vn. &nbsp;<\/p>\n<p>Kurven kommer i et sett med en tilpasset madras med fint vaskbart overtrekk og en stilig oppbevaringspose som kan brukes til annet. Kurven har to praktiske h\u00e5ndtak.<\/p>\n<p><strong>M\u00e5l<\/strong>: 76 x 40 x 22 cm<\/p>\n<p><strong>Materiale<\/strong>:&nbsp;<\/p>\n<ul>\n<li>Moseskurv: 100% bomull<\/li>\n<li>Overtrekk: 100% \u00f8kologisk bomull<\/li>\n<li>Madras: polyuretanskum&nbsp;<\/li>\n<\/ul>\n<p>Designer: <a href=\"https:\/\/babylove.se\/en\/varumarken\/jollein\">Jollein<\/a><\/p>\n<p><u>Obs! Flytt ikke rundt p\u00e5 kurven n\u00e5r barnet ligger i den og forlat aldri ditt barn i kurven uten oppsyn!<\/u><\/p>\n","protected":false},"excerpt":{"rendered":"<p>En fin vevd moseskurv i n\u00f8ytrale farger fra Jollein. Fungerer perfekt for det lille barnet n\u00e5r det er tid for s\u00f8vn. &nbsp; Kurven kommer i et sett med en tilpasset madras med fint vaskbart overtrekk og en stilig oppbevaringspose som kan brukes til annet. Kurven har to praktiske h\u00e5ndtak. M\u00e5l: 76 x 40 x 22 [&hellip;]<\/p>\n","protected":false},"featured_media":41401,"comment_status":"closed","ping_status":"open","template":"","meta":{"_acf_changed":false},"product_brand":[810],"product_cat":[639,811],"product_tag":[],"class_list":{"0":"post-41399","1":"product","2":"type-product","3":"status-publish","4":"has-post-thumbnail","6":"product_brand-jollein","7":"product_cat-babykurv","8":"product_cat-jollein","10":"first","11":"instock","12":"taxable","13":"shipping-taxable","14":"purchasable","15":"product-type-simple"},"acf":[],"yoast_head":"<!-- This site is optimized with the Yoast SEO Premium plugin v25.8 (Yoast SEO v27.2) - https:\/\/yoast.com\/product\/yoast-seo-premium-wordpress\/ -->\n<title>Jollein, Moseskurv med madras og overtrekk - Babylove Norska<\/title>\n<meta name=\"robots\" content=\"noindex, follow, max-snippet:-1, max-image-preview:large, max-video-preview:-1\" \/>\n<meta property=\"og:locale\" content=\"nb_NO\" \/>\n<meta property=\"og:type\" content=\"article\" \/>\n<meta property=\"og:title\" content=\"Jollein, Moseskurv med madras og overtrekk\" \/>\n<meta property=\"og:description\" content=\"En fin vevd moseskurv i n\u00f8ytrale farger fra Jollein. Fungerer perfekt for det lille barnet n\u00e5r det er tid for s\u00f8vn. &nbsp; Kurven kommer i et sett med en tilpasset madras med fint vaskbart overtrekk og en stilig oppbevaringspose som kan brukes til annet. Kurven har to praktiske h\u00e5ndtak. M\u00e5l: 76 x 40 x 22 [&hellip;]\" \/>\n<meta property=\"og:url\" content=\"https:\/\/babylove.se\/no\/produkt\/jollein-moseskurv-med-madras-og-overtrekk\/\" \/>\n<meta property=\"og:site_name\" content=\"Babylove Norska\" \/>\n<meta property=\"article:modified_time\" content=\"2026-04-08T11:43:40+00:00\" \/>\n<meta property=\"og:image\" content=\"https:\/\/babylove.se\/no\/wp-content\/uploads\/sites\/3\/2025\/07\/630f509e19396.jpeg\" \/>\n\t<meta property=\"og:image:width\" content=\"600\" \/>\n\t<meta property=\"og:image:height\" content=\"415\" \/>\n\t<meta property=\"og:image:type\" content=\"image\/jpeg\" \/>\n<meta name=\"twitter:card\" content=\"summary_large_image\" \/>\n<meta name=\"twitter:label1\" content=\"Price\" \/>\n\t<meta name=\"twitter:data1\" content=\"1 199,00&nbsp;&#107;&#114;\" \/>\n\t<meta name=\"twitter:label2\" content=\"Availability\" \/>\n\t<meta name=\"twitter:data2\" content=\"In stock\" \/>\n<script type=\"application\/ld+json\" class=\"yoast-schema-graph\">{\"@context\":\"https:\/\/schema.org\",\"@graph\":[{\"@type\":\"WebPage\",\"@id\":\"https:\/\/babylove.se\/no\/produkt\/jollein-moseskurv-med-madras-og-overtrekk\/\",\"url\":\"https:\/\/babylove.se\/no\/produkt\/jollein-moseskurv-med-madras-og-overtrekk\/\",\"name\":\"Jollein, Moseskurv med madras og overtrekk - Babylove Norska\",\"isPartOf\":{\"@id\":\"https:\/\/babylove.se\/no\/#website\"},\"primaryImageOfPage\":{\"@id\":\"https:\/\/babylove.se\/no\/produkt\/jollein-moseskurv-med-madras-og-overtrekk\/#primaryimage\"},\"image\":{\"@id\":\"https:\/\/babylove.se\/no\/produkt\/jollein-moseskurv-med-madras-og-overtrekk\/#primaryimage\"},\"thumbnailUrl\":\"https:\/\/babylove.se\/no\/wp-content\/uploads\/sites\/3\/2025\/07\/630f509e19396.jpeg\",\"datePublished\":\"2025-07-19T01:43:37+00:00\",\"dateModified\":\"2026-04-08T11:43:40+00:00\",\"breadcrumb\":{\"@id\":\"https:\/\/babylove.se\/no\/produkt\/jollein-moseskurv-med-madras-og-overtrekk\/#breadcrumb\"},\"inLanguage\":\"nb-NO\",\"potentialAction\":[{\"@type\":\"ReadAction\",\"target\":[\"https:\/\/babylove.se\/no\/produkt\/jollein-moseskurv-med-madras-og-overtrekk\/\"]}]},{\"@type\":\"ImageObject\",\"inLanguage\":\"nb-NO\",\"@id\":\"https:\/\/babylove.se\/no\/produkt\/jollein-moseskurv-med-madras-og-overtrekk\/#primaryimage\",\"url\":\"https:\/\/babylove.se\/no\/wp-content\/uploads\/sites\/3\/2025\/07\/630f509e19396.jpeg\",\"contentUrl\":\"https:\/\/babylove.se\/no\/wp-content\/uploads\/sites\/3\/2025\/07\/630f509e19396.jpeg\",\"width\":600,\"height\":415},{\"@type\":\"BreadcrumbList\",\"@id\":\"https:\/\/babylove.se\/no\/produkt\/jollein-moseskurv-med-madras-og-overtrekk\/#breadcrumb\",\"itemListElement\":[{\"@type\":\"ListItem\",\"position\":1,\"name\":\"Hem\",\"item\":\"https:\/\/babylove.se\/no\/\"},{\"@type\":\"ListItem\",\"position\":2,\"name\":\"Butik\",\"item\":\"https:\/\/babylove.se\/no\/butik\/\"},{\"@type\":\"ListItem\",\"position\":3,\"name\":\"Jollein, Moseskurv med madras og overtrekk\"}]},{\"@type\":\"WebSite\",\"@id\":\"https:\/\/babylove.se\/no\/#website\",\"url\":\"https:\/\/babylove.se\/no\/\",\"name\":\"Babylove Norska\",\"description\":\"\",\"potentialAction\":[{\"@type\":\"SearchAction\",\"target\":{\"@type\":\"EntryPoint\",\"urlTemplate\":\"https:\/\/babylove.se\/no\/?s={search_term_string}\"},\"query-input\":{\"@type\":\"PropertyValueSpecification\",\"valueRequired\":true,\"valueName\":\"search_term_string\"}}],\"inLanguage\":\"nb-NO\"}]}<\/script>\n<meta property=\"product:brand\" content=\"Jollein\" \/>\n<meta property=\"product:price:amount\" content=\"1199.00\" \/>\n<meta property=\"product:price:currency\" content=\"SEK\" \/>\n<meta property=\"og:availability\" content=\"instock\" \/>\n<meta property=\"product:availability\" content=\"instock\" \/>\n<meta property=\"product:retailer_item_id\" content=\"090-001-00104\" \/>\n<meta property=\"product:condition\" content=\"new\" \/>\n<!-- \/ Yoast SEO Premium plugin. -->","yoast_head_json":{"title":"Jollein, Moseskurv med madras og overtrekk - Babylove Norska","robots":{"index":"noindex","follow":"follow","max-snippet":"max-snippet:-1","max-image-preview":"max-image-preview:large","max-video-preview":"max-video-preview:-1"},"og_locale":"nb_NO","og_type":"article","og_title":"Jollein, Moseskurv med madras og overtrekk","og_description":"En fin vevd moseskurv i n\u00f8ytrale farger fra Jollein. Fungerer perfekt for det lille barnet n\u00e5r det er tid for s\u00f8vn. &nbsp; Kurven kommer i et sett med en tilpasset madras med fint vaskbart overtrekk og en stilig oppbevaringspose som kan brukes til annet. Kurven har to praktiske h\u00e5ndtak. M\u00e5l: 76 x 40 x 22 [&hellip;]","og_url":"https:\/\/babylove.se\/no\/produkt\/jollein-moseskurv-med-madras-og-overtrekk\/","og_site_name":"Babylove Norska","article_modified_time":"2026-04-08T11:43:40+00:00","og_image":[{"width":600,"height":415,"url":"https:\/\/babylove.se\/no\/wp-content\/uploads\/sites\/3\/2025\/07\/630f509e19396.jpeg","type":"image\/jpeg"}],"twitter_card":"summary_large_image","twitter_misc":{"Price":"1 199,00&nbsp;&#107;&#114;","Availability":"In stock"},"schema":{"@context":"https:\/\/schema.org","@graph":[{"@type":"WebPage","@id":"https:\/\/babylove.se\/no\/produkt\/jollein-moseskurv-med-madras-og-overtrekk\/","url":"https:\/\/babylove.se\/no\/produkt\/jollein-moseskurv-med-madras-og-overtrekk\/","name":"Jollein, Moseskurv med madras og overtrekk - Babylove Norska","isPartOf":{"@id":"https:\/\/babylove.se\/no\/#website"},"primaryImageOfPage":{"@id":"https:\/\/babylove.se\/no\/produkt\/jollein-moseskurv-med-madras-og-overtrekk\/#primaryimage"},"image":{"@id":"https:\/\/babylove.se\/no\/produkt\/jollein-moseskurv-med-madras-og-overtrekk\/#primaryimage"},"thumbnailUrl":"https:\/\/babylove.se\/no\/wp-content\/uploads\/sites\/3\/2025\/07\/630f509e19396.jpeg","datePublished":"2025-07-19T01:43:37+00:00","dateModified":"2026-04-08T11:43:40+00:00","breadcrumb":{"@id":"https:\/\/babylove.se\/no\/produkt\/jollein-moseskurv-med-madras-og-overtrekk\/#breadcrumb"},"inLanguage":"nb-NO","potentialAction":[{"@type":"ReadAction","target":["https:\/\/babylove.se\/no\/produkt\/jollein-moseskurv-med-madras-og-overtrekk\/"]}]},{"@type":"ImageObject","inLanguage":"nb-NO","@id":"https:\/\/babylove.se\/no\/produkt\/jollein-moseskurv-med-madras-og-overtrekk\/#primaryimage","url":"https:\/\/babylove.se\/no\/wp-content\/uploads\/sites\/3\/2025\/07\/630f509e19396.jpeg","contentUrl":"https:\/\/babylove.se\/no\/wp-content\/uploads\/sites\/3\/2025\/07\/630f509e19396.jpeg","width":600,"height":415},{"@type":"BreadcrumbList","@id":"https:\/\/babylove.se\/no\/produkt\/jollein-moseskurv-med-madras-og-overtrekk\/#breadcrumb","itemListElement":[{"@type":"ListItem","position":1,"name":"Hem","item":"https:\/\/babylove.se\/no\/"},{"@type":"ListItem","position":2,"name":"Butik","item":"https:\/\/babylove.se\/no\/butik\/"},{"@type":"ListItem","position":3,"name":"Jollein, Moseskurv med madras og overtrekk"}]},{"@type":"WebSite","@id":"https:\/\/babylove.se\/no\/#website","url":"https:\/\/babylove.se\/no\/","name":"Babylove Norska","description":"","potentialAction":[{"@type":"SearchAction","target":{"@type":"EntryPoint","urlTemplate":"https:\/\/babylove.se\/no\/?s={search_term_string}"},"query-input":{"@type":"PropertyValueSpecification","valueRequired":true,"valueName":"search_term_string"}}],"inLanguage":"nb-NO"}]},"product_brand":"Jollein","product_price_amount":"1199.00","product_price_currency":"SEK","og_availability":"instock","product_availability":"instock","product_retailer_item_id":"090-001-00104","product_condition":"new"},"_links":{"self":[{"href":"https:\/\/babylove.se\/no\/wp-json\/wp\/v2\/product\/41399","targetHints":{"allow":["GET"]}}],"collection":[{"href":"https:\/\/babylove.se\/no\/wp-json\/wp\/v2\/product"}],"about":[{"href":"https:\/\/babylove.se\/no\/wp-json\/wp\/v2\/types\/product"}],"replies":[{"embeddable":true,"href":"https:\/\/babylove.se\/no\/wp-json\/wp\/v2\/comments?post=41399"}],"wp:featuredmedia":[{"embeddable":true,"href":"https:\/\/babylove.se\/no\/wp-json\/wp\/v2\/media\/41401"}],"wp:attachment":[{"href":"https:\/\/babylove.se\/no\/wp-json\/wp\/v2\/media?parent=41399"}],"wp:term":[{"taxonomy":"product_brand","embeddable":true,"href":"https:\/\/babylove.se\/no\/wp-json\/wp\/v2\/product_brand?post=41399"},{"taxonomy":"product_cat","embeddable":true,"href":"https:\/\/babylove.se\/no\/wp-json\/wp\/v2\/product_cat?post=41399"},{"taxonomy":"product_tag","embeddable":true,"href":"https:\/\/babylove.se\/no\/wp-json\/wp\/v2\/product_tag?post=41399"}],"curies":[{"name":"wp","href":"https:\/\/api.w.org\/{rel}","templated":true}]}}