{"id":41462,"date":"2025-07-19T02:44:06","date_gmt":"2025-07-19T01:44:06","guid":{"rendered":"https:\/\/babylove.se\/produkt\/liewood-jimbo-stor-nattlampa-rabbit-faune-green\/"},"modified":"2026-04-08T12:44:12","modified_gmt":"2026-04-08T11:44:12","slug":"liewood-jimbo-stor-nattlampe-rabbit-faune-green","status":"publish","type":"product","link":"https:\/\/babylove.se\/no\/produkt\/liewood-jimbo-stor-nattlampe-rabbit-faune-green\/","title":{"rendered":"Liewood, Jimbo stor nattlampe, Rabbit faune green"},"content":{"rendered":"<p>Stor og s\u00f8t nattlampe til barnerommet fra danske Liewood. <\/p>\n<p>Lampen er laget av silikon og er oppladbar, kabel f\u00f8lger med. Nattlampen verdsettes ogs\u00e5 for sitt design, da den er vakker \u00e5 se p\u00e5 selv n\u00e5r den ikke lyser. <\/p>\n<p><strong>M\u00e5l<\/strong>: H\u00f8yde 32 cm. Diameter ca 20 cm. <\/p>\n<p>CE-merket. <\/p>\n<p>Designer: <a href=\"https:\/\/babylove.se\/varumarken\/liewood\">Liewood<\/a><\/p>\n","protected":false},"excerpt":{"rendered":"<p>Stor og s\u00f8t nattlampe til barnerommet fra danske Liewood. Lampen er laget av silikon og er oppladbar, kabel f\u00f8lger med. Nattlampen verdsettes ogs\u00e5 for sitt design, da den er vakker \u00e5 se p\u00e5 selv n\u00e5r den ikke lyser. M\u00e5l: H\u00f8yde 32 cm. Diameter ca 20 cm. CE-merket. Designer: Liewood<\/p>\n","protected":false},"featured_media":41464,"comment_status":"closed","ping_status":"closed","template":"","meta":{"_acf_changed":false},"product_brand":[282],"product_cat":[90,31,283,179],"product_tag":[],"class_list":{"0":"post-41462","1":"product","2":"type-product","3":"status-publish","4":"has-post-thumbnail","6":"product_brand-liewood","7":"product_cat-dyr","8":"product_cat-lamper","9":"product_cat-liewood","10":"product_cat-nattlamper","12":"first","13":"outofstock","14":"taxable","15":"shipping-taxable","16":"purchasable","17":"product-type-simple"},"acf":[],"yoast_head":"<!-- This site is optimized with the Yoast SEO Premium plugin v25.8 (Yoast SEO v27.2) - https:\/\/yoast.com\/product\/yoast-seo-premium-wordpress\/ -->\n<title>Liewood, Jimbo stor nattlampe, Rabbit faune green - Babylove Norska<\/title>\n<meta name=\"robots\" content=\"noindex, follow, max-snippet:-1, max-image-preview:large, max-video-preview:-1\" \/>\n<meta property=\"og:locale\" content=\"nb_NO\" \/>\n<meta property=\"og:type\" content=\"article\" \/>\n<meta property=\"og:title\" content=\"Liewood, Jimbo stor nattlampe, Rabbit faune green\" \/>\n<meta property=\"og:description\" content=\"Stor og s\u00f8t nattlampe til barnerommet fra danske Liewood. Lampen er laget av silikon og er oppladbar, kabel f\u00f8lger med. Nattlampen verdsettes ogs\u00e5 for sitt design, da den er vakker \u00e5 se p\u00e5 selv n\u00e5r den ikke lyser. M\u00e5l: H\u00f8yde 32 cm. Diameter ca 20 cm. CE-merket. Designer: Liewood\" \/>\n<meta property=\"og:url\" content=\"https:\/\/babylove.se\/no\/produkt\/liewood-jimbo-stor-nattlampe-rabbit-faune-green\/\" \/>\n<meta property=\"og:site_name\" content=\"Babylove Norska\" \/>\n<meta property=\"article:modified_time\" content=\"2026-04-08T11:44:12+00:00\" \/>\n<meta property=\"og:image\" content=\"https:\/\/babylove.se\/no\/wp-content\/uploads\/sites\/3\/2025\/07\/630f60bdbd3dc.jpeg\" \/>\n\t<meta property=\"og:image:width\" content=\"682\" \/>\n\t<meta property=\"og:image:height\" content=\"1182\" \/>\n\t<meta property=\"og:image:type\" content=\"image\/jpeg\" \/>\n<meta name=\"twitter:card\" content=\"summary_large_image\" \/>\n<meta name=\"twitter:label1\" content=\"Price\" \/>\n\t<meta name=\"twitter:data1\" content=\"999,00&nbsp;&#107;&#114;\" \/>\n\t<meta name=\"twitter:label2\" content=\"Availability\" \/>\n\t<meta name=\"twitter:data2\" content=\"Out of stock\" \/>\n<script type=\"application\/ld+json\" class=\"yoast-schema-graph\">{\"@context\":\"https:\/\/schema.org\",\"@graph\":[{\"@type\":\"WebPage\",\"@id\":\"https:\/\/babylove.se\/no\/produkt\/liewood-jimbo-stor-nattlampe-rabbit-faune-green\/\",\"url\":\"https:\/\/babylove.se\/no\/produkt\/liewood-jimbo-stor-nattlampe-rabbit-faune-green\/\",\"name\":\"Liewood, Jimbo stor nattlampe, Rabbit faune green - Babylove Norska\",\"isPartOf\":{\"@id\":\"https:\/\/babylove.se\/no\/#website\"},\"primaryImageOfPage\":{\"@id\":\"https:\/\/babylove.se\/no\/produkt\/liewood-jimbo-stor-nattlampe-rabbit-faune-green\/#primaryimage\"},\"image\":{\"@id\":\"https:\/\/babylove.se\/no\/produkt\/liewood-jimbo-stor-nattlampe-rabbit-faune-green\/#primaryimage\"},\"thumbnailUrl\":\"https:\/\/babylove.se\/no\/wp-content\/uploads\/sites\/3\/2025\/07\/630f60bdbd3dc.jpeg\",\"datePublished\":\"2025-07-19T01:44:06+00:00\",\"dateModified\":\"2026-04-08T11:44:12+00:00\",\"breadcrumb\":{\"@id\":\"https:\/\/babylove.se\/no\/produkt\/liewood-jimbo-stor-nattlampe-rabbit-faune-green\/#breadcrumb\"},\"inLanguage\":\"nb-NO\",\"potentialAction\":[{\"@type\":\"ReadAction\",\"target\":[\"https:\/\/babylove.se\/no\/produkt\/liewood-jimbo-stor-nattlampe-rabbit-faune-green\/\"]}]},{\"@type\":\"ImageObject\",\"inLanguage\":\"nb-NO\",\"@id\":\"https:\/\/babylove.se\/no\/produkt\/liewood-jimbo-stor-nattlampe-rabbit-faune-green\/#primaryimage\",\"url\":\"https:\/\/babylove.se\/no\/wp-content\/uploads\/sites\/3\/2025\/07\/630f60bdbd3dc.jpeg\",\"contentUrl\":\"https:\/\/babylove.se\/no\/wp-content\/uploads\/sites\/3\/2025\/07\/630f60bdbd3dc.jpeg\",\"width\":682,\"height\":1182},{\"@type\":\"BreadcrumbList\",\"@id\":\"https:\/\/babylove.se\/no\/produkt\/liewood-jimbo-stor-nattlampe-rabbit-faune-green\/#breadcrumb\",\"itemListElement\":[{\"@type\":\"ListItem\",\"position\":1,\"name\":\"Hem\",\"item\":\"https:\/\/babylove.se\/no\/\"},{\"@type\":\"ListItem\",\"position\":2,\"name\":\"Butik\",\"item\":\"https:\/\/babylove.se\/no\/butik\/\"},{\"@type\":\"ListItem\",\"position\":3,\"name\":\"Liewood, Jimbo stor nattlampe, Rabbit faune green\"}]},{\"@type\":\"WebSite\",\"@id\":\"https:\/\/babylove.se\/no\/#website\",\"url\":\"https:\/\/babylove.se\/no\/\",\"name\":\"Babylove Norska\",\"description\":\"\",\"potentialAction\":[{\"@type\":\"SearchAction\",\"target\":{\"@type\":\"EntryPoint\",\"urlTemplate\":\"https:\/\/babylove.se\/no\/?s={search_term_string}\"},\"query-input\":{\"@type\":\"PropertyValueSpecification\",\"valueRequired\":true,\"valueName\":\"search_term_string\"}}],\"inLanguage\":\"nb-NO\"}]}<\/script>\n<meta property=\"product:brand\" content=\"Liewood\" \/>\n<meta property=\"product:price:amount\" content=\"999.00\" \/>\n<meta property=\"product:price:currency\" content=\"SEK\" \/>\n<meta property=\"og:availability\" content=\"out of stock\" \/>\n<meta property=\"product:availability\" content=\"out of stock\" \/>\n<meta property=\"product:retailer_item_id\" content=\"LW150527301\" \/>\n<meta property=\"product:condition\" content=\"new\" \/>\n<!-- \/ Yoast SEO Premium plugin. -->","yoast_head_json":{"title":"Liewood, Jimbo stor nattlampe, Rabbit faune green - Babylove Norska","robots":{"index":"noindex","follow":"follow","max-snippet":"max-snippet:-1","max-image-preview":"max-image-preview:large","max-video-preview":"max-video-preview:-1"},"og_locale":"nb_NO","og_type":"article","og_title":"Liewood, Jimbo stor nattlampe, Rabbit faune green","og_description":"Stor og s\u00f8t nattlampe til barnerommet fra danske Liewood. Lampen er laget av silikon og er oppladbar, kabel f\u00f8lger med. Nattlampen verdsettes ogs\u00e5 for sitt design, da den er vakker \u00e5 se p\u00e5 selv n\u00e5r den ikke lyser. M\u00e5l: H\u00f8yde 32 cm. Diameter ca 20 cm. CE-merket. Designer: Liewood","og_url":"https:\/\/babylove.se\/no\/produkt\/liewood-jimbo-stor-nattlampe-rabbit-faune-green\/","og_site_name":"Babylove Norska","article_modified_time":"2026-04-08T11:44:12+00:00","og_image":[{"width":682,"height":1182,"url":"https:\/\/babylove.se\/no\/wp-content\/uploads\/sites\/3\/2025\/07\/630f60bdbd3dc.jpeg","type":"image\/jpeg"}],"twitter_card":"summary_large_image","twitter_misc":{"Price":"999,00&nbsp;&#107;&#114;","Availability":"Out of stock"},"schema":{"@context":"https:\/\/schema.org","@graph":[{"@type":"WebPage","@id":"https:\/\/babylove.se\/no\/produkt\/liewood-jimbo-stor-nattlampe-rabbit-faune-green\/","url":"https:\/\/babylove.se\/no\/produkt\/liewood-jimbo-stor-nattlampe-rabbit-faune-green\/","name":"Liewood, Jimbo stor nattlampe, Rabbit faune green - Babylove Norska","isPartOf":{"@id":"https:\/\/babylove.se\/no\/#website"},"primaryImageOfPage":{"@id":"https:\/\/babylove.se\/no\/produkt\/liewood-jimbo-stor-nattlampe-rabbit-faune-green\/#primaryimage"},"image":{"@id":"https:\/\/babylove.se\/no\/produkt\/liewood-jimbo-stor-nattlampe-rabbit-faune-green\/#primaryimage"},"thumbnailUrl":"https:\/\/babylove.se\/no\/wp-content\/uploads\/sites\/3\/2025\/07\/630f60bdbd3dc.jpeg","datePublished":"2025-07-19T01:44:06+00:00","dateModified":"2026-04-08T11:44:12+00:00","breadcrumb":{"@id":"https:\/\/babylove.se\/no\/produkt\/liewood-jimbo-stor-nattlampe-rabbit-faune-green\/#breadcrumb"},"inLanguage":"nb-NO","potentialAction":[{"@type":"ReadAction","target":["https:\/\/babylove.se\/no\/produkt\/liewood-jimbo-stor-nattlampe-rabbit-faune-green\/"]}]},{"@type":"ImageObject","inLanguage":"nb-NO","@id":"https:\/\/babylove.se\/no\/produkt\/liewood-jimbo-stor-nattlampe-rabbit-faune-green\/#primaryimage","url":"https:\/\/babylove.se\/no\/wp-content\/uploads\/sites\/3\/2025\/07\/630f60bdbd3dc.jpeg","contentUrl":"https:\/\/babylove.se\/no\/wp-content\/uploads\/sites\/3\/2025\/07\/630f60bdbd3dc.jpeg","width":682,"height":1182},{"@type":"BreadcrumbList","@id":"https:\/\/babylove.se\/no\/produkt\/liewood-jimbo-stor-nattlampe-rabbit-faune-green\/#breadcrumb","itemListElement":[{"@type":"ListItem","position":1,"name":"Hem","item":"https:\/\/babylove.se\/no\/"},{"@type":"ListItem","position":2,"name":"Butik","item":"https:\/\/babylove.se\/no\/butik\/"},{"@type":"ListItem","position":3,"name":"Liewood, Jimbo stor nattlampe, Rabbit faune green"}]},{"@type":"WebSite","@id":"https:\/\/babylove.se\/no\/#website","url":"https:\/\/babylove.se\/no\/","name":"Babylove Norska","description":"","potentialAction":[{"@type":"SearchAction","target":{"@type":"EntryPoint","urlTemplate":"https:\/\/babylove.se\/no\/?s={search_term_string}"},"query-input":{"@type":"PropertyValueSpecification","valueRequired":true,"valueName":"search_term_string"}}],"inLanguage":"nb-NO"}]},"product_brand":"Liewood","product_price_amount":"999.00","product_price_currency":"SEK","og_availability":"out of stock","product_availability":"out of stock","product_retailer_item_id":"LW150527301","product_condition":"new"},"_links":{"self":[{"href":"https:\/\/babylove.se\/no\/wp-json\/wp\/v2\/product\/41462","targetHints":{"allow":["GET"]}}],"collection":[{"href":"https:\/\/babylove.se\/no\/wp-json\/wp\/v2\/product"}],"about":[{"href":"https:\/\/babylove.se\/no\/wp-json\/wp\/v2\/types\/product"}],"replies":[{"embeddable":true,"href":"https:\/\/babylove.se\/no\/wp-json\/wp\/v2\/comments?post=41462"}],"wp:featuredmedia":[{"embeddable":true,"href":"https:\/\/babylove.se\/no\/wp-json\/wp\/v2\/media\/41464"}],"wp:attachment":[{"href":"https:\/\/babylove.se\/no\/wp-json\/wp\/v2\/media?parent=41462"}],"wp:term":[{"taxonomy":"product_brand","embeddable":true,"href":"https:\/\/babylove.se\/no\/wp-json\/wp\/v2\/product_brand?post=41462"},{"taxonomy":"product_cat","embeddable":true,"href":"https:\/\/babylove.se\/no\/wp-json\/wp\/v2\/product_cat?post=41462"},{"taxonomy":"product_tag","embeddable":true,"href":"https:\/\/babylove.se\/no\/wp-json\/wp\/v2\/product_tag?post=41462"}],"curies":[{"name":"wp","href":"https:\/\/api.w.org\/{rel}","templated":true}]}}