{"id":415,"date":"2025-07-18T19:54:56","date_gmt":"2025-07-18T18:54:56","guid":{"rendered":"https:\/\/babylove.se\/produkt\/kopi-sanglampa-white-dots\/"},"modified":"2026-04-08T07:33:35","modified_gmt":"2026-04-08T06:33:35","slug":"kopi-sanglampa-white-dots","status":"publish","type":"product","link":"https:\/\/babylove.se\/no\/produkt\/kopi-sanglampa-white-dots\/","title":{"rendered":"Senglampe white dots"},"content":{"rendered":"<p>Disse unike <strong>senglamper&nbsp;<\/strong>er ideelle for <strong>barnerommet&nbsp;<\/strong>som et supplement til \u00f8vrig <strong>belysning&nbsp;<\/strong>og vil gi <strong>barnerommet&nbsp;<\/strong>b\u00e5de varme og hjemmekos.<\/p>\n<p><strong>Senglampen&nbsp;<\/strong>er laget av b\u00f8ketre og tekstilet p\u00e5 <strong>lampeskjermen<\/strong> er laget av 100 % bomull.<\/p>\n<p><strong>Lampen&nbsp;<\/strong>fungerer utmerket sammen med andre produkter fra Pink Stars, Mint Stars, Grey Stars og Chevron Mint collection.<\/p>\n<p><strong>M\u00e5l:<\/strong> Lampeskjerm diameter 13 cm, h\u00f8yde 29 cm. Totalt er hele <strong>lampens&nbsp;<\/strong>h\u00f8yde 32cm.<\/p>\n<p><span style=\"font-size: 11px;\">Designer:Lamps and Co<\/span><\/p>\n","protected":false},"excerpt":{"rendered":"<p>Disse unike senglamper&nbsp;er ideelle for barnerommet&nbsp;som et supplement til \u00f8vrig belysning&nbsp;og vil gi barnerommet&nbsp;b\u00e5de varme og hjemmekos. Senglampen&nbsp;er laget av b\u00f8ketre og tekstilet p\u00e5 lampeskjermen er laget av 100 % bomull. Lampen&nbsp;fungerer utmerket sammen med andre produkter fra Pink Stars, Mint Stars, Grey Stars og Chevron Mint collection. M\u00e5l: Lampeskjerm diameter 13 cm, h\u00f8yde 29 [&hellip;]<\/p>\n","protected":false},"featured_media":417,"comment_status":"closed","ping_status":"open","template":"","meta":{"_acf_changed":false},"product_brand":[30],"product_cat":[34,35],"product_tag":[1689],"class_list":{"0":"post-415","1":"product","2":"type-product","3":"status-publish","4":"has-post-thumbnail","6":"product_brand-lamps-co","7":"product_cat-lamps-and-co","8":"product_cat-sengelamper","9":"product_tag-bestillingsvaror","11":"first","12":"instock","13":"taxable","14":"shipping-taxable","15":"purchasable","16":"product-type-simple"},"acf":[],"yoast_head":"<!-- This site is optimized with the Yoast SEO Premium plugin v25.8 (Yoast SEO v27.2) - https:\/\/yoast.com\/product\/yoast-seo-premium-wordpress\/ -->\n<title>Senglampe white dots - Babylove Norska<\/title>\n<meta name=\"robots\" content=\"noindex, follow, max-snippet:-1, max-image-preview:large, max-video-preview:-1\" \/>\n<meta property=\"og:locale\" content=\"nb_NO\" \/>\n<meta property=\"og:type\" content=\"article\" \/>\n<meta property=\"og:title\" content=\"Senglampe white dots\" \/>\n<meta property=\"og:description\" content=\"Disse unike senglamper&nbsp;er ideelle for barnerommet&nbsp;som et supplement til \u00f8vrig belysning&nbsp;og vil gi barnerommet&nbsp;b\u00e5de varme og hjemmekos. Senglampen&nbsp;er laget av b\u00f8ketre og tekstilet p\u00e5 lampeskjermen er laget av 100 % bomull. Lampen&nbsp;fungerer utmerket sammen med andre produkter fra Pink Stars, Mint Stars, Grey Stars og Chevron Mint collection. M\u00e5l: Lampeskjerm diameter 13 cm, h\u00f8yde 29 [&hellip;]\" \/>\n<meta property=\"og:url\" content=\"https:\/\/babylove.se\/no\/produkt\/kopi-sanglampa-white-dots\/\" \/>\n<meta property=\"og:site_name\" content=\"Babylove Norska\" \/>\n<meta property=\"article:modified_time\" content=\"2026-04-08T06:33:35+00:00\" \/>\n<meta property=\"og:image\" content=\"https:\/\/babylove.se\/no\/wp-content\/uploads\/sites\/3\/2025\/07\/57330c0246ba3.jpeg\" \/>\n\t<meta property=\"og:image:width\" content=\"577\" \/>\n\t<meta property=\"og:image:height\" content=\"750\" \/>\n\t<meta property=\"og:image:type\" content=\"image\/jpeg\" \/>\n<meta name=\"twitter:card\" content=\"summary_large_image\" \/>\n<meta name=\"twitter:label1\" content=\"Price\" \/>\n\t<meta name=\"twitter:data1\" content=\"749,00&nbsp;&#107;&#114;\" \/>\n\t<meta name=\"twitter:label2\" content=\"Availability\" \/>\n\t<meta name=\"twitter:data2\" content=\"In stock\" \/>\n<script type=\"application\/ld+json\" class=\"yoast-schema-graph\">{\"@context\":\"https:\/\/schema.org\",\"@graph\":[{\"@type\":\"WebPage\",\"@id\":\"https:\/\/babylove.se\/no\/produkt\/kopi-sanglampa-white-dots\/\",\"url\":\"https:\/\/babylove.se\/no\/produkt\/kopi-sanglampa-white-dots\/\",\"name\":\"Senglampe white dots - Babylove Norska\",\"isPartOf\":{\"@id\":\"https:\/\/babylove.se\/no\/#website\"},\"primaryImageOfPage\":{\"@id\":\"https:\/\/babylove.se\/no\/produkt\/kopi-sanglampa-white-dots\/#primaryimage\"},\"image\":{\"@id\":\"https:\/\/babylove.se\/no\/produkt\/kopi-sanglampa-white-dots\/#primaryimage\"},\"thumbnailUrl\":\"https:\/\/babylove.se\/no\/wp-content\/uploads\/sites\/3\/2025\/07\/57330c0246ba3.jpeg\",\"datePublished\":\"2025-07-18T18:54:56+00:00\",\"dateModified\":\"2026-04-08T06:33:35+00:00\",\"breadcrumb\":{\"@id\":\"https:\/\/babylove.se\/no\/produkt\/kopi-sanglampa-white-dots\/#breadcrumb\"},\"inLanguage\":\"nb-NO\",\"potentialAction\":[{\"@type\":\"ReadAction\",\"target\":[\"https:\/\/babylove.se\/no\/produkt\/kopi-sanglampa-white-dots\/\"]}]},{\"@type\":\"ImageObject\",\"inLanguage\":\"nb-NO\",\"@id\":\"https:\/\/babylove.se\/no\/produkt\/kopi-sanglampa-white-dots\/#primaryimage\",\"url\":\"https:\/\/babylove.se\/no\/wp-content\/uploads\/sites\/3\/2025\/07\/57330c0246ba3.jpeg\",\"contentUrl\":\"https:\/\/babylove.se\/no\/wp-content\/uploads\/sites\/3\/2025\/07\/57330c0246ba3.jpeg\",\"width\":577,\"height\":750},{\"@type\":\"BreadcrumbList\",\"@id\":\"https:\/\/babylove.se\/no\/produkt\/kopi-sanglampa-white-dots\/#breadcrumb\",\"itemListElement\":[{\"@type\":\"ListItem\",\"position\":1,\"name\":\"Hem\",\"item\":\"https:\/\/babylove.se\/no\/\"},{\"@type\":\"ListItem\",\"position\":2,\"name\":\"Butik\",\"item\":\"https:\/\/babylove.se\/no\/butik\/\"},{\"@type\":\"ListItem\",\"position\":3,\"name\":\"Senglampe white dots\"}]},{\"@type\":\"WebSite\",\"@id\":\"https:\/\/babylove.se\/no\/#website\",\"url\":\"https:\/\/babylove.se\/no\/\",\"name\":\"Babylove Norska\",\"description\":\"\",\"potentialAction\":[{\"@type\":\"SearchAction\",\"target\":{\"@type\":\"EntryPoint\",\"urlTemplate\":\"https:\/\/babylove.se\/no\/?s={search_term_string}\"},\"query-input\":{\"@type\":\"PropertyValueSpecification\",\"valueRequired\":true,\"valueName\":\"search_term_string\"}}],\"inLanguage\":\"nb-NO\"}]}<\/script>\n<meta property=\"product:brand\" content=\"Lamps &amp; Co\" \/>\n<meta property=\"product:price:amount\" content=\"749.00\" \/>\n<meta property=\"product:price:currency\" content=\"SEK\" \/>\n<meta property=\"og:availability\" content=\"instock\" \/>\n<meta property=\"product:availability\" content=\"instock\" \/>\n<meta property=\"product:retailer_item_id\" content=\"LC0019\" \/>\n<meta property=\"product:condition\" content=\"new\" \/>\n<!-- \/ Yoast SEO Premium plugin. -->","yoast_head_json":{"title":"Senglampe white dots - Babylove Norska","robots":{"index":"noindex","follow":"follow","max-snippet":"max-snippet:-1","max-image-preview":"max-image-preview:large","max-video-preview":"max-video-preview:-1"},"og_locale":"nb_NO","og_type":"article","og_title":"Senglampe white dots","og_description":"Disse unike senglamper&nbsp;er ideelle for barnerommet&nbsp;som et supplement til \u00f8vrig belysning&nbsp;og vil gi barnerommet&nbsp;b\u00e5de varme og hjemmekos. Senglampen&nbsp;er laget av b\u00f8ketre og tekstilet p\u00e5 lampeskjermen er laget av 100 % bomull. Lampen&nbsp;fungerer utmerket sammen med andre produkter fra Pink Stars, Mint Stars, Grey Stars og Chevron Mint collection. M\u00e5l: Lampeskjerm diameter 13 cm, h\u00f8yde 29 [&hellip;]","og_url":"https:\/\/babylove.se\/no\/produkt\/kopi-sanglampa-white-dots\/","og_site_name":"Babylove Norska","article_modified_time":"2026-04-08T06:33:35+00:00","og_image":[{"width":577,"height":750,"url":"https:\/\/babylove.se\/no\/wp-content\/uploads\/sites\/3\/2025\/07\/57330c0246ba3.jpeg","type":"image\/jpeg"}],"twitter_card":"summary_large_image","twitter_misc":{"Price":"749,00&nbsp;&#107;&#114;","Availability":"In stock"},"schema":{"@context":"https:\/\/schema.org","@graph":[{"@type":"WebPage","@id":"https:\/\/babylove.se\/no\/produkt\/kopi-sanglampa-white-dots\/","url":"https:\/\/babylove.se\/no\/produkt\/kopi-sanglampa-white-dots\/","name":"Senglampe white dots - Babylove Norska","isPartOf":{"@id":"https:\/\/babylove.se\/no\/#website"},"primaryImageOfPage":{"@id":"https:\/\/babylove.se\/no\/produkt\/kopi-sanglampa-white-dots\/#primaryimage"},"image":{"@id":"https:\/\/babylove.se\/no\/produkt\/kopi-sanglampa-white-dots\/#primaryimage"},"thumbnailUrl":"https:\/\/babylove.se\/no\/wp-content\/uploads\/sites\/3\/2025\/07\/57330c0246ba3.jpeg","datePublished":"2025-07-18T18:54:56+00:00","dateModified":"2026-04-08T06:33:35+00:00","breadcrumb":{"@id":"https:\/\/babylove.se\/no\/produkt\/kopi-sanglampa-white-dots\/#breadcrumb"},"inLanguage":"nb-NO","potentialAction":[{"@type":"ReadAction","target":["https:\/\/babylove.se\/no\/produkt\/kopi-sanglampa-white-dots\/"]}]},{"@type":"ImageObject","inLanguage":"nb-NO","@id":"https:\/\/babylove.se\/no\/produkt\/kopi-sanglampa-white-dots\/#primaryimage","url":"https:\/\/babylove.se\/no\/wp-content\/uploads\/sites\/3\/2025\/07\/57330c0246ba3.jpeg","contentUrl":"https:\/\/babylove.se\/no\/wp-content\/uploads\/sites\/3\/2025\/07\/57330c0246ba3.jpeg","width":577,"height":750},{"@type":"BreadcrumbList","@id":"https:\/\/babylove.se\/no\/produkt\/kopi-sanglampa-white-dots\/#breadcrumb","itemListElement":[{"@type":"ListItem","position":1,"name":"Hem","item":"https:\/\/babylove.se\/no\/"},{"@type":"ListItem","position":2,"name":"Butik","item":"https:\/\/babylove.se\/no\/butik\/"},{"@type":"ListItem","position":3,"name":"Senglampe white dots"}]},{"@type":"WebSite","@id":"https:\/\/babylove.se\/no\/#website","url":"https:\/\/babylove.se\/no\/","name":"Babylove Norska","description":"","potentialAction":[{"@type":"SearchAction","target":{"@type":"EntryPoint","urlTemplate":"https:\/\/babylove.se\/no\/?s={search_term_string}"},"query-input":{"@type":"PropertyValueSpecification","valueRequired":true,"valueName":"search_term_string"}}],"inLanguage":"nb-NO"}]},"product_brand":"Lamps &amp; Co","product_price_amount":"749.00","product_price_currency":"SEK","og_availability":"instock","product_availability":"instock","product_retailer_item_id":"LC0019","product_condition":"new"},"_links":{"self":[{"href":"https:\/\/babylove.se\/no\/wp-json\/wp\/v2\/product\/415","targetHints":{"allow":["GET"]}}],"collection":[{"href":"https:\/\/babylove.se\/no\/wp-json\/wp\/v2\/product"}],"about":[{"href":"https:\/\/babylove.se\/no\/wp-json\/wp\/v2\/types\/product"}],"replies":[{"embeddable":true,"href":"https:\/\/babylove.se\/no\/wp-json\/wp\/v2\/comments?post=415"}],"wp:featuredmedia":[{"embeddable":true,"href":"https:\/\/babylove.se\/no\/wp-json\/wp\/v2\/media\/417"}],"wp:attachment":[{"href":"https:\/\/babylove.se\/no\/wp-json\/wp\/v2\/media?parent=415"}],"wp:term":[{"taxonomy":"product_brand","embeddable":true,"href":"https:\/\/babylove.se\/no\/wp-json\/wp\/v2\/product_brand?post=415"},{"taxonomy":"product_cat","embeddable":true,"href":"https:\/\/babylove.se\/no\/wp-json\/wp\/v2\/product_cat?post=415"},{"taxonomy":"product_tag","embeddable":true,"href":"https:\/\/babylove.se\/no\/wp-json\/wp\/v2\/product_tag?post=415"}],"curies":[{"name":"wp","href":"https:\/\/api.w.org\/{rel}","templated":true}]}}