{"id":41720,"date":"2025-07-19T02:51:27","date_gmt":"2025-07-19T01:51:27","guid":{"rendered":"https:\/\/babylove.se\/produkt\/personlig-vaggdekoration-namn\/"},"modified":"2026-04-08T12:44:38","modified_gmt":"2026-04-08T11:44:38","slug":"personlig-veggdekorasjon-navn","status":"publish","type":"product","link":"https:\/\/babylove.se\/no\/produkt\/personlig-veggdekorasjon-navn\/","title":{"rendered":"Personlig veggdekorasjon navn"},"content":{"rendered":"<p>En fin og personlig veggdekorasjon med valgfritt navn. Passer perfekt p\u00e5 barnerommet eller som en d\u00e5psdekorasjon.&nbsp;<\/p>\n<p><span>Produktet produseres i Sverige og h<\/span>enges enkelt opp med f.eks. hengemasse eller dobbeltsidig tape<\/p>\n<p><span><strong>M\u00e5l<\/strong>:&nbsp;<\/span>St\u00f8rrelse varierer avhengig av navnets lengde (alltid 28cm h\u00f8y eller 47cm bred).<\/p>\n<p><span><strong>Tykkelse<\/strong>: 3 mm.<\/span><\/p>\n<p><span><strong>Materiale<\/strong>: Bj\u00f8rkfiner, malt med barnesikker maling.<\/span><\/p>\n<p><span>Designer: Pyssl<\/span><\/p>\n<p><em>OBS! Kontroller stavem\u00e5te p\u00e5 \u00f8nsket navn!<\/em><\/p>\n","protected":false},"excerpt":{"rendered":"<p>En fin og personlig veggdekorasjon med valgfritt navn. Passer perfekt p\u00e5 barnerommet eller som en d\u00e5psdekorasjon.&nbsp; Produktet produseres i Sverige og henges enkelt opp med f.eks. hengemasse eller dobbeltsidig tape M\u00e5l:&nbsp;St\u00f8rrelse varierer avhengig av navnets lengde (alltid 28cm h\u00f8y eller 47cm bred). Tykkelse: 3 mm. Materiale: Bj\u00f8rkfiner, malt med barnesikker maling. Designer: Pyssl OBS! Kontroller [&hellip;]<\/p>\n","protected":false},"featured_media":41722,"comment_status":"closed","ping_status":"closed","template":"","meta":{"_acf_changed":false},"product_brand":[778],"product_cat":[75,74,779,29],"product_tag":[1689],"class_list":{"0":"post-41720","1":"product","2":"type-product","3":"status-publish","4":"has-post-thumbnail","6":"product_brand-varberg-laser","7":"product_cat-julklappar-med-gravering-broderi","8":"product_cat-personlige-dapsgaver","9":"product_cat-vl","10":"product_cat-veggdekorasjoner","11":"product_tag-bestillingsvaror","12":"pa_farg-aprikos","13":"pa_farg-aquamarine","14":"pa_farg-bla","15":"pa_farg-bla-mork","16":"pa_farg-brun-ljus","17":"pa_farg-brun-mork","18":"pa_farg-gammelrosa","19":"pa_farg-gra","20":"pa_farg-gra-ljus","21":"pa_farg-gra-mork","22":"pa_farg-gron-ljus","23":"pa_farg-gron-mork","24":"pa_farg-gul","25":"pa_farg-himmelsbla","26":"pa_farg-vit","27":"pa_farg-lila-ljus","28":"pa_farg-lila-mork","29":"pa_farg-naturell-poppel","30":"pa_farg-orange","31":"pa_farg-rod","32":"pa_farg-rosa","33":"pa_farg-rosa-ljus","34":"pa_farg-rosa-mork","35":"pa_farg-svart","36":"pa_farg-turkos","37":"pa_farg-vanilj","39":"first","40":"instock","41":"taxable","42":"shipping-taxable","43":"purchasable","44":"product-type-variable"},"acf":[],"yoast_head":"<!-- This site is optimized with the Yoast SEO Premium plugin v25.8 (Yoast SEO v27.2) - https:\/\/yoast.com\/product\/yoast-seo-premium-wordpress\/ -->\n<title>Personlig veggdekorasjon navn - Babylove Norska<\/title>\n<meta name=\"robots\" content=\"noindex, follow, max-snippet:-1, max-image-preview:large, max-video-preview:-1\" \/>\n<meta property=\"og:locale\" content=\"nb_NO\" \/>\n<meta property=\"og:type\" content=\"article\" \/>\n<meta property=\"og:title\" content=\"Personlig veggdekorasjon navn\" \/>\n<meta property=\"og:description\" content=\"En fin og personlig veggdekorasjon med valgfritt navn. Passer perfekt p\u00e5 barnerommet eller som en d\u00e5psdekorasjon.&nbsp; Produktet produseres i Sverige og henges enkelt opp med f.eks. hengemasse eller dobbeltsidig tape M\u00e5l:&nbsp;St\u00f8rrelse varierer avhengig av navnets lengde (alltid 28cm h\u00f8y eller 47cm bred). Tykkelse: 3 mm. Materiale: Bj\u00f8rkfiner, malt med barnesikker maling. Designer: Pyssl OBS! Kontroller [&hellip;]\" \/>\n<meta property=\"og:url\" content=\"https:\/\/babylove.se\/no\/produkt\/personlig-veggdekorasjon-navn\/\" \/>\n<meta property=\"og:site_name\" content=\"Babylove Norska\" \/>\n<meta property=\"article:modified_time\" content=\"2026-04-08T11:44:38+00:00\" \/>\n<meta property=\"og:image\" content=\"https:\/\/babylove.se\/no\/wp-content\/uploads\/sites\/3\/2025\/07\/6311b6b48be45.jpeg\" \/>\n\t<meta property=\"og:image:width\" content=\"412\" \/>\n\t<meta property=\"og:image:height\" content=\"412\" \/>\n\t<meta property=\"og:image:type\" content=\"image\/jpeg\" \/>\n<meta name=\"twitter:card\" content=\"summary_large_image\" \/>\n<meta name=\"twitter:label1\" content=\"Availability\" \/>\n\t<meta name=\"twitter:data1\" content=\"In stock\" \/>\n<script type=\"application\/ld+json\" class=\"yoast-schema-graph\">{\"@context\":\"https:\/\/schema.org\",\"@graph\":[{\"@type\":\"WebPage\",\"@id\":\"https:\/\/babylove.se\/no\/produkt\/personlig-veggdekorasjon-navn\/\",\"url\":\"https:\/\/babylove.se\/no\/produkt\/personlig-veggdekorasjon-navn\/\",\"name\":\"Personlig veggdekorasjon navn - Babylove Norska\",\"isPartOf\":{\"@id\":\"https:\/\/babylove.se\/no\/#website\"},\"primaryImageOfPage\":{\"@id\":\"https:\/\/babylove.se\/no\/produkt\/personlig-veggdekorasjon-navn\/#primaryimage\"},\"image\":{\"@id\":\"https:\/\/babylove.se\/no\/produkt\/personlig-veggdekorasjon-navn\/#primaryimage\"},\"thumbnailUrl\":\"https:\/\/babylove.se\/no\/wp-content\/uploads\/sites\/3\/2025\/07\/6311b6b48be45.jpeg\",\"datePublished\":\"2025-07-19T01:51:27+00:00\",\"dateModified\":\"2026-04-08T11:44:38+00:00\",\"breadcrumb\":{\"@id\":\"https:\/\/babylove.se\/no\/produkt\/personlig-veggdekorasjon-navn\/#breadcrumb\"},\"inLanguage\":\"nb-NO\",\"potentialAction\":[{\"@type\":\"ReadAction\",\"target\":[\"https:\/\/babylove.se\/no\/produkt\/personlig-veggdekorasjon-navn\/\"]}]},{\"@type\":\"ImageObject\",\"inLanguage\":\"nb-NO\",\"@id\":\"https:\/\/babylove.se\/no\/produkt\/personlig-veggdekorasjon-navn\/#primaryimage\",\"url\":\"https:\/\/babylove.se\/no\/wp-content\/uploads\/sites\/3\/2025\/07\/6311b6b48be45.jpeg\",\"contentUrl\":\"https:\/\/babylove.se\/no\/wp-content\/uploads\/sites\/3\/2025\/07\/6311b6b48be45.jpeg\",\"width\":412,\"height\":412},{\"@type\":\"BreadcrumbList\",\"@id\":\"https:\/\/babylove.se\/no\/produkt\/personlig-veggdekorasjon-navn\/#breadcrumb\",\"itemListElement\":[{\"@type\":\"ListItem\",\"position\":1,\"name\":\"Hem\",\"item\":\"https:\/\/babylove.se\/no\/\"},{\"@type\":\"ListItem\",\"position\":2,\"name\":\"Butik\",\"item\":\"https:\/\/babylove.se\/no\/butik\/\"},{\"@type\":\"ListItem\",\"position\":3,\"name\":\"Personlig veggdekorasjon navn\"}]},{\"@type\":\"WebSite\",\"@id\":\"https:\/\/babylove.se\/no\/#website\",\"url\":\"https:\/\/babylove.se\/no\/\",\"name\":\"Babylove Norska\",\"description\":\"\",\"potentialAction\":[{\"@type\":\"SearchAction\",\"target\":{\"@type\":\"EntryPoint\",\"urlTemplate\":\"https:\/\/babylove.se\/no\/?s={search_term_string}\"},\"query-input\":{\"@type\":\"PropertyValueSpecification\",\"valueRequired\":true,\"valueName\":\"search_term_string\"}}],\"inLanguage\":\"nb-NO\"}]}<\/script>\n<meta property=\"product:brand\" content=\"Varberg Laser\" \/>\n<meta property=\"og:availability\" content=\"instock\" \/>\n<meta property=\"product:availability\" content=\"instock\" \/>\n<meta property=\"product:retailer_item_id\" content=\"10166-R\u00f6d\" \/>\n<meta property=\"product:condition\" content=\"new\" \/>\n<!-- \/ Yoast SEO Premium plugin. -->","yoast_head_json":{"title":"Personlig veggdekorasjon navn - Babylove Norska","robots":{"index":"noindex","follow":"follow","max-snippet":"max-snippet:-1","max-image-preview":"max-image-preview:large","max-video-preview":"max-video-preview:-1"},"og_locale":"nb_NO","og_type":"article","og_title":"Personlig veggdekorasjon navn","og_description":"En fin og personlig veggdekorasjon med valgfritt navn. Passer perfekt p\u00e5 barnerommet eller som en d\u00e5psdekorasjon.&nbsp; Produktet produseres i Sverige og henges enkelt opp med f.eks. hengemasse eller dobbeltsidig tape M\u00e5l:&nbsp;St\u00f8rrelse varierer avhengig av navnets lengde (alltid 28cm h\u00f8y eller 47cm bred). Tykkelse: 3 mm. Materiale: Bj\u00f8rkfiner, malt med barnesikker maling. Designer: Pyssl OBS! Kontroller [&hellip;]","og_url":"https:\/\/babylove.se\/no\/produkt\/personlig-veggdekorasjon-navn\/","og_site_name":"Babylove Norska","article_modified_time":"2026-04-08T11:44:38+00:00","og_image":[{"width":412,"height":412,"url":"https:\/\/babylove.se\/no\/wp-content\/uploads\/sites\/3\/2025\/07\/6311b6b48be45.jpeg","type":"image\/jpeg"}],"twitter_card":"summary_large_image","twitter_misc":{"Availability":"In stock"},"schema":{"@context":"https:\/\/schema.org","@graph":[{"@type":"WebPage","@id":"https:\/\/babylove.se\/no\/produkt\/personlig-veggdekorasjon-navn\/","url":"https:\/\/babylove.se\/no\/produkt\/personlig-veggdekorasjon-navn\/","name":"Personlig veggdekorasjon navn - Babylove Norska","isPartOf":{"@id":"https:\/\/babylove.se\/no\/#website"},"primaryImageOfPage":{"@id":"https:\/\/babylove.se\/no\/produkt\/personlig-veggdekorasjon-navn\/#primaryimage"},"image":{"@id":"https:\/\/babylove.se\/no\/produkt\/personlig-veggdekorasjon-navn\/#primaryimage"},"thumbnailUrl":"https:\/\/babylove.se\/no\/wp-content\/uploads\/sites\/3\/2025\/07\/6311b6b48be45.jpeg","datePublished":"2025-07-19T01:51:27+00:00","dateModified":"2026-04-08T11:44:38+00:00","breadcrumb":{"@id":"https:\/\/babylove.se\/no\/produkt\/personlig-veggdekorasjon-navn\/#breadcrumb"},"inLanguage":"nb-NO","potentialAction":[{"@type":"ReadAction","target":["https:\/\/babylove.se\/no\/produkt\/personlig-veggdekorasjon-navn\/"]}]},{"@type":"ImageObject","inLanguage":"nb-NO","@id":"https:\/\/babylove.se\/no\/produkt\/personlig-veggdekorasjon-navn\/#primaryimage","url":"https:\/\/babylove.se\/no\/wp-content\/uploads\/sites\/3\/2025\/07\/6311b6b48be45.jpeg","contentUrl":"https:\/\/babylove.se\/no\/wp-content\/uploads\/sites\/3\/2025\/07\/6311b6b48be45.jpeg","width":412,"height":412},{"@type":"BreadcrumbList","@id":"https:\/\/babylove.se\/no\/produkt\/personlig-veggdekorasjon-navn\/#breadcrumb","itemListElement":[{"@type":"ListItem","position":1,"name":"Hem","item":"https:\/\/babylove.se\/no\/"},{"@type":"ListItem","position":2,"name":"Butik","item":"https:\/\/babylove.se\/no\/butik\/"},{"@type":"ListItem","position":3,"name":"Personlig veggdekorasjon navn"}]},{"@type":"WebSite","@id":"https:\/\/babylove.se\/no\/#website","url":"https:\/\/babylove.se\/no\/","name":"Babylove Norska","description":"","potentialAction":[{"@type":"SearchAction","target":{"@type":"EntryPoint","urlTemplate":"https:\/\/babylove.se\/no\/?s={search_term_string}"},"query-input":{"@type":"PropertyValueSpecification","valueRequired":true,"valueName":"search_term_string"}}],"inLanguage":"nb-NO"}]},"product_brand":"Varberg Laser","og_availability":"instock","product_availability":"instock","product_retailer_item_id":"10166-R\u00f6d","product_condition":"new"},"_links":{"self":[{"href":"https:\/\/babylove.se\/no\/wp-json\/wp\/v2\/product\/41720","targetHints":{"allow":["GET"]}}],"collection":[{"href":"https:\/\/babylove.se\/no\/wp-json\/wp\/v2\/product"}],"about":[{"href":"https:\/\/babylove.se\/no\/wp-json\/wp\/v2\/types\/product"}],"replies":[{"embeddable":true,"href":"https:\/\/babylove.se\/no\/wp-json\/wp\/v2\/comments?post=41720"}],"wp:featuredmedia":[{"embeddable":true,"href":"https:\/\/babylove.se\/no\/wp-json\/wp\/v2\/media\/41722"}],"wp:attachment":[{"href":"https:\/\/babylove.se\/no\/wp-json\/wp\/v2\/media?parent=41720"}],"wp:term":[{"taxonomy":"product_brand","embeddable":true,"href":"https:\/\/babylove.se\/no\/wp-json\/wp\/v2\/product_brand?post=41720"},{"taxonomy":"product_cat","embeddable":true,"href":"https:\/\/babylove.se\/no\/wp-json\/wp\/v2\/product_cat?post=41720"},{"taxonomy":"product_tag","embeddable":true,"href":"https:\/\/babylove.se\/no\/wp-json\/wp\/v2\/product_tag?post=41720"}],"curies":[{"name":"wp","href":"https:\/\/api.w.org\/{rel}","templated":true}]}}