{"id":4185,"date":"2025-07-18T20:20:41","date_gmt":"2025-07-18T19:20:41","guid":{"rendered":"https:\/\/babylove.se\/produkt\/haklapp-contour-bla-done-by-deer\/"},"modified":"2026-04-08T08:05:48","modified_gmt":"2026-04-08T07:05:48","slug":"haklapp-contour-bla-done-by-deer","status":"publish","type":"product","link":"https:\/\/babylove.se\/no\/produkt\/haklapp-contour-bla-done-by-deer\/","title":{"rendered":"Smekke Contour Gull\/Bl\u00e5, Done By Deer"},"content":{"rendered":"<p>En fantastisk fin og praktisk smekke fra danske Done By Deer som s\u00f8rger for alltid \u00e5 beskytte barnets kl\u00e6r ved m\u00e5ltider. Smekken er helt vanntett og gj\u00f8res enkelt ren med vann. Denne smekken er utstyrt med et borrel\u00e5sb\u00e5nd i nakken som s\u00f8rger for at den sitter trygt p\u00e5 plass. Selvf\u00f8lgelig med en praktisk \u00aboppfanger\u00bb i form av en lomme hvor det meste av barnets s\u00f8l havner.<\/p>\n<p>Produktet kan maskinvaskes p\u00e5 30 grader.<\/p>\n<p>\u00b7 M\u00e5l: 36 x 26 cm.<\/p>\n<p>Designer: <a href=\"https:\/\/babylove.se\/varumarken\/done-by-deer\"><u>Done By Deer<\/u><\/a><\/p>\n","protected":false},"excerpt":{"rendered":"<p>En fantastisk fin og praktisk smekke fra danske Done By Deer som s\u00f8rger for alltid \u00e5 beskytte barnets kl\u00e6r ved m\u00e5ltider. Smekken er helt vanntett og gj\u00f8res enkelt ren med vann. Denne smekken er utstyrt med et borrel\u00e5sb\u00e5nd i nakken som s\u00f8rger for at den sitter trygt p\u00e5 plass. Selvf\u00f8lgelig med en praktisk \u00aboppfanger\u00bb i [&hellip;]<\/p>\n","protected":false},"featured_media":4187,"comment_status":"closed","ping_status":"open","template":"","meta":{"_acf_changed":false},"product_brand":[54],"product_cat":[55,26,206],"product_tag":[1689],"class_list":{"0":"post-4185","1":"product","2":"type-product","3":"status-publish","4":"has-post-thumbnail","6":"product_brand-done-by-deer","7":"product_cat-done-by-deer","8":"product_cat-kjop-produkter-som-ikke-bare-er-for-gutter","9":"product_cat-smekker","10":"product_tag-bestillingsvaror","12":"first","13":"outofstock","14":"taxable","15":"shipping-taxable","16":"purchasable","17":"product-type-simple"},"acf":[],"yoast_head":"<!-- This site is optimized with the Yoast SEO Premium plugin v25.8 (Yoast SEO v27.2) - https:\/\/yoast.com\/product\/yoast-seo-premium-wordpress\/ -->\n<title>Smekke Contour Gull\/Bl\u00e5, Done By Deer - Babylove Norska<\/title>\n<meta name=\"description\" content=\"En fantastisk fin och praktisk haklapp fr\u00e5n danska Done By Deer som ser till att alltid skydda ditt barns kl\u00e4der vid m\u00e5ltider - skickas inom 24 timmar !\" \/>\n<meta name=\"robots\" content=\"noindex, follow, max-snippet:-1, max-image-preview:large, max-video-preview:-1\" \/>\n<meta property=\"og:locale\" content=\"nb_NO\" \/>\n<meta property=\"og:type\" content=\"article\" \/>\n<meta property=\"og:title\" content=\"Smekke Contour Gull\/Bl\u00e5, Done By Deer\" \/>\n<meta property=\"og:description\" content=\"En fantastisk fin och praktisk haklapp fr\u00e5n danska Done By Deer som ser till att alltid skydda ditt barns kl\u00e4der vid m\u00e5ltider - skickas inom 24 timmar !\" \/>\n<meta property=\"og:url\" content=\"https:\/\/babylove.se\/no\/produkt\/haklapp-contour-bla-done-by-deer\/\" \/>\n<meta property=\"og:site_name\" content=\"Babylove Norska\" \/>\n<meta property=\"article:modified_time\" content=\"2026-04-08T07:05:48+00:00\" \/>\n<meta property=\"og:image\" content=\"https:\/\/babylove.se\/no\/wp-content\/uploads\/sites\/3\/2025\/07\/599f2ae793e01.jpeg\" \/>\n\t<meta property=\"og:image:width\" content=\"664\" \/>\n\t<meta property=\"og:image:height\" content=\"664\" \/>\n\t<meta property=\"og:image:type\" content=\"image\/jpeg\" \/>\n<meta name=\"twitter:card\" content=\"summary_large_image\" \/>\n<meta name=\"twitter:label1\" content=\"Price\" \/>\n\t<meta name=\"twitter:data1\" content=\"119,00&nbsp;&#107;&#114;\" \/>\n\t<meta name=\"twitter:label2\" content=\"Availability\" \/>\n\t<meta name=\"twitter:data2\" content=\"Out of stock\" \/>\n<script type=\"application\/ld+json\" class=\"yoast-schema-graph\">{\"@context\":\"https:\/\/schema.org\",\"@graph\":[{\"@type\":\"WebPage\",\"@id\":\"https:\/\/babylove.se\/no\/produkt\/haklapp-contour-bla-done-by-deer\/\",\"url\":\"https:\/\/babylove.se\/no\/produkt\/haklapp-contour-bla-done-by-deer\/\",\"name\":\"Smekke Contour Gull\/Bl\u00e5, Done By Deer - Babylove Norska\",\"isPartOf\":{\"@id\":\"https:\/\/babylove.se\/no\/#website\"},\"primaryImageOfPage\":{\"@id\":\"https:\/\/babylove.se\/no\/produkt\/haklapp-contour-bla-done-by-deer\/#primaryimage\"},\"image\":{\"@id\":\"https:\/\/babylove.se\/no\/produkt\/haklapp-contour-bla-done-by-deer\/#primaryimage\"},\"thumbnailUrl\":\"https:\/\/babylove.se\/no\/wp-content\/uploads\/sites\/3\/2025\/07\/599f2ae793e01.jpeg\",\"datePublished\":\"2025-07-18T19:20:41+00:00\",\"dateModified\":\"2026-04-08T07:05:48+00:00\",\"description\":\"En fantastisk fin och praktisk haklapp fr\u00e5n danska Done By Deer som ser till att alltid skydda ditt barns kl\u00e4der vid m\u00e5ltider - skickas inom 24 timmar !\",\"breadcrumb\":{\"@id\":\"https:\/\/babylove.se\/no\/produkt\/haklapp-contour-bla-done-by-deer\/#breadcrumb\"},\"inLanguage\":\"nb-NO\",\"potentialAction\":[{\"@type\":\"ReadAction\",\"target\":[\"https:\/\/babylove.se\/no\/produkt\/haklapp-contour-bla-done-by-deer\/\"]}]},{\"@type\":\"ImageObject\",\"inLanguage\":\"nb-NO\",\"@id\":\"https:\/\/babylove.se\/no\/produkt\/haklapp-contour-bla-done-by-deer\/#primaryimage\",\"url\":\"https:\/\/babylove.se\/no\/wp-content\/uploads\/sites\/3\/2025\/07\/599f2ae793e01.jpeg\",\"contentUrl\":\"https:\/\/babylove.se\/no\/wp-content\/uploads\/sites\/3\/2025\/07\/599f2ae793e01.jpeg\",\"width\":664,\"height\":664},{\"@type\":\"BreadcrumbList\",\"@id\":\"https:\/\/babylove.se\/no\/produkt\/haklapp-contour-bla-done-by-deer\/#breadcrumb\",\"itemListElement\":[{\"@type\":\"ListItem\",\"position\":1,\"name\":\"Hem\",\"item\":\"https:\/\/babylove.se\/no\/\"},{\"@type\":\"ListItem\",\"position\":2,\"name\":\"Butik\",\"item\":\"https:\/\/babylove.se\/no\/butik\/\"},{\"@type\":\"ListItem\",\"position\":3,\"name\":\"Smekke Contour Gull\/Bl\u00e5, Done By Deer\"}]},{\"@type\":\"WebSite\",\"@id\":\"https:\/\/babylove.se\/no\/#website\",\"url\":\"https:\/\/babylove.se\/no\/\",\"name\":\"Babylove Norska\",\"description\":\"\",\"potentialAction\":[{\"@type\":\"SearchAction\",\"target\":{\"@type\":\"EntryPoint\",\"urlTemplate\":\"https:\/\/babylove.se\/no\/?s={search_term_string}\"},\"query-input\":{\"@type\":\"PropertyValueSpecification\",\"valueRequired\":true,\"valueName\":\"search_term_string\"}}],\"inLanguage\":\"nb-NO\"}]}<\/script>\n<meta property=\"product:brand\" content=\"Done by Deer\" \/>\n<meta property=\"product:price:amount\" content=\"119.00\" \/>\n<meta property=\"product:price:currency\" content=\"SEK\" \/>\n<meta property=\"og:availability\" content=\"out of stock\" \/>\n<meta property=\"product:availability\" content=\"out of stock\" \/>\n<meta property=\"product:retailer_item_id\" content=\"1349\" \/>\n<meta property=\"product:condition\" content=\"new\" \/>\n<!-- \/ Yoast SEO Premium plugin. -->","yoast_head_json":{"title":"Smekke Contour Gull\/Bl\u00e5, Done By Deer - Babylove Norska","description":"En fantastisk fin och praktisk haklapp fr\u00e5n danska Done By Deer som ser till att alltid skydda ditt barns kl\u00e4der vid m\u00e5ltider - skickas inom 24 timmar !","robots":{"index":"noindex","follow":"follow","max-snippet":"max-snippet:-1","max-image-preview":"max-image-preview:large","max-video-preview":"max-video-preview:-1"},"og_locale":"nb_NO","og_type":"article","og_title":"Smekke Contour Gull\/Bl\u00e5, Done By Deer","og_description":"En fantastisk fin och praktisk haklapp fr\u00e5n danska Done By Deer som ser till att alltid skydda ditt barns kl\u00e4der vid m\u00e5ltider - skickas inom 24 timmar !","og_url":"https:\/\/babylove.se\/no\/produkt\/haklapp-contour-bla-done-by-deer\/","og_site_name":"Babylove Norska","article_modified_time":"2026-04-08T07:05:48+00:00","og_image":[{"width":664,"height":664,"url":"https:\/\/babylove.se\/no\/wp-content\/uploads\/sites\/3\/2025\/07\/599f2ae793e01.jpeg","type":"image\/jpeg"}],"twitter_card":"summary_large_image","twitter_misc":{"Price":"119,00&nbsp;&#107;&#114;","Availability":"Out of stock"},"schema":{"@context":"https:\/\/schema.org","@graph":[{"@type":"WebPage","@id":"https:\/\/babylove.se\/no\/produkt\/haklapp-contour-bla-done-by-deer\/","url":"https:\/\/babylove.se\/no\/produkt\/haklapp-contour-bla-done-by-deer\/","name":"Smekke Contour Gull\/Bl\u00e5, Done By Deer - Babylove Norska","isPartOf":{"@id":"https:\/\/babylove.se\/no\/#website"},"primaryImageOfPage":{"@id":"https:\/\/babylove.se\/no\/produkt\/haklapp-contour-bla-done-by-deer\/#primaryimage"},"image":{"@id":"https:\/\/babylove.se\/no\/produkt\/haklapp-contour-bla-done-by-deer\/#primaryimage"},"thumbnailUrl":"https:\/\/babylove.se\/no\/wp-content\/uploads\/sites\/3\/2025\/07\/599f2ae793e01.jpeg","datePublished":"2025-07-18T19:20:41+00:00","dateModified":"2026-04-08T07:05:48+00:00","description":"En fantastisk fin och praktisk haklapp fr\u00e5n danska Done By Deer som ser till att alltid skydda ditt barns kl\u00e4der vid m\u00e5ltider - skickas inom 24 timmar !","breadcrumb":{"@id":"https:\/\/babylove.se\/no\/produkt\/haklapp-contour-bla-done-by-deer\/#breadcrumb"},"inLanguage":"nb-NO","potentialAction":[{"@type":"ReadAction","target":["https:\/\/babylove.se\/no\/produkt\/haklapp-contour-bla-done-by-deer\/"]}]},{"@type":"ImageObject","inLanguage":"nb-NO","@id":"https:\/\/babylove.se\/no\/produkt\/haklapp-contour-bla-done-by-deer\/#primaryimage","url":"https:\/\/babylove.se\/no\/wp-content\/uploads\/sites\/3\/2025\/07\/599f2ae793e01.jpeg","contentUrl":"https:\/\/babylove.se\/no\/wp-content\/uploads\/sites\/3\/2025\/07\/599f2ae793e01.jpeg","width":664,"height":664},{"@type":"BreadcrumbList","@id":"https:\/\/babylove.se\/no\/produkt\/haklapp-contour-bla-done-by-deer\/#breadcrumb","itemListElement":[{"@type":"ListItem","position":1,"name":"Hem","item":"https:\/\/babylove.se\/no\/"},{"@type":"ListItem","position":2,"name":"Butik","item":"https:\/\/babylove.se\/no\/butik\/"},{"@type":"ListItem","position":3,"name":"Smekke Contour Gull\/Bl\u00e5, Done By Deer"}]},{"@type":"WebSite","@id":"https:\/\/babylove.se\/no\/#website","url":"https:\/\/babylove.se\/no\/","name":"Babylove Norska","description":"","potentialAction":[{"@type":"SearchAction","target":{"@type":"EntryPoint","urlTemplate":"https:\/\/babylove.se\/no\/?s={search_term_string}"},"query-input":{"@type":"PropertyValueSpecification","valueRequired":true,"valueName":"search_term_string"}}],"inLanguage":"nb-NO"}]},"product_brand":"Done by Deer","product_price_amount":"119.00","product_price_currency":"SEK","og_availability":"out of stock","product_availability":"out of stock","product_retailer_item_id":"1349","product_condition":"new"},"_links":{"self":[{"href":"https:\/\/babylove.se\/no\/wp-json\/wp\/v2\/product\/4185","targetHints":{"allow":["GET"]}}],"collection":[{"href":"https:\/\/babylove.se\/no\/wp-json\/wp\/v2\/product"}],"about":[{"href":"https:\/\/babylove.se\/no\/wp-json\/wp\/v2\/types\/product"}],"replies":[{"embeddable":true,"href":"https:\/\/babylove.se\/no\/wp-json\/wp\/v2\/comments?post=4185"}],"wp:featuredmedia":[{"embeddable":true,"href":"https:\/\/babylove.se\/no\/wp-json\/wp\/v2\/media\/4187"}],"wp:attachment":[{"href":"https:\/\/babylove.se\/no\/wp-json\/wp\/v2\/media?parent=4185"}],"wp:term":[{"taxonomy":"product_brand","embeddable":true,"href":"https:\/\/babylove.se\/no\/wp-json\/wp\/v2\/product_brand?post=4185"},{"taxonomy":"product_cat","embeddable":true,"href":"https:\/\/babylove.se\/no\/wp-json\/wp\/v2\/product_cat?post=4185"},{"taxonomy":"product_tag","embeddable":true,"href":"https:\/\/babylove.se\/no\/wp-json\/wp\/v2\/product_tag?post=4185"}],"curies":[{"name":"wp","href":"https:\/\/api.w.org\/{rel}","templated":true}]}}