{"id":4191,"date":"2025-07-18T20:20:49","date_gmt":"2025-07-18T19:20:49","guid":{"rendered":"https:\/\/babylove.se\/produkt\/haklapp-contour-guld-gra-done-by-deer\/"},"modified":"2026-04-08T08:05:54","modified_gmt":"2026-04-08T07:05:54","slug":"haklapp-contour-gull-gra-done-by-deer","status":"publish","type":"product","link":"https:\/\/babylove.se\/no\/produkt\/haklapp-contour-gull-gra-done-by-deer\/","title":{"rendered":"Haklapp Contour Gull\/Gr\u00e5, Done By Deer"},"content":{"rendered":"<p>En fantastisk fin og praktisk smekke fra danske Done By Deer som s\u00f8rger for alltid \u00e5 beskytte ditt barns kl\u00e6r ved m\u00e5ltider. Smekken er helt vanntett og gj\u00f8res enkelt ren med vann. Denne smekken er utstyrt med et borrel\u00e5sb\u00e5nd i nakken som s\u00f8rger for at den sitter trygt p\u00e5 plass. Selvsagt med en praktisk \u00aboppsamler\u00bb i form av en lomme der det meste av barnets s\u00f8l havner.<\/p>\n<p>Produktet kan maskinvaskes i 30 grader.<\/p>\n<p><strong>M\u00e5l<\/strong>: 36 x 26 cm.<\/p>\n<p>Designer: <a href=\"https:\/\/babylove.se\/varumarken\/done-by-deer\"><u>Done By Deer<\/u><\/a><\/p>\n","protected":false},"excerpt":{"rendered":"<p>En fantastisk fin og praktisk smekke fra danske Done By Deer som s\u00f8rger for alltid \u00e5 beskytte ditt barns kl\u00e6r ved m\u00e5ltider. Smekken er helt vanntett og gj\u00f8res enkelt ren med vann. Denne smekken er utstyrt med et borrel\u00e5sb\u00e5nd i nakken som s\u00f8rger for at den sitter trygt p\u00e5 plass. Selvsagt med en praktisk \u00aboppsamler\u00bb [&hellip;]<\/p>\n","protected":false},"featured_media":4193,"comment_status":"closed","ping_status":"open","template":"","meta":{"_acf_changed":false},"product_brand":[54],"product_cat":[1777,110,55,26,25,206],"product_tag":[1689],"class_list":{"0":"post-4191","1":"product","2":"type-product","3":"status-publish","4":"has-post-thumbnail","6":"product_brand-done-by-deer","7":"product_cat-ovrige-tekstiler","8":"product_cat-cyber-monday","9":"product_cat-done-by-deer","10":"product_cat-kjop-produkter-som-ikke-bare-er-for-gutter","11":"product_cat-ikke-bare-jenter","12":"product_cat-smekker","13":"product_tag-bestillingsvaror","15":"first","16":"instock","17":"taxable","18":"shipping-taxable","19":"purchasable","20":"product-type-simple"},"acf":[],"yoast_head":"<!-- This site is optimized with the Yoast SEO Premium plugin v25.8 (Yoast SEO v27.2) - https:\/\/yoast.com\/product\/yoast-seo-premium-wordpress\/ -->\n<title>Haklapp Contour Gull\/Gr\u00e5, Done By Deer - Babylove Norska<\/title>\n<meta name=\"description\" content=\"En fantastisk fin och praktisk haklapp fr\u00e5n danska Done By Deer som ser till att alltid skydda ditt barns kl\u00e4der vid m\u00e5ltider - skickas inom 24 timmar !\" \/>\n<meta name=\"robots\" content=\"noindex, follow, max-snippet:-1, max-image-preview:large, max-video-preview:-1\" \/>\n<meta property=\"og:locale\" content=\"nb_NO\" \/>\n<meta property=\"og:type\" content=\"article\" \/>\n<meta property=\"og:title\" content=\"Haklapp Contour Gull\/Gr\u00e5, Done By Deer\" \/>\n<meta property=\"og:description\" content=\"En fantastisk fin och praktisk haklapp fr\u00e5n danska Done By Deer som ser till att alltid skydda ditt barns kl\u00e4der vid m\u00e5ltider - skickas inom 24 timmar !\" \/>\n<meta property=\"og:url\" content=\"https:\/\/babylove.se\/no\/produkt\/haklapp-contour-gull-gra-done-by-deer\/\" \/>\n<meta property=\"og:site_name\" content=\"Babylove Norska\" \/>\n<meta property=\"article:modified_time\" content=\"2026-04-08T07:05:54+00:00\" \/>\n<meta property=\"og:image\" content=\"https:\/\/babylove.se\/no\/wp-content\/uploads\/sites\/3\/2025\/07\/599f2bb073822.jpeg\" \/>\n\t<meta property=\"og:image:width\" content=\"617\" \/>\n\t<meta property=\"og:image:height\" content=\"617\" \/>\n\t<meta property=\"og:image:type\" content=\"image\/jpeg\" \/>\n<meta name=\"twitter:card\" content=\"summary_large_image\" \/>\n<meta name=\"twitter:label1\" content=\"Price\" \/>\n\t<meta name=\"twitter:data1\" content=\"189,00&nbsp;&#107;&#114;\" \/>\n\t<meta name=\"twitter:label2\" content=\"Availability\" \/>\n\t<meta name=\"twitter:data2\" content=\"In stock\" \/>\n<script type=\"application\/ld+json\" class=\"yoast-schema-graph\">{\"@context\":\"https:\/\/schema.org\",\"@graph\":[{\"@type\":\"WebPage\",\"@id\":\"https:\/\/babylove.se\/no\/produkt\/haklapp-contour-gull-gra-done-by-deer\/\",\"url\":\"https:\/\/babylove.se\/no\/produkt\/haklapp-contour-gull-gra-done-by-deer\/\",\"name\":\"Haklapp Contour Gull\/Gr\u00e5, Done By Deer - Babylove Norska\",\"isPartOf\":{\"@id\":\"https:\/\/babylove.se\/no\/#website\"},\"primaryImageOfPage\":{\"@id\":\"https:\/\/babylove.se\/no\/produkt\/haklapp-contour-gull-gra-done-by-deer\/#primaryimage\"},\"image\":{\"@id\":\"https:\/\/babylove.se\/no\/produkt\/haklapp-contour-gull-gra-done-by-deer\/#primaryimage\"},\"thumbnailUrl\":\"https:\/\/babylove.se\/no\/wp-content\/uploads\/sites\/3\/2025\/07\/599f2bb073822.jpeg\",\"datePublished\":\"2025-07-18T19:20:49+00:00\",\"dateModified\":\"2026-04-08T07:05:54+00:00\",\"description\":\"En fantastisk fin och praktisk haklapp fr\u00e5n danska Done By Deer som ser till att alltid skydda ditt barns kl\u00e4der vid m\u00e5ltider - skickas inom 24 timmar !\",\"breadcrumb\":{\"@id\":\"https:\/\/babylove.se\/no\/produkt\/haklapp-contour-gull-gra-done-by-deer\/#breadcrumb\"},\"inLanguage\":\"nb-NO\",\"potentialAction\":[{\"@type\":\"ReadAction\",\"target\":[\"https:\/\/babylove.se\/no\/produkt\/haklapp-contour-gull-gra-done-by-deer\/\"]}]},{\"@type\":\"ImageObject\",\"inLanguage\":\"nb-NO\",\"@id\":\"https:\/\/babylove.se\/no\/produkt\/haklapp-contour-gull-gra-done-by-deer\/#primaryimage\",\"url\":\"https:\/\/babylove.se\/no\/wp-content\/uploads\/sites\/3\/2025\/07\/599f2bb073822.jpeg\",\"contentUrl\":\"https:\/\/babylove.se\/no\/wp-content\/uploads\/sites\/3\/2025\/07\/599f2bb073822.jpeg\",\"width\":617,\"height\":617},{\"@type\":\"BreadcrumbList\",\"@id\":\"https:\/\/babylove.se\/no\/produkt\/haklapp-contour-gull-gra-done-by-deer\/#breadcrumb\",\"itemListElement\":[{\"@type\":\"ListItem\",\"position\":1,\"name\":\"Hem\",\"item\":\"https:\/\/babylove.se\/no\/\"},{\"@type\":\"ListItem\",\"position\":2,\"name\":\"Butik\",\"item\":\"https:\/\/babylove.se\/no\/butik\/\"},{\"@type\":\"ListItem\",\"position\":3,\"name\":\"Haklapp Contour Gull\/Gr\u00e5, Done By Deer\"}]},{\"@type\":\"WebSite\",\"@id\":\"https:\/\/babylove.se\/no\/#website\",\"url\":\"https:\/\/babylove.se\/no\/\",\"name\":\"Babylove Norska\",\"description\":\"\",\"potentialAction\":[{\"@type\":\"SearchAction\",\"target\":{\"@type\":\"EntryPoint\",\"urlTemplate\":\"https:\/\/babylove.se\/no\/?s={search_term_string}\"},\"query-input\":{\"@type\":\"PropertyValueSpecification\",\"valueRequired\":true,\"valueName\":\"search_term_string\"}}],\"inLanguage\":\"nb-NO\"}]}<\/script>\n<meta property=\"product:brand\" content=\"Done by Deer\" \/>\n<meta property=\"product:price:amount\" content=\"189.00\" \/>\n<meta property=\"product:price:currency\" content=\"SEK\" \/>\n<meta property=\"og:availability\" content=\"instock\" \/>\n<meta property=\"product:availability\" content=\"instock\" \/>\n<meta property=\"product:retailer_item_id\" content=\"13745\" \/>\n<meta property=\"product:condition\" content=\"new\" \/>\n<!-- \/ Yoast SEO Premium plugin. -->","yoast_head_json":{"title":"Haklapp Contour Gull\/Gr\u00e5, Done By Deer - Babylove Norska","description":"En fantastisk fin och praktisk haklapp fr\u00e5n danska Done By Deer som ser till att alltid skydda ditt barns kl\u00e4der vid m\u00e5ltider - skickas inom 24 timmar !","robots":{"index":"noindex","follow":"follow","max-snippet":"max-snippet:-1","max-image-preview":"max-image-preview:large","max-video-preview":"max-video-preview:-1"},"og_locale":"nb_NO","og_type":"article","og_title":"Haklapp Contour Gull\/Gr\u00e5, Done By Deer","og_description":"En fantastisk fin och praktisk haklapp fr\u00e5n danska Done By Deer som ser till att alltid skydda ditt barns kl\u00e4der vid m\u00e5ltider - skickas inom 24 timmar !","og_url":"https:\/\/babylove.se\/no\/produkt\/haklapp-contour-gull-gra-done-by-deer\/","og_site_name":"Babylove Norska","article_modified_time":"2026-04-08T07:05:54+00:00","og_image":[{"width":617,"height":617,"url":"https:\/\/babylove.se\/no\/wp-content\/uploads\/sites\/3\/2025\/07\/599f2bb073822.jpeg","type":"image\/jpeg"}],"twitter_card":"summary_large_image","twitter_misc":{"Price":"189,00&nbsp;&#107;&#114;","Availability":"In stock"},"schema":{"@context":"https:\/\/schema.org","@graph":[{"@type":"WebPage","@id":"https:\/\/babylove.se\/no\/produkt\/haklapp-contour-gull-gra-done-by-deer\/","url":"https:\/\/babylove.se\/no\/produkt\/haklapp-contour-gull-gra-done-by-deer\/","name":"Haklapp Contour Gull\/Gr\u00e5, Done By Deer - Babylove Norska","isPartOf":{"@id":"https:\/\/babylove.se\/no\/#website"},"primaryImageOfPage":{"@id":"https:\/\/babylove.se\/no\/produkt\/haklapp-contour-gull-gra-done-by-deer\/#primaryimage"},"image":{"@id":"https:\/\/babylove.se\/no\/produkt\/haklapp-contour-gull-gra-done-by-deer\/#primaryimage"},"thumbnailUrl":"https:\/\/babylove.se\/no\/wp-content\/uploads\/sites\/3\/2025\/07\/599f2bb073822.jpeg","datePublished":"2025-07-18T19:20:49+00:00","dateModified":"2026-04-08T07:05:54+00:00","description":"En fantastisk fin och praktisk haklapp fr\u00e5n danska Done By Deer som ser till att alltid skydda ditt barns kl\u00e4der vid m\u00e5ltider - skickas inom 24 timmar !","breadcrumb":{"@id":"https:\/\/babylove.se\/no\/produkt\/haklapp-contour-gull-gra-done-by-deer\/#breadcrumb"},"inLanguage":"nb-NO","potentialAction":[{"@type":"ReadAction","target":["https:\/\/babylove.se\/no\/produkt\/haklapp-contour-gull-gra-done-by-deer\/"]}]},{"@type":"ImageObject","inLanguage":"nb-NO","@id":"https:\/\/babylove.se\/no\/produkt\/haklapp-contour-gull-gra-done-by-deer\/#primaryimage","url":"https:\/\/babylove.se\/no\/wp-content\/uploads\/sites\/3\/2025\/07\/599f2bb073822.jpeg","contentUrl":"https:\/\/babylove.se\/no\/wp-content\/uploads\/sites\/3\/2025\/07\/599f2bb073822.jpeg","width":617,"height":617},{"@type":"BreadcrumbList","@id":"https:\/\/babylove.se\/no\/produkt\/haklapp-contour-gull-gra-done-by-deer\/#breadcrumb","itemListElement":[{"@type":"ListItem","position":1,"name":"Hem","item":"https:\/\/babylove.se\/no\/"},{"@type":"ListItem","position":2,"name":"Butik","item":"https:\/\/babylove.se\/no\/butik\/"},{"@type":"ListItem","position":3,"name":"Haklapp Contour Gull\/Gr\u00e5, Done By Deer"}]},{"@type":"WebSite","@id":"https:\/\/babylove.se\/no\/#website","url":"https:\/\/babylove.se\/no\/","name":"Babylove Norska","description":"","potentialAction":[{"@type":"SearchAction","target":{"@type":"EntryPoint","urlTemplate":"https:\/\/babylove.se\/no\/?s={search_term_string}"},"query-input":{"@type":"PropertyValueSpecification","valueRequired":true,"valueName":"search_term_string"}}],"inLanguage":"nb-NO"}]},"product_brand":"Done by Deer","product_price_amount":"189.00","product_price_currency":"SEK","og_availability":"instock","product_availability":"instock","product_retailer_item_id":"13745","product_condition":"new"},"_links":{"self":[{"href":"https:\/\/babylove.se\/no\/wp-json\/wp\/v2\/product\/4191","targetHints":{"allow":["GET"]}}],"collection":[{"href":"https:\/\/babylove.se\/no\/wp-json\/wp\/v2\/product"}],"about":[{"href":"https:\/\/babylove.se\/no\/wp-json\/wp\/v2\/types\/product"}],"replies":[{"embeddable":true,"href":"https:\/\/babylove.se\/no\/wp-json\/wp\/v2\/comments?post=4191"}],"wp:featuredmedia":[{"embeddable":true,"href":"https:\/\/babylove.se\/no\/wp-json\/wp\/v2\/media\/4193"}],"wp:attachment":[{"href":"https:\/\/babylove.se\/no\/wp-json\/wp\/v2\/media?parent=4191"}],"wp:term":[{"taxonomy":"product_brand","embeddable":true,"href":"https:\/\/babylove.se\/no\/wp-json\/wp\/v2\/product_brand?post=4191"},{"taxonomy":"product_cat","embeddable":true,"href":"https:\/\/babylove.se\/no\/wp-json\/wp\/v2\/product_cat?post=4191"},{"taxonomy":"product_tag","embeddable":true,"href":"https:\/\/babylove.se\/no\/wp-json\/wp\/v2\/product_tag?post=4191"}],"curies":[{"name":"wp","href":"https:\/\/api.w.org\/{rel}","templated":true}]}}