{"id":41997,"date":"2025-07-19T02:58:34","date_gmt":"2025-07-19T01:58:34","guid":{"rendered":"https:\/\/babylove.se\/produkt\/numero-74-nattlampa-stjarna-med-ljusslinga-dusty-pink\/"},"modified":"2026-04-08T12:44:55","modified_gmt":"2026-04-08T11:44:55","slug":"nummer-74-nattlampe-stjerne-med-lysslynge-dusty-pink","status":"publish","type":"product","link":"https:\/\/babylove.se\/no\/produkt\/nummer-74-nattlampe-stjerne-med-lysslynge-dusty-pink\/","title":{"rendered":"Numero 74, nattlampe stjerne med lysslynge, Dusty pink"},"content":{"rendered":"<p>En fantastisk lampe til barnerommet som vil v\u00e6re en vidunderlig dekorasjon samtidig som den fungerer som en perfekt nattlampe for barnet ditt.<\/p>\n<p>Nattlampen er laget av en metallstruktur i form av en stjerne som er dekket med bomullsstoff. Lampen henges enkelt opp ved hjelp av en p\u00e5sydd l\u00f8kke.&nbsp;<\/p>\n<p>Avtakbar lysslynge med sikre 20 lysdioder f\u00f8lger med. Lysslyngen drives av en vanlig stikkontakt.<\/p>\n<p>Siden lykten er h\u00e5ndlaget kan mindre variasjoner i farge og form forekomme.&nbsp;<\/p>\n<p>Alle tekstiler fra Numero 74 er vasket med en vidunderlig skyllemiddel med en subtil duft som forsvinner etter f\u00f8rste vask.&nbsp;<\/p>\n<p><strong>M\u00e5l:<\/strong> Finnes i to st\u00f8rrelser:<\/p>\n<ul>\n<li>Liten: ca 30 x 30 cm. Lysslynge lengde: ca 3 m.<\/li>\n<li>Mellom: ca 50 x 50 cm. Lysslynge lengde: ca 3 m.<\/li>\n<\/ul>\n<p><strong>Materiale<\/strong>: 100% metall &#038; 100% bomull.&nbsp;<\/p>\n<p>Designer: <a href=\"https:\/\/babylove.se\/varumarken\/numero-74\">Numero 74<\/a><\/p>\n","protected":false},"excerpt":{"rendered":"<p>En fantastisk lampe til barnerommet som vil v\u00e6re en vidunderlig dekorasjon samtidig som den fungerer som en perfekt nattlampe for barnet ditt. Nattlampen er laget av en metallstruktur i form av en stjerne som er dekket med bomullsstoff. Lampen henges enkelt opp ved hjelp av en p\u00e5sydd l\u00f8kke.&nbsp; Avtakbar lysslynge med sikre 20 lysdioder f\u00f8lger [&hellip;]<\/p>\n","protected":false},"featured_media":41999,"comment_status":"closed","ping_status":"open","template":"","meta":{"_acf_changed":false},"product_brand":[1313],"product_cat":[31,179,1314],"product_tag":[],"class_list":{"0":"post-41997","1":"product","2":"type-product","3":"status-publish","4":"has-post-thumbnail","6":"product_brand-numero-74","7":"product_cat-lamper","8":"product_cat-nattlamper","9":"product_cat-numero-74","10":"pa_storlek-liten","11":"pa_storlek-mellan","13":"first","14":"outofstock","15":"taxable","16":"shipping-taxable","17":"purchasable","18":"product-type-variable"},"acf":[],"yoast_head":"<!-- This site is optimized with the Yoast SEO Premium plugin v25.8 (Yoast SEO v27.2) - https:\/\/yoast.com\/product\/yoast-seo-premium-wordpress\/ -->\n<title>Numero 74, nattlampe stjerne med lysslynge, Dusty pink - Babylove Norska<\/title>\n<meta name=\"robots\" content=\"noindex, follow, max-snippet:-1, max-image-preview:large, max-video-preview:-1\" \/>\n<meta property=\"og:locale\" content=\"nb_NO\" \/>\n<meta property=\"og:type\" content=\"article\" \/>\n<meta property=\"og:title\" content=\"Numero 74, nattlampe stjerne med lysslynge, Dusty pink\" \/>\n<meta property=\"og:description\" content=\"En fantastisk lampe til barnerommet som vil v\u00e6re en vidunderlig dekorasjon samtidig som den fungerer som en perfekt nattlampe for barnet ditt. Nattlampen er laget av en metallstruktur i form av en stjerne som er dekket med bomullsstoff. Lampen henges enkelt opp ved hjelp av en p\u00e5sydd l\u00f8kke.&nbsp; Avtakbar lysslynge med sikre 20 lysdioder f\u00f8lger [&hellip;]\" \/>\n<meta property=\"og:url\" content=\"https:\/\/babylove.se\/no\/produkt\/nummer-74-nattlampe-stjerne-med-lysslynge-dusty-pink\/\" \/>\n<meta property=\"og:site_name\" content=\"Babylove Norska\" \/>\n<meta property=\"article:modified_time\" content=\"2026-04-08T11:44:55+00:00\" \/>\n<meta property=\"og:image\" content=\"https:\/\/babylove.se\/no\/wp-content\/uploads\/sites\/3\/2025\/07\/63199b143bab8.jpeg\" \/>\n\t<meta property=\"og:image:width\" content=\"1280\" \/>\n\t<meta property=\"og:image:height\" content=\"1280\" \/>\n\t<meta property=\"og:image:type\" content=\"image\/jpeg\" \/>\n<meta name=\"twitter:card\" content=\"summary_large_image\" \/>\n<meta name=\"twitter:label1\" content=\"Availability\" \/>\n\t<meta name=\"twitter:data1\" content=\"Out of stock\" \/>\n<script type=\"application\/ld+json\" class=\"yoast-schema-graph\">{\"@context\":\"https:\/\/schema.org\",\"@graph\":[{\"@type\":\"WebPage\",\"@id\":\"https:\/\/babylove.se\/no\/produkt\/nummer-74-nattlampe-stjerne-med-lysslynge-dusty-pink\/\",\"url\":\"https:\/\/babylove.se\/no\/produkt\/nummer-74-nattlampe-stjerne-med-lysslynge-dusty-pink\/\",\"name\":\"Numero 74, nattlampe stjerne med lysslynge, Dusty pink - Babylove Norska\",\"isPartOf\":{\"@id\":\"https:\/\/babylove.se\/no\/#website\"},\"primaryImageOfPage\":{\"@id\":\"https:\/\/babylove.se\/no\/produkt\/nummer-74-nattlampe-stjerne-med-lysslynge-dusty-pink\/#primaryimage\"},\"image\":{\"@id\":\"https:\/\/babylove.se\/no\/produkt\/nummer-74-nattlampe-stjerne-med-lysslynge-dusty-pink\/#primaryimage\"},\"thumbnailUrl\":\"https:\/\/babylove.se\/no\/wp-content\/uploads\/sites\/3\/2025\/07\/63199b143bab8.jpeg\",\"datePublished\":\"2025-07-19T01:58:34+00:00\",\"dateModified\":\"2026-04-08T11:44:55+00:00\",\"breadcrumb\":{\"@id\":\"https:\/\/babylove.se\/no\/produkt\/nummer-74-nattlampe-stjerne-med-lysslynge-dusty-pink\/#breadcrumb\"},\"inLanguage\":\"nb-NO\",\"potentialAction\":[{\"@type\":\"ReadAction\",\"target\":[\"https:\/\/babylove.se\/no\/produkt\/nummer-74-nattlampe-stjerne-med-lysslynge-dusty-pink\/\"]}]},{\"@type\":\"ImageObject\",\"inLanguage\":\"nb-NO\",\"@id\":\"https:\/\/babylove.se\/no\/produkt\/nummer-74-nattlampe-stjerne-med-lysslynge-dusty-pink\/#primaryimage\",\"url\":\"https:\/\/babylove.se\/no\/wp-content\/uploads\/sites\/3\/2025\/07\/63199b143bab8.jpeg\",\"contentUrl\":\"https:\/\/babylove.se\/no\/wp-content\/uploads\/sites\/3\/2025\/07\/63199b143bab8.jpeg\",\"width\":1280,\"height\":1280},{\"@type\":\"BreadcrumbList\",\"@id\":\"https:\/\/babylove.se\/no\/produkt\/nummer-74-nattlampe-stjerne-med-lysslynge-dusty-pink\/#breadcrumb\",\"itemListElement\":[{\"@type\":\"ListItem\",\"position\":1,\"name\":\"Hem\",\"item\":\"https:\/\/babylove.se\/no\/\"},{\"@type\":\"ListItem\",\"position\":2,\"name\":\"Butik\",\"item\":\"https:\/\/babylove.se\/no\/butik\/\"},{\"@type\":\"ListItem\",\"position\":3,\"name\":\"Numero 74, nattlampe stjerne med lysslynge, Dusty pink\"}]},{\"@type\":\"WebSite\",\"@id\":\"https:\/\/babylove.se\/no\/#website\",\"url\":\"https:\/\/babylove.se\/no\/\",\"name\":\"Babylove Norska\",\"description\":\"\",\"potentialAction\":[{\"@type\":\"SearchAction\",\"target\":{\"@type\":\"EntryPoint\",\"urlTemplate\":\"https:\/\/babylove.se\/no\/?s={search_term_string}\"},\"query-input\":{\"@type\":\"PropertyValueSpecification\",\"valueRequired\":true,\"valueName\":\"search_term_string\"}}],\"inLanguage\":\"nb-NO\"}]}<\/script>\n<meta property=\"product:brand\" content=\"Numero 74\" \/>\n<meta property=\"og:availability\" content=\"out of stock\" \/>\n<meta property=\"product:availability\" content=\"out of stock\" \/>\n<meta property=\"product:retailer_item_id\" content=\"7400000067677\" \/>\n<meta property=\"product:condition\" content=\"new\" \/>\n<!-- \/ Yoast SEO Premium plugin. -->","yoast_head_json":{"title":"Numero 74, nattlampe stjerne med lysslynge, Dusty pink - Babylove Norska","robots":{"index":"noindex","follow":"follow","max-snippet":"max-snippet:-1","max-image-preview":"max-image-preview:large","max-video-preview":"max-video-preview:-1"},"og_locale":"nb_NO","og_type":"article","og_title":"Numero 74, nattlampe stjerne med lysslynge, Dusty pink","og_description":"En fantastisk lampe til barnerommet som vil v\u00e6re en vidunderlig dekorasjon samtidig som den fungerer som en perfekt nattlampe for barnet ditt. Nattlampen er laget av en metallstruktur i form av en stjerne som er dekket med bomullsstoff. Lampen henges enkelt opp ved hjelp av en p\u00e5sydd l\u00f8kke.&nbsp; Avtakbar lysslynge med sikre 20 lysdioder f\u00f8lger [&hellip;]","og_url":"https:\/\/babylove.se\/no\/produkt\/nummer-74-nattlampe-stjerne-med-lysslynge-dusty-pink\/","og_site_name":"Babylove Norska","article_modified_time":"2026-04-08T11:44:55+00:00","og_image":[{"width":1280,"height":1280,"url":"https:\/\/babylove.se\/no\/wp-content\/uploads\/sites\/3\/2025\/07\/63199b143bab8.jpeg","type":"image\/jpeg"}],"twitter_card":"summary_large_image","twitter_misc":{"Availability":"Out of stock"},"schema":{"@context":"https:\/\/schema.org","@graph":[{"@type":"WebPage","@id":"https:\/\/babylove.se\/no\/produkt\/nummer-74-nattlampe-stjerne-med-lysslynge-dusty-pink\/","url":"https:\/\/babylove.se\/no\/produkt\/nummer-74-nattlampe-stjerne-med-lysslynge-dusty-pink\/","name":"Numero 74, nattlampe stjerne med lysslynge, Dusty pink - Babylove Norska","isPartOf":{"@id":"https:\/\/babylove.se\/no\/#website"},"primaryImageOfPage":{"@id":"https:\/\/babylove.se\/no\/produkt\/nummer-74-nattlampe-stjerne-med-lysslynge-dusty-pink\/#primaryimage"},"image":{"@id":"https:\/\/babylove.se\/no\/produkt\/nummer-74-nattlampe-stjerne-med-lysslynge-dusty-pink\/#primaryimage"},"thumbnailUrl":"https:\/\/babylove.se\/no\/wp-content\/uploads\/sites\/3\/2025\/07\/63199b143bab8.jpeg","datePublished":"2025-07-19T01:58:34+00:00","dateModified":"2026-04-08T11:44:55+00:00","breadcrumb":{"@id":"https:\/\/babylove.se\/no\/produkt\/nummer-74-nattlampe-stjerne-med-lysslynge-dusty-pink\/#breadcrumb"},"inLanguage":"nb-NO","potentialAction":[{"@type":"ReadAction","target":["https:\/\/babylove.se\/no\/produkt\/nummer-74-nattlampe-stjerne-med-lysslynge-dusty-pink\/"]}]},{"@type":"ImageObject","inLanguage":"nb-NO","@id":"https:\/\/babylove.se\/no\/produkt\/nummer-74-nattlampe-stjerne-med-lysslynge-dusty-pink\/#primaryimage","url":"https:\/\/babylove.se\/no\/wp-content\/uploads\/sites\/3\/2025\/07\/63199b143bab8.jpeg","contentUrl":"https:\/\/babylove.se\/no\/wp-content\/uploads\/sites\/3\/2025\/07\/63199b143bab8.jpeg","width":1280,"height":1280},{"@type":"BreadcrumbList","@id":"https:\/\/babylove.se\/no\/produkt\/nummer-74-nattlampe-stjerne-med-lysslynge-dusty-pink\/#breadcrumb","itemListElement":[{"@type":"ListItem","position":1,"name":"Hem","item":"https:\/\/babylove.se\/no\/"},{"@type":"ListItem","position":2,"name":"Butik","item":"https:\/\/babylove.se\/no\/butik\/"},{"@type":"ListItem","position":3,"name":"Numero 74, nattlampe stjerne med lysslynge, Dusty pink"}]},{"@type":"WebSite","@id":"https:\/\/babylove.se\/no\/#website","url":"https:\/\/babylove.se\/no\/","name":"Babylove Norska","description":"","potentialAction":[{"@type":"SearchAction","target":{"@type":"EntryPoint","urlTemplate":"https:\/\/babylove.se\/no\/?s={search_term_string}"},"query-input":{"@type":"PropertyValueSpecification","valueRequired":true,"valueName":"search_term_string"}}],"inLanguage":"nb-NO"}]},"product_brand":"Numero 74","og_availability":"out of stock","product_availability":"out of stock","product_retailer_item_id":"7400000067677","product_condition":"new"},"_links":{"self":[{"href":"https:\/\/babylove.se\/no\/wp-json\/wp\/v2\/product\/41997","targetHints":{"allow":["GET"]}}],"collection":[{"href":"https:\/\/babylove.se\/no\/wp-json\/wp\/v2\/product"}],"about":[{"href":"https:\/\/babylove.se\/no\/wp-json\/wp\/v2\/types\/product"}],"replies":[{"embeddable":true,"href":"https:\/\/babylove.se\/no\/wp-json\/wp\/v2\/comments?post=41997"}],"wp:featuredmedia":[{"embeddable":true,"href":"https:\/\/babylove.se\/no\/wp-json\/wp\/v2\/media\/41999"}],"wp:attachment":[{"href":"https:\/\/babylove.se\/no\/wp-json\/wp\/v2\/media?parent=41997"}],"wp:term":[{"taxonomy":"product_brand","embeddable":true,"href":"https:\/\/babylove.se\/no\/wp-json\/wp\/v2\/product_brand?post=41997"},{"taxonomy":"product_cat","embeddable":true,"href":"https:\/\/babylove.se\/no\/wp-json\/wp\/v2\/product_cat?post=41997"},{"taxonomy":"product_tag","embeddable":true,"href":"https:\/\/babylove.se\/no\/wp-json\/wp\/v2\/product_tag?post=41997"}],"curies":[{"name":"wp","href":"https:\/\/api.w.org\/{rel}","templated":true}]}}