{"id":4203,"date":"2025-07-18T20:20:49","date_gmt":"2025-07-18T19:20:49","guid":{"rendered":"https:\/\/babylove.se\/produkt\/sebra-babynest-in-the-sky-bla\/"},"modified":"2026-04-08T08:06:05","modified_gmt":"2026-04-08T07:06:05","slug":"sebra-babynest-in-the-sky-bla","status":"publish","type":"product","link":"https:\/\/babylove.se\/no\/produkt\/sebra-babynest-in-the-sky-bla\/","title":{"rendered":"Sebra babynest In the Sky &#8211; bl\u00e5"},"content":{"rendered":"<p>Dette fine babynestet er en myk og koselig babyseng for din baby. Babynestet har dessuten et dekorativt skym\u00f8nster som gir et godt inntrykk i barnerommet. Et babynest fungerer som en trygg soveplass for barnet ved siden av eller mellom sine foreldre. Det fungerer ogs\u00e5 godt og trygt i barnets sprinkelseng og er en god og trygg m\u00e5te \u00e5 l\u00e6re barnet \u00e5 sove i sin egen seng. Babynestet er smidig og praktisk og du kan med fordel ta det med p\u00e5 reisen og du har da alltid med deg en god soveplass til ditt barn. Det er dessuten enkelt \u00e5 b\u00e6re med seg ved hjelp av h\u00e5ndtakene.&nbsp;<\/p>\n<p><strong>M\u00e5l<\/strong>: Lengde 86 cm, bredde 49 cm og h\u00f8yde 10 cm.&nbsp;<\/p>\n<p><strong>Materiale<\/strong>: Overtrekk i bomull og fyll av polyester.&nbsp;<\/p>\n<p>Vaskes i h\u00f8yst 30 grader men kan ikke t\u00f8rketromles.<\/p>\n<p>Designer: <a href=\"https:\/\/babylove.se\/varumarken\/sebra\"><u>Sebra<\/u><\/a><\/p>\n","protected":false},"excerpt":{"rendered":"<p>Dette fine babynestet er en myk og koselig babyseng for din baby. Babynestet har dessuten et dekorativt skym\u00f8nster som gir et godt inntrykk i barnerommet. Et babynest fungerer som en trygg soveplass for barnet ved siden av eller mellom sine foreldre. Det fungerer ogs\u00e5 godt og trygt i barnets sprinkelseng og er en god og [&hellip;]<\/p>\n","protected":false},"featured_media":4205,"comment_status":"closed","ping_status":"open","template":"","meta":{"_acf_changed":false},"product_brand":[160],"product_cat":[56,41,161],"product_tag":[1689],"class_list":{"0":"post-4203","1":"product","2":"type-product","3":"status-publish","4":"has-post-thumbnail","6":"product_brand-sebra","7":"product_cat-babynest","8":"product_cat-babytilbehor","9":"product_cat-sebra","10":"product_tag-bestillingsvaror","12":"first","13":"instock","14":"taxable","15":"shipping-taxable","16":"purchasable","17":"product-type-simple"},"acf":[],"yoast_head":"<!-- This site is optimized with the Yoast SEO Premium plugin v25.8 (Yoast SEO v27.2) - https:\/\/yoast.com\/product\/yoast-seo-premium-wordpress\/ -->\n<title>Sebra babynest In the Sky - bl\u00e5 - Babylove Norska<\/title>\n<meta name=\"robots\" content=\"noindex, follow, max-snippet:-1, max-image-preview:large, max-video-preview:-1\" \/>\n<meta property=\"og:locale\" content=\"nb_NO\" \/>\n<meta property=\"og:type\" content=\"article\" \/>\n<meta property=\"og:title\" content=\"Sebra babynest In the Sky - bl\u00e5\" \/>\n<meta property=\"og:description\" content=\"Dette fine babynestet er en myk og koselig babyseng for din baby. Babynestet har dessuten et dekorativt skym\u00f8nster som gir et godt inntrykk i barnerommet. Et babynest fungerer som en trygg soveplass for barnet ved siden av eller mellom sine foreldre. Det fungerer ogs\u00e5 godt og trygt i barnets sprinkelseng og er en god og [&hellip;]\" \/>\n<meta property=\"og:url\" content=\"https:\/\/babylove.se\/no\/produkt\/sebra-babynest-in-the-sky-bla\/\" \/>\n<meta property=\"og:site_name\" content=\"Babylove Norska\" \/>\n<meta property=\"article:modified_time\" content=\"2026-04-08T07:06:05+00:00\" \/>\n<meta property=\"og:image\" content=\"https:\/\/babylove.se\/no\/wp-content\/uploads\/sites\/3\/2025\/07\/59a55bb1368e1.jpeg\" \/>\n\t<meta property=\"og:image:width\" content=\"700\" \/>\n\t<meta property=\"og:image:height\" content=\"700\" \/>\n\t<meta property=\"og:image:type\" content=\"image\/jpeg\" \/>\n<meta name=\"twitter:card\" content=\"summary_large_image\" \/>\n<meta name=\"twitter:label1\" content=\"Price\" \/>\n\t<meta name=\"twitter:data1\" content=\"799,00&nbsp;&#107;&#114;\" \/>\n\t<meta name=\"twitter:label2\" content=\"Availability\" \/>\n\t<meta name=\"twitter:data2\" content=\"In stock\" \/>\n<script type=\"application\/ld+json\" class=\"yoast-schema-graph\">{\"@context\":\"https:\/\/schema.org\",\"@graph\":[{\"@type\":\"WebPage\",\"@id\":\"https:\/\/babylove.se\/no\/produkt\/sebra-babynest-in-the-sky-bla\/\",\"url\":\"https:\/\/babylove.se\/no\/produkt\/sebra-babynest-in-the-sky-bla\/\",\"name\":\"Sebra babynest In the Sky - bl\u00e5 - Babylove Norska\",\"isPartOf\":{\"@id\":\"https:\/\/babylove.se\/no\/#website\"},\"primaryImageOfPage\":{\"@id\":\"https:\/\/babylove.se\/no\/produkt\/sebra-babynest-in-the-sky-bla\/#primaryimage\"},\"image\":{\"@id\":\"https:\/\/babylove.se\/no\/produkt\/sebra-babynest-in-the-sky-bla\/#primaryimage\"},\"thumbnailUrl\":\"https:\/\/babylove.se\/no\/wp-content\/uploads\/sites\/3\/2025\/07\/59a55bb1368e1.jpeg\",\"datePublished\":\"2025-07-18T19:20:49+00:00\",\"dateModified\":\"2026-04-08T07:06:05+00:00\",\"breadcrumb\":{\"@id\":\"https:\/\/babylove.se\/no\/produkt\/sebra-babynest-in-the-sky-bla\/#breadcrumb\"},\"inLanguage\":\"nb-NO\",\"potentialAction\":[{\"@type\":\"ReadAction\",\"target\":[\"https:\/\/babylove.se\/no\/produkt\/sebra-babynest-in-the-sky-bla\/\"]}]},{\"@type\":\"ImageObject\",\"inLanguage\":\"nb-NO\",\"@id\":\"https:\/\/babylove.se\/no\/produkt\/sebra-babynest-in-the-sky-bla\/#primaryimage\",\"url\":\"https:\/\/babylove.se\/no\/wp-content\/uploads\/sites\/3\/2025\/07\/59a55bb1368e1.jpeg\",\"contentUrl\":\"https:\/\/babylove.se\/no\/wp-content\/uploads\/sites\/3\/2025\/07\/59a55bb1368e1.jpeg\",\"width\":700,\"height\":700},{\"@type\":\"BreadcrumbList\",\"@id\":\"https:\/\/babylove.se\/no\/produkt\/sebra-babynest-in-the-sky-bla\/#breadcrumb\",\"itemListElement\":[{\"@type\":\"ListItem\",\"position\":1,\"name\":\"Hem\",\"item\":\"https:\/\/babylove.se\/no\/\"},{\"@type\":\"ListItem\",\"position\":2,\"name\":\"Butik\",\"item\":\"https:\/\/babylove.se\/no\/butik\/\"},{\"@type\":\"ListItem\",\"position\":3,\"name\":\"Sebra babynest In the Sky &#8211; bl\u00e5\"}]},{\"@type\":\"WebSite\",\"@id\":\"https:\/\/babylove.se\/no\/#website\",\"url\":\"https:\/\/babylove.se\/no\/\",\"name\":\"Babylove Norska\",\"description\":\"\",\"potentialAction\":[{\"@type\":\"SearchAction\",\"target\":{\"@type\":\"EntryPoint\",\"urlTemplate\":\"https:\/\/babylove.se\/no\/?s={search_term_string}\"},\"query-input\":{\"@type\":\"PropertyValueSpecification\",\"valueRequired\":true,\"valueName\":\"search_term_string\"}}],\"inLanguage\":\"nb-NO\"}]}<\/script>\n<meta property=\"product:brand\" content=\"Sebra\" \/>\n<meta property=\"product:price:amount\" content=\"799.00\" \/>\n<meta property=\"product:price:currency\" content=\"SEK\" \/>\n<meta property=\"og:availability\" content=\"instock\" \/>\n<meta property=\"product:availability\" content=\"instock\" \/>\n<meta property=\"product:retailer_item_id\" content=\"1355\" \/>\n<meta property=\"product:condition\" content=\"new\" \/>\n<!-- \/ Yoast SEO Premium plugin. -->","yoast_head_json":{"title":"Sebra babynest In the Sky - bl\u00e5 - Babylove Norska","robots":{"index":"noindex","follow":"follow","max-snippet":"max-snippet:-1","max-image-preview":"max-image-preview:large","max-video-preview":"max-video-preview:-1"},"og_locale":"nb_NO","og_type":"article","og_title":"Sebra babynest In the Sky - bl\u00e5","og_description":"Dette fine babynestet er en myk og koselig babyseng for din baby. Babynestet har dessuten et dekorativt skym\u00f8nster som gir et godt inntrykk i barnerommet. Et babynest fungerer som en trygg soveplass for barnet ved siden av eller mellom sine foreldre. Det fungerer ogs\u00e5 godt og trygt i barnets sprinkelseng og er en god og [&hellip;]","og_url":"https:\/\/babylove.se\/no\/produkt\/sebra-babynest-in-the-sky-bla\/","og_site_name":"Babylove Norska","article_modified_time":"2026-04-08T07:06:05+00:00","og_image":[{"width":700,"height":700,"url":"https:\/\/babylove.se\/no\/wp-content\/uploads\/sites\/3\/2025\/07\/59a55bb1368e1.jpeg","type":"image\/jpeg"}],"twitter_card":"summary_large_image","twitter_misc":{"Price":"799,00&nbsp;&#107;&#114;","Availability":"In stock"},"schema":{"@context":"https:\/\/schema.org","@graph":[{"@type":"WebPage","@id":"https:\/\/babylove.se\/no\/produkt\/sebra-babynest-in-the-sky-bla\/","url":"https:\/\/babylove.se\/no\/produkt\/sebra-babynest-in-the-sky-bla\/","name":"Sebra babynest In the Sky - bl\u00e5 - Babylove Norska","isPartOf":{"@id":"https:\/\/babylove.se\/no\/#website"},"primaryImageOfPage":{"@id":"https:\/\/babylove.se\/no\/produkt\/sebra-babynest-in-the-sky-bla\/#primaryimage"},"image":{"@id":"https:\/\/babylove.se\/no\/produkt\/sebra-babynest-in-the-sky-bla\/#primaryimage"},"thumbnailUrl":"https:\/\/babylove.se\/no\/wp-content\/uploads\/sites\/3\/2025\/07\/59a55bb1368e1.jpeg","datePublished":"2025-07-18T19:20:49+00:00","dateModified":"2026-04-08T07:06:05+00:00","breadcrumb":{"@id":"https:\/\/babylove.se\/no\/produkt\/sebra-babynest-in-the-sky-bla\/#breadcrumb"},"inLanguage":"nb-NO","potentialAction":[{"@type":"ReadAction","target":["https:\/\/babylove.se\/no\/produkt\/sebra-babynest-in-the-sky-bla\/"]}]},{"@type":"ImageObject","inLanguage":"nb-NO","@id":"https:\/\/babylove.se\/no\/produkt\/sebra-babynest-in-the-sky-bla\/#primaryimage","url":"https:\/\/babylove.se\/no\/wp-content\/uploads\/sites\/3\/2025\/07\/59a55bb1368e1.jpeg","contentUrl":"https:\/\/babylove.se\/no\/wp-content\/uploads\/sites\/3\/2025\/07\/59a55bb1368e1.jpeg","width":700,"height":700},{"@type":"BreadcrumbList","@id":"https:\/\/babylove.se\/no\/produkt\/sebra-babynest-in-the-sky-bla\/#breadcrumb","itemListElement":[{"@type":"ListItem","position":1,"name":"Hem","item":"https:\/\/babylove.se\/no\/"},{"@type":"ListItem","position":2,"name":"Butik","item":"https:\/\/babylove.se\/no\/butik\/"},{"@type":"ListItem","position":3,"name":"Sebra babynest In the Sky &#8211; bl\u00e5"}]},{"@type":"WebSite","@id":"https:\/\/babylove.se\/no\/#website","url":"https:\/\/babylove.se\/no\/","name":"Babylove Norska","description":"","potentialAction":[{"@type":"SearchAction","target":{"@type":"EntryPoint","urlTemplate":"https:\/\/babylove.se\/no\/?s={search_term_string}"},"query-input":{"@type":"PropertyValueSpecification","valueRequired":true,"valueName":"search_term_string"}}],"inLanguage":"nb-NO"}]},"product_brand":"Sebra","product_price_amount":"799.00","product_price_currency":"SEK","og_availability":"instock","product_availability":"instock","product_retailer_item_id":"1355","product_condition":"new"},"_links":{"self":[{"href":"https:\/\/babylove.se\/no\/wp-json\/wp\/v2\/product\/4203","targetHints":{"allow":["GET"]}}],"collection":[{"href":"https:\/\/babylove.se\/no\/wp-json\/wp\/v2\/product"}],"about":[{"href":"https:\/\/babylove.se\/no\/wp-json\/wp\/v2\/types\/product"}],"replies":[{"embeddable":true,"href":"https:\/\/babylove.se\/no\/wp-json\/wp\/v2\/comments?post=4203"}],"wp:featuredmedia":[{"embeddable":true,"href":"https:\/\/babylove.se\/no\/wp-json\/wp\/v2\/media\/4205"}],"wp:attachment":[{"href":"https:\/\/babylove.se\/no\/wp-json\/wp\/v2\/media?parent=4203"}],"wp:term":[{"taxonomy":"product_brand","embeddable":true,"href":"https:\/\/babylove.se\/no\/wp-json\/wp\/v2\/product_brand?post=4203"},{"taxonomy":"product_cat","embeddable":true,"href":"https:\/\/babylove.se\/no\/wp-json\/wp\/v2\/product_cat?post=4203"},{"taxonomy":"product_tag","embeddable":true,"href":"https:\/\/babylove.se\/no\/wp-json\/wp\/v2\/product_tag?post=4203"}],"curies":[{"name":"wp","href":"https:\/\/api.w.org\/{rel}","templated":true}]}}