{"id":4206,"date":"2025-07-18T20:20:49","date_gmt":"2025-07-18T19:20:49","guid":{"rendered":"https:\/\/babylove.se\/produkt\/guld-ogonfransar-vaggklistermarken\/"},"modified":"2026-04-08T08:06:08","modified_gmt":"2026-04-08T07:06:08","slug":"gull-oyenvipper-veggklistremerker","status":"publish","type":"product","link":"https:\/\/babylove.se\/no\/produkt\/gull-oyenvipper-veggklistremerker\/","title":{"rendered":"Gull \u00f8yevipper veggklistremerker"},"content":{"rendered":"<p>Selv sm\u00e5 veggklistremerker kan gi rommet en helt ny form, og det gjelder ikke bare barnerommet. <span style=\"line-height: 18.2px;\">Veggklistremerkene er veldig enkle \u00e5 sette opp p\u00e5 veggen, de avgir ingen skygge og l\u00f8sner enkelt om man vil ta dem bort. Fantastisk smidige og fine veggdekorasjoner for \u00e5 innrede barnerommet.<\/span><\/p>\n<p><strong>Materialet<\/strong>: Vinyl. Hver pakke inneholder 2 stk veggklistremerker.<\/p>\n<p><strong>St\u00f8rrelse<\/strong>: Hver \u00f8yevippe 13 cm x 9 cm.<\/p>\n<p>Designer: <a href=\"https:\/\/babylove.se\/varumarken\/babylove\">Babylove<\/a><\/p>\n","protected":false},"excerpt":{"rendered":"<p>Selv sm\u00e5 veggklistremerker kan gi rommet en helt ny form, og det gjelder ikke bare barnerommet. Veggklistremerkene er veldig enkle \u00e5 sette opp p\u00e5 veggen, de avgir ingen skygge og l\u00f8sner enkelt om man vil ta dem bort. Fantastisk smidige og fine veggdekorasjoner for \u00e5 innrede barnerommet. Materialet: Vinyl. Hver pakke inneholder 2 stk veggklistremerker. [&hellip;]<\/p>\n","protected":false},"featured_media":4208,"comment_status":"closed","ping_status":"open","template":"","meta":{"_acf_changed":false},"product_brand":[22],"product_cat":[84,25,29,24],"product_tag":[1709],"class_list":{"0":"post-4206","1":"product","2":"type-product","3":"status-publish","4":"has-post-thumbnail","6":"product_brand-babylove","7":"product_cat-babylove","8":"product_cat-ikke-bare-jenter","9":"product_cat-veggdekorasjoner","10":"product_cat-veggklistremerker","11":"product_tag-utforsalg","13":"first","14":"instock","15":"taxable","16":"shipping-taxable","17":"purchasable","18":"product-type-simple"},"acf":[],"yoast_head":"<!-- This site is optimized with the Yoast SEO Premium plugin v25.8 (Yoast SEO v27.2) - https:\/\/yoast.com\/product\/yoast-seo-premium-wordpress\/ -->\n<title>\u00d6gonfransar v\u00e4ggklisterm\u00e4rken - Snabb leverans<\/title>\n<meta name=\"description\" content=\"Orginella v\u00e4ggdekorationer till barnrummet i olika former. \u00c4ven sm\u00e5 v\u00e4ggklisterm\u00e4rken kan ge rummet en helt ny form, och det g\u00e4ller inte bara barnrummet.\" \/>\n<meta name=\"robots\" content=\"noindex, follow, max-snippet:-1, max-image-preview:large, max-video-preview:-1\" \/>\n<meta property=\"og:locale\" content=\"nb_NO\" \/>\n<meta property=\"og:type\" content=\"article\" \/>\n<meta property=\"og:title\" content=\"Gull \u00f8yevipper veggklistremerker\" \/>\n<meta property=\"og:description\" content=\"Orginella v\u00e4ggdekorationer till barnrummet i olika former. \u00c4ven sm\u00e5 v\u00e4ggklisterm\u00e4rken kan ge rummet en helt ny form, och det g\u00e4ller inte bara barnrummet.\" \/>\n<meta property=\"og:url\" content=\"https:\/\/babylove.se\/no\/produkt\/gull-oyenvipper-veggklistremerker\/\" \/>\n<meta property=\"og:site_name\" content=\"Babylove Norska\" \/>\n<meta property=\"article:modified_time\" content=\"2026-04-08T07:06:08+00:00\" \/>\n<meta property=\"og:image\" content=\"https:\/\/babylove.se\/no\/wp-content\/uploads\/sites\/3\/2025\/07\/59b3a96008537.jpeg\" \/>\n\t<meta property=\"og:image:width\" content=\"750\" \/>\n\t<meta property=\"og:image:height\" content=\"750\" \/>\n\t<meta property=\"og:image:type\" content=\"image\/jpeg\" \/>\n<meta name=\"twitter:card\" content=\"summary_large_image\" \/>\n<meta name=\"twitter:label1\" content=\"Price\" \/>\n\t<meta name=\"twitter:data1\" content=\"79,00&nbsp;&#107;&#114;\" \/>\n\t<meta name=\"twitter:label2\" content=\"Availability\" \/>\n\t<meta name=\"twitter:data2\" content=\"In stock\" \/>\n<script type=\"application\/ld+json\" class=\"yoast-schema-graph\">{\"@context\":\"https:\/\/schema.org\",\"@graph\":[{\"@type\":\"WebPage\",\"@id\":\"https:\/\/babylove.se\/no\/produkt\/gull-oyenvipper-veggklistremerker\/\",\"url\":\"https:\/\/babylove.se\/no\/produkt\/gull-oyenvipper-veggklistremerker\/\",\"name\":\"\u00d6gonfransar v\u00e4ggklisterm\u00e4rken - Snabb leverans\",\"isPartOf\":{\"@id\":\"https:\/\/babylove.se\/no\/#website\"},\"primaryImageOfPage\":{\"@id\":\"https:\/\/babylove.se\/no\/produkt\/gull-oyenvipper-veggklistremerker\/#primaryimage\"},\"image\":{\"@id\":\"https:\/\/babylove.se\/no\/produkt\/gull-oyenvipper-veggklistremerker\/#primaryimage\"},\"thumbnailUrl\":\"https:\/\/babylove.se\/no\/wp-content\/uploads\/sites\/3\/2025\/07\/59b3a96008537.jpeg\",\"datePublished\":\"2025-07-18T19:20:49+00:00\",\"dateModified\":\"2026-04-08T07:06:08+00:00\",\"description\":\"Orginella v\u00e4ggdekorationer till barnrummet i olika former. \u00c4ven sm\u00e5 v\u00e4ggklisterm\u00e4rken kan ge rummet en helt ny form, och det g\u00e4ller inte bara barnrummet.\",\"breadcrumb\":{\"@id\":\"https:\/\/babylove.se\/no\/produkt\/gull-oyenvipper-veggklistremerker\/#breadcrumb\"},\"inLanguage\":\"nb-NO\",\"potentialAction\":[{\"@type\":\"ReadAction\",\"target\":[\"https:\/\/babylove.se\/no\/produkt\/gull-oyenvipper-veggklistremerker\/\"]}]},{\"@type\":\"ImageObject\",\"inLanguage\":\"nb-NO\",\"@id\":\"https:\/\/babylove.se\/no\/produkt\/gull-oyenvipper-veggklistremerker\/#primaryimage\",\"url\":\"https:\/\/babylove.se\/no\/wp-content\/uploads\/sites\/3\/2025\/07\/59b3a96008537.jpeg\",\"contentUrl\":\"https:\/\/babylove.se\/no\/wp-content\/uploads\/sites\/3\/2025\/07\/59b3a96008537.jpeg\",\"width\":750,\"height\":750},{\"@type\":\"BreadcrumbList\",\"@id\":\"https:\/\/babylove.se\/no\/produkt\/gull-oyenvipper-veggklistremerker\/#breadcrumb\",\"itemListElement\":[{\"@type\":\"ListItem\",\"position\":1,\"name\":\"Hem\",\"item\":\"https:\/\/babylove.se\/no\/\"},{\"@type\":\"ListItem\",\"position\":2,\"name\":\"Butik\",\"item\":\"https:\/\/babylove.se\/no\/butik\/\"},{\"@type\":\"ListItem\",\"position\":3,\"name\":\"Gull \u00f8yevipper veggklistremerker\"}]},{\"@type\":\"WebSite\",\"@id\":\"https:\/\/babylove.se\/no\/#website\",\"url\":\"https:\/\/babylove.se\/no\/\",\"name\":\"Babylove Norska\",\"description\":\"\",\"potentialAction\":[{\"@type\":\"SearchAction\",\"target\":{\"@type\":\"EntryPoint\",\"urlTemplate\":\"https:\/\/babylove.se\/no\/?s={search_term_string}\"},\"query-input\":{\"@type\":\"PropertyValueSpecification\",\"valueRequired\":true,\"valueName\":\"search_term_string\"}}],\"inLanguage\":\"nb-NO\"}]}<\/script>\n<meta property=\"product:brand\" content=\"Babylove\" \/>\n<meta property=\"product:price:amount\" content=\"79.00\" \/>\n<meta property=\"product:price:currency\" content=\"SEK\" \/>\n<meta property=\"og:availability\" content=\"instock\" \/>\n<meta property=\"product:availability\" content=\"instock\" \/>\n<meta property=\"product:retailer_item_id\" content=\"DD00001929\" \/>\n<meta property=\"product:condition\" content=\"new\" \/>\n<!-- \/ Yoast SEO Premium plugin. -->","yoast_head_json":{"title":"\u00d6gonfransar v\u00e4ggklisterm\u00e4rken - Snabb leverans","description":"Orginella v\u00e4ggdekorationer till barnrummet i olika former. \u00c4ven sm\u00e5 v\u00e4ggklisterm\u00e4rken kan ge rummet en helt ny form, och det g\u00e4ller inte bara barnrummet.","robots":{"index":"noindex","follow":"follow","max-snippet":"max-snippet:-1","max-image-preview":"max-image-preview:large","max-video-preview":"max-video-preview:-1"},"og_locale":"nb_NO","og_type":"article","og_title":"Gull \u00f8yevipper veggklistremerker","og_description":"Orginella v\u00e4ggdekorationer till barnrummet i olika former. \u00c4ven sm\u00e5 v\u00e4ggklisterm\u00e4rken kan ge rummet en helt ny form, och det g\u00e4ller inte bara barnrummet.","og_url":"https:\/\/babylove.se\/no\/produkt\/gull-oyenvipper-veggklistremerker\/","og_site_name":"Babylove Norska","article_modified_time":"2026-04-08T07:06:08+00:00","og_image":[{"width":750,"height":750,"url":"https:\/\/babylove.se\/no\/wp-content\/uploads\/sites\/3\/2025\/07\/59b3a96008537.jpeg","type":"image\/jpeg"}],"twitter_card":"summary_large_image","twitter_misc":{"Price":"79,00&nbsp;&#107;&#114;","Availability":"In stock"},"schema":{"@context":"https:\/\/schema.org","@graph":[{"@type":"WebPage","@id":"https:\/\/babylove.se\/no\/produkt\/gull-oyenvipper-veggklistremerker\/","url":"https:\/\/babylove.se\/no\/produkt\/gull-oyenvipper-veggklistremerker\/","name":"\u00d6gonfransar v\u00e4ggklisterm\u00e4rken - Snabb leverans","isPartOf":{"@id":"https:\/\/babylove.se\/no\/#website"},"primaryImageOfPage":{"@id":"https:\/\/babylove.se\/no\/produkt\/gull-oyenvipper-veggklistremerker\/#primaryimage"},"image":{"@id":"https:\/\/babylove.se\/no\/produkt\/gull-oyenvipper-veggklistremerker\/#primaryimage"},"thumbnailUrl":"https:\/\/babylove.se\/no\/wp-content\/uploads\/sites\/3\/2025\/07\/59b3a96008537.jpeg","datePublished":"2025-07-18T19:20:49+00:00","dateModified":"2026-04-08T07:06:08+00:00","description":"Orginella v\u00e4ggdekorationer till barnrummet i olika former. \u00c4ven sm\u00e5 v\u00e4ggklisterm\u00e4rken kan ge rummet en helt ny form, och det g\u00e4ller inte bara barnrummet.","breadcrumb":{"@id":"https:\/\/babylove.se\/no\/produkt\/gull-oyenvipper-veggklistremerker\/#breadcrumb"},"inLanguage":"nb-NO","potentialAction":[{"@type":"ReadAction","target":["https:\/\/babylove.se\/no\/produkt\/gull-oyenvipper-veggklistremerker\/"]}]},{"@type":"ImageObject","inLanguage":"nb-NO","@id":"https:\/\/babylove.se\/no\/produkt\/gull-oyenvipper-veggklistremerker\/#primaryimage","url":"https:\/\/babylove.se\/no\/wp-content\/uploads\/sites\/3\/2025\/07\/59b3a96008537.jpeg","contentUrl":"https:\/\/babylove.se\/no\/wp-content\/uploads\/sites\/3\/2025\/07\/59b3a96008537.jpeg","width":750,"height":750},{"@type":"BreadcrumbList","@id":"https:\/\/babylove.se\/no\/produkt\/gull-oyenvipper-veggklistremerker\/#breadcrumb","itemListElement":[{"@type":"ListItem","position":1,"name":"Hem","item":"https:\/\/babylove.se\/no\/"},{"@type":"ListItem","position":2,"name":"Butik","item":"https:\/\/babylove.se\/no\/butik\/"},{"@type":"ListItem","position":3,"name":"Gull \u00f8yevipper veggklistremerker"}]},{"@type":"WebSite","@id":"https:\/\/babylove.se\/no\/#website","url":"https:\/\/babylove.se\/no\/","name":"Babylove Norska","description":"","potentialAction":[{"@type":"SearchAction","target":{"@type":"EntryPoint","urlTemplate":"https:\/\/babylove.se\/no\/?s={search_term_string}"},"query-input":{"@type":"PropertyValueSpecification","valueRequired":true,"valueName":"search_term_string"}}],"inLanguage":"nb-NO"}]},"product_brand":"Babylove","product_price_amount":"79.00","product_price_currency":"SEK","og_availability":"instock","product_availability":"instock","product_retailer_item_id":"DD00001929","product_condition":"new"},"_links":{"self":[{"href":"https:\/\/babylove.se\/no\/wp-json\/wp\/v2\/product\/4206","targetHints":{"allow":["GET"]}}],"collection":[{"href":"https:\/\/babylove.se\/no\/wp-json\/wp\/v2\/product"}],"about":[{"href":"https:\/\/babylove.se\/no\/wp-json\/wp\/v2\/types\/product"}],"replies":[{"embeddable":true,"href":"https:\/\/babylove.se\/no\/wp-json\/wp\/v2\/comments?post=4206"}],"wp:featuredmedia":[{"embeddable":true,"href":"https:\/\/babylove.se\/no\/wp-json\/wp\/v2\/media\/4208"}],"wp:attachment":[{"href":"https:\/\/babylove.se\/no\/wp-json\/wp\/v2\/media?parent=4206"}],"wp:term":[{"taxonomy":"product_brand","embeddable":true,"href":"https:\/\/babylove.se\/no\/wp-json\/wp\/v2\/product_brand?post=4206"},{"taxonomy":"product_cat","embeddable":true,"href":"https:\/\/babylove.se\/no\/wp-json\/wp\/v2\/product_cat?post=4206"},{"taxonomy":"product_tag","embeddable":true,"href":"https:\/\/babylove.se\/no\/wp-json\/wp\/v2\/product_tag?post=4206"}],"curies":[{"name":"wp","href":"https:\/\/api.w.org\/{rel}","templated":true}]}}