{"id":4209,"date":"2025-07-18T20:20:49","date_gmt":"2025-07-18T19:20:49","guid":{"rendered":"https:\/\/babylove.se\/produkt\/parlsammetsfilt-vanilla-white-elodie-details\/"},"modified":"2026-04-08T08:06:11","modified_gmt":"2026-04-08T07:06:11","slug":"parlsammetsfilt-vanilla-white-elodie-details","status":"publish","type":"product","link":"https:\/\/babylove.se\/no\/produkt\/parlsammetsfilt-vanilla-white-elodie-details\/","title":{"rendered":"Perlesamtfilt &#8211; Vanilla White, Elodie Details"},"content":{"rendered":"<p>Direkte fra Elodies nye kolleksjon \u00abescape the ordinary\u00bb<\/p>\n<p>Et teppe laget i absolutt h\u00f8yeste kvalitet med doble lag av fineste perlesammet. Et kvalitetsprodukt gjennom og gjennom, fra svenske Elodie Details. Perlesammetet er et perfekt materiale for v\u00e5re sm\u00e5rollinger, det er fuktabsorberende samtidig som det varmer og er enkelt \u00e5 holde rent. Dette teppet kan maskinvaskes gang etter gang uten at det mister noe av sin mykheten. Dette er et teppe \u00e5 beholde i mange \u00e5r framover. Dessuten er det meget vakkert \u00e5 se p\u00e5, som en liten bonus!<\/p>\n<p><strong>St\u00f8rrelse:<\/strong> 75 x 100 cm<br \/><strong>Materiale<\/strong>: 100% Polyester<\/p>\n<p>Designer: <a href=\"https:\/\/babylove.se\/varumarken\/elodie-details\"><u>Elodie Details<\/u><\/a><\/p>\n","protected":false},"excerpt":{"rendered":"<p>Direkte fra Elodies nye kolleksjon \u00abescape the ordinary\u00bb Et teppe laget i absolutt h\u00f8yeste kvalitet med doble lag av fineste perlesammet. Et kvalitetsprodukt gjennom og gjennom, fra svenske Elodie Details. Perlesammetet er et perfekt materiale for v\u00e5re sm\u00e5rollinger, det er fuktabsorberende samtidig som det varmer og er enkelt \u00e5 holde rent. Dette teppet kan maskinvaskes [&hellip;]<\/p>\n","protected":false},"featured_media":4211,"comment_status":"closed","ping_status":"open","template":"","meta":{"_acf_changed":false},"product_brand":[174],"product_cat":[42,70,175,118,26,25,200],"product_tag":[],"class_list":{"0":"post-4209","1":"product","2":"type-product","3":"status-publish","4":"has-post-thumbnail","6":"product_brand-elodie-details","7":"product_cat-babyteppe","8":"product_cat-gaver","9":"product_cat-elodie-details","10":"product_cat-vert","11":"product_cat-kjop-produkter-som-ikke-bare-er-for-gutter","12":"product_cat-ikke-bare-jenter","13":"product_cat-floyel","15":"first","16":"outofstock","17":"taxable","18":"shipping-taxable","19":"purchasable","20":"product-type-simple"},"acf":[],"yoast_head":"<!-- This site is optimized with the Yoast SEO Premium plugin v25.8 (Yoast SEO v27.2) - https:\/\/yoast.com\/product\/yoast-seo-premium-wordpress\/ -->\n<title>Perlesamtfilt - Vanilla White, Elodie Details - Babylove Norska<\/title>\n<meta name=\"description\" content=\"En filt gjord i absolut h\u00f6gsta kvalitet med dubbla lager av finaste p\u00e4rlsammet. En kvalitetsprodukt rakt igenom, fr\u00e5n svenska Elodie Details.\" \/>\n<meta name=\"robots\" content=\"noindex, follow, max-snippet:-1, max-image-preview:large, max-video-preview:-1\" \/>\n<meta property=\"og:locale\" content=\"nb_NO\" \/>\n<meta property=\"og:type\" content=\"article\" \/>\n<meta property=\"og:title\" content=\"Perlesamtfilt - Vanilla White, Elodie Details\" \/>\n<meta property=\"og:description\" content=\"En filt gjord i absolut h\u00f6gsta kvalitet med dubbla lager av finaste p\u00e4rlsammet. En kvalitetsprodukt rakt igenom, fr\u00e5n svenska Elodie Details.\" \/>\n<meta property=\"og:url\" content=\"https:\/\/babylove.se\/no\/produkt\/parlsammetsfilt-vanilla-white-elodie-details\/\" \/>\n<meta property=\"og:site_name\" content=\"Babylove Norska\" \/>\n<meta property=\"article:modified_time\" content=\"2026-04-08T07:06:11+00:00\" \/>\n<meta property=\"og:image\" content=\"https:\/\/babylove.se\/no\/wp-content\/uploads\/sites\/3\/2025\/07\/59a93861a73d4.jpeg\" \/>\n\t<meta property=\"og:image:width\" content=\"449\" \/>\n\t<meta property=\"og:image:height\" content=\"677\" \/>\n\t<meta property=\"og:image:type\" content=\"image\/jpeg\" \/>\n<meta name=\"twitter:card\" content=\"summary_large_image\" \/>\n<meta name=\"twitter:label1\" content=\"Price\" \/>\n\t<meta name=\"twitter:data1\" content=\"399,00&nbsp;&#107;&#114;\" \/>\n\t<meta name=\"twitter:label2\" content=\"Availability\" \/>\n\t<meta name=\"twitter:data2\" content=\"Out of stock\" \/>\n<script type=\"application\/ld+json\" class=\"yoast-schema-graph\">{\"@context\":\"https:\/\/schema.org\",\"@graph\":[{\"@type\":\"WebPage\",\"@id\":\"https:\/\/babylove.se\/no\/produkt\/parlsammetsfilt-vanilla-white-elodie-details\/\",\"url\":\"https:\/\/babylove.se\/no\/produkt\/parlsammetsfilt-vanilla-white-elodie-details\/\",\"name\":\"Perlesamtfilt - Vanilla White, Elodie Details - Babylove Norska\",\"isPartOf\":{\"@id\":\"https:\/\/babylove.se\/no\/#website\"},\"primaryImageOfPage\":{\"@id\":\"https:\/\/babylove.se\/no\/produkt\/parlsammetsfilt-vanilla-white-elodie-details\/#primaryimage\"},\"image\":{\"@id\":\"https:\/\/babylove.se\/no\/produkt\/parlsammetsfilt-vanilla-white-elodie-details\/#primaryimage\"},\"thumbnailUrl\":\"https:\/\/babylove.se\/no\/wp-content\/uploads\/sites\/3\/2025\/07\/59a93861a73d4.jpeg\",\"datePublished\":\"2025-07-18T19:20:49+00:00\",\"dateModified\":\"2026-04-08T07:06:11+00:00\",\"description\":\"En filt gjord i absolut h\u00f6gsta kvalitet med dubbla lager av finaste p\u00e4rlsammet. En kvalitetsprodukt rakt igenom, fr\u00e5n svenska Elodie Details.\",\"breadcrumb\":{\"@id\":\"https:\/\/babylove.se\/no\/produkt\/parlsammetsfilt-vanilla-white-elodie-details\/#breadcrumb\"},\"inLanguage\":\"nb-NO\",\"potentialAction\":[{\"@type\":\"ReadAction\",\"target\":[\"https:\/\/babylove.se\/no\/produkt\/parlsammetsfilt-vanilla-white-elodie-details\/\"]}]},{\"@type\":\"ImageObject\",\"inLanguage\":\"nb-NO\",\"@id\":\"https:\/\/babylove.se\/no\/produkt\/parlsammetsfilt-vanilla-white-elodie-details\/#primaryimage\",\"url\":\"https:\/\/babylove.se\/no\/wp-content\/uploads\/sites\/3\/2025\/07\/59a93861a73d4.jpeg\",\"contentUrl\":\"https:\/\/babylove.se\/no\/wp-content\/uploads\/sites\/3\/2025\/07\/59a93861a73d4.jpeg\",\"width\":449,\"height\":677},{\"@type\":\"BreadcrumbList\",\"@id\":\"https:\/\/babylove.se\/no\/produkt\/parlsammetsfilt-vanilla-white-elodie-details\/#breadcrumb\",\"itemListElement\":[{\"@type\":\"ListItem\",\"position\":1,\"name\":\"Hem\",\"item\":\"https:\/\/babylove.se\/no\/\"},{\"@type\":\"ListItem\",\"position\":2,\"name\":\"Butik\",\"item\":\"https:\/\/babylove.se\/no\/butik\/\"},{\"@type\":\"ListItem\",\"position\":3,\"name\":\"Perlesamtfilt &#8211; Vanilla White, Elodie Details\"}]},{\"@type\":\"WebSite\",\"@id\":\"https:\/\/babylove.se\/no\/#website\",\"url\":\"https:\/\/babylove.se\/no\/\",\"name\":\"Babylove Norska\",\"description\":\"\",\"potentialAction\":[{\"@type\":\"SearchAction\",\"target\":{\"@type\":\"EntryPoint\",\"urlTemplate\":\"https:\/\/babylove.se\/no\/?s={search_term_string}\"},\"query-input\":{\"@type\":\"PropertyValueSpecification\",\"valueRequired\":true,\"valueName\":\"search_term_string\"}}],\"inLanguage\":\"nb-NO\"}]}<\/script>\n<meta property=\"product:brand\" content=\"Elodie Details\" \/>\n<meta property=\"product:price:amount\" content=\"399.00\" \/>\n<meta property=\"product:price:currency\" content=\"SEK\" \/>\n<meta property=\"og:availability\" content=\"out of stock\" \/>\n<meta property=\"product:availability\" content=\"out of stock\" \/>\n<meta property=\"product:retailer_item_id\" content=\"1364\" \/>\n<meta property=\"product:condition\" content=\"new\" \/>\n<!-- \/ Yoast SEO Premium plugin. -->","yoast_head_json":{"title":"Perlesamtfilt - Vanilla White, Elodie Details - Babylove Norska","description":"En filt gjord i absolut h\u00f6gsta kvalitet med dubbla lager av finaste p\u00e4rlsammet. En kvalitetsprodukt rakt igenom, fr\u00e5n svenska Elodie Details.","robots":{"index":"noindex","follow":"follow","max-snippet":"max-snippet:-1","max-image-preview":"max-image-preview:large","max-video-preview":"max-video-preview:-1"},"og_locale":"nb_NO","og_type":"article","og_title":"Perlesamtfilt - Vanilla White, Elodie Details","og_description":"En filt gjord i absolut h\u00f6gsta kvalitet med dubbla lager av finaste p\u00e4rlsammet. En kvalitetsprodukt rakt igenom, fr\u00e5n svenska Elodie Details.","og_url":"https:\/\/babylove.se\/no\/produkt\/parlsammetsfilt-vanilla-white-elodie-details\/","og_site_name":"Babylove Norska","article_modified_time":"2026-04-08T07:06:11+00:00","og_image":[{"width":449,"height":677,"url":"https:\/\/babylove.se\/no\/wp-content\/uploads\/sites\/3\/2025\/07\/59a93861a73d4.jpeg","type":"image\/jpeg"}],"twitter_card":"summary_large_image","twitter_misc":{"Price":"399,00&nbsp;&#107;&#114;","Availability":"Out of stock"},"schema":{"@context":"https:\/\/schema.org","@graph":[{"@type":"WebPage","@id":"https:\/\/babylove.se\/no\/produkt\/parlsammetsfilt-vanilla-white-elodie-details\/","url":"https:\/\/babylove.se\/no\/produkt\/parlsammetsfilt-vanilla-white-elodie-details\/","name":"Perlesamtfilt - Vanilla White, Elodie Details - Babylove Norska","isPartOf":{"@id":"https:\/\/babylove.se\/no\/#website"},"primaryImageOfPage":{"@id":"https:\/\/babylove.se\/no\/produkt\/parlsammetsfilt-vanilla-white-elodie-details\/#primaryimage"},"image":{"@id":"https:\/\/babylove.se\/no\/produkt\/parlsammetsfilt-vanilla-white-elodie-details\/#primaryimage"},"thumbnailUrl":"https:\/\/babylove.se\/no\/wp-content\/uploads\/sites\/3\/2025\/07\/59a93861a73d4.jpeg","datePublished":"2025-07-18T19:20:49+00:00","dateModified":"2026-04-08T07:06:11+00:00","description":"En filt gjord i absolut h\u00f6gsta kvalitet med dubbla lager av finaste p\u00e4rlsammet. En kvalitetsprodukt rakt igenom, fr\u00e5n svenska Elodie Details.","breadcrumb":{"@id":"https:\/\/babylove.se\/no\/produkt\/parlsammetsfilt-vanilla-white-elodie-details\/#breadcrumb"},"inLanguage":"nb-NO","potentialAction":[{"@type":"ReadAction","target":["https:\/\/babylove.se\/no\/produkt\/parlsammetsfilt-vanilla-white-elodie-details\/"]}]},{"@type":"ImageObject","inLanguage":"nb-NO","@id":"https:\/\/babylove.se\/no\/produkt\/parlsammetsfilt-vanilla-white-elodie-details\/#primaryimage","url":"https:\/\/babylove.se\/no\/wp-content\/uploads\/sites\/3\/2025\/07\/59a93861a73d4.jpeg","contentUrl":"https:\/\/babylove.se\/no\/wp-content\/uploads\/sites\/3\/2025\/07\/59a93861a73d4.jpeg","width":449,"height":677},{"@type":"BreadcrumbList","@id":"https:\/\/babylove.se\/no\/produkt\/parlsammetsfilt-vanilla-white-elodie-details\/#breadcrumb","itemListElement":[{"@type":"ListItem","position":1,"name":"Hem","item":"https:\/\/babylove.se\/no\/"},{"@type":"ListItem","position":2,"name":"Butik","item":"https:\/\/babylove.se\/no\/butik\/"},{"@type":"ListItem","position":3,"name":"Perlesamtfilt &#8211; Vanilla White, Elodie Details"}]},{"@type":"WebSite","@id":"https:\/\/babylove.se\/no\/#website","url":"https:\/\/babylove.se\/no\/","name":"Babylove Norska","description":"","potentialAction":[{"@type":"SearchAction","target":{"@type":"EntryPoint","urlTemplate":"https:\/\/babylove.se\/no\/?s={search_term_string}"},"query-input":{"@type":"PropertyValueSpecification","valueRequired":true,"valueName":"search_term_string"}}],"inLanguage":"nb-NO"}]},"product_brand":"Elodie Details","product_price_amount":"399.00","product_price_currency":"SEK","og_availability":"out of stock","product_availability":"out of stock","product_retailer_item_id":"1364","product_condition":"new"},"_links":{"self":[{"href":"https:\/\/babylove.se\/no\/wp-json\/wp\/v2\/product\/4209","targetHints":{"allow":["GET"]}}],"collection":[{"href":"https:\/\/babylove.se\/no\/wp-json\/wp\/v2\/product"}],"about":[{"href":"https:\/\/babylove.se\/no\/wp-json\/wp\/v2\/types\/product"}],"replies":[{"embeddable":true,"href":"https:\/\/babylove.se\/no\/wp-json\/wp\/v2\/comments?post=4209"}],"wp:featuredmedia":[{"embeddable":true,"href":"https:\/\/babylove.se\/no\/wp-json\/wp\/v2\/media\/4211"}],"wp:attachment":[{"href":"https:\/\/babylove.se\/no\/wp-json\/wp\/v2\/media?parent=4209"}],"wp:term":[{"taxonomy":"product_brand","embeddable":true,"href":"https:\/\/babylove.se\/no\/wp-json\/wp\/v2\/product_brand?post=4209"},{"taxonomy":"product_cat","embeddable":true,"href":"https:\/\/babylove.se\/no\/wp-json\/wp\/v2\/product_cat?post=4209"},{"taxonomy":"product_tag","embeddable":true,"href":"https:\/\/babylove.se\/no\/wp-json\/wp\/v2\/product_tag?post=4209"}],"curies":[{"name":"wp","href":"https:\/\/api.w.org\/{rel}","templated":true}]}}