{"id":4214,"date":"2025-07-18T20:20:49","date_gmt":"2025-07-18T19:20:49","guid":{"rendered":"https:\/\/babylove.se\/produkt\/parlsammetsfilt-plum-love-elodie-details\/"},"modified":"2026-04-08T08:06:13","modified_gmt":"2026-04-08T07:06:13","slug":"parlsammetsfilt-plum-love-elodie-details","status":"publish","type":"product","link":"https:\/\/babylove.se\/no\/produkt\/parlsammetsfilt-plum-love-elodie-details\/","title":{"rendered":"Perlesamtsfilt &#8211; Plum Love, Elodie Details"},"content":{"rendered":"<p>Direkte fra Elodies nye kolleksjon &#8220;escape the ordinary&#8221;<\/p>\n<p>Et teppe laget i absolutt h\u00f8yeste kvalitet med doble lag av fineste perlefl\u00f8yel. Et kvalitetsprodukt helt igjennom, fra svenske Elodie Details. Perlefl\u00f8yelen er et perfekt materiale for v\u00e5re sm\u00e5rollinger, det er fuktabsorberende samtidig som det varmer og er enkelt \u00e5 holde rent. Dette teppet kan maskinvaskes gang etter gang uten at det mister noe av sin mykheten. Dette er et teppe \u00e5 beholde i mange \u00e5r fremover. Dessuten er det meget vakkert \u00e5 se p\u00e5, som en liten bonus!<\/p>\n<p><strong>St\u00f8rrelse:<\/strong> 75 x 100 cm<br \/><strong>Materiale<\/strong>: 100% Polyester<\/p>\n<p>Designer: <a href=\"https:\/\/babylove.se\/varumarken\/elodie-details\"><u>Elodie Details<\/u><\/a><\/p>\n","protected":false},"excerpt":{"rendered":"<p>Direkte fra Elodies nye kolleksjon &#8220;escape the ordinary&#8221; Et teppe laget i absolutt h\u00f8yeste kvalitet med doble lag av fineste perlefl\u00f8yel. Et kvalitetsprodukt helt igjennom, fra svenske Elodie Details. Perlefl\u00f8yelen er et perfekt materiale for v\u00e5re sm\u00e5rollinger, det er fuktabsorberende samtidig som det varmer og er enkelt \u00e5 holde rent. Dette teppet kan maskinvaskes gang [&hellip;]<\/p>\n","protected":false},"featured_media":4216,"comment_status":"closed","ping_status":"open","template":"","meta":{"_acf_changed":false},"product_brand":[174],"product_cat":[42,175,26,25,200],"product_tag":[],"class_list":{"0":"post-4214","1":"product","2":"type-product","3":"status-publish","4":"has-post-thumbnail","6":"product_brand-elodie-details","7":"product_cat-babyteppe","8":"product_cat-elodie-details","9":"product_cat-kjop-produkter-som-ikke-bare-er-for-gutter","10":"product_cat-ikke-bare-jenter","11":"product_cat-floyel","13":"first","14":"outofstock","15":"taxable","16":"shipping-taxable","17":"purchasable","18":"product-type-simple"},"acf":[],"yoast_head":"<!-- This site is optimized with the Yoast SEO Premium plugin v25.8 (Yoast SEO v27.2) - https:\/\/yoast.com\/product\/yoast-seo-premium-wordpress\/ -->\n<title>Perlesamtsfilt - Plum Love, Elodie Details - Babylove Norska<\/title>\n<meta name=\"description\" content=\"En filt gjord i absolut h\u00f6gsta kvalitet med dubbla lager av finaste p\u00e4rlsammet. En kvalitetsprodukt rakt igenom, fr\u00e5n svenska Elodie Details.\" \/>\n<meta name=\"robots\" content=\"noindex, follow, max-snippet:-1, max-image-preview:large, max-video-preview:-1\" \/>\n<meta property=\"og:locale\" content=\"nb_NO\" \/>\n<meta property=\"og:type\" content=\"article\" \/>\n<meta property=\"og:title\" content=\"Perlesamtsfilt - Plum Love, Elodie Details\" \/>\n<meta property=\"og:description\" content=\"En filt gjord i absolut h\u00f6gsta kvalitet med dubbla lager av finaste p\u00e4rlsammet. En kvalitetsprodukt rakt igenom, fr\u00e5n svenska Elodie Details.\" \/>\n<meta property=\"og:url\" content=\"https:\/\/babylove.se\/no\/produkt\/parlsammetsfilt-plum-love-elodie-details\/\" \/>\n<meta property=\"og:site_name\" content=\"Babylove Norska\" \/>\n<meta property=\"article:modified_time\" content=\"2026-04-08T07:06:13+00:00\" \/>\n<meta property=\"og:image\" content=\"https:\/\/babylove.se\/no\/wp-content\/uploads\/sites\/3\/2025\/07\/59a938dc451bb.jpeg\" \/>\n\t<meta property=\"og:image:width\" content=\"647\" \/>\n\t<meta property=\"og:image:height\" content=\"750\" \/>\n\t<meta property=\"og:image:type\" content=\"image\/jpeg\" \/>\n<meta name=\"twitter:card\" content=\"summary_large_image\" \/>\n<meta name=\"twitter:label1\" content=\"Price\" \/>\n\t<meta name=\"twitter:data1\" content=\"399,00&nbsp;&#107;&#114;\" \/>\n\t<meta name=\"twitter:label2\" content=\"Availability\" \/>\n\t<meta name=\"twitter:data2\" content=\"Out of stock\" \/>\n<script type=\"application\/ld+json\" class=\"yoast-schema-graph\">{\"@context\":\"https:\/\/schema.org\",\"@graph\":[{\"@type\":\"WebPage\",\"@id\":\"https:\/\/babylove.se\/no\/produkt\/parlsammetsfilt-plum-love-elodie-details\/\",\"url\":\"https:\/\/babylove.se\/no\/produkt\/parlsammetsfilt-plum-love-elodie-details\/\",\"name\":\"Perlesamtsfilt - Plum Love, Elodie Details - Babylove Norska\",\"isPartOf\":{\"@id\":\"https:\/\/babylove.se\/no\/#website\"},\"primaryImageOfPage\":{\"@id\":\"https:\/\/babylove.se\/no\/produkt\/parlsammetsfilt-plum-love-elodie-details\/#primaryimage\"},\"image\":{\"@id\":\"https:\/\/babylove.se\/no\/produkt\/parlsammetsfilt-plum-love-elodie-details\/#primaryimage\"},\"thumbnailUrl\":\"https:\/\/babylove.se\/no\/wp-content\/uploads\/sites\/3\/2025\/07\/59a938dc451bb.jpeg\",\"datePublished\":\"2025-07-18T19:20:49+00:00\",\"dateModified\":\"2026-04-08T07:06:13+00:00\",\"description\":\"En filt gjord i absolut h\u00f6gsta kvalitet med dubbla lager av finaste p\u00e4rlsammet. En kvalitetsprodukt rakt igenom, fr\u00e5n svenska Elodie Details.\",\"breadcrumb\":{\"@id\":\"https:\/\/babylove.se\/no\/produkt\/parlsammetsfilt-plum-love-elodie-details\/#breadcrumb\"},\"inLanguage\":\"nb-NO\",\"potentialAction\":[{\"@type\":\"ReadAction\",\"target\":[\"https:\/\/babylove.se\/no\/produkt\/parlsammetsfilt-plum-love-elodie-details\/\"]}]},{\"@type\":\"ImageObject\",\"inLanguage\":\"nb-NO\",\"@id\":\"https:\/\/babylove.se\/no\/produkt\/parlsammetsfilt-plum-love-elodie-details\/#primaryimage\",\"url\":\"https:\/\/babylove.se\/no\/wp-content\/uploads\/sites\/3\/2025\/07\/59a938dc451bb.jpeg\",\"contentUrl\":\"https:\/\/babylove.se\/no\/wp-content\/uploads\/sites\/3\/2025\/07\/59a938dc451bb.jpeg\",\"width\":647,\"height\":750},{\"@type\":\"BreadcrumbList\",\"@id\":\"https:\/\/babylove.se\/no\/produkt\/parlsammetsfilt-plum-love-elodie-details\/#breadcrumb\",\"itemListElement\":[{\"@type\":\"ListItem\",\"position\":1,\"name\":\"Hem\",\"item\":\"https:\/\/babylove.se\/no\/\"},{\"@type\":\"ListItem\",\"position\":2,\"name\":\"Butik\",\"item\":\"https:\/\/babylove.se\/no\/butik\/\"},{\"@type\":\"ListItem\",\"position\":3,\"name\":\"Perlesamtsfilt &#8211; Plum Love, Elodie Details\"}]},{\"@type\":\"WebSite\",\"@id\":\"https:\/\/babylove.se\/no\/#website\",\"url\":\"https:\/\/babylove.se\/no\/\",\"name\":\"Babylove Norska\",\"description\":\"\",\"potentialAction\":[{\"@type\":\"SearchAction\",\"target\":{\"@type\":\"EntryPoint\",\"urlTemplate\":\"https:\/\/babylove.se\/no\/?s={search_term_string}\"},\"query-input\":{\"@type\":\"PropertyValueSpecification\",\"valueRequired\":true,\"valueName\":\"search_term_string\"}}],\"inLanguage\":\"nb-NO\"}]}<\/script>\n<meta property=\"product:brand\" content=\"Elodie Details\" \/>\n<meta property=\"product:price:amount\" content=\"399.00\" \/>\n<meta property=\"product:price:currency\" content=\"SEK\" \/>\n<meta property=\"og:availability\" content=\"out of stock\" \/>\n<meta property=\"product:availability\" content=\"out of stock\" \/>\n<meta property=\"product:retailer_item_id\" content=\"1365\" \/>\n<meta property=\"product:condition\" content=\"new\" \/>\n<!-- \/ Yoast SEO Premium plugin. -->","yoast_head_json":{"title":"Perlesamtsfilt - Plum Love, Elodie Details - Babylove Norska","description":"En filt gjord i absolut h\u00f6gsta kvalitet med dubbla lager av finaste p\u00e4rlsammet. En kvalitetsprodukt rakt igenom, fr\u00e5n svenska Elodie Details.","robots":{"index":"noindex","follow":"follow","max-snippet":"max-snippet:-1","max-image-preview":"max-image-preview:large","max-video-preview":"max-video-preview:-1"},"og_locale":"nb_NO","og_type":"article","og_title":"Perlesamtsfilt - Plum Love, Elodie Details","og_description":"En filt gjord i absolut h\u00f6gsta kvalitet med dubbla lager av finaste p\u00e4rlsammet. En kvalitetsprodukt rakt igenom, fr\u00e5n svenska Elodie Details.","og_url":"https:\/\/babylove.se\/no\/produkt\/parlsammetsfilt-plum-love-elodie-details\/","og_site_name":"Babylove Norska","article_modified_time":"2026-04-08T07:06:13+00:00","og_image":[{"width":647,"height":750,"url":"https:\/\/babylove.se\/no\/wp-content\/uploads\/sites\/3\/2025\/07\/59a938dc451bb.jpeg","type":"image\/jpeg"}],"twitter_card":"summary_large_image","twitter_misc":{"Price":"399,00&nbsp;&#107;&#114;","Availability":"Out of stock"},"schema":{"@context":"https:\/\/schema.org","@graph":[{"@type":"WebPage","@id":"https:\/\/babylove.se\/no\/produkt\/parlsammetsfilt-plum-love-elodie-details\/","url":"https:\/\/babylove.se\/no\/produkt\/parlsammetsfilt-plum-love-elodie-details\/","name":"Perlesamtsfilt - Plum Love, Elodie Details - Babylove Norska","isPartOf":{"@id":"https:\/\/babylove.se\/no\/#website"},"primaryImageOfPage":{"@id":"https:\/\/babylove.se\/no\/produkt\/parlsammetsfilt-plum-love-elodie-details\/#primaryimage"},"image":{"@id":"https:\/\/babylove.se\/no\/produkt\/parlsammetsfilt-plum-love-elodie-details\/#primaryimage"},"thumbnailUrl":"https:\/\/babylove.se\/no\/wp-content\/uploads\/sites\/3\/2025\/07\/59a938dc451bb.jpeg","datePublished":"2025-07-18T19:20:49+00:00","dateModified":"2026-04-08T07:06:13+00:00","description":"En filt gjord i absolut h\u00f6gsta kvalitet med dubbla lager av finaste p\u00e4rlsammet. En kvalitetsprodukt rakt igenom, fr\u00e5n svenska Elodie Details.","breadcrumb":{"@id":"https:\/\/babylove.se\/no\/produkt\/parlsammetsfilt-plum-love-elodie-details\/#breadcrumb"},"inLanguage":"nb-NO","potentialAction":[{"@type":"ReadAction","target":["https:\/\/babylove.se\/no\/produkt\/parlsammetsfilt-plum-love-elodie-details\/"]}]},{"@type":"ImageObject","inLanguage":"nb-NO","@id":"https:\/\/babylove.se\/no\/produkt\/parlsammetsfilt-plum-love-elodie-details\/#primaryimage","url":"https:\/\/babylove.se\/no\/wp-content\/uploads\/sites\/3\/2025\/07\/59a938dc451bb.jpeg","contentUrl":"https:\/\/babylove.se\/no\/wp-content\/uploads\/sites\/3\/2025\/07\/59a938dc451bb.jpeg","width":647,"height":750},{"@type":"BreadcrumbList","@id":"https:\/\/babylove.se\/no\/produkt\/parlsammetsfilt-plum-love-elodie-details\/#breadcrumb","itemListElement":[{"@type":"ListItem","position":1,"name":"Hem","item":"https:\/\/babylove.se\/no\/"},{"@type":"ListItem","position":2,"name":"Butik","item":"https:\/\/babylove.se\/no\/butik\/"},{"@type":"ListItem","position":3,"name":"Perlesamtsfilt &#8211; Plum Love, Elodie Details"}]},{"@type":"WebSite","@id":"https:\/\/babylove.se\/no\/#website","url":"https:\/\/babylove.se\/no\/","name":"Babylove Norska","description":"","potentialAction":[{"@type":"SearchAction","target":{"@type":"EntryPoint","urlTemplate":"https:\/\/babylove.se\/no\/?s={search_term_string}"},"query-input":{"@type":"PropertyValueSpecification","valueRequired":true,"valueName":"search_term_string"}}],"inLanguage":"nb-NO"}]},"product_brand":"Elodie Details","product_price_amount":"399.00","product_price_currency":"SEK","og_availability":"out of stock","product_availability":"out of stock","product_retailer_item_id":"1365","product_condition":"new"},"_links":{"self":[{"href":"https:\/\/babylove.se\/no\/wp-json\/wp\/v2\/product\/4214","targetHints":{"allow":["GET"]}}],"collection":[{"href":"https:\/\/babylove.se\/no\/wp-json\/wp\/v2\/product"}],"about":[{"href":"https:\/\/babylove.se\/no\/wp-json\/wp\/v2\/types\/product"}],"replies":[{"embeddable":true,"href":"https:\/\/babylove.se\/no\/wp-json\/wp\/v2\/comments?post=4214"}],"wp:featuredmedia":[{"embeddable":true,"href":"https:\/\/babylove.se\/no\/wp-json\/wp\/v2\/media\/4216"}],"wp:attachment":[{"href":"https:\/\/babylove.se\/no\/wp-json\/wp\/v2\/media?parent=4214"}],"wp:term":[{"taxonomy":"product_brand","embeddable":true,"href":"https:\/\/babylove.se\/no\/wp-json\/wp\/v2\/product_brand?post=4214"},{"taxonomy":"product_cat","embeddable":true,"href":"https:\/\/babylove.se\/no\/wp-json\/wp\/v2\/product_cat?post=4214"},{"taxonomy":"product_tag","embeddable":true,"href":"https:\/\/babylove.se\/no\/wp-json\/wp\/v2\/product_tag?post=4214"}],"curies":[{"name":"wp","href":"https:\/\/api.w.org\/{rel}","templated":true}]}}