{"id":4232,"date":"2025-07-18T20:21:02","date_gmt":"2025-07-18T19:21:02","guid":{"rendered":"https:\/\/babylove.se\/produkt\/haklapp-pretty-petrol-elodie-details\/"},"modified":"2026-04-08T08:06:22","modified_gmt":"2026-04-08T07:06:22","slug":"haklapp-pretty-petrol-elodie-details","status":"publish","type":"product","link":"https:\/\/babylove.se\/no\/produkt\/haklapp-pretty-petrol-elodie-details\/","title":{"rendered":"Haklapp &#8211; Pretty Petrol, Elodie Details"},"content":{"rendered":"<p>De fantastiske smeklene fra Elodie Details er en stor favoritt hos utallige foreldre rundt om i verden.&nbsp;<\/p>\n<p>Laget av materialer som b\u00e5de er Oeko-Tex sertifiserte, og som t\u00f8rker p\u00e5 kort tid. Meget enkle \u00e5 feste p\u00e5 barnet og passer alle.&nbsp;<\/p>\n<p>Rengj\u00f8ringen? Like enkel den, bare skyll i vann eller t\u00f8rk av med v\u00e5t serviett etter hvert m\u00e5ltid.&nbsp;<\/p>\n<p>Smekla dekker b\u00e5de skuldrene og brystet og lommen foran fanger opp alt s\u00f8l og alle smuler. Du fester enkelt smekla i nakken p\u00e5 ditt barn og det er p\u00e5 kort tid klart for sitt m\u00e5ltid.&nbsp;<\/p>\n<p>En ekstra liten bonus er utseendet, ditt barn kommer til \u00e5 se bed\u00e5rende ut ved matbordet, uansett hvor mye det s\u00f8ler?<\/p>\n<p><strong>St\u00f8rrelse:<\/strong><span>&nbsp;<\/span>Egnet fra ca 3 m\u00e5neder<br \/><strong>Materiale<\/strong>: PU-behandlet Polyester, 100% fri fra PVC og Ftalater<br \/><strong>Ekstra<\/strong><span>: Kan selvf\u00f8lgelig ogs\u00e5 maskinvaskes i 40 grader.<\/span><\/p>\n<p><span>Designer:&nbsp;<\/span><a href=\"https:\/\/babylove.se\/varumarken\/elodie-details\"><span><u>Elodie Details<\/u><\/span><\/a><\/p>\n","protected":false},"excerpt":{"rendered":"<p>De fantastiske smeklene fra Elodie Details er en stor favoritt hos utallige foreldre rundt om i verden.&nbsp; Laget av materialer som b\u00e5de er Oeko-Tex sertifiserte, og som t\u00f8rker p\u00e5 kort tid. Meget enkle \u00e5 feste p\u00e5 barnet og passer alle.&nbsp; Rengj\u00f8ringen? Like enkel den, bare skyll i vann eller t\u00f8rk av med v\u00e5t serviett etter [&hellip;]<\/p>\n","protected":false},"featured_media":4234,"comment_status":"closed","ping_status":"open","template":"","meta":{"_acf_changed":false},"product_brand":[174],"product_cat":[175,26,206],"product_tag":[],"class_list":{"0":"post-4232","1":"product","2":"type-product","3":"status-publish","4":"has-post-thumbnail","6":"product_brand-elodie-details","7":"product_cat-elodie-details","8":"product_cat-kjop-produkter-som-ikke-bare-er-for-gutter","9":"product_cat-smekker","11":"first","12":"outofstock","13":"taxable","14":"shipping-taxable","15":"purchasable","16":"product-type-simple"},"acf":[],"yoast_head":"<!-- This site is optimized with the Yoast SEO Premium plugin v25.8 (Yoast SEO v27.2) - https:\/\/yoast.com\/product\/yoast-seo-premium-wordpress\/ -->\n<title>Haklapp - Pretty Petrol, Elodie Details - Babylove Norska<\/title>\n<meta name=\"description\" content=\"De underbara haklapparna fr\u00e5n Elodie Details \u00e4r en storfavorit hos otaliga f\u00f6r\u00e4ldrar runtom i v\u00e4rlden - Skickas inom 24 timmar - K\u00f6p den h\u00e4r -\" \/>\n<meta name=\"robots\" content=\"noindex, follow, max-snippet:-1, max-image-preview:large, max-video-preview:-1\" \/>\n<meta property=\"og:locale\" content=\"nb_NO\" \/>\n<meta property=\"og:type\" content=\"article\" \/>\n<meta property=\"og:title\" content=\"Haklapp - Pretty Petrol, Elodie Details\" \/>\n<meta property=\"og:description\" content=\"De underbara haklapparna fr\u00e5n Elodie Details \u00e4r en storfavorit hos otaliga f\u00f6r\u00e4ldrar runtom i v\u00e4rlden - Skickas inom 24 timmar - K\u00f6p den h\u00e4r -\" \/>\n<meta property=\"og:url\" content=\"https:\/\/babylove.se\/no\/produkt\/haklapp-pretty-petrol-elodie-details\/\" \/>\n<meta property=\"og:site_name\" content=\"Babylove Norska\" \/>\n<meta property=\"article:modified_time\" content=\"2026-04-08T07:06:22+00:00\" \/>\n<meta property=\"og:image\" content=\"https:\/\/babylove.se\/no\/wp-content\/uploads\/sites\/3\/2025\/07\/59a93af9267d7.jpeg\" \/>\n\t<meta property=\"og:image:width\" content=\"647\" \/>\n\t<meta property=\"og:image:height\" content=\"750\" \/>\n\t<meta property=\"og:image:type\" content=\"image\/jpeg\" \/>\n<meta name=\"twitter:card\" content=\"summary_large_image\" \/>\n<meta name=\"twitter:label1\" content=\"Price\" \/>\n\t<meta name=\"twitter:data1\" content=\"199,00&nbsp;&#107;&#114;\" \/>\n\t<meta name=\"twitter:label2\" content=\"Availability\" \/>\n\t<meta name=\"twitter:data2\" content=\"Out of stock\" \/>\n<script type=\"application\/ld+json\" class=\"yoast-schema-graph\">{\"@context\":\"https:\/\/schema.org\",\"@graph\":[{\"@type\":\"WebPage\",\"@id\":\"https:\/\/babylove.se\/no\/produkt\/haklapp-pretty-petrol-elodie-details\/\",\"url\":\"https:\/\/babylove.se\/no\/produkt\/haklapp-pretty-petrol-elodie-details\/\",\"name\":\"Haklapp - Pretty Petrol, Elodie Details - Babylove Norska\",\"isPartOf\":{\"@id\":\"https:\/\/babylove.se\/no\/#website\"},\"primaryImageOfPage\":{\"@id\":\"https:\/\/babylove.se\/no\/produkt\/haklapp-pretty-petrol-elodie-details\/#primaryimage\"},\"image\":{\"@id\":\"https:\/\/babylove.se\/no\/produkt\/haklapp-pretty-petrol-elodie-details\/#primaryimage\"},\"thumbnailUrl\":\"https:\/\/babylove.se\/no\/wp-content\/uploads\/sites\/3\/2025\/07\/59a93af9267d7.jpeg\",\"datePublished\":\"2025-07-18T19:21:02+00:00\",\"dateModified\":\"2026-04-08T07:06:22+00:00\",\"description\":\"De underbara haklapparna fr\u00e5n Elodie Details \u00e4r en storfavorit hos otaliga f\u00f6r\u00e4ldrar runtom i v\u00e4rlden - Skickas inom 24 timmar - K\u00f6p den h\u00e4r -\",\"breadcrumb\":{\"@id\":\"https:\/\/babylove.se\/no\/produkt\/haklapp-pretty-petrol-elodie-details\/#breadcrumb\"},\"inLanguage\":\"nb-NO\",\"potentialAction\":[{\"@type\":\"ReadAction\",\"target\":[\"https:\/\/babylove.se\/no\/produkt\/haklapp-pretty-petrol-elodie-details\/\"]}]},{\"@type\":\"ImageObject\",\"inLanguage\":\"nb-NO\",\"@id\":\"https:\/\/babylove.se\/no\/produkt\/haklapp-pretty-petrol-elodie-details\/#primaryimage\",\"url\":\"https:\/\/babylove.se\/no\/wp-content\/uploads\/sites\/3\/2025\/07\/59a93af9267d7.jpeg\",\"contentUrl\":\"https:\/\/babylove.se\/no\/wp-content\/uploads\/sites\/3\/2025\/07\/59a93af9267d7.jpeg\",\"width\":647,\"height\":750},{\"@type\":\"BreadcrumbList\",\"@id\":\"https:\/\/babylove.se\/no\/produkt\/haklapp-pretty-petrol-elodie-details\/#breadcrumb\",\"itemListElement\":[{\"@type\":\"ListItem\",\"position\":1,\"name\":\"Hem\",\"item\":\"https:\/\/babylove.se\/no\/\"},{\"@type\":\"ListItem\",\"position\":2,\"name\":\"Butik\",\"item\":\"https:\/\/babylove.se\/no\/butik\/\"},{\"@type\":\"ListItem\",\"position\":3,\"name\":\"Haklapp &#8211; Pretty Petrol, Elodie Details\"}]},{\"@type\":\"WebSite\",\"@id\":\"https:\/\/babylove.se\/no\/#website\",\"url\":\"https:\/\/babylove.se\/no\/\",\"name\":\"Babylove Norska\",\"description\":\"\",\"potentialAction\":[{\"@type\":\"SearchAction\",\"target\":{\"@type\":\"EntryPoint\",\"urlTemplate\":\"https:\/\/babylove.se\/no\/?s={search_term_string}\"},\"query-input\":{\"@type\":\"PropertyValueSpecification\",\"valueRequired\":true,\"valueName\":\"search_term_string\"}}],\"inLanguage\":\"nb-NO\"}]}<\/script>\n<meta property=\"product:brand\" content=\"Elodie Details\" \/>\n<meta property=\"product:price:amount\" content=\"199.00\" \/>\n<meta property=\"product:price:currency\" content=\"SEK\" \/>\n<meta property=\"og:availability\" content=\"out of stock\" \/>\n<meta property=\"product:availability\" content=\"out of stock\" \/>\n<meta property=\"product:retailer_item_id\" content=\"1368\" \/>\n<meta property=\"product:condition\" content=\"new\" \/>\n<!-- \/ Yoast SEO Premium plugin. -->","yoast_head_json":{"title":"Haklapp - Pretty Petrol, Elodie Details - Babylove Norska","description":"De underbara haklapparna fr\u00e5n Elodie Details \u00e4r en storfavorit hos otaliga f\u00f6r\u00e4ldrar runtom i v\u00e4rlden - Skickas inom 24 timmar - K\u00f6p den h\u00e4r -","robots":{"index":"noindex","follow":"follow","max-snippet":"max-snippet:-1","max-image-preview":"max-image-preview:large","max-video-preview":"max-video-preview:-1"},"og_locale":"nb_NO","og_type":"article","og_title":"Haklapp - Pretty Petrol, Elodie Details","og_description":"De underbara haklapparna fr\u00e5n Elodie Details \u00e4r en storfavorit hos otaliga f\u00f6r\u00e4ldrar runtom i v\u00e4rlden - Skickas inom 24 timmar - K\u00f6p den h\u00e4r -","og_url":"https:\/\/babylove.se\/no\/produkt\/haklapp-pretty-petrol-elodie-details\/","og_site_name":"Babylove Norska","article_modified_time":"2026-04-08T07:06:22+00:00","og_image":[{"width":647,"height":750,"url":"https:\/\/babylove.se\/no\/wp-content\/uploads\/sites\/3\/2025\/07\/59a93af9267d7.jpeg","type":"image\/jpeg"}],"twitter_card":"summary_large_image","twitter_misc":{"Price":"199,00&nbsp;&#107;&#114;","Availability":"Out of stock"},"schema":{"@context":"https:\/\/schema.org","@graph":[{"@type":"WebPage","@id":"https:\/\/babylove.se\/no\/produkt\/haklapp-pretty-petrol-elodie-details\/","url":"https:\/\/babylove.se\/no\/produkt\/haklapp-pretty-petrol-elodie-details\/","name":"Haklapp - Pretty Petrol, Elodie Details - Babylove Norska","isPartOf":{"@id":"https:\/\/babylove.se\/no\/#website"},"primaryImageOfPage":{"@id":"https:\/\/babylove.se\/no\/produkt\/haklapp-pretty-petrol-elodie-details\/#primaryimage"},"image":{"@id":"https:\/\/babylove.se\/no\/produkt\/haklapp-pretty-petrol-elodie-details\/#primaryimage"},"thumbnailUrl":"https:\/\/babylove.se\/no\/wp-content\/uploads\/sites\/3\/2025\/07\/59a93af9267d7.jpeg","datePublished":"2025-07-18T19:21:02+00:00","dateModified":"2026-04-08T07:06:22+00:00","description":"De underbara haklapparna fr\u00e5n Elodie Details \u00e4r en storfavorit hos otaliga f\u00f6r\u00e4ldrar runtom i v\u00e4rlden - Skickas inom 24 timmar - K\u00f6p den h\u00e4r -","breadcrumb":{"@id":"https:\/\/babylove.se\/no\/produkt\/haklapp-pretty-petrol-elodie-details\/#breadcrumb"},"inLanguage":"nb-NO","potentialAction":[{"@type":"ReadAction","target":["https:\/\/babylove.se\/no\/produkt\/haklapp-pretty-petrol-elodie-details\/"]}]},{"@type":"ImageObject","inLanguage":"nb-NO","@id":"https:\/\/babylove.se\/no\/produkt\/haklapp-pretty-petrol-elodie-details\/#primaryimage","url":"https:\/\/babylove.se\/no\/wp-content\/uploads\/sites\/3\/2025\/07\/59a93af9267d7.jpeg","contentUrl":"https:\/\/babylove.se\/no\/wp-content\/uploads\/sites\/3\/2025\/07\/59a93af9267d7.jpeg","width":647,"height":750},{"@type":"BreadcrumbList","@id":"https:\/\/babylove.se\/no\/produkt\/haklapp-pretty-petrol-elodie-details\/#breadcrumb","itemListElement":[{"@type":"ListItem","position":1,"name":"Hem","item":"https:\/\/babylove.se\/no\/"},{"@type":"ListItem","position":2,"name":"Butik","item":"https:\/\/babylove.se\/no\/butik\/"},{"@type":"ListItem","position":3,"name":"Haklapp &#8211; Pretty Petrol, Elodie Details"}]},{"@type":"WebSite","@id":"https:\/\/babylove.se\/no\/#website","url":"https:\/\/babylove.se\/no\/","name":"Babylove Norska","description":"","potentialAction":[{"@type":"SearchAction","target":{"@type":"EntryPoint","urlTemplate":"https:\/\/babylove.se\/no\/?s={search_term_string}"},"query-input":{"@type":"PropertyValueSpecification","valueRequired":true,"valueName":"search_term_string"}}],"inLanguage":"nb-NO"}]},"product_brand":"Elodie Details","product_price_amount":"199.00","product_price_currency":"SEK","og_availability":"out of stock","product_availability":"out of stock","product_retailer_item_id":"1368","product_condition":"new"},"_links":{"self":[{"href":"https:\/\/babylove.se\/no\/wp-json\/wp\/v2\/product\/4232","targetHints":{"allow":["GET"]}}],"collection":[{"href":"https:\/\/babylove.se\/no\/wp-json\/wp\/v2\/product"}],"about":[{"href":"https:\/\/babylove.se\/no\/wp-json\/wp\/v2\/types\/product"}],"replies":[{"embeddable":true,"href":"https:\/\/babylove.se\/no\/wp-json\/wp\/v2\/comments?post=4232"}],"wp:featuredmedia":[{"embeddable":true,"href":"https:\/\/babylove.se\/no\/wp-json\/wp\/v2\/media\/4234"}],"wp:attachment":[{"href":"https:\/\/babylove.se\/no\/wp-json\/wp\/v2\/media?parent=4232"}],"wp:term":[{"taxonomy":"product_brand","embeddable":true,"href":"https:\/\/babylove.se\/no\/wp-json\/wp\/v2\/product_brand?post=4232"},{"taxonomy":"product_cat","embeddable":true,"href":"https:\/\/babylove.se\/no\/wp-json\/wp\/v2\/product_cat?post=4232"},{"taxonomy":"product_tag","embeddable":true,"href":"https:\/\/babylove.se\/no\/wp-json\/wp\/v2\/product_tag?post=4232"}],"curies":[{"name":"wp","href":"https:\/\/api.w.org\/{rel}","templated":true}]}}