{"id":4250,"date":"2025-07-18T20:21:02","date_gmt":"2025-07-18T19:21:02","guid":{"rendered":"https:\/\/babylove.se\/produkt\/bilbana-i-filt-sebra\/"},"modified":"2026-04-08T08:06:33","modified_gmt":"2026-04-08T07:06:33","slug":"bilbane-i-filt-sebra","status":"publish","type":"product","link":"https:\/\/babylove.se\/no\/produkt\/bilbane-i-filt-sebra\/","title":{"rendered":"Sebra, BILBANE i filt"},"content":{"rendered":"<p>En fantastisk, vendbar bilbane fra Sebra laget av kraftig filt. Med denne to-delte lekematta vil du skape et t\u00f8ft og inspirerende milj\u00f8 for barnerommet ditt. Barnet ditt setter enkelt sammen delene selv, og kan dermed skape sine egne og unike bilbaner. Dette er tanken med denne bilbanen, \u00e5 stimulere og oppmuntre barnas kreativitet og lek. Samt dermed stimulere barnets utvikling p\u00e5 lang sikt. \u00c5 leke med denne matta hjelper barnet med koordinasjon, samspill mellom h\u00e5nd-\u00f8ye og \u00e5 utvikle den logiske tenkningen. Kort sagt, en lekematte med masse form\u00e5l. Pakken inneholder rette veier, kurver og avkj\u00f8ringsveier<\/p>\n<p><strong>Materiale<\/strong>: 100 % polyester<\/p>\n<p><strong>M\u00e5l&nbsp;<\/strong>(sammensatt) 113 x 87 cm<\/p>\n<p>Designer: <a href=\"https:\/\/babylove.se\/varumarken\/sebra\"><u>Sebra<\/u><\/a><\/p>\n","protected":false},"excerpt":{"rendered":"<p>En fantastisk, vendbar bilbane fra Sebra laget av kraftig filt. Med denne to-delte lekematta vil du skape et t\u00f8ft og inspirerende milj\u00f8 for barnerommet ditt. Barnet ditt setter enkelt sammen delene selv, og kan dermed skape sine egne og unike bilbaner. Dette er tanken med denne bilbanen, \u00e5 stimulere og oppmuntre barnas kreativitet og lek. [&hellip;]<\/p>\n","protected":false},"featured_media":4252,"comment_status":"closed","ping_status":"open","template":"","meta":{"_acf_changed":false},"product_brand":[160],"product_cat":[137,26,161],"product_tag":[1689],"class_list":{"0":"post-4250","1":"product","2":"type-product","3":"status-publish","4":"has-post-thumbnail","6":"product_brand-sebra","7":"product_cat-bilverden","8":"product_cat-kjop-produkter-som-ikke-bare-er-for-gutter","9":"product_cat-sebra","10":"product_tag-bestillingsvaror","12":"first","13":"outofstock","14":"taxable","15":"shipping-taxable","16":"purchasable","17":"product-type-simple"},"acf":[],"yoast_head":"<!-- This site is optimized with the Yoast SEO Premium plugin v25.8 (Yoast SEO v27.2) - https:\/\/yoast.com\/product\/yoast-seo-premium-wordpress\/ -->\n<title>Sebra, BILBANE i filt - Babylove Norska<\/title>\n<meta name=\"description\" content=\"En fantastisk, v\u00e4ndbar bilbana fr\u00e5n Sebra gjord av kraftig filt. Med denna tv\u00e5filiga lekmatta kommer du att skapa en h\u00e4ftig milj\u00f6 f\u00f6r ditt barnrum.\" \/>\n<meta name=\"robots\" content=\"noindex, follow, max-snippet:-1, max-image-preview:large, max-video-preview:-1\" \/>\n<meta property=\"og:locale\" content=\"nb_NO\" \/>\n<meta property=\"og:type\" content=\"article\" \/>\n<meta property=\"og:title\" content=\"Sebra, BILBANE i filt\" \/>\n<meta property=\"og:description\" content=\"En fantastisk, v\u00e4ndbar bilbana fr\u00e5n Sebra gjord av kraftig filt. Med denna tv\u00e5filiga lekmatta kommer du att skapa en h\u00e4ftig milj\u00f6 f\u00f6r ditt barnrum.\" \/>\n<meta property=\"og:url\" content=\"https:\/\/babylove.se\/no\/produkt\/bilbane-i-filt-sebra\/\" \/>\n<meta property=\"og:site_name\" content=\"Babylove Norska\" \/>\n<meta property=\"article:modified_time\" content=\"2026-04-08T07:06:33+00:00\" \/>\n<meta property=\"og:image\" content=\"https:\/\/babylove.se\/no\/wp-content\/uploads\/sites\/3\/2025\/07\/59a9418caa2e7.jpeg\" \/>\n\t<meta property=\"og:image:width\" content=\"598\" \/>\n\t<meta property=\"og:image:height\" content=\"598\" \/>\n\t<meta property=\"og:image:type\" content=\"image\/jpeg\" \/>\n<meta name=\"twitter:card\" content=\"summary_large_image\" \/>\n<meta name=\"twitter:label1\" content=\"Price\" \/>\n\t<meta name=\"twitter:data1\" content=\"399,00&nbsp;&#107;&#114;\" \/>\n\t<meta name=\"twitter:label2\" content=\"Availability\" \/>\n\t<meta name=\"twitter:data2\" content=\"Out of stock\" \/>\n<script type=\"application\/ld+json\" class=\"yoast-schema-graph\">{\"@context\":\"https:\/\/schema.org\",\"@graph\":[{\"@type\":\"WebPage\",\"@id\":\"https:\/\/babylove.se\/no\/produkt\/bilbane-i-filt-sebra\/\",\"url\":\"https:\/\/babylove.se\/no\/produkt\/bilbane-i-filt-sebra\/\",\"name\":\"Sebra, BILBANE i filt - Babylove Norska\",\"isPartOf\":{\"@id\":\"https:\/\/babylove.se\/no\/#website\"},\"primaryImageOfPage\":{\"@id\":\"https:\/\/babylove.se\/no\/produkt\/bilbane-i-filt-sebra\/#primaryimage\"},\"image\":{\"@id\":\"https:\/\/babylove.se\/no\/produkt\/bilbane-i-filt-sebra\/#primaryimage\"},\"thumbnailUrl\":\"https:\/\/babylove.se\/no\/wp-content\/uploads\/sites\/3\/2025\/07\/59a9418caa2e7.jpeg\",\"datePublished\":\"2025-07-18T19:21:02+00:00\",\"dateModified\":\"2026-04-08T07:06:33+00:00\",\"description\":\"En fantastisk, v\u00e4ndbar bilbana fr\u00e5n Sebra gjord av kraftig filt. Med denna tv\u00e5filiga lekmatta kommer du att skapa en h\u00e4ftig milj\u00f6 f\u00f6r ditt barnrum.\",\"breadcrumb\":{\"@id\":\"https:\/\/babylove.se\/no\/produkt\/bilbane-i-filt-sebra\/#breadcrumb\"},\"inLanguage\":\"nb-NO\",\"potentialAction\":[{\"@type\":\"ReadAction\",\"target\":[\"https:\/\/babylove.se\/no\/produkt\/bilbane-i-filt-sebra\/\"]}]},{\"@type\":\"ImageObject\",\"inLanguage\":\"nb-NO\",\"@id\":\"https:\/\/babylove.se\/no\/produkt\/bilbane-i-filt-sebra\/#primaryimage\",\"url\":\"https:\/\/babylove.se\/no\/wp-content\/uploads\/sites\/3\/2025\/07\/59a9418caa2e7.jpeg\",\"contentUrl\":\"https:\/\/babylove.se\/no\/wp-content\/uploads\/sites\/3\/2025\/07\/59a9418caa2e7.jpeg\",\"width\":598,\"height\":598},{\"@type\":\"BreadcrumbList\",\"@id\":\"https:\/\/babylove.se\/no\/produkt\/bilbane-i-filt-sebra\/#breadcrumb\",\"itemListElement\":[{\"@type\":\"ListItem\",\"position\":1,\"name\":\"Hem\",\"item\":\"https:\/\/babylove.se\/no\/\"},{\"@type\":\"ListItem\",\"position\":2,\"name\":\"Butik\",\"item\":\"https:\/\/babylove.se\/no\/butik\/\"},{\"@type\":\"ListItem\",\"position\":3,\"name\":\"Sebra, BILBANE i filt\"}]},{\"@type\":\"WebSite\",\"@id\":\"https:\/\/babylove.se\/no\/#website\",\"url\":\"https:\/\/babylove.se\/no\/\",\"name\":\"Babylove Norska\",\"description\":\"\",\"potentialAction\":[{\"@type\":\"SearchAction\",\"target\":{\"@type\":\"EntryPoint\",\"urlTemplate\":\"https:\/\/babylove.se\/no\/?s={search_term_string}\"},\"query-input\":{\"@type\":\"PropertyValueSpecification\",\"valueRequired\":true,\"valueName\":\"search_term_string\"}}],\"inLanguage\":\"nb-NO\"}]}<\/script>\n<meta property=\"product:brand\" content=\"Sebra\" \/>\n<meta property=\"product:price:amount\" content=\"399.00\" \/>\n<meta property=\"product:price:currency\" content=\"SEK\" \/>\n<meta property=\"og:availability\" content=\"out of stock\" \/>\n<meta property=\"product:availability\" content=\"out of stock\" \/>\n<meta property=\"product:retailer_item_id\" content=\"3019305\" \/>\n<meta property=\"product:condition\" content=\"new\" \/>\n<!-- \/ Yoast SEO Premium plugin. -->","yoast_head_json":{"title":"Sebra, BILBANE i filt - Babylove Norska","description":"En fantastisk, v\u00e4ndbar bilbana fr\u00e5n Sebra gjord av kraftig filt. Med denna tv\u00e5filiga lekmatta kommer du att skapa en h\u00e4ftig milj\u00f6 f\u00f6r ditt barnrum.","robots":{"index":"noindex","follow":"follow","max-snippet":"max-snippet:-1","max-image-preview":"max-image-preview:large","max-video-preview":"max-video-preview:-1"},"og_locale":"nb_NO","og_type":"article","og_title":"Sebra, BILBANE i filt","og_description":"En fantastisk, v\u00e4ndbar bilbana fr\u00e5n Sebra gjord av kraftig filt. Med denna tv\u00e5filiga lekmatta kommer du att skapa en h\u00e4ftig milj\u00f6 f\u00f6r ditt barnrum.","og_url":"https:\/\/babylove.se\/no\/produkt\/bilbane-i-filt-sebra\/","og_site_name":"Babylove Norska","article_modified_time":"2026-04-08T07:06:33+00:00","og_image":[{"width":598,"height":598,"url":"https:\/\/babylove.se\/no\/wp-content\/uploads\/sites\/3\/2025\/07\/59a9418caa2e7.jpeg","type":"image\/jpeg"}],"twitter_card":"summary_large_image","twitter_misc":{"Price":"399,00&nbsp;&#107;&#114;","Availability":"Out of stock"},"schema":{"@context":"https:\/\/schema.org","@graph":[{"@type":"WebPage","@id":"https:\/\/babylove.se\/no\/produkt\/bilbane-i-filt-sebra\/","url":"https:\/\/babylove.se\/no\/produkt\/bilbane-i-filt-sebra\/","name":"Sebra, BILBANE i filt - Babylove Norska","isPartOf":{"@id":"https:\/\/babylove.se\/no\/#website"},"primaryImageOfPage":{"@id":"https:\/\/babylove.se\/no\/produkt\/bilbane-i-filt-sebra\/#primaryimage"},"image":{"@id":"https:\/\/babylove.se\/no\/produkt\/bilbane-i-filt-sebra\/#primaryimage"},"thumbnailUrl":"https:\/\/babylove.se\/no\/wp-content\/uploads\/sites\/3\/2025\/07\/59a9418caa2e7.jpeg","datePublished":"2025-07-18T19:21:02+00:00","dateModified":"2026-04-08T07:06:33+00:00","description":"En fantastisk, v\u00e4ndbar bilbana fr\u00e5n Sebra gjord av kraftig filt. Med denna tv\u00e5filiga lekmatta kommer du att skapa en h\u00e4ftig milj\u00f6 f\u00f6r ditt barnrum.","breadcrumb":{"@id":"https:\/\/babylove.se\/no\/produkt\/bilbane-i-filt-sebra\/#breadcrumb"},"inLanguage":"nb-NO","potentialAction":[{"@type":"ReadAction","target":["https:\/\/babylove.se\/no\/produkt\/bilbane-i-filt-sebra\/"]}]},{"@type":"ImageObject","inLanguage":"nb-NO","@id":"https:\/\/babylove.se\/no\/produkt\/bilbane-i-filt-sebra\/#primaryimage","url":"https:\/\/babylove.se\/no\/wp-content\/uploads\/sites\/3\/2025\/07\/59a9418caa2e7.jpeg","contentUrl":"https:\/\/babylove.se\/no\/wp-content\/uploads\/sites\/3\/2025\/07\/59a9418caa2e7.jpeg","width":598,"height":598},{"@type":"BreadcrumbList","@id":"https:\/\/babylove.se\/no\/produkt\/bilbane-i-filt-sebra\/#breadcrumb","itemListElement":[{"@type":"ListItem","position":1,"name":"Hem","item":"https:\/\/babylove.se\/no\/"},{"@type":"ListItem","position":2,"name":"Butik","item":"https:\/\/babylove.se\/no\/butik\/"},{"@type":"ListItem","position":3,"name":"Sebra, BILBANE i filt"}]},{"@type":"WebSite","@id":"https:\/\/babylove.se\/no\/#website","url":"https:\/\/babylove.se\/no\/","name":"Babylove Norska","description":"","potentialAction":[{"@type":"SearchAction","target":{"@type":"EntryPoint","urlTemplate":"https:\/\/babylove.se\/no\/?s={search_term_string}"},"query-input":{"@type":"PropertyValueSpecification","valueRequired":true,"valueName":"search_term_string"}}],"inLanguage":"nb-NO"}]},"product_brand":"Sebra","product_price_amount":"399.00","product_price_currency":"SEK","og_availability":"out of stock","product_availability":"out of stock","product_retailer_item_id":"3019305","product_condition":"new"},"_links":{"self":[{"href":"https:\/\/babylove.se\/no\/wp-json\/wp\/v2\/product\/4250","targetHints":{"allow":["GET"]}}],"collection":[{"href":"https:\/\/babylove.se\/no\/wp-json\/wp\/v2\/product"}],"about":[{"href":"https:\/\/babylove.se\/no\/wp-json\/wp\/v2\/types\/product"}],"replies":[{"embeddable":true,"href":"https:\/\/babylove.se\/no\/wp-json\/wp\/v2\/comments?post=4250"}],"wp:featuredmedia":[{"embeddable":true,"href":"https:\/\/babylove.se\/no\/wp-json\/wp\/v2\/media\/4252"}],"wp:attachment":[{"href":"https:\/\/babylove.se\/no\/wp-json\/wp\/v2\/media?parent=4250"}],"wp:term":[{"taxonomy":"product_brand","embeddable":true,"href":"https:\/\/babylove.se\/no\/wp-json\/wp\/v2\/product_brand?post=4250"},{"taxonomy":"product_cat","embeddable":true,"href":"https:\/\/babylove.se\/no\/wp-json\/wp\/v2\/product_cat?post=4250"},{"taxonomy":"product_tag","embeddable":true,"href":"https:\/\/babylove.se\/no\/wp-json\/wp\/v2\/product_tag?post=4250"}],"curies":[{"name":"wp","href":"https:\/\/api.w.org\/{rel}","templated":true}]}}