{"id":42534,"date":"2025-07-19T03:13:37","date_gmt":"2025-07-19T02:13:37","guid":{"rendered":"https:\/\/babylove.se\/produkt\/vaningssang-med-stodbrada-och-tre-sangar-heidi\/"},"modified":"2026-04-08T12:45:41","modified_gmt":"2026-04-08T11:45:41","slug":"vaningsseng-med-stottebrett-og-tre-senger-heidi","status":"publish","type":"product","link":"https:\/\/babylove.se\/no\/produkt\/vaningsseng-med-stottebrett-og-tre-senger-heidi\/","title":{"rendered":"K\u00f8yeseng med st\u00f8ttebrett og tre senger Heidi"},"content":{"rendered":"<p>\u00c5 finne en k\u00f8yeseng med 3 senger som b\u00e5de er praktisk og pen er ikke enkelt, men her er svaret p\u00e5 det! <\/p>\n<p>En stabil barneseng i stilsikker design, for mange \u00e5r med s\u00f8te dr\u00f8mmer! Denne sengen kan enkelt gj\u00f8res om til to separate senger om man \u00f8nsker det, noe som skaper mange ulike muligheter. Laget av massiv furu som gj\u00f8r den stabil og solid. Ideell \u00e5 b\u00e5de leke og sove i. <\/p>\n<p>P\u00e5 v\u00e5r fine s\u00f8skenseng Heidi har man tenkt grundig for \u00e5 optimere gulvplassen i barnerommet. Vi lover at sengen kommer til \u00e5 bli barnas favoritt, og ikke bare for \u00e5 sove i da den med enkle midler kan bli en riktig god kosekrok. Mange dekorerer med sengehimmeler, vimpler eller lysslynger, bare kreativiteten setter stopp. <\/p>\n<p><strong>Tilvalg<\/strong>: <\/p>\n<ul>\n<li>Farge: velg mellom natur (lakkert), hvit, gr\u00e5 og antrasitt. Alle senger i natur er behandlet med vannbasert lakk. Legg igjen en kommentar i kassen hvis du \u00f8nsker en naturfarga seng som er ubehandlet.<\/li>\n<li>Oppbevaringskasse: velg med eller uten.<\/li>\n<\/ul>\n<p><strong>Info:<\/strong> <\/p>\n<ul>\n<li>100% FSC-sertifisert furutre som sikrer at virket kommer fra ansvarlig skogbruk.<\/li>\n<li>St\u00f8ttebrettene og stigen kan monteres p\u00e5 \u00f8nsket side.<\/li>\n<li>St\u00f8ttebrettenes h\u00f8yde: 25 cm. Avstand mellom spiler 6,5 cm.<\/li>\n<li>Sengens totale h\u00f8yde: ca 164 cm.<\/li>\n<li>H\u00f8yde fra gulv til \u00f8vre seng: 112 cm.<\/li>\n<li>Oppbevaringskasse h\u00f8yde: 11,5 cm.<\/li>\n<li>Maks vekt: 100 kg per seng.<\/li>\n<\/ul>\n<p><strong>M\u00e5l: <\/strong> <\/p>\n<ul>\n<li>Finnes i ulike sengem\u00e5l. M\u00e5lene til venstre i lista gjelder sengem\u00e5l for de to \u00f8verste sengene. M\u00e5lene i parentes (bredde &amp; lengde) gjelder den totale st\u00f8rrelsen p\u00e5 sengen.<\/li>\n<li>Sengem\u00e5l til ekstraseng 10 cm kortere enn sengens lengde. Eksempel: Til k\u00f8yeseng 80&#215;160 = ekstraseng 80&#215;150.<\/li>\n<\/ul>\n<p>Madrasser f\u00f8lger ikke med, men finnes \u00e5 kj\u00f8pe i v\u00e5rt store utvalg! Vi anbefaler en skummadrass med en tykkelse p\u00e5 <em>10-12 cm<\/em> for de \u00f8verste sengene og <em>maks 8 cm<\/em> for ekstrasengen. Dersom madrassen til ekstrasengen er tykkere enn 8 cm vil ikke ekstrasengen kunne rulles ut. <\/p>\n<p>Sengene produseres i henhold til standarden EN-747-1: 2012 + A1: 2015 i v\u00e5r fabrikk i Europa som har de h\u00f8yeste sikkerhetsstandardene for produksjon av barnesenger. og kontrollerer hvert steg fra virket kommer inn i fabrikken til et ferdig produkt forlater den. Sengene lakkeres tre ganger med \u00f8kologisk, milj\u00f8vennlig og vannbasert farge som f\u00f8lger normen EN 71-3:2019. <\/p>\n<p><em>Dette er en seng laget og tilpasset for barn. <em><em><em><em><em>Sengen leveres umontert og b\u00f8r settes sammen i rommet den skal brukes i.<\/em><\/em><\/em><\/em><\/em><\/em><\/p>\n","protected":false},"excerpt":{"rendered":"<p>\u00c5 finne en k\u00f8yeseng med 3 senger som b\u00e5de er praktisk og pen er ikke enkelt, men her er svaret p\u00e5 det! En stabil barneseng i stilsikker design, for mange \u00e5r med s\u00f8te dr\u00f8mmer! Denne sengen kan enkelt gj\u00f8res om til to separate senger om man \u00f8nsker det, noe som skaper mange ulike muligheter. Laget [&hellip;]<\/p>\n","protected":false},"featured_media":42536,"comment_status":"open","ping_status":"closed","template":"","meta":{"_acf_changed":false},"product_brand":[1319],"product_cat":[432,385,1320,1321,685,40],"product_tag":[1689],"class_list":{"0":"post-42534","1":"product","2":"type-product","3":"status-publish","4":"has-post-thumbnail","6":"product_brand-lano","7":"product_cat-tresengsanger","8":"product_cat-koyesenger-loftsenger","9":"product_cat-lano","10":"product_cat-lano-bestillingsvarer","11":"product_cat-senger-til-hytta","12":"product_cat-soverom-barn","13":"product_tag-bestillingsvaror","14":"pa_farg-antracit","15":"pa_farg-gra","16":"pa_farg-vit","17":"pa_farg-natur","18":"pa_forvaringslada-med","19":"pa_forvaringslada-utan","20":"pa_storlek-80x160-cm-b87-cm-l168-cm","21":"pa_storlek-80x180-cm-b87-cm-l188-cm","22":"pa_storlek-80x200-cm-b87-cm-l208-cm","23":"pa_storlek-90x190-cm-b97-cm-l198-cm","24":"pa_storlek-90x200-cm-b97-cm-l208-cm","26":"first","27":"instock","28":"taxable","29":"shipping-taxable","30":"purchasable","31":"product-type-variable"},"acf":[],"yoast_head":"<!-- This site is optimized with the Yoast SEO Premium plugin v25.8 (Yoast SEO v27.2) - https:\/\/yoast.com\/product\/yoast-seo-premium-wordpress\/ -->\n<title>K\u00f8yeseng med st\u00f8ttebrett og tre senger Heidi - Babylove Norska<\/title>\n<meta name=\"robots\" content=\"noindex, follow, max-snippet:-1, max-image-preview:large, max-video-preview:-1\" \/>\n<meta property=\"og:locale\" content=\"nb_NO\" \/>\n<meta property=\"og:type\" content=\"article\" \/>\n<meta property=\"og:title\" content=\"K\u00f8yeseng med st\u00f8ttebrett og tre senger Heidi\" \/>\n<meta property=\"og:description\" content=\"\u00c5 finne en k\u00f8yeseng med 3 senger som b\u00e5de er praktisk og pen er ikke enkelt, men her er svaret p\u00e5 det! En stabil barneseng i stilsikker design, for mange \u00e5r med s\u00f8te dr\u00f8mmer! Denne sengen kan enkelt gj\u00f8res om til to separate senger om man \u00f8nsker det, noe som skaper mange ulike muligheter. Laget [&hellip;]\" \/>\n<meta property=\"og:url\" content=\"https:\/\/babylove.se\/no\/produkt\/vaningsseng-med-stottebrett-og-tre-senger-heidi\/\" \/>\n<meta property=\"og:site_name\" content=\"Babylove Norska\" \/>\n<meta property=\"article:modified_time\" content=\"2026-04-08T11:45:41+00:00\" \/>\n<meta property=\"og:image\" content=\"https:\/\/babylove.se\/no\/wp-content\/uploads\/sites\/3\/2025\/07\/631b05109f1b1.jpeg\" \/>\n\t<meta property=\"og:image:width\" content=\"738\" \/>\n\t<meta property=\"og:image:height\" content=\"503\" \/>\n\t<meta property=\"og:image:type\" content=\"image\/jpeg\" \/>\n<meta name=\"twitter:card\" content=\"summary_large_image\" \/>\n<meta name=\"twitter:label1\" content=\"Availability\" \/>\n\t<meta name=\"twitter:data1\" content=\"In stock\" \/>\n<script type=\"application\/ld+json\" class=\"yoast-schema-graph\">{\"@context\":\"https:\/\/schema.org\",\"@graph\":[{\"@type\":\"WebPage\",\"@id\":\"https:\/\/babylove.se\/no\/produkt\/vaningsseng-med-stottebrett-og-tre-senger-heidi\/\",\"url\":\"https:\/\/babylove.se\/no\/produkt\/vaningsseng-med-stottebrett-og-tre-senger-heidi\/\",\"name\":\"K\u00f8yeseng med st\u00f8ttebrett og tre senger Heidi - Babylove Norska\",\"isPartOf\":{\"@id\":\"https:\/\/babylove.se\/no\/#website\"},\"primaryImageOfPage\":{\"@id\":\"https:\/\/babylove.se\/no\/produkt\/vaningsseng-med-stottebrett-og-tre-senger-heidi\/#primaryimage\"},\"image\":{\"@id\":\"https:\/\/babylove.se\/no\/produkt\/vaningsseng-med-stottebrett-og-tre-senger-heidi\/#primaryimage\"},\"thumbnailUrl\":\"https:\/\/babylove.se\/no\/wp-content\/uploads\/sites\/3\/2025\/07\/631b05109f1b1.jpeg\",\"datePublished\":\"2025-07-19T02:13:37+00:00\",\"dateModified\":\"2026-04-08T11:45:41+00:00\",\"breadcrumb\":{\"@id\":\"https:\/\/babylove.se\/no\/produkt\/vaningsseng-med-stottebrett-og-tre-senger-heidi\/#breadcrumb\"},\"inLanguage\":\"nb-NO\",\"potentialAction\":[{\"@type\":\"ReadAction\",\"target\":[\"https:\/\/babylove.se\/no\/produkt\/vaningsseng-med-stottebrett-og-tre-senger-heidi\/\"]}]},{\"@type\":\"ImageObject\",\"inLanguage\":\"nb-NO\",\"@id\":\"https:\/\/babylove.se\/no\/produkt\/vaningsseng-med-stottebrett-og-tre-senger-heidi\/#primaryimage\",\"url\":\"https:\/\/babylove.se\/no\/wp-content\/uploads\/sites\/3\/2025\/07\/631b05109f1b1.jpeg\",\"contentUrl\":\"https:\/\/babylove.se\/no\/wp-content\/uploads\/sites\/3\/2025\/07\/631b05109f1b1.jpeg\",\"width\":738,\"height\":503},{\"@type\":\"BreadcrumbList\",\"@id\":\"https:\/\/babylove.se\/no\/produkt\/vaningsseng-med-stottebrett-og-tre-senger-heidi\/#breadcrumb\",\"itemListElement\":[{\"@type\":\"ListItem\",\"position\":1,\"name\":\"Hem\",\"item\":\"https:\/\/babylove.se\/no\/\"},{\"@type\":\"ListItem\",\"position\":2,\"name\":\"Butik\",\"item\":\"https:\/\/babylove.se\/no\/butik\/\"},{\"@type\":\"ListItem\",\"position\":3,\"name\":\"K\u00f8yeseng med st\u00f8ttebrett og tre senger Heidi\"}]},{\"@type\":\"WebSite\",\"@id\":\"https:\/\/babylove.se\/no\/#website\",\"url\":\"https:\/\/babylove.se\/no\/\",\"name\":\"Babylove Norska\",\"description\":\"\",\"potentialAction\":[{\"@type\":\"SearchAction\",\"target\":{\"@type\":\"EntryPoint\",\"urlTemplate\":\"https:\/\/babylove.se\/no\/?s={search_term_string}\"},\"query-input\":{\"@type\":\"PropertyValueSpecification\",\"valueRequired\":true,\"valueName\":\"search_term_string\"}}],\"inLanguage\":\"nb-NO\"}]}<\/script>\n<meta property=\"product:brand\" content=\"LANO\" \/>\n<meta property=\"og:availability\" content=\"instock\" \/>\n<meta property=\"product:availability\" content=\"instock\" \/>\n<meta property=\"product:retailer_item_id\" content=\"HARRI002-80x160-cm-Natur-Utan\" \/>\n<meta property=\"product:condition\" content=\"new\" \/>\n<!-- \/ Yoast SEO Premium plugin. -->","yoast_head_json":{"title":"K\u00f8yeseng med st\u00f8ttebrett og tre senger Heidi - Babylove Norska","robots":{"index":"noindex","follow":"follow","max-snippet":"max-snippet:-1","max-image-preview":"max-image-preview:large","max-video-preview":"max-video-preview:-1"},"og_locale":"nb_NO","og_type":"article","og_title":"K\u00f8yeseng med st\u00f8ttebrett og tre senger Heidi","og_description":"\u00c5 finne en k\u00f8yeseng med 3 senger som b\u00e5de er praktisk og pen er ikke enkelt, men her er svaret p\u00e5 det! En stabil barneseng i stilsikker design, for mange \u00e5r med s\u00f8te dr\u00f8mmer! Denne sengen kan enkelt gj\u00f8res om til to separate senger om man \u00f8nsker det, noe som skaper mange ulike muligheter. Laget [&hellip;]","og_url":"https:\/\/babylove.se\/no\/produkt\/vaningsseng-med-stottebrett-og-tre-senger-heidi\/","og_site_name":"Babylove Norska","article_modified_time":"2026-04-08T11:45:41+00:00","og_image":[{"width":738,"height":503,"url":"https:\/\/babylove.se\/no\/wp-content\/uploads\/sites\/3\/2025\/07\/631b05109f1b1.jpeg","type":"image\/jpeg"}],"twitter_card":"summary_large_image","twitter_misc":{"Availability":"In stock"},"schema":{"@context":"https:\/\/schema.org","@graph":[{"@type":"WebPage","@id":"https:\/\/babylove.se\/no\/produkt\/vaningsseng-med-stottebrett-og-tre-senger-heidi\/","url":"https:\/\/babylove.se\/no\/produkt\/vaningsseng-med-stottebrett-og-tre-senger-heidi\/","name":"K\u00f8yeseng med st\u00f8ttebrett og tre senger Heidi - Babylove Norska","isPartOf":{"@id":"https:\/\/babylove.se\/no\/#website"},"primaryImageOfPage":{"@id":"https:\/\/babylove.se\/no\/produkt\/vaningsseng-med-stottebrett-og-tre-senger-heidi\/#primaryimage"},"image":{"@id":"https:\/\/babylove.se\/no\/produkt\/vaningsseng-med-stottebrett-og-tre-senger-heidi\/#primaryimage"},"thumbnailUrl":"https:\/\/babylove.se\/no\/wp-content\/uploads\/sites\/3\/2025\/07\/631b05109f1b1.jpeg","datePublished":"2025-07-19T02:13:37+00:00","dateModified":"2026-04-08T11:45:41+00:00","breadcrumb":{"@id":"https:\/\/babylove.se\/no\/produkt\/vaningsseng-med-stottebrett-og-tre-senger-heidi\/#breadcrumb"},"inLanguage":"nb-NO","potentialAction":[{"@type":"ReadAction","target":["https:\/\/babylove.se\/no\/produkt\/vaningsseng-med-stottebrett-og-tre-senger-heidi\/"]}]},{"@type":"ImageObject","inLanguage":"nb-NO","@id":"https:\/\/babylove.se\/no\/produkt\/vaningsseng-med-stottebrett-og-tre-senger-heidi\/#primaryimage","url":"https:\/\/babylove.se\/no\/wp-content\/uploads\/sites\/3\/2025\/07\/631b05109f1b1.jpeg","contentUrl":"https:\/\/babylove.se\/no\/wp-content\/uploads\/sites\/3\/2025\/07\/631b05109f1b1.jpeg","width":738,"height":503},{"@type":"BreadcrumbList","@id":"https:\/\/babylove.se\/no\/produkt\/vaningsseng-med-stottebrett-og-tre-senger-heidi\/#breadcrumb","itemListElement":[{"@type":"ListItem","position":1,"name":"Hem","item":"https:\/\/babylove.se\/no\/"},{"@type":"ListItem","position":2,"name":"Butik","item":"https:\/\/babylove.se\/no\/butik\/"},{"@type":"ListItem","position":3,"name":"K\u00f8yeseng med st\u00f8ttebrett og tre senger Heidi"}]},{"@type":"WebSite","@id":"https:\/\/babylove.se\/no\/#website","url":"https:\/\/babylove.se\/no\/","name":"Babylove Norska","description":"","potentialAction":[{"@type":"SearchAction","target":{"@type":"EntryPoint","urlTemplate":"https:\/\/babylove.se\/no\/?s={search_term_string}"},"query-input":{"@type":"PropertyValueSpecification","valueRequired":true,"valueName":"search_term_string"}}],"inLanguage":"nb-NO"}]},"product_brand":"LANO","og_availability":"instock","product_availability":"instock","product_retailer_item_id":"HARRI002-80x160-cm-Natur-Utan","product_condition":"new"},"_links":{"self":[{"href":"https:\/\/babylove.se\/no\/wp-json\/wp\/v2\/product\/42534","targetHints":{"allow":["GET"]}}],"collection":[{"href":"https:\/\/babylove.se\/no\/wp-json\/wp\/v2\/product"}],"about":[{"href":"https:\/\/babylove.se\/no\/wp-json\/wp\/v2\/types\/product"}],"replies":[{"embeddable":true,"href":"https:\/\/babylove.se\/no\/wp-json\/wp\/v2\/comments?post=42534"}],"wp:featuredmedia":[{"embeddable":true,"href":"https:\/\/babylove.se\/no\/wp-json\/wp\/v2\/media\/42536"}],"wp:attachment":[{"href":"https:\/\/babylove.se\/no\/wp-json\/wp\/v2\/media?parent=42534"}],"wp:term":[{"taxonomy":"product_brand","embeddable":true,"href":"https:\/\/babylove.se\/no\/wp-json\/wp\/v2\/product_brand?post=42534"},{"taxonomy":"product_cat","embeddable":true,"href":"https:\/\/babylove.se\/no\/wp-json\/wp\/v2\/product_cat?post=42534"},{"taxonomy":"product_tag","embeddable":true,"href":"https:\/\/babylove.se\/no\/wp-json\/wp\/v2\/product_tag?post=42534"}],"curies":[{"name":"wp","href":"https:\/\/api.w.org\/{rel}","templated":true}]}}