{"id":42586,"date":"2025-07-19T03:15:05","date_gmt":"2025-07-19T02:15:05","guid":{"rendered":"https:\/\/babylove.se\/produkt\/barnsang-med-tre-sangar-dagbadd-roy\/"},"modified":"2026-04-08T12:45:44","modified_gmt":"2026-04-08T11:45:44","slug":"barneseng-med-tre-senger-dagbat-roy","status":"publish","type":"product","link":"https:\/\/babylove.se\/no\/produkt\/barneseng-med-tre-senger-dagbat-roy\/","title":{"rendered":"Barneseng med tre senger, dagseng Roy"},"content":{"rendered":"<p>En fantastisk fin juniorseng med en praktisk ekstraseng under som du enkelt tar frem ved behov. Perfekt om en kompis vil sove over, eller n\u00e5r s\u00f8sken vil dele rom. <\/p>\n<p>Denne s\u00f8skenseng er laget av massiv furu som gj\u00f8r den stabil og solid. Ideell \u00e5 b\u00e5de leke som sove i. St\u00f8ttebrettet er avtakbart og sengen kan ogs\u00e5 brukes som en dagseng eller kj\u00f8kkensofa. <\/p>\n<p>Vi lover at sengen kommer til \u00e5 bli ditt barns favoritt, og ikke bare for \u00e5 sove i da den med enkle midler kan bli et riktig bra kosekrok. Mange dekorerer med sengehimler, vimpler eller lysslynger, bare din kreativitet setter stopper. <\/p>\n<p><strong>Tilvalg<\/strong>: <\/p>\n<ul>\n<li>Farge: velg mellom natur, hvit, gr\u00e5 og antrasitt.<\/li>\n<\/ul>\n<p><strong>Info:<\/strong> <\/p>\n<ul>\n<li>100% FSC-sertifisert furutre som sikrer at virket kommer fra ansvarlig skogsdrift.<\/li>\n<li>St\u00f8ttebrettet er avtakbart og kan monteres p\u00e5 valgfri side.<\/li>\n<li>Sengens totale h\u00f8yde: 77,5 cm.<\/li>\n<li>Maks vekt: 100 kg per seng.<\/li>\n<\/ul>\n<p><strong>M\u00e5l: <\/strong> <\/p>\n<ul>\n<li>Finnes i forskjellige sengem\u00e5l. M\u00e5lene til venstre i listen gjelder sengem\u00e5l for den \u00f8verste sengen. M\u00e5lene i parentes (bredde &amp; lengde) gjelder den totale st\u00f8rrelsen p\u00e5 sengen.<\/li>\n<li>Sengem\u00e5l til ekstraseng 1 10 cm kortere enn sengens lengde. Eksempel: Til seng 80&#215;160 = ekstraseng 80&#215;150.<\/li>\n<li>Sengem\u00e5l til ekstraseng 2 20 cm kortere enn sengens lengde. Eksempel: Til seng 80&#215;160 = ekstraseng 80&#215;140.<\/li>\n<\/ul>\n<p>Madrasser inng\u00e5r ikke, men finnes \u00e5 kj\u00f8pe i v\u00e5rt store utvalg! Vi anbefaler en skummadrass med en tykkelse p\u00e5 <em>10-12 cm<\/em> for den \u00f8vre sengen og <em><strong>maks<\/strong> 8 cm<\/em> for de to ekstrasengene. Hvis madrassene til ekstrasengene er tykkere enn 8 cm vil ikke ekstrasengene kunne rulles ut. <\/p>\n<p>Sengene produseres etter standarden EN-747-1: 2012 + A1: 2015 i v\u00e5r fabrikk i Europa som har de h\u00f8yeste sikkerhetsstandardene for produksjon av barnesenger. og kontrollerer hvert steg fra det at t\u00f8mmeret kommer inn i fabrikken til at et ferdig produkt forlater. Sengene lakkes tre ganger med \u00f8kologisk, milj\u00f8vennlig og vannbasert maling som f\u00f8lger normen EN 71-3:2019. <\/p>\n<p><em>Dette er en seng produsert og tilpasset for barn. <em><em><em><em><em>Sengen leveres umontert og b\u00f8r settes sammen i rommet den skal brukes i.<\/em><\/em><\/em><\/em><\/em><\/em><\/p>\n","protected":false},"excerpt":{"rendered":"<p>En fantastisk fin juniorseng med en praktisk ekstraseng under som du enkelt tar frem ved behov. Perfekt om en kompis vil sove over, eller n\u00e5r s\u00f8sken vil dele rom. Denne s\u00f8skenseng er laget av massiv furu som gj\u00f8r den stabil og solid. Ideell \u00e5 b\u00e5de leke som sove i. St\u00f8ttebrettet er avtakbart og sengen kan [&hellip;]<\/p>\n","protected":false},"featured_media":42588,"comment_status":"open","ping_status":"closed","template":"","meta":{"_acf_changed":false},"product_brand":[1319],"product_cat":[372,269,432,1320,40],"product_tag":[1689],"class_list":{"0":"post-42586","1":"product","2":"type-product","3":"status-publish","4":"has-post-thumbnail","6":"product_brand-lano","7":"product_cat-barnesenger","8":"product_cat-juniorsenger","9":"product_cat-tresengsanger","10":"product_cat-lano","11":"product_cat-soverom-barn","12":"product_tag-bestillingsvaror","13":"pa_farg-antracit","14":"pa_farg-gra","15":"pa_farg-vit","16":"pa_farg-natur","17":"pa_storlek-80x160-cm-b87-cm-l168-cm","18":"pa_storlek-80x180-cm-b87-cm-l188-cm","19":"pa_storlek-80x200-cm-b87-cm-l208-cm","20":"pa_storlek-90x190-cm-b97-cm-l198-cm","21":"pa_storlek-90x200-cm-b97-cm-l208-cm","23":"first","24":"instock","25":"taxable","26":"shipping-taxable","27":"purchasable","28":"product-type-variable"},"acf":[],"yoast_head":"<!-- This site is optimized with the Yoast SEO Premium plugin v25.8 (Yoast SEO v27.2) - https:\/\/yoast.com\/product\/yoast-seo-premium-wordpress\/ -->\n<title>Barneseng med tre senger, dagseng Roy - Babylove Norska<\/title>\n<meta name=\"robots\" content=\"noindex, follow, max-snippet:-1, max-image-preview:large, max-video-preview:-1\" \/>\n<meta property=\"og:locale\" content=\"nb_NO\" \/>\n<meta property=\"og:type\" content=\"article\" \/>\n<meta property=\"og:title\" content=\"Barneseng med tre senger, dagseng Roy\" \/>\n<meta property=\"og:description\" content=\"En fantastisk fin juniorseng med en praktisk ekstraseng under som du enkelt tar frem ved behov. Perfekt om en kompis vil sove over, eller n\u00e5r s\u00f8sken vil dele rom. Denne s\u00f8skenseng er laget av massiv furu som gj\u00f8r den stabil og solid. Ideell \u00e5 b\u00e5de leke som sove i. St\u00f8ttebrettet er avtakbart og sengen kan [&hellip;]\" \/>\n<meta property=\"og:url\" content=\"https:\/\/babylove.se\/no\/produkt\/barneseng-med-tre-senger-dagbat-roy\/\" \/>\n<meta property=\"og:site_name\" content=\"Babylove Norska\" \/>\n<meta property=\"article:modified_time\" content=\"2026-04-08T11:45:44+00:00\" \/>\n<meta property=\"og:image\" content=\"https:\/\/babylove.se\/no\/wp-content\/uploads\/sites\/3\/2025\/07\/63d8be601716f.jpeg\" \/>\n\t<meta property=\"og:image:width\" content=\"861\" \/>\n\t<meta property=\"og:image:height\" content=\"530\" \/>\n\t<meta property=\"og:image:type\" content=\"image\/jpeg\" \/>\n<meta name=\"twitter:card\" content=\"summary_large_image\" \/>\n<meta name=\"twitter:label1\" content=\"Availability\" \/>\n\t<meta name=\"twitter:data1\" content=\"In stock\" \/>\n<script type=\"application\/ld+json\" class=\"yoast-schema-graph\">{\"@context\":\"https:\/\/schema.org\",\"@graph\":[{\"@type\":\"WebPage\",\"@id\":\"https:\/\/babylove.se\/no\/produkt\/barneseng-med-tre-senger-dagbat-roy\/\",\"url\":\"https:\/\/babylove.se\/no\/produkt\/barneseng-med-tre-senger-dagbat-roy\/\",\"name\":\"Barneseng med tre senger, dagseng Roy - Babylove Norska\",\"isPartOf\":{\"@id\":\"https:\/\/babylove.se\/no\/#website\"},\"primaryImageOfPage\":{\"@id\":\"https:\/\/babylove.se\/no\/produkt\/barneseng-med-tre-senger-dagbat-roy\/#primaryimage\"},\"image\":{\"@id\":\"https:\/\/babylove.se\/no\/produkt\/barneseng-med-tre-senger-dagbat-roy\/#primaryimage\"},\"thumbnailUrl\":\"https:\/\/babylove.se\/no\/wp-content\/uploads\/sites\/3\/2025\/07\/63d8be601716f.jpeg\",\"datePublished\":\"2025-07-19T02:15:05+00:00\",\"dateModified\":\"2026-04-08T11:45:44+00:00\",\"breadcrumb\":{\"@id\":\"https:\/\/babylove.se\/no\/produkt\/barneseng-med-tre-senger-dagbat-roy\/#breadcrumb\"},\"inLanguage\":\"nb-NO\",\"potentialAction\":[{\"@type\":\"ReadAction\",\"target\":[\"https:\/\/babylove.se\/no\/produkt\/barneseng-med-tre-senger-dagbat-roy\/\"]}]},{\"@type\":\"ImageObject\",\"inLanguage\":\"nb-NO\",\"@id\":\"https:\/\/babylove.se\/no\/produkt\/barneseng-med-tre-senger-dagbat-roy\/#primaryimage\",\"url\":\"https:\/\/babylove.se\/no\/wp-content\/uploads\/sites\/3\/2025\/07\/63d8be601716f.jpeg\",\"contentUrl\":\"https:\/\/babylove.se\/no\/wp-content\/uploads\/sites\/3\/2025\/07\/63d8be601716f.jpeg\",\"width\":861,\"height\":530},{\"@type\":\"BreadcrumbList\",\"@id\":\"https:\/\/babylove.se\/no\/produkt\/barneseng-med-tre-senger-dagbat-roy\/#breadcrumb\",\"itemListElement\":[{\"@type\":\"ListItem\",\"position\":1,\"name\":\"Hem\",\"item\":\"https:\/\/babylove.se\/no\/\"},{\"@type\":\"ListItem\",\"position\":2,\"name\":\"Butik\",\"item\":\"https:\/\/babylove.se\/no\/butik\/\"},{\"@type\":\"ListItem\",\"position\":3,\"name\":\"Barneseng med tre senger, dagseng Roy\"}]},{\"@type\":\"WebSite\",\"@id\":\"https:\/\/babylove.se\/no\/#website\",\"url\":\"https:\/\/babylove.se\/no\/\",\"name\":\"Babylove Norska\",\"description\":\"\",\"potentialAction\":[{\"@type\":\"SearchAction\",\"target\":{\"@type\":\"EntryPoint\",\"urlTemplate\":\"https:\/\/babylove.se\/no\/?s={search_term_string}\"},\"query-input\":{\"@type\":\"PropertyValueSpecification\",\"valueRequired\":true,\"valueName\":\"search_term_string\"}}],\"inLanguage\":\"nb-NO\"}]}<\/script>\n<meta property=\"product:brand\" content=\"LANO\" \/>\n<meta property=\"og:availability\" content=\"instock\" \/>\n<meta property=\"product:availability\" content=\"instock\" \/>\n<meta property=\"product:retailer_item_id\" content=\"RIO002-80x160-cm-Natur\" \/>\n<meta property=\"product:condition\" content=\"new\" \/>\n<!-- \/ Yoast SEO Premium plugin. -->","yoast_head_json":{"title":"Barneseng med tre senger, dagseng Roy - Babylove Norska","robots":{"index":"noindex","follow":"follow","max-snippet":"max-snippet:-1","max-image-preview":"max-image-preview:large","max-video-preview":"max-video-preview:-1"},"og_locale":"nb_NO","og_type":"article","og_title":"Barneseng med tre senger, dagseng Roy","og_description":"En fantastisk fin juniorseng med en praktisk ekstraseng under som du enkelt tar frem ved behov. Perfekt om en kompis vil sove over, eller n\u00e5r s\u00f8sken vil dele rom. Denne s\u00f8skenseng er laget av massiv furu som gj\u00f8r den stabil og solid. Ideell \u00e5 b\u00e5de leke som sove i. St\u00f8ttebrettet er avtakbart og sengen kan [&hellip;]","og_url":"https:\/\/babylove.se\/no\/produkt\/barneseng-med-tre-senger-dagbat-roy\/","og_site_name":"Babylove Norska","article_modified_time":"2026-04-08T11:45:44+00:00","og_image":[{"width":861,"height":530,"url":"https:\/\/babylove.se\/no\/wp-content\/uploads\/sites\/3\/2025\/07\/63d8be601716f.jpeg","type":"image\/jpeg"}],"twitter_card":"summary_large_image","twitter_misc":{"Availability":"In stock"},"schema":{"@context":"https:\/\/schema.org","@graph":[{"@type":"WebPage","@id":"https:\/\/babylove.se\/no\/produkt\/barneseng-med-tre-senger-dagbat-roy\/","url":"https:\/\/babylove.se\/no\/produkt\/barneseng-med-tre-senger-dagbat-roy\/","name":"Barneseng med tre senger, dagseng Roy - Babylove Norska","isPartOf":{"@id":"https:\/\/babylove.se\/no\/#website"},"primaryImageOfPage":{"@id":"https:\/\/babylove.se\/no\/produkt\/barneseng-med-tre-senger-dagbat-roy\/#primaryimage"},"image":{"@id":"https:\/\/babylove.se\/no\/produkt\/barneseng-med-tre-senger-dagbat-roy\/#primaryimage"},"thumbnailUrl":"https:\/\/babylove.se\/no\/wp-content\/uploads\/sites\/3\/2025\/07\/63d8be601716f.jpeg","datePublished":"2025-07-19T02:15:05+00:00","dateModified":"2026-04-08T11:45:44+00:00","breadcrumb":{"@id":"https:\/\/babylove.se\/no\/produkt\/barneseng-med-tre-senger-dagbat-roy\/#breadcrumb"},"inLanguage":"nb-NO","potentialAction":[{"@type":"ReadAction","target":["https:\/\/babylove.se\/no\/produkt\/barneseng-med-tre-senger-dagbat-roy\/"]}]},{"@type":"ImageObject","inLanguage":"nb-NO","@id":"https:\/\/babylove.se\/no\/produkt\/barneseng-med-tre-senger-dagbat-roy\/#primaryimage","url":"https:\/\/babylove.se\/no\/wp-content\/uploads\/sites\/3\/2025\/07\/63d8be601716f.jpeg","contentUrl":"https:\/\/babylove.se\/no\/wp-content\/uploads\/sites\/3\/2025\/07\/63d8be601716f.jpeg","width":861,"height":530},{"@type":"BreadcrumbList","@id":"https:\/\/babylove.se\/no\/produkt\/barneseng-med-tre-senger-dagbat-roy\/#breadcrumb","itemListElement":[{"@type":"ListItem","position":1,"name":"Hem","item":"https:\/\/babylove.se\/no\/"},{"@type":"ListItem","position":2,"name":"Butik","item":"https:\/\/babylove.se\/no\/butik\/"},{"@type":"ListItem","position":3,"name":"Barneseng med tre senger, dagseng Roy"}]},{"@type":"WebSite","@id":"https:\/\/babylove.se\/no\/#website","url":"https:\/\/babylove.se\/no\/","name":"Babylove Norska","description":"","potentialAction":[{"@type":"SearchAction","target":{"@type":"EntryPoint","urlTemplate":"https:\/\/babylove.se\/no\/?s={search_term_string}"},"query-input":{"@type":"PropertyValueSpecification","valueRequired":true,"valueName":"search_term_string"}}],"inLanguage":"nb-NO"}]},"product_brand":"LANO","og_availability":"instock","product_availability":"instock","product_retailer_item_id":"RIO002-80x160-cm-Natur","product_condition":"new"},"_links":{"self":[{"href":"https:\/\/babylove.se\/no\/wp-json\/wp\/v2\/product\/42586","targetHints":{"allow":["GET"]}}],"collection":[{"href":"https:\/\/babylove.se\/no\/wp-json\/wp\/v2\/product"}],"about":[{"href":"https:\/\/babylove.se\/no\/wp-json\/wp\/v2\/types\/product"}],"replies":[{"embeddable":true,"href":"https:\/\/babylove.se\/no\/wp-json\/wp\/v2\/comments?post=42586"}],"wp:featuredmedia":[{"embeddable":true,"href":"https:\/\/babylove.se\/no\/wp-json\/wp\/v2\/media\/42588"}],"wp:attachment":[{"href":"https:\/\/babylove.se\/no\/wp-json\/wp\/v2\/media?parent=42586"}],"wp:term":[{"taxonomy":"product_brand","embeddable":true,"href":"https:\/\/babylove.se\/no\/wp-json\/wp\/v2\/product_brand?post=42586"},{"taxonomy":"product_cat","embeddable":true,"href":"https:\/\/babylove.se\/no\/wp-json\/wp\/v2\/product_cat?post=42586"},{"taxonomy":"product_tag","embeddable":true,"href":"https:\/\/babylove.se\/no\/wp-json\/wp\/v2\/product_tag?post=42586"}],"curies":[{"name":"wp","href":"https:\/\/api.w.org\/{rel}","templated":true}]}}