{"id":4303,"date":"2025-07-18T20:21:36","date_gmt":"2025-07-18T19:21:36","guid":{"rendered":"https:\/\/babylove.se\/produkt\/grafit-exklusiv-lekmatta-av-linne-pure-nature-cottonsweets\/"},"modified":"2026-04-08T08:06:51","modified_gmt":"2026-04-08T07:06:51","slug":"grafit-eksklusiv-lekematte-av-lin-pure-nature-cottonsweets","status":"publish","type":"product","link":"https:\/\/babylove.se\/no\/produkt\/grafit-eksklusiv-lekematte-av-lin-pure-nature-cottonsweets\/","title":{"rendered":"Grafitt eksklusiv lekematte av lin, Pure Nature, Cotton&#038;Sweets"},"content":{"rendered":"<p>Denne lekematten, fra kolleksjonen Pure Nature, er en fantastisk interi\u00f8rdetalj for barnerommet. Hver enkelt lekematte er h\u00e5ndlaget og laget av 100 % lintstoff.&nbsp;<\/p>\n<p>Lekemattenes kjennetegn er at de er laget helt av antibakterielle og antiallergiske materialer, noe som gj\u00f8r at de passer perfekt for barn \u00e5 leke og v\u00e6re p\u00e5. Den passer utmerket sammen med en fin sengehimmel fra samme serie, bed\u00e5rende vakker.<\/p>\n<p><strong>M\u00e5l<\/strong>: Diameter 120 cm<\/p>\n<p><strong>Materiale<\/strong>: 100 % lin og fyll av polyester.<\/p>\n<p>Designer: <a href=\"https:\/\/babylove.se\/varumarken\/cottonsweets\"><u>Cotton &amp; Sweets<\/u><\/a><\/p>\n","protected":false},"excerpt":{"rendered":"<p>Denne lekematten, fra kolleksjonen Pure Nature, er en fantastisk interi\u00f8rdetalj for barnerommet. Hver enkelt lekematte er h\u00e5ndlaget og laget av 100 % lintstoff.&nbsp; Lekemattenes kjennetegn er at de er laget helt av antibakterielle og antiallergiske materialer, noe som gj\u00f8r at de passer perfekt for barn \u00e5 leke og v\u00e6re p\u00e5. Den passer utmerket sammen med [&hellip;]<\/p>\n","protected":false},"featured_media":4305,"comment_status":"closed","ping_status":"open","template":"","meta":{"_acf_changed":false},"product_brand":[143],"product_cat":[28,144,26,25,52,135],"product_tag":[1689],"class_list":{"0":"post-4303","1":"product","2":"type-product","3":"status-publish","4":"has-post-thumbnail","6":"product_brand-cotton-sweets","7":"product_cat-sorthvit","8":"product_cat-cottonsweets","9":"product_cat-kjop-produkter-som-ikke-bare-er-for-gutter","10":"product_cat-ikke-bare-jenter","11":"product_cat-lekematter","12":"product_cat-tepper","13":"product_tag-bestillingsvaror","15":"first","16":"instock","17":"taxable","18":"shipping-taxable","19":"purchasable","20":"product-type-simple"},"acf":[],"yoast_head":"<!-- This site is optimized with the Yoast SEO Premium plugin v25.8 (Yoast SEO v27.2) - https:\/\/yoast.com\/product\/yoast-seo-premium-wordpress\/ -->\n<title>Grafitt eksklusiv lekematte av lin, Pure Nature, Cotton&amp;Sweets - Babylove Norska<\/title>\n<meta name=\"robots\" content=\"noindex, follow, max-snippet:-1, max-image-preview:large, max-video-preview:-1\" \/>\n<meta property=\"og:locale\" content=\"nb_NO\" \/>\n<meta property=\"og:type\" content=\"article\" \/>\n<meta property=\"og:title\" content=\"Grafitt eksklusiv lekematte av lin, Pure Nature, Cotton&amp;Sweets\" \/>\n<meta property=\"og:description\" content=\"Denne lekematten, fra kolleksjonen Pure Nature, er en fantastisk interi\u00f8rdetalj for barnerommet. Hver enkelt lekematte er h\u00e5ndlaget og laget av 100 % lintstoff.&nbsp; Lekemattenes kjennetegn er at de er laget helt av antibakterielle og antiallergiske materialer, noe som gj\u00f8r at de passer perfekt for barn \u00e5 leke og v\u00e6re p\u00e5. Den passer utmerket sammen med [&hellip;]\" \/>\n<meta property=\"og:url\" content=\"https:\/\/babylove.se\/no\/produkt\/grafit-eksklusiv-lekematte-av-lin-pure-nature-cottonsweets\/\" \/>\n<meta property=\"og:site_name\" content=\"Babylove Norska\" \/>\n<meta property=\"article:modified_time\" content=\"2026-04-08T07:06:51+00:00\" \/>\n<meta property=\"og:image\" content=\"https:\/\/babylove.se\/no\/wp-content\/uploads\/sites\/3\/2025\/07\/639311c00ce0f.jpeg\" \/>\n\t<meta property=\"og:image:width\" content=\"1000\" \/>\n\t<meta property=\"og:image:height\" content=\"1000\" \/>\n\t<meta property=\"og:image:type\" content=\"image\/jpeg\" \/>\n<meta name=\"twitter:card\" content=\"summary_large_image\" \/>\n<meta name=\"twitter:label1\" content=\"Price\" \/>\n\t<meta name=\"twitter:data1\" content=\"1 099,00&nbsp;&#107;&#114;\" \/>\n\t<meta name=\"twitter:label2\" content=\"Availability\" \/>\n\t<meta name=\"twitter:data2\" content=\"In stock\" \/>\n<script type=\"application\/ld+json\" class=\"yoast-schema-graph\">{\"@context\":\"https:\/\/schema.org\",\"@graph\":[{\"@type\":\"WebPage\",\"@id\":\"https:\/\/babylove.se\/no\/produkt\/grafit-eksklusiv-lekematte-av-lin-pure-nature-cottonsweets\/\",\"url\":\"https:\/\/babylove.se\/no\/produkt\/grafit-eksklusiv-lekematte-av-lin-pure-nature-cottonsweets\/\",\"name\":\"Grafitt eksklusiv lekematte av lin, Pure Nature, Cotton&Sweets - Babylove Norska\",\"isPartOf\":{\"@id\":\"https:\/\/babylove.se\/no\/#website\"},\"primaryImageOfPage\":{\"@id\":\"https:\/\/babylove.se\/no\/produkt\/grafit-eksklusiv-lekematte-av-lin-pure-nature-cottonsweets\/#primaryimage\"},\"image\":{\"@id\":\"https:\/\/babylove.se\/no\/produkt\/grafit-eksklusiv-lekematte-av-lin-pure-nature-cottonsweets\/#primaryimage\"},\"thumbnailUrl\":\"https:\/\/babylove.se\/no\/wp-content\/uploads\/sites\/3\/2025\/07\/639311c00ce0f.jpeg\",\"datePublished\":\"2025-07-18T19:21:36+00:00\",\"dateModified\":\"2026-04-08T07:06:51+00:00\",\"breadcrumb\":{\"@id\":\"https:\/\/babylove.se\/no\/produkt\/grafit-eksklusiv-lekematte-av-lin-pure-nature-cottonsweets\/#breadcrumb\"},\"inLanguage\":\"nb-NO\",\"potentialAction\":[{\"@type\":\"ReadAction\",\"target\":[\"https:\/\/babylove.se\/no\/produkt\/grafit-eksklusiv-lekematte-av-lin-pure-nature-cottonsweets\/\"]}]},{\"@type\":\"ImageObject\",\"inLanguage\":\"nb-NO\",\"@id\":\"https:\/\/babylove.se\/no\/produkt\/grafit-eksklusiv-lekematte-av-lin-pure-nature-cottonsweets\/#primaryimage\",\"url\":\"https:\/\/babylove.se\/no\/wp-content\/uploads\/sites\/3\/2025\/07\/639311c00ce0f.jpeg\",\"contentUrl\":\"https:\/\/babylove.se\/no\/wp-content\/uploads\/sites\/3\/2025\/07\/639311c00ce0f.jpeg\",\"width\":1000,\"height\":1000},{\"@type\":\"BreadcrumbList\",\"@id\":\"https:\/\/babylove.se\/no\/produkt\/grafit-eksklusiv-lekematte-av-lin-pure-nature-cottonsweets\/#breadcrumb\",\"itemListElement\":[{\"@type\":\"ListItem\",\"position\":1,\"name\":\"Hem\",\"item\":\"https:\/\/babylove.se\/no\/\"},{\"@type\":\"ListItem\",\"position\":2,\"name\":\"Butik\",\"item\":\"https:\/\/babylove.se\/no\/butik\/\"},{\"@type\":\"ListItem\",\"position\":3,\"name\":\"Grafitt eksklusiv lekematte av lin, Pure Nature, Cotton&#038;Sweets\"}]},{\"@type\":\"WebSite\",\"@id\":\"https:\/\/babylove.se\/no\/#website\",\"url\":\"https:\/\/babylove.se\/no\/\",\"name\":\"Babylove Norska\",\"description\":\"\",\"potentialAction\":[{\"@type\":\"SearchAction\",\"target\":{\"@type\":\"EntryPoint\",\"urlTemplate\":\"https:\/\/babylove.se\/no\/?s={search_term_string}\"},\"query-input\":{\"@type\":\"PropertyValueSpecification\",\"valueRequired\":true,\"valueName\":\"search_term_string\"}}],\"inLanguage\":\"nb-NO\"}]}<\/script>\n<meta property=\"product:brand\" content=\"Cotton &amp; Sweets\" \/>\n<meta property=\"product:price:amount\" content=\"1099.00\" \/>\n<meta property=\"product:price:currency\" content=\"SEK\" \/>\n<meta property=\"og:availability\" content=\"instock\" \/>\n<meta property=\"product:availability\" content=\"instock\" \/>\n<meta property=\"product:retailer_item_id\" content=\"PN13105\" \/>\n<meta property=\"product:condition\" content=\"new\" \/>\n<!-- \/ Yoast SEO Premium plugin. -->","yoast_head_json":{"title":"Grafitt eksklusiv lekematte av lin, Pure Nature, Cotton&Sweets - Babylove Norska","robots":{"index":"noindex","follow":"follow","max-snippet":"max-snippet:-1","max-image-preview":"max-image-preview:large","max-video-preview":"max-video-preview:-1"},"og_locale":"nb_NO","og_type":"article","og_title":"Grafitt eksklusiv lekematte av lin, Pure Nature, Cotton&Sweets","og_description":"Denne lekematten, fra kolleksjonen Pure Nature, er en fantastisk interi\u00f8rdetalj for barnerommet. Hver enkelt lekematte er h\u00e5ndlaget og laget av 100 % lintstoff.&nbsp; Lekemattenes kjennetegn er at de er laget helt av antibakterielle og antiallergiske materialer, noe som gj\u00f8r at de passer perfekt for barn \u00e5 leke og v\u00e6re p\u00e5. Den passer utmerket sammen med [&hellip;]","og_url":"https:\/\/babylove.se\/no\/produkt\/grafit-eksklusiv-lekematte-av-lin-pure-nature-cottonsweets\/","og_site_name":"Babylove Norska","article_modified_time":"2026-04-08T07:06:51+00:00","og_image":[{"width":1000,"height":1000,"url":"https:\/\/babylove.se\/no\/wp-content\/uploads\/sites\/3\/2025\/07\/639311c00ce0f.jpeg","type":"image\/jpeg"}],"twitter_card":"summary_large_image","twitter_misc":{"Price":"1 099,00&nbsp;&#107;&#114;","Availability":"In stock"},"schema":{"@context":"https:\/\/schema.org","@graph":[{"@type":"WebPage","@id":"https:\/\/babylove.se\/no\/produkt\/grafit-eksklusiv-lekematte-av-lin-pure-nature-cottonsweets\/","url":"https:\/\/babylove.se\/no\/produkt\/grafit-eksklusiv-lekematte-av-lin-pure-nature-cottonsweets\/","name":"Grafitt eksklusiv lekematte av lin, Pure Nature, Cotton&Sweets - Babylove Norska","isPartOf":{"@id":"https:\/\/babylove.se\/no\/#website"},"primaryImageOfPage":{"@id":"https:\/\/babylove.se\/no\/produkt\/grafit-eksklusiv-lekematte-av-lin-pure-nature-cottonsweets\/#primaryimage"},"image":{"@id":"https:\/\/babylove.se\/no\/produkt\/grafit-eksklusiv-lekematte-av-lin-pure-nature-cottonsweets\/#primaryimage"},"thumbnailUrl":"https:\/\/babylove.se\/no\/wp-content\/uploads\/sites\/3\/2025\/07\/639311c00ce0f.jpeg","datePublished":"2025-07-18T19:21:36+00:00","dateModified":"2026-04-08T07:06:51+00:00","breadcrumb":{"@id":"https:\/\/babylove.se\/no\/produkt\/grafit-eksklusiv-lekematte-av-lin-pure-nature-cottonsweets\/#breadcrumb"},"inLanguage":"nb-NO","potentialAction":[{"@type":"ReadAction","target":["https:\/\/babylove.se\/no\/produkt\/grafit-eksklusiv-lekematte-av-lin-pure-nature-cottonsweets\/"]}]},{"@type":"ImageObject","inLanguage":"nb-NO","@id":"https:\/\/babylove.se\/no\/produkt\/grafit-eksklusiv-lekematte-av-lin-pure-nature-cottonsweets\/#primaryimage","url":"https:\/\/babylove.se\/no\/wp-content\/uploads\/sites\/3\/2025\/07\/639311c00ce0f.jpeg","contentUrl":"https:\/\/babylove.se\/no\/wp-content\/uploads\/sites\/3\/2025\/07\/639311c00ce0f.jpeg","width":1000,"height":1000},{"@type":"BreadcrumbList","@id":"https:\/\/babylove.se\/no\/produkt\/grafit-eksklusiv-lekematte-av-lin-pure-nature-cottonsweets\/#breadcrumb","itemListElement":[{"@type":"ListItem","position":1,"name":"Hem","item":"https:\/\/babylove.se\/no\/"},{"@type":"ListItem","position":2,"name":"Butik","item":"https:\/\/babylove.se\/no\/butik\/"},{"@type":"ListItem","position":3,"name":"Grafitt eksklusiv lekematte av lin, Pure Nature, Cotton&#038;Sweets"}]},{"@type":"WebSite","@id":"https:\/\/babylove.se\/no\/#website","url":"https:\/\/babylove.se\/no\/","name":"Babylove Norska","description":"","potentialAction":[{"@type":"SearchAction","target":{"@type":"EntryPoint","urlTemplate":"https:\/\/babylove.se\/no\/?s={search_term_string}"},"query-input":{"@type":"PropertyValueSpecification","valueRequired":true,"valueName":"search_term_string"}}],"inLanguage":"nb-NO"}]},"product_brand":"Cotton &amp; Sweets","product_price_amount":"1099.00","product_price_currency":"SEK","og_availability":"instock","product_availability":"instock","product_retailer_item_id":"PN13105","product_condition":"new"},"_links":{"self":[{"href":"https:\/\/babylove.se\/no\/wp-json\/wp\/v2\/product\/4303","targetHints":{"allow":["GET"]}}],"collection":[{"href":"https:\/\/babylove.se\/no\/wp-json\/wp\/v2\/product"}],"about":[{"href":"https:\/\/babylove.se\/no\/wp-json\/wp\/v2\/types\/product"}],"replies":[{"embeddable":true,"href":"https:\/\/babylove.se\/no\/wp-json\/wp\/v2\/comments?post=4303"}],"wp:featuredmedia":[{"embeddable":true,"href":"https:\/\/babylove.se\/no\/wp-json\/wp\/v2\/media\/4305"}],"wp:attachment":[{"href":"https:\/\/babylove.se\/no\/wp-json\/wp\/v2\/media?parent=4303"}],"wp:term":[{"taxonomy":"product_brand","embeddable":true,"href":"https:\/\/babylove.se\/no\/wp-json\/wp\/v2\/product_brand?post=4303"},{"taxonomy":"product_cat","embeddable":true,"href":"https:\/\/babylove.se\/no\/wp-json\/wp\/v2\/product_cat?post=4303"},{"taxonomy":"product_tag","embeddable":true,"href":"https:\/\/babylove.se\/no\/wp-json\/wp\/v2\/product_tag?post=4303"}],"curies":[{"name":"wp","href":"https:\/\/api.w.org\/{rel}","templated":true}]}}