{"id":43075,"date":"2025-07-19T09:17:02","date_gmt":"2025-07-19T08:17:02","guid":{"rendered":"https:\/\/babylove.se\/produkt\/maileg-stol-mouse-gold\/"},"modified":"2026-04-08T12:46:14","modified_gmt":"2026-04-08T11:46:14","slug":"maileg-stol-mouse-gold","status":"publish","type":"product","link":"https:\/\/babylove.se\/no\/produkt\/maileg-stol-mouse-gold\/","title":{"rendered":"Maileg, stol Mouse, gull"},"content":{"rendered":"<p>Vi mangler ord for denne flotte stolen i vintagestil, tilpasset for \u00e5 fungere til hvert rom i dukkehuset. \\n \\nUtrolig detaljrik produkt som er helt h\u00e5ndlaget av det popul\u00e6re selskapet Maileg. \\n \\nAlder: Fra 3 \u00e5r. \\n \\n<strong>M\u00e5l<\/strong>: 8,5 x 8 cm \\n<strong>Materiale<\/strong>: Metall. \\n \\nDesigner: <a href=\"https:\/\/babylove.se\/varumarken\/maileg\">Maileg<\/a><\/p>\n","protected":false},"excerpt":{"rendered":"<p>Vi mangler ord for denne flotte stolen i vintagestil, tilpasset for \u00e5 fungere til hvert rom i dukkehuset. \\n \\nUtrolig detaljrik produkt som er helt h\u00e5ndlaget av det popul\u00e6re selskapet Maileg. \\n \\nAlder: Fra 3 \u00e5r. \\n \\nM\u00e5l: 8,5 x 8 cm \\nMateriale: Metall. \\n \\nDesigner: Maileg<\/p>\n","protected":false},"featured_media":43077,"comment_status":"closed","ping_status":"closed","template":"","meta":{"_acf_changed":false},"product_brand":[662],"product_cat":[182,68,663],"product_tag":[],"class_list":{"0":"post-43075","1":"product","2":"type-product","3":"status-publish","4":"has-post-thumbnail","6":"product_brand-maileg","7":"product_cat-dockhusmobler","8":"product_cat-leker","9":"product_cat-maileg","11":"first","12":"instock","13":"taxable","14":"shipping-taxable","15":"purchasable","16":"product-type-simple"},"acf":[],"yoast_head":"<!-- This site is optimized with the Yoast SEO Premium plugin v25.8 (Yoast SEO v27.2) - https:\/\/yoast.com\/product\/yoast-seo-premium-wordpress\/ -->\n<title>Maileg, stol Mouse, gull - Babylove Norska<\/title>\n<meta name=\"robots\" content=\"noindex, follow, max-snippet:-1, max-image-preview:large, max-video-preview:-1\" \/>\n<meta property=\"og:locale\" content=\"nb_NO\" \/>\n<meta property=\"og:type\" content=\"article\" \/>\n<meta property=\"og:title\" content=\"Maileg, stol Mouse, gull\" \/>\n<meta property=\"og:description\" content=\"Vi mangler ord for denne flotte stolen i vintagestil, tilpasset for \u00e5 fungere til hvert rom i dukkehuset. n nUtrolig detaljrik produkt som er helt h\u00e5ndlaget av det popul\u00e6re selskapet Maileg. n nAlder: Fra 3 \u00e5r. n nM\u00e5l: 8,5 x 8 cm nMateriale: Metall. n nDesigner: Maileg\" \/>\n<meta property=\"og:url\" content=\"https:\/\/babylove.se\/no\/produkt\/maileg-stol-mouse-gold\/\" \/>\n<meta property=\"og:site_name\" content=\"Babylove Norska\" \/>\n<meta property=\"article:modified_time\" content=\"2026-04-08T11:46:14+00:00\" \/>\n<meta property=\"og:image\" content=\"https:\/\/babylove.se\/no\/wp-content\/uploads\/sites\/3\/2025\/07\/632030c215adc.jpeg\" \/>\n\t<meta property=\"og:image:width\" content=\"900\" \/>\n\t<meta property=\"og:image:height\" content=\"750\" \/>\n\t<meta property=\"og:image:type\" content=\"image\/jpeg\" \/>\n<meta name=\"twitter:card\" content=\"summary_large_image\" \/>\n<meta name=\"twitter:label1\" content=\"Price\" \/>\n\t<meta name=\"twitter:data1\" content=\"125,00&nbsp;&#107;&#114;\" \/>\n\t<meta name=\"twitter:label2\" content=\"Availability\" \/>\n\t<meta name=\"twitter:data2\" content=\"In stock\" \/>\n<script type=\"application\/ld+json\" class=\"yoast-schema-graph\">{\"@context\":\"https:\/\/schema.org\",\"@graph\":[{\"@type\":\"WebPage\",\"@id\":\"https:\/\/babylove.se\/no\/produkt\/maileg-stol-mouse-gold\/\",\"url\":\"https:\/\/babylove.se\/no\/produkt\/maileg-stol-mouse-gold\/\",\"name\":\"Maileg, stol Mouse, gull - Babylove Norska\",\"isPartOf\":{\"@id\":\"https:\/\/babylove.se\/no\/#website\"},\"primaryImageOfPage\":{\"@id\":\"https:\/\/babylove.se\/no\/produkt\/maileg-stol-mouse-gold\/#primaryimage\"},\"image\":{\"@id\":\"https:\/\/babylove.se\/no\/produkt\/maileg-stol-mouse-gold\/#primaryimage\"},\"thumbnailUrl\":\"https:\/\/babylove.se\/no\/wp-content\/uploads\/sites\/3\/2025\/07\/632030c215adc.jpeg\",\"datePublished\":\"2025-07-19T08:17:02+00:00\",\"dateModified\":\"2026-04-08T11:46:14+00:00\",\"breadcrumb\":{\"@id\":\"https:\/\/babylove.se\/no\/produkt\/maileg-stol-mouse-gold\/#breadcrumb\"},\"inLanguage\":\"nb-NO\",\"potentialAction\":[{\"@type\":\"ReadAction\",\"target\":[\"https:\/\/babylove.se\/no\/produkt\/maileg-stol-mouse-gold\/\"]}]},{\"@type\":\"ImageObject\",\"inLanguage\":\"nb-NO\",\"@id\":\"https:\/\/babylove.se\/no\/produkt\/maileg-stol-mouse-gold\/#primaryimage\",\"url\":\"https:\/\/babylove.se\/no\/wp-content\/uploads\/sites\/3\/2025\/07\/632030c215adc.jpeg\",\"contentUrl\":\"https:\/\/babylove.se\/no\/wp-content\/uploads\/sites\/3\/2025\/07\/632030c215adc.jpeg\",\"width\":900,\"height\":750},{\"@type\":\"BreadcrumbList\",\"@id\":\"https:\/\/babylove.se\/no\/produkt\/maileg-stol-mouse-gold\/#breadcrumb\",\"itemListElement\":[{\"@type\":\"ListItem\",\"position\":1,\"name\":\"Hem\",\"item\":\"https:\/\/babylove.se\/no\/\"},{\"@type\":\"ListItem\",\"position\":2,\"name\":\"Butik\",\"item\":\"https:\/\/babylove.se\/no\/butik\/\"},{\"@type\":\"ListItem\",\"position\":3,\"name\":\"Maileg, stol Mouse, gull\"}]},{\"@type\":\"WebSite\",\"@id\":\"https:\/\/babylove.se\/no\/#website\",\"url\":\"https:\/\/babylove.se\/no\/\",\"name\":\"Babylove Norska\",\"description\":\"\",\"potentialAction\":[{\"@type\":\"SearchAction\",\"target\":{\"@type\":\"EntryPoint\",\"urlTemplate\":\"https:\/\/babylove.se\/no\/?s={search_term_string}\"},\"query-input\":{\"@type\":\"PropertyValueSpecification\",\"valueRequired\":true,\"valueName\":\"search_term_string\"}}],\"inLanguage\":\"nb-NO\"}]}<\/script>\n<meta property=\"product:brand\" content=\"Maileg\" \/>\n<meta property=\"product:price:amount\" content=\"125.00\" \/>\n<meta property=\"product:price:currency\" content=\"SEK\" \/>\n<meta property=\"og:availability\" content=\"instock\" \/>\n<meta property=\"product:availability\" content=\"instock\" \/>\n<meta property=\"product:retailer_item_id\" content=\"11-2106-00\" \/>\n<meta property=\"product:condition\" content=\"new\" \/>\n<!-- \/ Yoast SEO Premium plugin. -->","yoast_head_json":{"title":"Maileg, stol Mouse, gull - Babylove Norska","robots":{"index":"noindex","follow":"follow","max-snippet":"max-snippet:-1","max-image-preview":"max-image-preview:large","max-video-preview":"max-video-preview:-1"},"og_locale":"nb_NO","og_type":"article","og_title":"Maileg, stol Mouse, gull","og_description":"Vi mangler ord for denne flotte stolen i vintagestil, tilpasset for \u00e5 fungere til hvert rom i dukkehuset. n nUtrolig detaljrik produkt som er helt h\u00e5ndlaget av det popul\u00e6re selskapet Maileg. n nAlder: Fra 3 \u00e5r. n nM\u00e5l: 8,5 x 8 cm nMateriale: Metall. n nDesigner: Maileg","og_url":"https:\/\/babylove.se\/no\/produkt\/maileg-stol-mouse-gold\/","og_site_name":"Babylove Norska","article_modified_time":"2026-04-08T11:46:14+00:00","og_image":[{"width":900,"height":750,"url":"https:\/\/babylove.se\/no\/wp-content\/uploads\/sites\/3\/2025\/07\/632030c215adc.jpeg","type":"image\/jpeg"}],"twitter_card":"summary_large_image","twitter_misc":{"Price":"125,00&nbsp;&#107;&#114;","Availability":"In stock"},"schema":{"@context":"https:\/\/schema.org","@graph":[{"@type":"WebPage","@id":"https:\/\/babylove.se\/no\/produkt\/maileg-stol-mouse-gold\/","url":"https:\/\/babylove.se\/no\/produkt\/maileg-stol-mouse-gold\/","name":"Maileg, stol Mouse, gull - Babylove Norska","isPartOf":{"@id":"https:\/\/babylove.se\/no\/#website"},"primaryImageOfPage":{"@id":"https:\/\/babylove.se\/no\/produkt\/maileg-stol-mouse-gold\/#primaryimage"},"image":{"@id":"https:\/\/babylove.se\/no\/produkt\/maileg-stol-mouse-gold\/#primaryimage"},"thumbnailUrl":"https:\/\/babylove.se\/no\/wp-content\/uploads\/sites\/3\/2025\/07\/632030c215adc.jpeg","datePublished":"2025-07-19T08:17:02+00:00","dateModified":"2026-04-08T11:46:14+00:00","breadcrumb":{"@id":"https:\/\/babylove.se\/no\/produkt\/maileg-stol-mouse-gold\/#breadcrumb"},"inLanguage":"nb-NO","potentialAction":[{"@type":"ReadAction","target":["https:\/\/babylove.se\/no\/produkt\/maileg-stol-mouse-gold\/"]}]},{"@type":"ImageObject","inLanguage":"nb-NO","@id":"https:\/\/babylove.se\/no\/produkt\/maileg-stol-mouse-gold\/#primaryimage","url":"https:\/\/babylove.se\/no\/wp-content\/uploads\/sites\/3\/2025\/07\/632030c215adc.jpeg","contentUrl":"https:\/\/babylove.se\/no\/wp-content\/uploads\/sites\/3\/2025\/07\/632030c215adc.jpeg","width":900,"height":750},{"@type":"BreadcrumbList","@id":"https:\/\/babylove.se\/no\/produkt\/maileg-stol-mouse-gold\/#breadcrumb","itemListElement":[{"@type":"ListItem","position":1,"name":"Hem","item":"https:\/\/babylove.se\/no\/"},{"@type":"ListItem","position":2,"name":"Butik","item":"https:\/\/babylove.se\/no\/butik\/"},{"@type":"ListItem","position":3,"name":"Maileg, stol Mouse, gull"}]},{"@type":"WebSite","@id":"https:\/\/babylove.se\/no\/#website","url":"https:\/\/babylove.se\/no\/","name":"Babylove Norska","description":"","potentialAction":[{"@type":"SearchAction","target":{"@type":"EntryPoint","urlTemplate":"https:\/\/babylove.se\/no\/?s={search_term_string}"},"query-input":{"@type":"PropertyValueSpecification","valueRequired":true,"valueName":"search_term_string"}}],"inLanguage":"nb-NO"}]},"product_brand":"Maileg","product_price_amount":"125.00","product_price_currency":"SEK","og_availability":"instock","product_availability":"instock","product_retailer_item_id":"11-2106-00","product_condition":"new"},"_links":{"self":[{"href":"https:\/\/babylove.se\/no\/wp-json\/wp\/v2\/product\/43075","targetHints":{"allow":["GET"]}}],"collection":[{"href":"https:\/\/babylove.se\/no\/wp-json\/wp\/v2\/product"}],"about":[{"href":"https:\/\/babylove.se\/no\/wp-json\/wp\/v2\/types\/product"}],"replies":[{"embeddable":true,"href":"https:\/\/babylove.se\/no\/wp-json\/wp\/v2\/comments?post=43075"}],"wp:featuredmedia":[{"embeddable":true,"href":"https:\/\/babylove.se\/no\/wp-json\/wp\/v2\/media\/43077"}],"wp:attachment":[{"href":"https:\/\/babylove.se\/no\/wp-json\/wp\/v2\/media?parent=43075"}],"wp:term":[{"taxonomy":"product_brand","embeddable":true,"href":"https:\/\/babylove.se\/no\/wp-json\/wp\/v2\/product_brand?post=43075"},{"taxonomy":"product_cat","embeddable":true,"href":"https:\/\/babylove.se\/no\/wp-json\/wp\/v2\/product_cat?post=43075"},{"taxonomy":"product_tag","embeddable":true,"href":"https:\/\/babylove.se\/no\/wp-json\/wp\/v2\/product_tag?post=43075"}],"curies":[{"name":"wp","href":"https:\/\/api.w.org\/{rel}","templated":true}]}}