{"id":4310,"date":"2025-07-18T20:21:36","date_gmt":"2025-07-18T19:21:36","guid":{"rendered":"https:\/\/babylove.se\/produkt\/dockvagn-i-tra-ohh-noo\/"},"modified":"2026-04-08T08:06:54","modified_gmt":"2026-04-08T07:06:54","slug":"dockvogn-i-tre-ohh-noo","status":"publish","type":"product","link":"https:\/\/babylove.se\/no\/produkt\/dockvogn-i-tre-ohh-noo\/","title":{"rendered":"Dukkevogn i tre, Ooh Noo"},"content":{"rendered":"<p>En liten og bed\u00e5rende lekebil for alle barnets favorittting. Helt laget i tre og for h\u00e5nd, som gj\u00f8r hver vogn unik.<\/p>\n<p>Denne vognen er s\u00e5 s\u00f8t at det er vanskelig \u00e5 finne de rette ordene for \u00e5 beskrive den. Den er helt laget i tre med hvite sider, bortsett fra de sm\u00e5 dekkene p\u00e5 hjulene. Passer perfekt for barnets dukker, eller favorittkosedyret. Stopp i en liten pute og teppe og du har skapt den s\u00f8teste lille sengen p\u00e5 hjul som du kan finne.<\/p>\n<p>En liten advarsel, du kommer til \u00e5 bli fristet til \u00e5 leke med den selv!<\/p>\n<p><strong>M\u00e5l<\/strong>: 25 cm x 43 cm x 51 cm<\/p>\n<p>Vedlikehold: T\u00f8rk av eventuell smuss med en lett fuktet klut. Merk at vanskeligere flekker kan v\u00e6re t\u00f8ffe \u00e5 f\u00e5 bort<\/p>\n<p>Designer: <a href=\"https:\/\/babylove.se\/varumarken\/ohh-noo\"><u>Ooh Noo<\/u><\/a><\/p>\n","protected":false},"excerpt":{"rendered":"<p>En liten og bed\u00e5rende lekebil for alle barnets favorittting. Helt laget i tre og for h\u00e5nd, som gj\u00f8r hver vogn unik. Denne vognen er s\u00e5 s\u00f8t at det er vanskelig \u00e5 finne de rette ordene for \u00e5 beskrive den. Den er helt laget i tre med hvite sider, bortsett fra de sm\u00e5 dekkene p\u00e5 hjulene. [&hellip;]<\/p>\n","protected":false},"featured_media":4312,"comment_status":"closed","ping_status":"open","template":"","meta":{"_acf_changed":false},"product_brand":[245],"product_cat":[69,162,25,68,246,112],"product_tag":[],"class_list":{"0":"post-4310","1":"product","2":"type-product","3":"status-publish","4":"has-post-thumbnail","6":"product_brand-ooh-noo","7":"product_cat-dukker-tilbehoer","8":"product_cat-dockvogner","9":"product_cat-ikke-bare-jenter","10":"product_cat-leker","11":"product_cat-ooh-noo","12":"product_cat-treleker","14":"first","15":"outofstock","16":"taxable","17":"shipping-taxable","18":"purchasable","19":"product-type-simple"},"acf":[],"yoast_head":"<!-- This site is optimized with the Yoast SEO Premium plugin v25.8 (Yoast SEO v27.2) - https:\/\/yoast.com\/product\/yoast-seo-premium-wordpress\/ -->\n<title>Dukkevogn i tre, Ooh Noo - Babylove Norska<\/title>\n<meta name=\"description\" content=\"En liten och bed\u00e5rande leksaksvagn f\u00f6r alla barnets favoritsaker. Helt gjord i tr\u00e4 och f\u00f6r hand, f\u00f6r varje vagn unik - skickas inom 24 timmar !\" \/>\n<meta name=\"robots\" content=\"noindex, follow, max-snippet:-1, max-image-preview:large, max-video-preview:-1\" \/>\n<meta property=\"og:locale\" content=\"nb_NO\" \/>\n<meta property=\"og:type\" content=\"article\" \/>\n<meta property=\"og:title\" content=\"Dukkevogn i tre, Ooh Noo\" \/>\n<meta property=\"og:description\" content=\"En liten och bed\u00e5rande leksaksvagn f\u00f6r alla barnets favoritsaker. Helt gjord i tr\u00e4 och f\u00f6r hand, f\u00f6r varje vagn unik - skickas inom 24 timmar !\" \/>\n<meta property=\"og:url\" content=\"https:\/\/babylove.se\/no\/produkt\/dockvogn-i-tre-ohh-noo\/\" \/>\n<meta property=\"og:site_name\" content=\"Babylove Norska\" \/>\n<meta property=\"article:modified_time\" content=\"2026-04-08T07:06:54+00:00\" \/>\n<meta property=\"og:image\" content=\"https:\/\/babylove.se\/no\/wp-content\/uploads\/sites\/3\/2025\/07\/637df854782f0.webp\" \/>\n\t<meta property=\"og:image:width\" content=\"900\" \/>\n\t<meta property=\"og:image:height\" content=\"962\" \/>\n\t<meta property=\"og:image:type\" content=\"image\/webp\" \/>\n<meta name=\"twitter:card\" content=\"summary_large_image\" \/>\n<meta name=\"twitter:label1\" content=\"Price\" \/>\n\t<meta name=\"twitter:data1\" content=\"1 199,00&nbsp;&#107;&#114;\" \/>\n\t<meta name=\"twitter:label2\" content=\"Availability\" \/>\n\t<meta name=\"twitter:data2\" content=\"Out of stock\" \/>\n<script type=\"application\/ld+json\" class=\"yoast-schema-graph\">{\"@context\":\"https:\/\/schema.org\",\"@graph\":[{\"@type\":\"WebPage\",\"@id\":\"https:\/\/babylove.se\/no\/produkt\/dockvogn-i-tre-ohh-noo\/\",\"url\":\"https:\/\/babylove.se\/no\/produkt\/dockvogn-i-tre-ohh-noo\/\",\"name\":\"Dukkevogn i tre, Ooh Noo - Babylove Norska\",\"isPartOf\":{\"@id\":\"https:\/\/babylove.se\/no\/#website\"},\"primaryImageOfPage\":{\"@id\":\"https:\/\/babylove.se\/no\/produkt\/dockvogn-i-tre-ohh-noo\/#primaryimage\"},\"image\":{\"@id\":\"https:\/\/babylove.se\/no\/produkt\/dockvogn-i-tre-ohh-noo\/#primaryimage\"},\"thumbnailUrl\":\"https:\/\/babylove.se\/no\/wp-content\/uploads\/sites\/3\/2025\/07\/637df854782f0.webp\",\"datePublished\":\"2025-07-18T19:21:36+00:00\",\"dateModified\":\"2026-04-08T07:06:54+00:00\",\"description\":\"En liten och bed\u00e5rande leksaksvagn f\u00f6r alla barnets favoritsaker. Helt gjord i tr\u00e4 och f\u00f6r hand, f\u00f6r varje vagn unik - skickas inom 24 timmar !\",\"breadcrumb\":{\"@id\":\"https:\/\/babylove.se\/no\/produkt\/dockvogn-i-tre-ohh-noo\/#breadcrumb\"},\"inLanguage\":\"nb-NO\",\"potentialAction\":[{\"@type\":\"ReadAction\",\"target\":[\"https:\/\/babylove.se\/no\/produkt\/dockvogn-i-tre-ohh-noo\/\"]}]},{\"@type\":\"ImageObject\",\"inLanguage\":\"nb-NO\",\"@id\":\"https:\/\/babylove.se\/no\/produkt\/dockvogn-i-tre-ohh-noo\/#primaryimage\",\"url\":\"https:\/\/babylove.se\/no\/wp-content\/uploads\/sites\/3\/2025\/07\/637df854782f0.webp\",\"contentUrl\":\"https:\/\/babylove.se\/no\/wp-content\/uploads\/sites\/3\/2025\/07\/637df854782f0.webp\",\"width\":900,\"height\":962},{\"@type\":\"BreadcrumbList\",\"@id\":\"https:\/\/babylove.se\/no\/produkt\/dockvogn-i-tre-ohh-noo\/#breadcrumb\",\"itemListElement\":[{\"@type\":\"ListItem\",\"position\":1,\"name\":\"Hem\",\"item\":\"https:\/\/babylove.se\/no\/\"},{\"@type\":\"ListItem\",\"position\":2,\"name\":\"Butik\",\"item\":\"https:\/\/babylove.se\/no\/butik\/\"},{\"@type\":\"ListItem\",\"position\":3,\"name\":\"Dukkevogn i tre, Ooh Noo\"}]},{\"@type\":\"WebSite\",\"@id\":\"https:\/\/babylove.se\/no\/#website\",\"url\":\"https:\/\/babylove.se\/no\/\",\"name\":\"Babylove Norska\",\"description\":\"\",\"potentialAction\":[{\"@type\":\"SearchAction\",\"target\":{\"@type\":\"EntryPoint\",\"urlTemplate\":\"https:\/\/babylove.se\/no\/?s={search_term_string}\"},\"query-input\":{\"@type\":\"PropertyValueSpecification\",\"valueRequired\":true,\"valueName\":\"search_term_string\"}}],\"inLanguage\":\"nb-NO\"}]}<\/script>\n<meta property=\"product:brand\" content=\"ooh noo\" \/>\n<meta property=\"product:price:amount\" content=\"1199.00\" \/>\n<meta property=\"product:price:currency\" content=\"SEK\" \/>\n<meta property=\"og:availability\" content=\"out of stock\" \/>\n<meta property=\"product:availability\" content=\"out of stock\" \/>\n<meta property=\"product:retailer_item_id\" content=\"TP1501\" \/>\n<meta property=\"product:condition\" content=\"new\" \/>\n<!-- \/ Yoast SEO Premium plugin. -->","yoast_head_json":{"title":"Dukkevogn i tre, Ooh Noo - Babylove Norska","description":"En liten och bed\u00e5rande leksaksvagn f\u00f6r alla barnets favoritsaker. Helt gjord i tr\u00e4 och f\u00f6r hand, f\u00f6r varje vagn unik - skickas inom 24 timmar !","robots":{"index":"noindex","follow":"follow","max-snippet":"max-snippet:-1","max-image-preview":"max-image-preview:large","max-video-preview":"max-video-preview:-1"},"og_locale":"nb_NO","og_type":"article","og_title":"Dukkevogn i tre, Ooh Noo","og_description":"En liten och bed\u00e5rande leksaksvagn f\u00f6r alla barnets favoritsaker. Helt gjord i tr\u00e4 och f\u00f6r hand, f\u00f6r varje vagn unik - skickas inom 24 timmar !","og_url":"https:\/\/babylove.se\/no\/produkt\/dockvogn-i-tre-ohh-noo\/","og_site_name":"Babylove Norska","article_modified_time":"2026-04-08T07:06:54+00:00","og_image":[{"width":900,"height":962,"url":"https:\/\/babylove.se\/no\/wp-content\/uploads\/sites\/3\/2025\/07\/637df854782f0.webp","type":"image\/webp"}],"twitter_card":"summary_large_image","twitter_misc":{"Price":"1 199,00&nbsp;&#107;&#114;","Availability":"Out of stock"},"schema":{"@context":"https:\/\/schema.org","@graph":[{"@type":"WebPage","@id":"https:\/\/babylove.se\/no\/produkt\/dockvogn-i-tre-ohh-noo\/","url":"https:\/\/babylove.se\/no\/produkt\/dockvogn-i-tre-ohh-noo\/","name":"Dukkevogn i tre, Ooh Noo - Babylove Norska","isPartOf":{"@id":"https:\/\/babylove.se\/no\/#website"},"primaryImageOfPage":{"@id":"https:\/\/babylove.se\/no\/produkt\/dockvogn-i-tre-ohh-noo\/#primaryimage"},"image":{"@id":"https:\/\/babylove.se\/no\/produkt\/dockvogn-i-tre-ohh-noo\/#primaryimage"},"thumbnailUrl":"https:\/\/babylove.se\/no\/wp-content\/uploads\/sites\/3\/2025\/07\/637df854782f0.webp","datePublished":"2025-07-18T19:21:36+00:00","dateModified":"2026-04-08T07:06:54+00:00","description":"En liten och bed\u00e5rande leksaksvagn f\u00f6r alla barnets favoritsaker. Helt gjord i tr\u00e4 och f\u00f6r hand, f\u00f6r varje vagn unik - skickas inom 24 timmar !","breadcrumb":{"@id":"https:\/\/babylove.se\/no\/produkt\/dockvogn-i-tre-ohh-noo\/#breadcrumb"},"inLanguage":"nb-NO","potentialAction":[{"@type":"ReadAction","target":["https:\/\/babylove.se\/no\/produkt\/dockvogn-i-tre-ohh-noo\/"]}]},{"@type":"ImageObject","inLanguage":"nb-NO","@id":"https:\/\/babylove.se\/no\/produkt\/dockvogn-i-tre-ohh-noo\/#primaryimage","url":"https:\/\/babylove.se\/no\/wp-content\/uploads\/sites\/3\/2025\/07\/637df854782f0.webp","contentUrl":"https:\/\/babylove.se\/no\/wp-content\/uploads\/sites\/3\/2025\/07\/637df854782f0.webp","width":900,"height":962},{"@type":"BreadcrumbList","@id":"https:\/\/babylove.se\/no\/produkt\/dockvogn-i-tre-ohh-noo\/#breadcrumb","itemListElement":[{"@type":"ListItem","position":1,"name":"Hem","item":"https:\/\/babylove.se\/no\/"},{"@type":"ListItem","position":2,"name":"Butik","item":"https:\/\/babylove.se\/no\/butik\/"},{"@type":"ListItem","position":3,"name":"Dukkevogn i tre, Ooh Noo"}]},{"@type":"WebSite","@id":"https:\/\/babylove.se\/no\/#website","url":"https:\/\/babylove.se\/no\/","name":"Babylove Norska","description":"","potentialAction":[{"@type":"SearchAction","target":{"@type":"EntryPoint","urlTemplate":"https:\/\/babylove.se\/no\/?s={search_term_string}"},"query-input":{"@type":"PropertyValueSpecification","valueRequired":true,"valueName":"search_term_string"}}],"inLanguage":"nb-NO"}]},"product_brand":"ooh noo","product_price_amount":"1199.00","product_price_currency":"SEK","og_availability":"out of stock","product_availability":"out of stock","product_retailer_item_id":"TP1501","product_condition":"new"},"_links":{"self":[{"href":"https:\/\/babylove.se\/no\/wp-json\/wp\/v2\/product\/4310","targetHints":{"allow":["GET"]}}],"collection":[{"href":"https:\/\/babylove.se\/no\/wp-json\/wp\/v2\/product"}],"about":[{"href":"https:\/\/babylove.se\/no\/wp-json\/wp\/v2\/types\/product"}],"replies":[{"embeddable":true,"href":"https:\/\/babylove.se\/no\/wp-json\/wp\/v2\/comments?post=4310"}],"wp:featuredmedia":[{"embeddable":true,"href":"https:\/\/babylove.se\/no\/wp-json\/wp\/v2\/media\/4312"}],"wp:attachment":[{"href":"https:\/\/babylove.se\/no\/wp-json\/wp\/v2\/media?parent=4310"}],"wp:term":[{"taxonomy":"product_brand","embeddable":true,"href":"https:\/\/babylove.se\/no\/wp-json\/wp\/v2\/product_brand?post=4310"},{"taxonomy":"product_cat","embeddable":true,"href":"https:\/\/babylove.se\/no\/wp-json\/wp\/v2\/product_cat?post=4310"},{"taxonomy":"product_tag","embeddable":true,"href":"https:\/\/babylove.se\/no\/wp-json\/wp\/v2\/product_tag?post=4310"}],"curies":[{"name":"wp","href":"https:\/\/api.w.org\/{rel}","templated":true}]}}