{"id":43152,"date":"2025-07-19T09:19:02","date_gmt":"2025-07-19T08:19:02","guid":{"rendered":"https:\/\/babylove.se\/produkt\/baby-classic-skummadrass-till-barnsang-tjocklek-8-cm\/"},"modified":"2026-04-08T12:46:31","modified_gmt":"2026-04-08T11:46:31","slug":"baby-classic-skummadrass-til-barneseng-tykkelse-8-cm","status":"publish","type":"product","link":"https:\/\/babylove.se\/no\/produkt\/baby-classic-skummadrass-til-barneseng-tykkelse-8-cm\/","title":{"rendered":"Baby classic, Skummadrass til barneseng, tykkelse 8 cm"},"content":{"rendered":"<p>En behagelig og deilig skummadrass med behagelig fylling som passer perfekt til en barneseng eller til en husseng. Madrassen har et avtakbart overtrekk som gj\u00f8r at du enkelt kan vaske den og holde den frisk. <\/p>\n<p>Madrassens base er barnevennlig polyuretanskum som ikke deformeres hvilket garanterer st\u00f8tte for ryggen og s\u00f8vnkomfort. P\u00e5 oversiden ligger et lag med lateks som gir ekstra st\u00f8tte til hver del av kroppen og sikrer tilstrekkelig ventilasjon hvilket betydelig forebygger sopp, midd og mugg. <\/p>\n<p>Madrassen er semi-myk, laget for \u00e5 passe barn og garanterer en behagelig s\u00f8vn. <\/p>\n<p>Tykkelse er 8 cm. <\/p>\n<p><u>Materiale<\/u>: polyuretanskum T25 og lateks. <\/p>\n<p>Vasker\u00e5d: Overtrekk maskinvaskes p\u00e5 30\u00b0C. <\/p>\n<p>Madrassene produseres i Europa av 100% OEKO-TEX-sertifisert stoff. Fyllingen er antiallergisk samt giftfri og produseres av sertifisert leverand\u00f8r. <\/p>\n<p><strong>Obs! <\/strong><em>Da madrassen er en spesialtilvirket vare, s\u00e5 gjelder ikke angrerett. <\/em> <\/p>\n<p><em>Dette er en barnemadrass og er laget og tilpasset for de minste. Madrassen skal ikke brukes eller testes av voksne.<\/em> <\/p>\n<p><em><em>Det kan forekomme fargevariasjoner p\u00e5 skuminnlegget hvilket skyldes at naturbaserte ingredienser kan variere i farge.<\/em><\/em><\/p>\n","protected":false},"excerpt":{"rendered":"<p>En behagelig og deilig skummadrass med behagelig fylling som passer perfekt til en barneseng eller til en husseng. Madrassen har et avtakbart overtrekk som gj\u00f8r at du enkelt kan vaske den og holde den frisk. Madrassens base er barnevennlig polyuretanskum som ikke deformeres hvilket garanterer st\u00f8tte for ryggen og s\u00f8vnkomfort. P\u00e5 oversiden ligger et lag [&hellip;]<\/p>\n","protected":false},"featured_media":43154,"comment_status":"closed","ping_status":"closed","template":"","meta":{"_acf_changed":false},"product_brand":[378],"product_cat":[377,590],"product_tag":[1689],"class_list":{"0":"post-43152","1":"product","2":"type-product","3":"status-publish","4":"has-post-thumbnail","6":"product_brand-fdm","7":"product_cat-barnmadrasser","8":"product_cat-fdm","9":"product_tag-bestillingsvaror","10":"pa_storlek-55x110-cm","11":"pa_storlek-65x130-cm","12":"pa_storlek-65x150-cm","13":"pa_storlek-70x120-cm","14":"pa_storlek-70x140-cm","15":"pa_storlek-70x150-cm","16":"pa_storlek-70x160-cm","17":"pa_storlek-70x180-cm","18":"pa_storlek-75x130-cm","19":"pa_storlek-75x150-cm","20":"pa_storlek-75x170-cm","21":"pa_storlek-75x180-cm","22":"pa_storlek-80x140-cm","23":"pa_storlek-80x150-cm","24":"pa_storlek-80x160-cm","25":"pa_storlek-80x170-cm","26":"pa_storlek-80x180-cm","27":"pa_storlek-80x190-cm","28":"pa_storlek-80x200-cm","29":"pa_storlek-85x150-cm","30":"pa_storlek-85x170-cm","31":"pa_storlek-85x180-cm","32":"pa_storlek-85x190-cm","33":"pa_storlek-90x140-cm","34":"pa_storlek-90x160-cm","35":"pa_storlek-90x170-cm","36":"pa_storlek-90x180-cm","37":"pa_storlek-90x190-cm","38":"pa_storlek-90x200-cm","39":"pa_storlek-95x180-cm","40":"pa_storlek-95x190-cm","42":"first","43":"instock","44":"taxable","45":"shipping-taxable","46":"purchasable","47":"product-type-variable"},"acf":[],"yoast_head":"<!-- This site is optimized with the Yoast SEO Premium plugin v25.8 (Yoast SEO v27.2) - https:\/\/yoast.com\/product\/yoast-seo-premium-wordpress\/ -->\n<title>Baby classic, Skummadrass til barneseng, tykkelse 8 cm - Babylove Norska<\/title>\n<meta name=\"robots\" content=\"noindex, follow, max-snippet:-1, max-image-preview:large, max-video-preview:-1\" \/>\n<meta property=\"og:locale\" content=\"nb_NO\" \/>\n<meta property=\"og:type\" content=\"article\" \/>\n<meta property=\"og:title\" content=\"Baby classic, Skummadrass til barneseng, tykkelse 8 cm\" \/>\n<meta property=\"og:description\" content=\"En behagelig og deilig skummadrass med behagelig fylling som passer perfekt til en barneseng eller til en husseng. Madrassen har et avtakbart overtrekk som gj\u00f8r at du enkelt kan vaske den og holde den frisk. Madrassens base er barnevennlig polyuretanskum som ikke deformeres hvilket garanterer st\u00f8tte for ryggen og s\u00f8vnkomfort. P\u00e5 oversiden ligger et lag [&hellip;]\" \/>\n<meta property=\"og:url\" content=\"https:\/\/babylove.se\/no\/produkt\/baby-classic-skummadrass-til-barneseng-tykkelse-8-cm\/\" \/>\n<meta property=\"og:site_name\" content=\"Babylove Norska\" \/>\n<meta property=\"article:modified_time\" content=\"2026-04-08T11:46:31+00:00\" \/>\n<meta property=\"og:image\" content=\"https:\/\/babylove.se\/no\/wp-content\/uploads\/sites\/3\/2025\/07\/6835de9382d74.png\" \/>\n\t<meta property=\"og:image:width\" content=\"800\" \/>\n\t<meta property=\"og:image:height\" content=\"800\" \/>\n\t<meta property=\"og:image:type\" content=\"image\/png\" \/>\n<meta name=\"twitter:card\" content=\"summary_large_image\" \/>\n<meta name=\"twitter:label1\" content=\"Availability\" \/>\n\t<meta name=\"twitter:data1\" content=\"In stock\" \/>\n<script type=\"application\/ld+json\" class=\"yoast-schema-graph\">{\"@context\":\"https:\/\/schema.org\",\"@graph\":[{\"@type\":\"WebPage\",\"@id\":\"https:\/\/babylove.se\/no\/produkt\/baby-classic-skummadrass-til-barneseng-tykkelse-8-cm\/\",\"url\":\"https:\/\/babylove.se\/no\/produkt\/baby-classic-skummadrass-til-barneseng-tykkelse-8-cm\/\",\"name\":\"Baby classic, Skummadrass til barneseng, tykkelse 8 cm - Babylove Norska\",\"isPartOf\":{\"@id\":\"https:\/\/babylove.se\/no\/#website\"},\"primaryImageOfPage\":{\"@id\":\"https:\/\/babylove.se\/no\/produkt\/baby-classic-skummadrass-til-barneseng-tykkelse-8-cm\/#primaryimage\"},\"image\":{\"@id\":\"https:\/\/babylove.se\/no\/produkt\/baby-classic-skummadrass-til-barneseng-tykkelse-8-cm\/#primaryimage\"},\"thumbnailUrl\":\"https:\/\/babylove.se\/no\/wp-content\/uploads\/sites\/3\/2025\/07\/6835de9382d74.png\",\"datePublished\":\"2025-07-19T08:19:02+00:00\",\"dateModified\":\"2026-04-08T11:46:31+00:00\",\"breadcrumb\":{\"@id\":\"https:\/\/babylove.se\/no\/produkt\/baby-classic-skummadrass-til-barneseng-tykkelse-8-cm\/#breadcrumb\"},\"inLanguage\":\"nb-NO\",\"potentialAction\":[{\"@type\":\"ReadAction\",\"target\":[\"https:\/\/babylove.se\/no\/produkt\/baby-classic-skummadrass-til-barneseng-tykkelse-8-cm\/\"]}]},{\"@type\":\"ImageObject\",\"inLanguage\":\"nb-NO\",\"@id\":\"https:\/\/babylove.se\/no\/produkt\/baby-classic-skummadrass-til-barneseng-tykkelse-8-cm\/#primaryimage\",\"url\":\"https:\/\/babylove.se\/no\/wp-content\/uploads\/sites\/3\/2025\/07\/6835de9382d74.png\",\"contentUrl\":\"https:\/\/babylove.se\/no\/wp-content\/uploads\/sites\/3\/2025\/07\/6835de9382d74.png\",\"width\":800,\"height\":800},{\"@type\":\"BreadcrumbList\",\"@id\":\"https:\/\/babylove.se\/no\/produkt\/baby-classic-skummadrass-til-barneseng-tykkelse-8-cm\/#breadcrumb\",\"itemListElement\":[{\"@type\":\"ListItem\",\"position\":1,\"name\":\"Hem\",\"item\":\"https:\/\/babylove.se\/no\/\"},{\"@type\":\"ListItem\",\"position\":2,\"name\":\"Butik\",\"item\":\"https:\/\/babylove.se\/no\/butik\/\"},{\"@type\":\"ListItem\",\"position\":3,\"name\":\"Baby classic, Skummadrass til barneseng, tykkelse 8 cm\"}]},{\"@type\":\"WebSite\",\"@id\":\"https:\/\/babylove.se\/no\/#website\",\"url\":\"https:\/\/babylove.se\/no\/\",\"name\":\"Babylove Norska\",\"description\":\"\",\"potentialAction\":[{\"@type\":\"SearchAction\",\"target\":{\"@type\":\"EntryPoint\",\"urlTemplate\":\"https:\/\/babylove.se\/no\/?s={search_term_string}\"},\"query-input\":{\"@type\":\"PropertyValueSpecification\",\"valueRequired\":true,\"valueName\":\"search_term_string\"}}],\"inLanguage\":\"nb-NO\"}]}<\/script>\n<meta property=\"product:brand\" content=\"FDM\" \/>\n<meta property=\"og:availability\" content=\"instock\" \/>\n<meta property=\"product:availability\" content=\"instock\" \/>\n<meta property=\"product:retailer_item_id\" content=\"Baby classic-55x110\" \/>\n<meta property=\"product:condition\" content=\"new\" \/>\n<!-- \/ Yoast SEO Premium plugin. -->","yoast_head_json":{"title":"Baby classic, Skummadrass til barneseng, tykkelse 8 cm - Babylove Norska","robots":{"index":"noindex","follow":"follow","max-snippet":"max-snippet:-1","max-image-preview":"max-image-preview:large","max-video-preview":"max-video-preview:-1"},"og_locale":"nb_NO","og_type":"article","og_title":"Baby classic, Skummadrass til barneseng, tykkelse 8 cm","og_description":"En behagelig og deilig skummadrass med behagelig fylling som passer perfekt til en barneseng eller til en husseng. Madrassen har et avtakbart overtrekk som gj\u00f8r at du enkelt kan vaske den og holde den frisk. Madrassens base er barnevennlig polyuretanskum som ikke deformeres hvilket garanterer st\u00f8tte for ryggen og s\u00f8vnkomfort. P\u00e5 oversiden ligger et lag [&hellip;]","og_url":"https:\/\/babylove.se\/no\/produkt\/baby-classic-skummadrass-til-barneseng-tykkelse-8-cm\/","og_site_name":"Babylove Norska","article_modified_time":"2026-04-08T11:46:31+00:00","og_image":[{"width":800,"height":800,"url":"https:\/\/babylove.se\/no\/wp-content\/uploads\/sites\/3\/2025\/07\/6835de9382d74.png","type":"image\/png"}],"twitter_card":"summary_large_image","twitter_misc":{"Availability":"In stock"},"schema":{"@context":"https:\/\/schema.org","@graph":[{"@type":"WebPage","@id":"https:\/\/babylove.se\/no\/produkt\/baby-classic-skummadrass-til-barneseng-tykkelse-8-cm\/","url":"https:\/\/babylove.se\/no\/produkt\/baby-classic-skummadrass-til-barneseng-tykkelse-8-cm\/","name":"Baby classic, Skummadrass til barneseng, tykkelse 8 cm - Babylove Norska","isPartOf":{"@id":"https:\/\/babylove.se\/no\/#website"},"primaryImageOfPage":{"@id":"https:\/\/babylove.se\/no\/produkt\/baby-classic-skummadrass-til-barneseng-tykkelse-8-cm\/#primaryimage"},"image":{"@id":"https:\/\/babylove.se\/no\/produkt\/baby-classic-skummadrass-til-barneseng-tykkelse-8-cm\/#primaryimage"},"thumbnailUrl":"https:\/\/babylove.se\/no\/wp-content\/uploads\/sites\/3\/2025\/07\/6835de9382d74.png","datePublished":"2025-07-19T08:19:02+00:00","dateModified":"2026-04-08T11:46:31+00:00","breadcrumb":{"@id":"https:\/\/babylove.se\/no\/produkt\/baby-classic-skummadrass-til-barneseng-tykkelse-8-cm\/#breadcrumb"},"inLanguage":"nb-NO","potentialAction":[{"@type":"ReadAction","target":["https:\/\/babylove.se\/no\/produkt\/baby-classic-skummadrass-til-barneseng-tykkelse-8-cm\/"]}]},{"@type":"ImageObject","inLanguage":"nb-NO","@id":"https:\/\/babylove.se\/no\/produkt\/baby-classic-skummadrass-til-barneseng-tykkelse-8-cm\/#primaryimage","url":"https:\/\/babylove.se\/no\/wp-content\/uploads\/sites\/3\/2025\/07\/6835de9382d74.png","contentUrl":"https:\/\/babylove.se\/no\/wp-content\/uploads\/sites\/3\/2025\/07\/6835de9382d74.png","width":800,"height":800},{"@type":"BreadcrumbList","@id":"https:\/\/babylove.se\/no\/produkt\/baby-classic-skummadrass-til-barneseng-tykkelse-8-cm\/#breadcrumb","itemListElement":[{"@type":"ListItem","position":1,"name":"Hem","item":"https:\/\/babylove.se\/no\/"},{"@type":"ListItem","position":2,"name":"Butik","item":"https:\/\/babylove.se\/no\/butik\/"},{"@type":"ListItem","position":3,"name":"Baby classic, Skummadrass til barneseng, tykkelse 8 cm"}]},{"@type":"WebSite","@id":"https:\/\/babylove.se\/no\/#website","url":"https:\/\/babylove.se\/no\/","name":"Babylove Norska","description":"","potentialAction":[{"@type":"SearchAction","target":{"@type":"EntryPoint","urlTemplate":"https:\/\/babylove.se\/no\/?s={search_term_string}"},"query-input":{"@type":"PropertyValueSpecification","valueRequired":true,"valueName":"search_term_string"}}],"inLanguage":"nb-NO"}]},"product_brand":"FDM","og_availability":"instock","product_availability":"instock","product_retailer_item_id":"Baby classic-55x110","product_condition":"new"},"_links":{"self":[{"href":"https:\/\/babylove.se\/no\/wp-json\/wp\/v2\/product\/43152","targetHints":{"allow":["GET"]}}],"collection":[{"href":"https:\/\/babylove.se\/no\/wp-json\/wp\/v2\/product"}],"about":[{"href":"https:\/\/babylove.se\/no\/wp-json\/wp\/v2\/types\/product"}],"replies":[{"embeddable":true,"href":"https:\/\/babylove.se\/no\/wp-json\/wp\/v2\/comments?post=43152"}],"wp:featuredmedia":[{"embeddable":true,"href":"https:\/\/babylove.se\/no\/wp-json\/wp\/v2\/media\/43154"}],"wp:attachment":[{"href":"https:\/\/babylove.se\/no\/wp-json\/wp\/v2\/media?parent=43152"}],"wp:term":[{"taxonomy":"product_brand","embeddable":true,"href":"https:\/\/babylove.se\/no\/wp-json\/wp\/v2\/product_brand?post=43152"},{"taxonomy":"product_cat","embeddable":true,"href":"https:\/\/babylove.se\/no\/wp-json\/wp\/v2\/product_cat?post=43152"},{"taxonomy":"product_tag","embeddable":true,"href":"https:\/\/babylove.se\/no\/wp-json\/wp\/v2\/product_tag?post=43152"}],"curies":[{"name":"wp","href":"https:\/\/api.w.org\/{rel}","templated":true}]}}