{"id":4320,"date":"2025-07-18T20:21:36","date_gmt":"2025-07-18T19:21:36","guid":{"rendered":"https:\/\/babylove.se\/produkt\/bilmatta-little-village-lekmatta-ooh-noo\/"},"modified":"2026-04-08T08:06:57","modified_gmt":"2026-04-08T07:06:57","slug":"bilmatte-little-village-lekematte-ooh-noo","status":"publish","type":"product","link":"https:\/\/babylove.se\/no\/produkt\/bilmatte-little-village-lekematte-ooh-noo\/","title":{"rendered":"Bilmatte Little Village Lekematte, Ooh Noo"},"content":{"rendered":"<p><strong>Liten by, lekematte for barn<\/strong> <\/p>\n<p>En vakker lekematte, helt laget i bomull for b\u00e5de spedbarn og litt st\u00f8rre barn. Den optimale lekematten med fine gater og veier i den lille byen, perfekt \u00e5 kj\u00f8re rundt sine sm\u00e5 biler p\u00e5. Kan brukes b\u00e5de p\u00e5 sengen og p\u00e5 gulvet. N\u00e5r den brukes p\u00e5 gulvet anbefaler vi at du legger en anti-skli matte under den slik at ikke matten glir og barnet sklir hvis de g\u00e5r eller l\u00f8per p\u00e5 den. <\/p>\n<p><strong>M\u00e5l<\/strong>: 120 cm i diameter <\/p>\n<p><strong>Materiale<\/strong>: 100 % vevd bomull med trykk <\/p>\n<p>Designer: <a href=\"https:\/\/babylove.se\/varumarken\/ohh-noo\"><u>Ooh noo<\/u><\/a><\/p>\n","protected":false},"excerpt":{"rendered":"<p>Liten by, lekematte for barn En vakker lekematte, helt laget i bomull for b\u00e5de spedbarn og litt st\u00f8rre barn. Den optimale lekematten med fine gater og veier i den lille byen, perfekt \u00e5 kj\u00f8re rundt sine sm\u00e5 biler p\u00e5. Kan brukes b\u00e5de p\u00e5 sengen og p\u00e5 gulvet. N\u00e5r den brukes p\u00e5 gulvet anbefaler vi at [&hellip;]<\/p>\n","protected":false},"featured_media":4322,"comment_status":"closed","ping_status":"closed","template":"","meta":{"_acf_changed":false},"product_brand":[245],"product_cat":[28,1714,26,52,246,135],"product_tag":[],"class_list":{"0":"post-4320","1":"product","2":"type-product","3":"status-publish","4":"has-post-thumbnail","6":"product_brand-ooh-noo","7":"product_cat-sorthvit","8":"product_cat-biler","9":"product_cat-kjop-produkter-som-ikke-bare-er-for-gutter","10":"product_cat-lekematter","11":"product_cat-ooh-noo","12":"product_cat-tepper","14":"first","15":"instock","16":"taxable","17":"shipping-taxable","18":"purchasable","19":"product-type-simple"},"acf":[],"yoast_head":"<!-- This site is optimized with the Yoast SEO Premium plugin v25.8 (Yoast SEO v27.2) - https:\/\/yoast.com\/product\/yoast-seo-premium-wordpress\/ -->\n<title>Bilmatte Little Village Lekematte, Ooh Noo - Babylove Norska<\/title>\n<meta name=\"description\" content=\"En vacker lekmatta, helt gjord i bomull f\u00f6r s\u00e5v\u00e4l sp\u00e4dbarn som lite st\u00f6rre barn. Den optimala lekmattan med fina gator och v\u00e4gar - skickas inom 24h !\" \/>\n<meta name=\"robots\" content=\"noindex, follow, max-snippet:-1, max-image-preview:large, max-video-preview:-1\" \/>\n<meta property=\"og:locale\" content=\"nb_NO\" \/>\n<meta property=\"og:type\" content=\"article\" \/>\n<meta property=\"og:title\" content=\"Bilmatte Little Village Lekematte, Ooh Noo\" \/>\n<meta property=\"og:description\" content=\"En vacker lekmatta, helt gjord i bomull f\u00f6r s\u00e5v\u00e4l sp\u00e4dbarn som lite st\u00f6rre barn. Den optimala lekmattan med fina gator och v\u00e4gar - skickas inom 24h !\" \/>\n<meta property=\"og:url\" content=\"https:\/\/babylove.se\/no\/produkt\/bilmatte-little-village-lekematte-ooh-noo\/\" \/>\n<meta property=\"og:site_name\" content=\"Babylove Norska\" \/>\n<meta property=\"article:modified_time\" content=\"2026-04-08T07:06:57+00:00\" \/>\n<meta property=\"og:image\" content=\"https:\/\/babylove.se\/no\/wp-content\/uploads\/sites\/3\/2025\/07\/59ae59da5613c.jpeg\" \/>\n\t<meta property=\"og:image:width\" content=\"702\" \/>\n\t<meta property=\"og:image:height\" content=\"750\" \/>\n\t<meta property=\"og:image:type\" content=\"image\/jpeg\" \/>\n<meta name=\"twitter:card\" content=\"summary_large_image\" \/>\n<meta name=\"twitter:label1\" content=\"Price\" \/>\n\t<meta name=\"twitter:data1\" content=\"799,00&nbsp;&#107;&#114;\" \/>\n\t<meta name=\"twitter:label2\" content=\"Availability\" \/>\n\t<meta name=\"twitter:data2\" content=\"In stock\" \/>\n<script type=\"application\/ld+json\" class=\"yoast-schema-graph\">{\"@context\":\"https:\/\/schema.org\",\"@graph\":[{\"@type\":\"WebPage\",\"@id\":\"https:\/\/babylove.se\/no\/produkt\/bilmatte-little-village-lekematte-ooh-noo\/\",\"url\":\"https:\/\/babylove.se\/no\/produkt\/bilmatte-little-village-lekematte-ooh-noo\/\",\"name\":\"Bilmatte Little Village Lekematte, Ooh Noo - Babylove Norska\",\"isPartOf\":{\"@id\":\"https:\/\/babylove.se\/no\/#website\"},\"primaryImageOfPage\":{\"@id\":\"https:\/\/babylove.se\/no\/produkt\/bilmatte-little-village-lekematte-ooh-noo\/#primaryimage\"},\"image\":{\"@id\":\"https:\/\/babylove.se\/no\/produkt\/bilmatte-little-village-lekematte-ooh-noo\/#primaryimage\"},\"thumbnailUrl\":\"https:\/\/babylove.se\/no\/wp-content\/uploads\/sites\/3\/2025\/07\/59ae59da5613c.jpeg\",\"datePublished\":\"2025-07-18T19:21:36+00:00\",\"dateModified\":\"2026-04-08T07:06:57+00:00\",\"description\":\"En vacker lekmatta, helt gjord i bomull f\u00f6r s\u00e5v\u00e4l sp\u00e4dbarn som lite st\u00f6rre barn. Den optimala lekmattan med fina gator och v\u00e4gar - skickas inom 24h !\",\"breadcrumb\":{\"@id\":\"https:\/\/babylove.se\/no\/produkt\/bilmatte-little-village-lekematte-ooh-noo\/#breadcrumb\"},\"inLanguage\":\"nb-NO\",\"potentialAction\":[{\"@type\":\"ReadAction\",\"target\":[\"https:\/\/babylove.se\/no\/produkt\/bilmatte-little-village-lekematte-ooh-noo\/\"]}]},{\"@type\":\"ImageObject\",\"inLanguage\":\"nb-NO\",\"@id\":\"https:\/\/babylove.se\/no\/produkt\/bilmatte-little-village-lekematte-ooh-noo\/#primaryimage\",\"url\":\"https:\/\/babylove.se\/no\/wp-content\/uploads\/sites\/3\/2025\/07\/59ae59da5613c.jpeg\",\"contentUrl\":\"https:\/\/babylove.se\/no\/wp-content\/uploads\/sites\/3\/2025\/07\/59ae59da5613c.jpeg\",\"width\":702,\"height\":750},{\"@type\":\"BreadcrumbList\",\"@id\":\"https:\/\/babylove.se\/no\/produkt\/bilmatte-little-village-lekematte-ooh-noo\/#breadcrumb\",\"itemListElement\":[{\"@type\":\"ListItem\",\"position\":1,\"name\":\"Hem\",\"item\":\"https:\/\/babylove.se\/no\/\"},{\"@type\":\"ListItem\",\"position\":2,\"name\":\"Butik\",\"item\":\"https:\/\/babylove.se\/no\/butik\/\"},{\"@type\":\"ListItem\",\"position\":3,\"name\":\"Bilmatte Little Village Lekematte, Ooh Noo\"}]},{\"@type\":\"WebSite\",\"@id\":\"https:\/\/babylove.se\/no\/#website\",\"url\":\"https:\/\/babylove.se\/no\/\",\"name\":\"Babylove Norska\",\"description\":\"\",\"potentialAction\":[{\"@type\":\"SearchAction\",\"target\":{\"@type\":\"EntryPoint\",\"urlTemplate\":\"https:\/\/babylove.se\/no\/?s={search_term_string}\"},\"query-input\":{\"@type\":\"PropertyValueSpecification\",\"valueRequired\":true,\"valueName\":\"search_term_string\"}}],\"inLanguage\":\"nb-NO\"}]}<\/script>\n<meta property=\"product:brand\" content=\"ooh noo\" \/>\n<meta property=\"product:price:amount\" content=\"799.00\" \/>\n<meta property=\"product:price:currency\" content=\"SEK\" \/>\n<meta property=\"og:availability\" content=\"instock\" \/>\n<meta property=\"product:availability\" content=\"instock\" \/>\n<meta property=\"product:retailer_item_id\" content=\"BPM1601\" \/>\n<meta property=\"product:condition\" content=\"new\" \/>\n<!-- \/ Yoast SEO Premium plugin. -->","yoast_head_json":{"title":"Bilmatte Little Village Lekematte, Ooh Noo - Babylove Norska","description":"En vacker lekmatta, helt gjord i bomull f\u00f6r s\u00e5v\u00e4l sp\u00e4dbarn som lite st\u00f6rre barn. Den optimala lekmattan med fina gator och v\u00e4gar - skickas inom 24h !","robots":{"index":"noindex","follow":"follow","max-snippet":"max-snippet:-1","max-image-preview":"max-image-preview:large","max-video-preview":"max-video-preview:-1"},"og_locale":"nb_NO","og_type":"article","og_title":"Bilmatte Little Village Lekematte, Ooh Noo","og_description":"En vacker lekmatta, helt gjord i bomull f\u00f6r s\u00e5v\u00e4l sp\u00e4dbarn som lite st\u00f6rre barn. Den optimala lekmattan med fina gator och v\u00e4gar - skickas inom 24h !","og_url":"https:\/\/babylove.se\/no\/produkt\/bilmatte-little-village-lekematte-ooh-noo\/","og_site_name":"Babylove Norska","article_modified_time":"2026-04-08T07:06:57+00:00","og_image":[{"width":702,"height":750,"url":"https:\/\/babylove.se\/no\/wp-content\/uploads\/sites\/3\/2025\/07\/59ae59da5613c.jpeg","type":"image\/jpeg"}],"twitter_card":"summary_large_image","twitter_misc":{"Price":"799,00&nbsp;&#107;&#114;","Availability":"In stock"},"schema":{"@context":"https:\/\/schema.org","@graph":[{"@type":"WebPage","@id":"https:\/\/babylove.se\/no\/produkt\/bilmatte-little-village-lekematte-ooh-noo\/","url":"https:\/\/babylove.se\/no\/produkt\/bilmatte-little-village-lekematte-ooh-noo\/","name":"Bilmatte Little Village Lekematte, Ooh Noo - Babylove Norska","isPartOf":{"@id":"https:\/\/babylove.se\/no\/#website"},"primaryImageOfPage":{"@id":"https:\/\/babylove.se\/no\/produkt\/bilmatte-little-village-lekematte-ooh-noo\/#primaryimage"},"image":{"@id":"https:\/\/babylove.se\/no\/produkt\/bilmatte-little-village-lekematte-ooh-noo\/#primaryimage"},"thumbnailUrl":"https:\/\/babylove.se\/no\/wp-content\/uploads\/sites\/3\/2025\/07\/59ae59da5613c.jpeg","datePublished":"2025-07-18T19:21:36+00:00","dateModified":"2026-04-08T07:06:57+00:00","description":"En vacker lekmatta, helt gjord i bomull f\u00f6r s\u00e5v\u00e4l sp\u00e4dbarn som lite st\u00f6rre barn. Den optimala lekmattan med fina gator och v\u00e4gar - skickas inom 24h !","breadcrumb":{"@id":"https:\/\/babylove.se\/no\/produkt\/bilmatte-little-village-lekematte-ooh-noo\/#breadcrumb"},"inLanguage":"nb-NO","potentialAction":[{"@type":"ReadAction","target":["https:\/\/babylove.se\/no\/produkt\/bilmatte-little-village-lekematte-ooh-noo\/"]}]},{"@type":"ImageObject","inLanguage":"nb-NO","@id":"https:\/\/babylove.se\/no\/produkt\/bilmatte-little-village-lekematte-ooh-noo\/#primaryimage","url":"https:\/\/babylove.se\/no\/wp-content\/uploads\/sites\/3\/2025\/07\/59ae59da5613c.jpeg","contentUrl":"https:\/\/babylove.se\/no\/wp-content\/uploads\/sites\/3\/2025\/07\/59ae59da5613c.jpeg","width":702,"height":750},{"@type":"BreadcrumbList","@id":"https:\/\/babylove.se\/no\/produkt\/bilmatte-little-village-lekematte-ooh-noo\/#breadcrumb","itemListElement":[{"@type":"ListItem","position":1,"name":"Hem","item":"https:\/\/babylove.se\/no\/"},{"@type":"ListItem","position":2,"name":"Butik","item":"https:\/\/babylove.se\/no\/butik\/"},{"@type":"ListItem","position":3,"name":"Bilmatte Little Village Lekematte, Ooh Noo"}]},{"@type":"WebSite","@id":"https:\/\/babylove.se\/no\/#website","url":"https:\/\/babylove.se\/no\/","name":"Babylove Norska","description":"","potentialAction":[{"@type":"SearchAction","target":{"@type":"EntryPoint","urlTemplate":"https:\/\/babylove.se\/no\/?s={search_term_string}"},"query-input":{"@type":"PropertyValueSpecification","valueRequired":true,"valueName":"search_term_string"}}],"inLanguage":"nb-NO"}]},"product_brand":"ooh noo","product_price_amount":"799.00","product_price_currency":"SEK","og_availability":"instock","product_availability":"instock","product_retailer_item_id":"BPM1601","product_condition":"new"},"_links":{"self":[{"href":"https:\/\/babylove.se\/no\/wp-json\/wp\/v2\/product\/4320","targetHints":{"allow":["GET"]}}],"collection":[{"href":"https:\/\/babylove.se\/no\/wp-json\/wp\/v2\/product"}],"about":[{"href":"https:\/\/babylove.se\/no\/wp-json\/wp\/v2\/types\/product"}],"replies":[{"embeddable":true,"href":"https:\/\/babylove.se\/no\/wp-json\/wp\/v2\/comments?post=4320"}],"wp:featuredmedia":[{"embeddable":true,"href":"https:\/\/babylove.se\/no\/wp-json\/wp\/v2\/media\/4322"}],"wp:attachment":[{"href":"https:\/\/babylove.se\/no\/wp-json\/wp\/v2\/media?parent=4320"}],"wp:term":[{"taxonomy":"product_brand","embeddable":true,"href":"https:\/\/babylove.se\/no\/wp-json\/wp\/v2\/product_brand?post=4320"},{"taxonomy":"product_cat","embeddable":true,"href":"https:\/\/babylove.se\/no\/wp-json\/wp\/v2\/product_cat?post=4320"},{"taxonomy":"product_tag","embeddable":true,"href":"https:\/\/babylove.se\/no\/wp-json\/wp\/v2\/product_tag?post=4320"}],"curies":[{"name":"wp","href":"https:\/\/api.w.org\/{rel}","templated":true}]}}