{"id":4327,"date":"2025-07-18T20:21:36","date_gmt":"2025-07-18T19:21:36","guid":{"rendered":"https:\/\/babylove.se\/produkt\/leksaksforvaring-pa-hjul-ooh-noo\/"},"modified":"2026-04-08T08:06:59","modified_gmt":"2026-04-08T07:06:59","slug":"lekeoppbevaring-pa-hjul-ooh-noo","status":"publish","type":"product","link":"https:\/\/babylove.se\/no\/produkt\/lekeoppbevaring-pa-hjul-ooh-noo\/","title":{"rendered":"Lekeoppbevaring p\u00e5 hjul, Ooh noo"},"content":{"rendered":"<p>En liten og bed\u00e5rende lekebil for alle barnets favorittting. Helt laget i tre og for h\u00e5nd, gj\u00f8r hver vogn unik.<\/p>\n<p>Denne vognen er s\u00e5 s\u00f8t at det er vanskelig \u00e5 finne riktige ord for \u00e5 beskrive den. Den er helt laget i naturlig ubehandlet tre, bortsett fra de sm\u00e5 dekkene p\u00e5 hjulene. Passer perfekt for barnets dukker, eller favorittbamsen. Stopp i en liten pute og teppe og du har skapt den s\u00f8teste lille sengen p\u00e5 hjul som du kan finne.<\/p>\n<p>En liten advarsel dog, du kommer til \u00e5 bli fristet til \u00e5 leke med den selv!<\/p>\n<p><strong>M\u00e5l<\/strong>: 35 cm x 48 cm x 37 cm<\/p>\n<p>Vedlikehold: T\u00f8rk av eventuell smuss med en lett fuktig klut. Merk at vanskeligere flekker kan v\u00e6re t\u00f8ffe \u00e5 f\u00e5 bort.<\/p>\n<p>Designer: <a href=\"https:\/\/babylove.se\/varumarken\/ohh-noo\">Ooh noo&nbsp;<\/a><\/p>\n","protected":false},"excerpt":{"rendered":"<p>En liten og bed\u00e5rende lekebil for alle barnets favorittting. Helt laget i tre og for h\u00e5nd, gj\u00f8r hver vogn unik. Denne vognen er s\u00e5 s\u00f8t at det er vanskelig \u00e5 finne riktige ord for \u00e5 beskrive den. Den er helt laget i naturlig ubehandlet tre, bortsett fra de sm\u00e5 dekkene p\u00e5 hjulene. Passer perfekt for [&hellip;]<\/p>\n","protected":false},"featured_media":4329,"comment_status":"closed","ping_status":"open","template":"","meta":{"_acf_changed":false},"product_brand":[245],"product_cat":[28,26,25,246,43,112],"product_tag":[],"class_list":{"0":"post-4327","1":"product","2":"type-product","3":"status-publish","4":"has-post-thumbnail","6":"product_brand-ooh-noo","7":"product_cat-sorthvit","8":"product_cat-kjop-produkter-som-ikke-bare-er-for-gutter","9":"product_cat-ikke-bare-jenter","10":"product_cat-ooh-noo","11":"product_cat-oppbevaringskurver","12":"product_cat-treleker","14":"first","15":"instock","16":"taxable","17":"shipping-taxable","18":"purchasable","19":"product-type-simple"},"acf":[],"yoast_head":"<!-- This site is optimized with the Yoast SEO Premium plugin v25.8 (Yoast SEO v27.2) - https:\/\/yoast.com\/product\/yoast-seo-premium-wordpress\/ -->\n<title>Lekeoppbevaring p\u00e5 hjul, Ooh noo - Babylove Norska<\/title>\n<meta name=\"description\" content=\"En liten och bed\u00e5rande leksaksvagn f\u00f6r alla barnets favoritsaker. Helt gjord i tr\u00e4 och f\u00f6r hand, f\u00f6r varje vagn unik - skickas inom 24 timmar !\" \/>\n<meta name=\"robots\" content=\"noindex, follow, max-snippet:-1, max-image-preview:large, max-video-preview:-1\" \/>\n<meta property=\"og:locale\" content=\"nb_NO\" \/>\n<meta property=\"og:type\" content=\"article\" \/>\n<meta property=\"og:title\" content=\"Lekeoppbevaring p\u00e5 hjul, Ooh noo\" \/>\n<meta property=\"og:description\" content=\"En liten och bed\u00e5rande leksaksvagn f\u00f6r alla barnets favoritsaker. Helt gjord i tr\u00e4 och f\u00f6r hand, f\u00f6r varje vagn unik - skickas inom 24 timmar !\" \/>\n<meta property=\"og:url\" content=\"https:\/\/babylove.se\/no\/produkt\/lekeoppbevaring-pa-hjul-ooh-noo\/\" \/>\n<meta property=\"og:site_name\" content=\"Babylove Norska\" \/>\n<meta property=\"article:modified_time\" content=\"2026-04-08T07:06:59+00:00\" \/>\n<meta property=\"og:image\" content=\"https:\/\/babylove.se\/no\/wp-content\/uploads\/sites\/3\/2025\/07\/637df9cea2f1b.jpeg\" \/>\n\t<meta property=\"og:image:width\" content=\"501\" \/>\n\t<meta property=\"og:image:height\" content=\"626\" \/>\n\t<meta property=\"og:image:type\" content=\"image\/jpeg\" \/>\n<meta name=\"twitter:card\" content=\"summary_large_image\" \/>\n<meta name=\"twitter:label1\" content=\"Price\" \/>\n\t<meta name=\"twitter:data1\" content=\"1 299,00&nbsp;&#107;&#114;\" \/>\n\t<meta name=\"twitter:label2\" content=\"Availability\" \/>\n\t<meta name=\"twitter:data2\" content=\"In stock\" \/>\n<script type=\"application\/ld+json\" class=\"yoast-schema-graph\">{\"@context\":\"https:\/\/schema.org\",\"@graph\":[{\"@type\":\"WebPage\",\"@id\":\"https:\/\/babylove.se\/no\/produkt\/lekeoppbevaring-pa-hjul-ooh-noo\/\",\"url\":\"https:\/\/babylove.se\/no\/produkt\/lekeoppbevaring-pa-hjul-ooh-noo\/\",\"name\":\"Lekeoppbevaring p\u00e5 hjul, Ooh noo - Babylove Norska\",\"isPartOf\":{\"@id\":\"https:\/\/babylove.se\/no\/#website\"},\"primaryImageOfPage\":{\"@id\":\"https:\/\/babylove.se\/no\/produkt\/lekeoppbevaring-pa-hjul-ooh-noo\/#primaryimage\"},\"image\":{\"@id\":\"https:\/\/babylove.se\/no\/produkt\/lekeoppbevaring-pa-hjul-ooh-noo\/#primaryimage\"},\"thumbnailUrl\":\"https:\/\/babylove.se\/no\/wp-content\/uploads\/sites\/3\/2025\/07\/637df9cea2f1b.jpeg\",\"datePublished\":\"2025-07-18T19:21:36+00:00\",\"dateModified\":\"2026-04-08T07:06:59+00:00\",\"description\":\"En liten och bed\u00e5rande leksaksvagn f\u00f6r alla barnets favoritsaker. Helt gjord i tr\u00e4 och f\u00f6r hand, f\u00f6r varje vagn unik - skickas inom 24 timmar !\",\"breadcrumb\":{\"@id\":\"https:\/\/babylove.se\/no\/produkt\/lekeoppbevaring-pa-hjul-ooh-noo\/#breadcrumb\"},\"inLanguage\":\"nb-NO\",\"potentialAction\":[{\"@type\":\"ReadAction\",\"target\":[\"https:\/\/babylove.se\/no\/produkt\/lekeoppbevaring-pa-hjul-ooh-noo\/\"]}]},{\"@type\":\"ImageObject\",\"inLanguage\":\"nb-NO\",\"@id\":\"https:\/\/babylove.se\/no\/produkt\/lekeoppbevaring-pa-hjul-ooh-noo\/#primaryimage\",\"url\":\"https:\/\/babylove.se\/no\/wp-content\/uploads\/sites\/3\/2025\/07\/637df9cea2f1b.jpeg\",\"contentUrl\":\"https:\/\/babylove.se\/no\/wp-content\/uploads\/sites\/3\/2025\/07\/637df9cea2f1b.jpeg\",\"width\":501,\"height\":626},{\"@type\":\"BreadcrumbList\",\"@id\":\"https:\/\/babylove.se\/no\/produkt\/lekeoppbevaring-pa-hjul-ooh-noo\/#breadcrumb\",\"itemListElement\":[{\"@type\":\"ListItem\",\"position\":1,\"name\":\"Hem\",\"item\":\"https:\/\/babylove.se\/no\/\"},{\"@type\":\"ListItem\",\"position\":2,\"name\":\"Butik\",\"item\":\"https:\/\/babylove.se\/no\/butik\/\"},{\"@type\":\"ListItem\",\"position\":3,\"name\":\"Lekeoppbevaring p\u00e5 hjul, Ooh noo\"}]},{\"@type\":\"WebSite\",\"@id\":\"https:\/\/babylove.se\/no\/#website\",\"url\":\"https:\/\/babylove.se\/no\/\",\"name\":\"Babylove Norska\",\"description\":\"\",\"potentialAction\":[{\"@type\":\"SearchAction\",\"target\":{\"@type\":\"EntryPoint\",\"urlTemplate\":\"https:\/\/babylove.se\/no\/?s={search_term_string}\"},\"query-input\":{\"@type\":\"PropertyValueSpecification\",\"valueRequired\":true,\"valueName\":\"search_term_string\"}}],\"inLanguage\":\"nb-NO\"}]}<\/script>\n<meta property=\"product:brand\" content=\"ooh noo\" \/>\n<meta property=\"product:price:amount\" content=\"1299.00\" \/>\n<meta property=\"product:price:currency\" content=\"SEK\" \/>\n<meta property=\"og:availability\" content=\"instock\" \/>\n<meta property=\"product:availability\" content=\"instock\" \/>\n<meta property=\"product:retailer_item_id\" content=\"40TC161\" \/>\n<meta property=\"product:condition\" content=\"new\" \/>\n<!-- \/ Yoast SEO Premium plugin. -->","yoast_head_json":{"title":"Lekeoppbevaring p\u00e5 hjul, Ooh noo - Babylove Norska","description":"En liten och bed\u00e5rande leksaksvagn f\u00f6r alla barnets favoritsaker. Helt gjord i tr\u00e4 och f\u00f6r hand, f\u00f6r varje vagn unik - skickas inom 24 timmar !","robots":{"index":"noindex","follow":"follow","max-snippet":"max-snippet:-1","max-image-preview":"max-image-preview:large","max-video-preview":"max-video-preview:-1"},"og_locale":"nb_NO","og_type":"article","og_title":"Lekeoppbevaring p\u00e5 hjul, Ooh noo","og_description":"En liten och bed\u00e5rande leksaksvagn f\u00f6r alla barnets favoritsaker. Helt gjord i tr\u00e4 och f\u00f6r hand, f\u00f6r varje vagn unik - skickas inom 24 timmar !","og_url":"https:\/\/babylove.se\/no\/produkt\/lekeoppbevaring-pa-hjul-ooh-noo\/","og_site_name":"Babylove Norska","article_modified_time":"2026-04-08T07:06:59+00:00","og_image":[{"width":501,"height":626,"url":"https:\/\/babylove.se\/no\/wp-content\/uploads\/sites\/3\/2025\/07\/637df9cea2f1b.jpeg","type":"image\/jpeg"}],"twitter_card":"summary_large_image","twitter_misc":{"Price":"1 299,00&nbsp;&#107;&#114;","Availability":"In stock"},"schema":{"@context":"https:\/\/schema.org","@graph":[{"@type":"WebPage","@id":"https:\/\/babylove.se\/no\/produkt\/lekeoppbevaring-pa-hjul-ooh-noo\/","url":"https:\/\/babylove.se\/no\/produkt\/lekeoppbevaring-pa-hjul-ooh-noo\/","name":"Lekeoppbevaring p\u00e5 hjul, Ooh noo - Babylove Norska","isPartOf":{"@id":"https:\/\/babylove.se\/no\/#website"},"primaryImageOfPage":{"@id":"https:\/\/babylove.se\/no\/produkt\/lekeoppbevaring-pa-hjul-ooh-noo\/#primaryimage"},"image":{"@id":"https:\/\/babylove.se\/no\/produkt\/lekeoppbevaring-pa-hjul-ooh-noo\/#primaryimage"},"thumbnailUrl":"https:\/\/babylove.se\/no\/wp-content\/uploads\/sites\/3\/2025\/07\/637df9cea2f1b.jpeg","datePublished":"2025-07-18T19:21:36+00:00","dateModified":"2026-04-08T07:06:59+00:00","description":"En liten och bed\u00e5rande leksaksvagn f\u00f6r alla barnets favoritsaker. Helt gjord i tr\u00e4 och f\u00f6r hand, f\u00f6r varje vagn unik - skickas inom 24 timmar !","breadcrumb":{"@id":"https:\/\/babylove.se\/no\/produkt\/lekeoppbevaring-pa-hjul-ooh-noo\/#breadcrumb"},"inLanguage":"nb-NO","potentialAction":[{"@type":"ReadAction","target":["https:\/\/babylove.se\/no\/produkt\/lekeoppbevaring-pa-hjul-ooh-noo\/"]}]},{"@type":"ImageObject","inLanguage":"nb-NO","@id":"https:\/\/babylove.se\/no\/produkt\/lekeoppbevaring-pa-hjul-ooh-noo\/#primaryimage","url":"https:\/\/babylove.se\/no\/wp-content\/uploads\/sites\/3\/2025\/07\/637df9cea2f1b.jpeg","contentUrl":"https:\/\/babylove.se\/no\/wp-content\/uploads\/sites\/3\/2025\/07\/637df9cea2f1b.jpeg","width":501,"height":626},{"@type":"BreadcrumbList","@id":"https:\/\/babylove.se\/no\/produkt\/lekeoppbevaring-pa-hjul-ooh-noo\/#breadcrumb","itemListElement":[{"@type":"ListItem","position":1,"name":"Hem","item":"https:\/\/babylove.se\/no\/"},{"@type":"ListItem","position":2,"name":"Butik","item":"https:\/\/babylove.se\/no\/butik\/"},{"@type":"ListItem","position":3,"name":"Lekeoppbevaring p\u00e5 hjul, Ooh noo"}]},{"@type":"WebSite","@id":"https:\/\/babylove.se\/no\/#website","url":"https:\/\/babylove.se\/no\/","name":"Babylove Norska","description":"","potentialAction":[{"@type":"SearchAction","target":{"@type":"EntryPoint","urlTemplate":"https:\/\/babylove.se\/no\/?s={search_term_string}"},"query-input":{"@type":"PropertyValueSpecification","valueRequired":true,"valueName":"search_term_string"}}],"inLanguage":"nb-NO"}]},"product_brand":"ooh noo","product_price_amount":"1299.00","product_price_currency":"SEK","og_availability":"instock","product_availability":"instock","product_retailer_item_id":"40TC161","product_condition":"new"},"_links":{"self":[{"href":"https:\/\/babylove.se\/no\/wp-json\/wp\/v2\/product\/4327","targetHints":{"allow":["GET"]}}],"collection":[{"href":"https:\/\/babylove.se\/no\/wp-json\/wp\/v2\/product"}],"about":[{"href":"https:\/\/babylove.se\/no\/wp-json\/wp\/v2\/types\/product"}],"replies":[{"embeddable":true,"href":"https:\/\/babylove.se\/no\/wp-json\/wp\/v2\/comments?post=4327"}],"wp:featuredmedia":[{"embeddable":true,"href":"https:\/\/babylove.se\/no\/wp-json\/wp\/v2\/media\/4329"}],"wp:attachment":[{"href":"https:\/\/babylove.se\/no\/wp-json\/wp\/v2\/media?parent=4327"}],"wp:term":[{"taxonomy":"product_brand","embeddable":true,"href":"https:\/\/babylove.se\/no\/wp-json\/wp\/v2\/product_brand?post=4327"},{"taxonomy":"product_cat","embeddable":true,"href":"https:\/\/babylove.se\/no\/wp-json\/wp\/v2\/product_cat?post=4327"},{"taxonomy":"product_tag","embeddable":true,"href":"https:\/\/babylove.se\/no\/wp-json\/wp\/v2\/product_tag?post=4327"}],"curies":[{"name":"wp","href":"https:\/\/api.w.org\/{rel}","templated":true}]}}