{"id":43381,"date":"2025-07-19T09:25:07","date_gmt":"2025-07-19T08:25:07","guid":{"rendered":"https:\/\/babylove.se\/produkt\/loftsang-barnsang-dario\/"},"modified":"2026-04-08T12:46:46","modified_gmt":"2026-04-08T11:46:46","slug":"loftsang-barnesang-dario","status":"publish","type":"product","link":"https:\/\/babylove.se\/no\/produkt\/loftsang-barnesang-dario\/","title":{"rendered":"Loftsseng barneseng, Dario"},"content":{"rendered":"<p>P\u00e5 jakt etter den perfekte k\u00f8yesenga? Her er den! <\/p>\n<p>En stabil s\u00f8skenseng i stilsikker design, for mange \u00e5r med s\u00f8te dr\u00f8mmer! Senga er laget av massiv furu som gj\u00f8r den stabil og solid. Ideell \u00e5 b\u00e5de leke som sove i. Den store fordelen med denne modellen er at den best\u00e5r av to separate senger som du kan plassere som du \u00f8nsker. <\/p>\n<p>P\u00e5 v\u00e5r fine loftseng med ekstra flyttbar seng Dario har man tenkt grundig gjennom for \u00e5 optimalisere gulvplassen i barnerommet. Vi lover at senga kommer til \u00e5 bli ditt barns favoritt, og ikke bare for \u00e5 sove i da den med enkle midler kan bli en riktig bra kosekrok. Mange dekorerer med sengehimler, vimpler eller lysslynger, bare din kreativitet setter stopp. <\/p>\n<p><strong>Tillegg<\/strong>: <\/p>\n<ul>\n<li>Farge: velg mellom natur, hvit, gr\u00e5 og antrasitt.<\/li>\n<\/ul>\n<p><strong>Info:<\/strong> <\/p>\n<ul>\n<li>100% FSC-sertifisert furutre som sikrer at virket kommer fra ansvarlig skogbruk.<\/li>\n<li>St\u00f8ttebrettet p\u00e5 loftsenga og stigen kan monteres p\u00e5 valgfri side.<\/li>\n<li>St\u00f8ttebrettets h\u00f8yde: 25 cm.<\/li>\n<li>Loftsengas totale h\u00f8yde: ca 170,5 cm.<\/li>\n<li>Barnesengas totale h\u00f8yde: ca 85 cm.<\/li>\n<li>Maks vekt: 100 kg per seng.<\/li>\n<\/ul>\n<p><strong>M\u00e5l: <\/strong> <\/p>\n<ul>\n<li>Finnes i forskjellige sengm\u00e5l. M\u00e5lene til venstre i lista gjelder sengm\u00e5l. Begge sengene har samme sengm\u00e5l. M\u00e5lene innenfor parentesene (bredde &amp; lengde) gjelder den totale st\u00f8rrelsen p\u00e5 sengene.<\/li>\n<\/ul>\n<p>Madrass inng\u00e5r ikke, men ta gjerne en titt i v\u00e5rt store madrassutvalg. Vi anbefaler en skummadrass med tykkelse p\u00e5 ca 10-12 cm. <\/p>\n<p>Sengene produseres i henhold til standarden EN-747-1: 2012 + A1: 2015 i v\u00e5r fabrikk i Europa som har de h\u00f8yeste sikkerhetsstandardene for produksjon av barnesenger. og kontrollerer hvert steg fra det at t\u00f8mmeret kommer inn i fabrikken til at et ferdig produkt forlater. Sengene lakkeres tre ganger med \u00f8kologisk, milj\u00f8vennlig og vannbasert maling som f\u00f8lger normen EN 71-3:2019. <\/p>\n<p><em>Dette er en seng produsert og tilpasset for barn. <em><em><em><em><em>Senga leveres umontert og b\u00f8r settes sammen i rommet den skal brukes i.<\/em><\/em><\/em><\/em><\/em><\/em><\/p>\n","protected":false},"excerpt":{"rendered":"<p>P\u00e5 jakt etter den perfekte k\u00f8yesenga? Her er den! En stabil s\u00f8skenseng i stilsikker design, for mange \u00e5r med s\u00f8te dr\u00f8mmer! Senga er laget av massiv furu som gj\u00f8r den stabil og solid. Ideell \u00e5 b\u00e5de leke som sove i. Den store fordelen med denne modellen er at den best\u00e5r av to separate senger som [&hellip;]<\/p>\n","protected":false},"featured_media":43383,"comment_status":"open","ping_status":"closed","template":"","meta":{"_acf_changed":false},"product_brand":[1319],"product_cat":[269,385,1320,40],"product_tag":[1689],"class_list":{"0":"post-43381","1":"product","2":"type-product","3":"status-publish","4":"has-post-thumbnail","6":"product_brand-lano","7":"product_cat-juniorsenger","8":"product_cat-koyesenger-loftsenger","9":"product_cat-lano","10":"product_cat-soverom-barn","11":"product_tag-bestillingsvaror","12":"pa_farg-antracit","13":"pa_farg-gra","14":"pa_farg-vit","15":"pa_farg-natur","16":"pa_storlek-80x160-cm-b87-cm-l168-cm","17":"pa_storlek-80x180-cm-b87-cm-l188-cm","18":"pa_storlek-80x200-cm-b87-cm-l208-cm","19":"pa_storlek-90x190-cm-b97-cm-l198-cm","20":"pa_storlek-90x200-cm-b97-cm-l208-cm","22":"first","23":"instock","24":"taxable","25":"shipping-taxable","26":"purchasable","27":"product-type-variable"},"acf":[],"yoast_head":"<!-- This site is optimized with the Yoast SEO Premium plugin v25.8 (Yoast SEO v27.2) - https:\/\/yoast.com\/product\/yoast-seo-premium-wordpress\/ -->\n<title>Loftsseng barneseng, Dario - Babylove Norska<\/title>\n<meta name=\"robots\" content=\"noindex, follow, max-snippet:-1, max-image-preview:large, max-video-preview:-1\" \/>\n<meta property=\"og:locale\" content=\"nb_NO\" \/>\n<meta property=\"og:type\" content=\"article\" \/>\n<meta property=\"og:title\" content=\"Loftsseng barneseng, Dario\" \/>\n<meta property=\"og:description\" content=\"P\u00e5 jakt etter den perfekte k\u00f8yesenga? Her er den! En stabil s\u00f8skenseng i stilsikker design, for mange \u00e5r med s\u00f8te dr\u00f8mmer! Senga er laget av massiv furu som gj\u00f8r den stabil og solid. Ideell \u00e5 b\u00e5de leke som sove i. Den store fordelen med denne modellen er at den best\u00e5r av to separate senger som [&hellip;]\" \/>\n<meta property=\"og:url\" content=\"https:\/\/babylove.se\/no\/produkt\/loftsang-barnesang-dario\/\" \/>\n<meta property=\"og:site_name\" content=\"Babylove Norska\" \/>\n<meta property=\"article:modified_time\" content=\"2026-04-08T11:46:46+00:00\" \/>\n<meta property=\"og:image\" content=\"https:\/\/babylove.se\/no\/wp-content\/uploads\/sites\/3\/2025\/07\/632190e0b07ac.jpeg\" \/>\n\t<meta property=\"og:image:width\" content=\"2048\" \/>\n\t<meta property=\"og:image:height\" content=\"1536\" \/>\n\t<meta property=\"og:image:type\" content=\"image\/jpeg\" \/>\n<meta name=\"twitter:card\" content=\"summary_large_image\" \/>\n<meta name=\"twitter:label1\" content=\"Availability\" \/>\n\t<meta name=\"twitter:data1\" content=\"In stock\" \/>\n<script type=\"application\/ld+json\" class=\"yoast-schema-graph\">{\"@context\":\"https:\/\/schema.org\",\"@graph\":[{\"@type\":\"WebPage\",\"@id\":\"https:\/\/babylove.se\/no\/produkt\/loftsang-barnesang-dario\/\",\"url\":\"https:\/\/babylove.se\/no\/produkt\/loftsang-barnesang-dario\/\",\"name\":\"Loftsseng barneseng, Dario - Babylove Norska\",\"isPartOf\":{\"@id\":\"https:\/\/babylove.se\/no\/#website\"},\"primaryImageOfPage\":{\"@id\":\"https:\/\/babylove.se\/no\/produkt\/loftsang-barnesang-dario\/#primaryimage\"},\"image\":{\"@id\":\"https:\/\/babylove.se\/no\/produkt\/loftsang-barnesang-dario\/#primaryimage\"},\"thumbnailUrl\":\"https:\/\/babylove.se\/no\/wp-content\/uploads\/sites\/3\/2025\/07\/632190e0b07ac.jpeg\",\"datePublished\":\"2025-07-19T08:25:07+00:00\",\"dateModified\":\"2026-04-08T11:46:46+00:00\",\"breadcrumb\":{\"@id\":\"https:\/\/babylove.se\/no\/produkt\/loftsang-barnesang-dario\/#breadcrumb\"},\"inLanguage\":\"nb-NO\",\"potentialAction\":[{\"@type\":\"ReadAction\",\"target\":[\"https:\/\/babylove.se\/no\/produkt\/loftsang-barnesang-dario\/\"]}]},{\"@type\":\"ImageObject\",\"inLanguage\":\"nb-NO\",\"@id\":\"https:\/\/babylove.se\/no\/produkt\/loftsang-barnesang-dario\/#primaryimage\",\"url\":\"https:\/\/babylove.se\/no\/wp-content\/uploads\/sites\/3\/2025\/07\/632190e0b07ac.jpeg\",\"contentUrl\":\"https:\/\/babylove.se\/no\/wp-content\/uploads\/sites\/3\/2025\/07\/632190e0b07ac.jpeg\",\"width\":2048,\"height\":1536},{\"@type\":\"BreadcrumbList\",\"@id\":\"https:\/\/babylove.se\/no\/produkt\/loftsang-barnesang-dario\/#breadcrumb\",\"itemListElement\":[{\"@type\":\"ListItem\",\"position\":1,\"name\":\"Hem\",\"item\":\"https:\/\/babylove.se\/no\/\"},{\"@type\":\"ListItem\",\"position\":2,\"name\":\"Butik\",\"item\":\"https:\/\/babylove.se\/no\/butik\/\"},{\"@type\":\"ListItem\",\"position\":3,\"name\":\"Loftsseng barneseng, Dario\"}]},{\"@type\":\"WebSite\",\"@id\":\"https:\/\/babylove.se\/no\/#website\",\"url\":\"https:\/\/babylove.se\/no\/\",\"name\":\"Babylove Norska\",\"description\":\"\",\"potentialAction\":[{\"@type\":\"SearchAction\",\"target\":{\"@type\":\"EntryPoint\",\"urlTemplate\":\"https:\/\/babylove.se\/no\/?s={search_term_string}\"},\"query-input\":{\"@type\":\"PropertyValueSpecification\",\"valueRequired\":true,\"valueName\":\"search_term_string\"}}],\"inLanguage\":\"nb-NO\"}]}<\/script>\n<meta property=\"product:brand\" content=\"LANO\" \/>\n<meta property=\"og:availability\" content=\"instock\" \/>\n<meta property=\"product:availability\" content=\"instock\" \/>\n<meta property=\"product:retailer_item_id\" content=\"DOU002-80x160-cm-Natur\" \/>\n<meta property=\"product:condition\" content=\"new\" \/>\n<!-- \/ Yoast SEO Premium plugin. -->","yoast_head_json":{"title":"Loftsseng barneseng, Dario - Babylove Norska","robots":{"index":"noindex","follow":"follow","max-snippet":"max-snippet:-1","max-image-preview":"max-image-preview:large","max-video-preview":"max-video-preview:-1"},"og_locale":"nb_NO","og_type":"article","og_title":"Loftsseng barneseng, Dario","og_description":"P\u00e5 jakt etter den perfekte k\u00f8yesenga? Her er den! En stabil s\u00f8skenseng i stilsikker design, for mange \u00e5r med s\u00f8te dr\u00f8mmer! Senga er laget av massiv furu som gj\u00f8r den stabil og solid. Ideell \u00e5 b\u00e5de leke som sove i. Den store fordelen med denne modellen er at den best\u00e5r av to separate senger som [&hellip;]","og_url":"https:\/\/babylove.se\/no\/produkt\/loftsang-barnesang-dario\/","og_site_name":"Babylove Norska","article_modified_time":"2026-04-08T11:46:46+00:00","og_image":[{"width":2048,"height":1536,"url":"https:\/\/babylove.se\/no\/wp-content\/uploads\/sites\/3\/2025\/07\/632190e0b07ac.jpeg","type":"image\/jpeg"}],"twitter_card":"summary_large_image","twitter_misc":{"Availability":"In stock"},"schema":{"@context":"https:\/\/schema.org","@graph":[{"@type":"WebPage","@id":"https:\/\/babylove.se\/no\/produkt\/loftsang-barnesang-dario\/","url":"https:\/\/babylove.se\/no\/produkt\/loftsang-barnesang-dario\/","name":"Loftsseng barneseng, Dario - Babylove Norska","isPartOf":{"@id":"https:\/\/babylove.se\/no\/#website"},"primaryImageOfPage":{"@id":"https:\/\/babylove.se\/no\/produkt\/loftsang-barnesang-dario\/#primaryimage"},"image":{"@id":"https:\/\/babylove.se\/no\/produkt\/loftsang-barnesang-dario\/#primaryimage"},"thumbnailUrl":"https:\/\/babylove.se\/no\/wp-content\/uploads\/sites\/3\/2025\/07\/632190e0b07ac.jpeg","datePublished":"2025-07-19T08:25:07+00:00","dateModified":"2026-04-08T11:46:46+00:00","breadcrumb":{"@id":"https:\/\/babylove.se\/no\/produkt\/loftsang-barnesang-dario\/#breadcrumb"},"inLanguage":"nb-NO","potentialAction":[{"@type":"ReadAction","target":["https:\/\/babylove.se\/no\/produkt\/loftsang-barnesang-dario\/"]}]},{"@type":"ImageObject","inLanguage":"nb-NO","@id":"https:\/\/babylove.se\/no\/produkt\/loftsang-barnesang-dario\/#primaryimage","url":"https:\/\/babylove.se\/no\/wp-content\/uploads\/sites\/3\/2025\/07\/632190e0b07ac.jpeg","contentUrl":"https:\/\/babylove.se\/no\/wp-content\/uploads\/sites\/3\/2025\/07\/632190e0b07ac.jpeg","width":2048,"height":1536},{"@type":"BreadcrumbList","@id":"https:\/\/babylove.se\/no\/produkt\/loftsang-barnesang-dario\/#breadcrumb","itemListElement":[{"@type":"ListItem","position":1,"name":"Hem","item":"https:\/\/babylove.se\/no\/"},{"@type":"ListItem","position":2,"name":"Butik","item":"https:\/\/babylove.se\/no\/butik\/"},{"@type":"ListItem","position":3,"name":"Loftsseng barneseng, Dario"}]},{"@type":"WebSite","@id":"https:\/\/babylove.se\/no\/#website","url":"https:\/\/babylove.se\/no\/","name":"Babylove Norska","description":"","potentialAction":[{"@type":"SearchAction","target":{"@type":"EntryPoint","urlTemplate":"https:\/\/babylove.se\/no\/?s={search_term_string}"},"query-input":{"@type":"PropertyValueSpecification","valueRequired":true,"valueName":"search_term_string"}}],"inLanguage":"nb-NO"}]},"product_brand":"LANO","og_availability":"instock","product_availability":"instock","product_retailer_item_id":"DOU002-80x160-cm-Natur","product_condition":"new"},"_links":{"self":[{"href":"https:\/\/babylove.se\/no\/wp-json\/wp\/v2\/product\/43381","targetHints":{"allow":["GET"]}}],"collection":[{"href":"https:\/\/babylove.se\/no\/wp-json\/wp\/v2\/product"}],"about":[{"href":"https:\/\/babylove.se\/no\/wp-json\/wp\/v2\/types\/product"}],"replies":[{"embeddable":true,"href":"https:\/\/babylove.se\/no\/wp-json\/wp\/v2\/comments?post=43381"}],"wp:featuredmedia":[{"embeddable":true,"href":"https:\/\/babylove.se\/no\/wp-json\/wp\/v2\/media\/43383"}],"wp:attachment":[{"href":"https:\/\/babylove.se\/no\/wp-json\/wp\/v2\/media?parent=43381"}],"wp:term":[{"taxonomy":"product_brand","embeddable":true,"href":"https:\/\/babylove.se\/no\/wp-json\/wp\/v2\/product_brand?post=43381"},{"taxonomy":"product_cat","embeddable":true,"href":"https:\/\/babylove.se\/no\/wp-json\/wp\/v2\/product_cat?post=43381"},{"taxonomy":"product_tag","embeddable":true,"href":"https:\/\/babylove.se\/no\/wp-json\/wp\/v2\/product_tag?post=43381"}],"curies":[{"name":"wp","href":"https:\/\/api.w.org\/{rel}","templated":true}]}}