{"id":43966,"date":"2025-07-19T09:41:17","date_gmt":"2025-07-19T08:41:17","guid":{"rendered":"https:\/\/babylove.se\/produkt\/jabadabado-koffert-beige-3-pack\/"},"modified":"2026-04-08T12:47:27","modified_gmt":"2026-04-08T11:47:27","slug":"jabadabado-koffert-beige-3-pakk","status":"publish","type":"product","link":"https:\/\/babylove.se\/no\/produkt\/jabadabado-koffert-beige-3-pakk\/","title":{"rendered":"Jabadabado, Koffert beige 3-pakk"},"content":{"rendered":"<p>Et fantastisk sett med 3 stk. superfine oppbevaringskofferter i beige nyanser fra svenske JaBaDaBaDo! <\/p>\n<p>Rommeligt og smart og dessuten en meget fin interi\u00f8rdetalj. Hvorfor ikke plassere koffertene opp\u00e5 hverandre og skape et unikt og praktisk nattbord? Koffertene kan ogs\u00e5 stables i hverandre. <\/p>\n<p>Veskene har et h\u00e5ndtak og lukkes med to sm\u00e5 spenner i metall. <\/p>\n<p><strong>M\u00e5l<\/strong>: Hver koffert : 34 x 10 x 25 cm, 3-pakk. <\/p>\n<p><strong>Materiale<\/strong>: Hardpapp, metall. <\/p>\n<p>Designer: <a href=\"https:\/\/babylove.se\/varumarken\/jabadabado\">JaBaDaBaDo <\/a><\/p>\n","protected":false},"excerpt":{"rendered":"<p>Et fantastisk sett med 3 stk. superfine oppbevaringskofferter i beige nyanser fra svenske JaBaDaBaDo! Rommeligt og smart og dessuten en meget fin interi\u00f8rdetalj. Hvorfor ikke plassere koffertene opp\u00e5 hverandre og skape et unikt og praktisk nattbord? Koffertene kan ogs\u00e5 stables i hverandre. Veskene har et h\u00e5ndtak og lukkes med to sm\u00e5 spenner i metall. M\u00e5l: [&hellip;]<\/p>\n","protected":false},"featured_media":43968,"comment_status":"closed","ping_status":"closed","template":"","meta":{"_acf_changed":false},"product_brand":[273],"product_cat":[274,43],"product_tag":[],"class_list":{"0":"post-43966","1":"product","2":"type-product","3":"status-publish","4":"has-post-thumbnail","6":"product_brand-jabadabado","7":"product_cat-jabadabado","8":"product_cat-oppbevaringskurver","10":"first","11":"instock","12":"taxable","13":"shipping-taxable","14":"purchasable","15":"product-type-simple"},"acf":[],"yoast_head":"<!-- This site is optimized with the Yoast SEO Premium plugin v25.8 (Yoast SEO v27.2) - https:\/\/yoast.com\/product\/yoast-seo-premium-wordpress\/ -->\n<title>Jabadabado, Koffert beige 3-pakk - Babylove Norska<\/title>\n<meta name=\"robots\" content=\"noindex, follow, max-snippet:-1, max-image-preview:large, max-video-preview:-1\" \/>\n<meta property=\"og:locale\" content=\"nb_NO\" \/>\n<meta property=\"og:type\" content=\"article\" \/>\n<meta property=\"og:title\" content=\"Jabadabado, Koffert beige 3-pakk\" \/>\n<meta property=\"og:description\" content=\"Et fantastisk sett med 3 stk. superfine oppbevaringskofferter i beige nyanser fra svenske JaBaDaBaDo! Rommeligt og smart og dessuten en meget fin interi\u00f8rdetalj. Hvorfor ikke plassere koffertene opp\u00e5 hverandre og skape et unikt og praktisk nattbord? Koffertene kan ogs\u00e5 stables i hverandre. Veskene har et h\u00e5ndtak og lukkes med to sm\u00e5 spenner i metall. M\u00e5l: [&hellip;]\" \/>\n<meta property=\"og:url\" content=\"https:\/\/babylove.se\/no\/produkt\/jabadabado-koffert-beige-3-pakk\/\" \/>\n<meta property=\"og:site_name\" content=\"Babylove Norska\" \/>\n<meta property=\"article:modified_time\" content=\"2026-04-08T11:47:27+00:00\" \/>\n<meta property=\"og:image\" content=\"https:\/\/babylove.se\/no\/wp-content\/uploads\/sites\/3\/2025\/07\/632418579d011.jpeg\" \/>\n\t<meta property=\"og:image:width\" content=\"1271\" \/>\n\t<meta property=\"og:image:height\" content=\"1271\" \/>\n\t<meta property=\"og:image:type\" content=\"image\/jpeg\" \/>\n<meta name=\"twitter:card\" content=\"summary_large_image\" \/>\n<meta name=\"twitter:label1\" content=\"Price\" \/>\n\t<meta name=\"twitter:data1\" content=\"349,00&nbsp;&#107;&#114;\" \/>\n\t<meta name=\"twitter:label2\" content=\"Availability\" \/>\n\t<meta name=\"twitter:data2\" content=\"In stock\" \/>\n<script type=\"application\/ld+json\" class=\"yoast-schema-graph\">{\"@context\":\"https:\/\/schema.org\",\"@graph\":[{\"@type\":\"WebPage\",\"@id\":\"https:\/\/babylove.se\/no\/produkt\/jabadabado-koffert-beige-3-pakk\/\",\"url\":\"https:\/\/babylove.se\/no\/produkt\/jabadabado-koffert-beige-3-pakk\/\",\"name\":\"Jabadabado, Koffert beige 3-pakk - Babylove Norska\",\"isPartOf\":{\"@id\":\"https:\/\/babylove.se\/no\/#website\"},\"primaryImageOfPage\":{\"@id\":\"https:\/\/babylove.se\/no\/produkt\/jabadabado-koffert-beige-3-pakk\/#primaryimage\"},\"image\":{\"@id\":\"https:\/\/babylove.se\/no\/produkt\/jabadabado-koffert-beige-3-pakk\/#primaryimage\"},\"thumbnailUrl\":\"https:\/\/babylove.se\/no\/wp-content\/uploads\/sites\/3\/2025\/07\/632418579d011.jpeg\",\"datePublished\":\"2025-07-19T08:41:17+00:00\",\"dateModified\":\"2026-04-08T11:47:27+00:00\",\"breadcrumb\":{\"@id\":\"https:\/\/babylove.se\/no\/produkt\/jabadabado-koffert-beige-3-pakk\/#breadcrumb\"},\"inLanguage\":\"nb-NO\",\"potentialAction\":[{\"@type\":\"ReadAction\",\"target\":[\"https:\/\/babylove.se\/no\/produkt\/jabadabado-koffert-beige-3-pakk\/\"]}]},{\"@type\":\"ImageObject\",\"inLanguage\":\"nb-NO\",\"@id\":\"https:\/\/babylove.se\/no\/produkt\/jabadabado-koffert-beige-3-pakk\/#primaryimage\",\"url\":\"https:\/\/babylove.se\/no\/wp-content\/uploads\/sites\/3\/2025\/07\/632418579d011.jpeg\",\"contentUrl\":\"https:\/\/babylove.se\/no\/wp-content\/uploads\/sites\/3\/2025\/07\/632418579d011.jpeg\",\"width\":1271,\"height\":1271},{\"@type\":\"BreadcrumbList\",\"@id\":\"https:\/\/babylove.se\/no\/produkt\/jabadabado-koffert-beige-3-pakk\/#breadcrumb\",\"itemListElement\":[{\"@type\":\"ListItem\",\"position\":1,\"name\":\"Hem\",\"item\":\"https:\/\/babylove.se\/no\/\"},{\"@type\":\"ListItem\",\"position\":2,\"name\":\"Butik\",\"item\":\"https:\/\/babylove.se\/no\/butik\/\"},{\"@type\":\"ListItem\",\"position\":3,\"name\":\"Jabadabado, Koffert beige 3-pakk\"}]},{\"@type\":\"WebSite\",\"@id\":\"https:\/\/babylove.se\/no\/#website\",\"url\":\"https:\/\/babylove.se\/no\/\",\"name\":\"Babylove Norska\",\"description\":\"\",\"potentialAction\":[{\"@type\":\"SearchAction\",\"target\":{\"@type\":\"EntryPoint\",\"urlTemplate\":\"https:\/\/babylove.se\/no\/?s={search_term_string}\"},\"query-input\":{\"@type\":\"PropertyValueSpecification\",\"valueRequired\":true,\"valueName\":\"search_term_string\"}}],\"inLanguage\":\"nb-NO\"}]}<\/script>\n<meta property=\"product:brand\" content=\"JaBaDaBaDo\" \/>\n<meta property=\"product:price:amount\" content=\"349.00\" \/>\n<meta property=\"product:price:currency\" content=\"SEK\" \/>\n<meta property=\"og:availability\" content=\"instock\" \/>\n<meta property=\"product:availability\" content=\"instock\" \/>\n<meta property=\"product:retailer_item_id\" content=\"A3220\" \/>\n<meta property=\"product:condition\" content=\"new\" \/>\n<!-- \/ Yoast SEO Premium plugin. -->","yoast_head_json":{"title":"Jabadabado, Koffert beige 3-pakk - Babylove Norska","robots":{"index":"noindex","follow":"follow","max-snippet":"max-snippet:-1","max-image-preview":"max-image-preview:large","max-video-preview":"max-video-preview:-1"},"og_locale":"nb_NO","og_type":"article","og_title":"Jabadabado, Koffert beige 3-pakk","og_description":"Et fantastisk sett med 3 stk. superfine oppbevaringskofferter i beige nyanser fra svenske JaBaDaBaDo! Rommeligt og smart og dessuten en meget fin interi\u00f8rdetalj. Hvorfor ikke plassere koffertene opp\u00e5 hverandre og skape et unikt og praktisk nattbord? Koffertene kan ogs\u00e5 stables i hverandre. Veskene har et h\u00e5ndtak og lukkes med to sm\u00e5 spenner i metall. M\u00e5l: [&hellip;]","og_url":"https:\/\/babylove.se\/no\/produkt\/jabadabado-koffert-beige-3-pakk\/","og_site_name":"Babylove Norska","article_modified_time":"2026-04-08T11:47:27+00:00","og_image":[{"width":1271,"height":1271,"url":"https:\/\/babylove.se\/no\/wp-content\/uploads\/sites\/3\/2025\/07\/632418579d011.jpeg","type":"image\/jpeg"}],"twitter_card":"summary_large_image","twitter_misc":{"Price":"349,00&nbsp;&#107;&#114;","Availability":"In stock"},"schema":{"@context":"https:\/\/schema.org","@graph":[{"@type":"WebPage","@id":"https:\/\/babylove.se\/no\/produkt\/jabadabado-koffert-beige-3-pakk\/","url":"https:\/\/babylove.se\/no\/produkt\/jabadabado-koffert-beige-3-pakk\/","name":"Jabadabado, Koffert beige 3-pakk - Babylove Norska","isPartOf":{"@id":"https:\/\/babylove.se\/no\/#website"},"primaryImageOfPage":{"@id":"https:\/\/babylove.se\/no\/produkt\/jabadabado-koffert-beige-3-pakk\/#primaryimage"},"image":{"@id":"https:\/\/babylove.se\/no\/produkt\/jabadabado-koffert-beige-3-pakk\/#primaryimage"},"thumbnailUrl":"https:\/\/babylove.se\/no\/wp-content\/uploads\/sites\/3\/2025\/07\/632418579d011.jpeg","datePublished":"2025-07-19T08:41:17+00:00","dateModified":"2026-04-08T11:47:27+00:00","breadcrumb":{"@id":"https:\/\/babylove.se\/no\/produkt\/jabadabado-koffert-beige-3-pakk\/#breadcrumb"},"inLanguage":"nb-NO","potentialAction":[{"@type":"ReadAction","target":["https:\/\/babylove.se\/no\/produkt\/jabadabado-koffert-beige-3-pakk\/"]}]},{"@type":"ImageObject","inLanguage":"nb-NO","@id":"https:\/\/babylove.se\/no\/produkt\/jabadabado-koffert-beige-3-pakk\/#primaryimage","url":"https:\/\/babylove.se\/no\/wp-content\/uploads\/sites\/3\/2025\/07\/632418579d011.jpeg","contentUrl":"https:\/\/babylove.se\/no\/wp-content\/uploads\/sites\/3\/2025\/07\/632418579d011.jpeg","width":1271,"height":1271},{"@type":"BreadcrumbList","@id":"https:\/\/babylove.se\/no\/produkt\/jabadabado-koffert-beige-3-pakk\/#breadcrumb","itemListElement":[{"@type":"ListItem","position":1,"name":"Hem","item":"https:\/\/babylove.se\/no\/"},{"@type":"ListItem","position":2,"name":"Butik","item":"https:\/\/babylove.se\/no\/butik\/"},{"@type":"ListItem","position":3,"name":"Jabadabado, Koffert beige 3-pakk"}]},{"@type":"WebSite","@id":"https:\/\/babylove.se\/no\/#website","url":"https:\/\/babylove.se\/no\/","name":"Babylove Norska","description":"","potentialAction":[{"@type":"SearchAction","target":{"@type":"EntryPoint","urlTemplate":"https:\/\/babylove.se\/no\/?s={search_term_string}"},"query-input":{"@type":"PropertyValueSpecification","valueRequired":true,"valueName":"search_term_string"}}],"inLanguage":"nb-NO"}]},"product_brand":"JaBaDaBaDo","product_price_amount":"349.00","product_price_currency":"SEK","og_availability":"instock","product_availability":"instock","product_retailer_item_id":"A3220","product_condition":"new"},"_links":{"self":[{"href":"https:\/\/babylove.se\/no\/wp-json\/wp\/v2\/product\/43966","targetHints":{"allow":["GET"]}}],"collection":[{"href":"https:\/\/babylove.se\/no\/wp-json\/wp\/v2\/product"}],"about":[{"href":"https:\/\/babylove.se\/no\/wp-json\/wp\/v2\/types\/product"}],"replies":[{"embeddable":true,"href":"https:\/\/babylove.se\/no\/wp-json\/wp\/v2\/comments?post=43966"}],"wp:featuredmedia":[{"embeddable":true,"href":"https:\/\/babylove.se\/no\/wp-json\/wp\/v2\/media\/43968"}],"wp:attachment":[{"href":"https:\/\/babylove.se\/no\/wp-json\/wp\/v2\/media?parent=43966"}],"wp:term":[{"taxonomy":"product_brand","embeddable":true,"href":"https:\/\/babylove.se\/no\/wp-json\/wp\/v2\/product_brand?post=43966"},{"taxonomy":"product_cat","embeddable":true,"href":"https:\/\/babylove.se\/no\/wp-json\/wp\/v2\/product_cat?post=43966"},{"taxonomy":"product_tag","embeddable":true,"href":"https:\/\/babylove.se\/no\/wp-json\/wp\/v2\/product_tag?post=43966"}],"curies":[{"name":"wp","href":"https:\/\/api.w.org\/{rel}","templated":true}]}}