{"id":44386,"date":"2025-07-19T09:52:03","date_gmt":"2025-07-19T08:52:03","guid":{"rendered":"https:\/\/babylove.se\/produkt\/cam-cam-sanghimmel-aurora\/"},"modified":"2026-04-08T12:48:15","modified_gmt":"2026-04-08T11:48:15","slug":"cam-cam-sanghimmel-aurora","status":"publish","type":"product","link":"https:\/\/babylove.se\/no\/produkt\/cam-cam-sanghimmel-aurora\/","title":{"rendered":"Cam cam, sengehimmel, Aurora"},"content":{"rendered":"<p>En meget sjarmerende og vakker sengehimmel laget av organisk bomull. I hvert rom hvor denne brukes vil en eventyrf\u00f8lelse spre seg. Perfekt for \u00e5 innrede barnerommet<strong> <\/strong>p\u00e5 en god m\u00e5te. For \u00e5 montere sengehimmelen trenger man bare en liten krok som man fester i taket og s\u00e5 henger opp sengehimmelen p\u00e5 den. \\n \\nPerfekt for \u00e5 matche med andre produkter fra danske Cam Cam Copenhagen. Den er GOTS-sertifisert som sikrer at produktet er \u00f8kologisk, b\u00e6rekraftig og produsert under gode arbeidsforhold. \\n \\nTil alle v\u00e5re sengehimler sender vi med en fin lysslynge inkludert i prisen. Dette for at du skal kunne gj\u00f8re din barnekrok enda mer koselig og sjarmerende. Lysslyngen drives av to A batterier. \\n \\n<strong>M\u00e5l<\/strong>: Lengde 250cm. Diameter 50 cm. \\n \\n<strong>Material<\/strong>: 100 % organisk GOTS-sertifisert bomull. \\n \\nDesigner: <a href=\"https:\/\/babylove.se\/varumarken\/cam-cam-copenhagen\">Cam Cam Copenhagen<\/a><\/p>\n","protected":false},"excerpt":{"rendered":"<p>En meget sjarmerende og vakker sengehimmel laget av organisk bomull. I hvert rom hvor denne brukes vil en eventyrf\u00f8lelse spre seg. Perfekt for \u00e5 innrede barnerommet p\u00e5 en god m\u00e5te. For \u00e5 montere sengehimmelen trenger man bare en liten krok som man fester i taket og s\u00e5 henger opp sengehimmelen p\u00e5 den. \\n \\nPerfekt for [&hellip;]<\/p>\n","protected":false},"featured_media":44388,"comment_status":"closed","ping_status":"closed","template":"","meta":{"_acf_changed":false},"product_brand":[1024],"product_cat":[1025,120],"product_tag":[],"class_list":{"0":"post-44386","1":"product","2":"type-product","3":"status-publish","4":"has-post-thumbnail","6":"product_brand-cam-cam-copenhagen","7":"product_cat-cam-cam-copenhagen","8":"product_cat-sanghimmel","10":"first","11":"outofstock","12":"taxable","13":"shipping-taxable","14":"purchasable","15":"product-type-simple"},"acf":[],"yoast_head":"<!-- This site is optimized with the Yoast SEO Premium plugin v25.8 (Yoast SEO v27.2) - https:\/\/yoast.com\/product\/yoast-seo-premium-wordpress\/ -->\n<title>Cam cam, sengehimmel, Aurora - Babylove Norska<\/title>\n<meta name=\"robots\" content=\"noindex, follow, max-snippet:-1, max-image-preview:large, max-video-preview:-1\" \/>\n<meta property=\"og:locale\" content=\"nb_NO\" \/>\n<meta property=\"og:type\" content=\"article\" \/>\n<meta property=\"og:title\" content=\"Cam cam, sengehimmel, Aurora\" \/>\n<meta property=\"og:description\" content=\"En meget sjarmerende og vakker sengehimmel laget av organisk bomull. I hvert rom hvor denne brukes vil en eventyrf\u00f8lelse spre seg. Perfekt for \u00e5 innrede barnerommet p\u00e5 en god m\u00e5te. For \u00e5 montere sengehimmelen trenger man bare en liten krok som man fester i taket og s\u00e5 henger opp sengehimmelen p\u00e5 den. n nPerfekt for [&hellip;]\" \/>\n<meta property=\"og:url\" content=\"https:\/\/babylove.se\/no\/produkt\/cam-cam-sanghimmel-aurora\/\" \/>\n<meta property=\"og:site_name\" content=\"Babylove Norska\" \/>\n<meta property=\"article:modified_time\" content=\"2026-04-08T11:48:15+00:00\" \/>\n<meta property=\"og:image\" content=\"https:\/\/babylove.se\/no\/wp-content\/uploads\/sites\/3\/2025\/07\/632ac6f053322.webp\" \/>\n\t<meta property=\"og:image:width\" content=\"1024\" \/>\n\t<meta property=\"og:image:height\" content=\"1024\" \/>\n\t<meta property=\"og:image:type\" content=\"image\/webp\" \/>\n<meta name=\"twitter:card\" content=\"summary_large_image\" \/>\n<meta name=\"twitter:label1\" content=\"Price\" \/>\n\t<meta name=\"twitter:data1\" content=\"699,30&nbsp;&#107;&#114;\" \/>\n\t<meta name=\"twitter:label2\" content=\"Availability\" \/>\n\t<meta name=\"twitter:data2\" content=\"Out of stock\" \/>\n<script type=\"application\/ld+json\" class=\"yoast-schema-graph\">{\"@context\":\"https:\/\/schema.org\",\"@graph\":[{\"@type\":\"WebPage\",\"@id\":\"https:\/\/babylove.se\/no\/produkt\/cam-cam-sanghimmel-aurora\/\",\"url\":\"https:\/\/babylove.se\/no\/produkt\/cam-cam-sanghimmel-aurora\/\",\"name\":\"Cam cam, sengehimmel, Aurora - Babylove Norska\",\"isPartOf\":{\"@id\":\"https:\/\/babylove.se\/no\/#website\"},\"primaryImageOfPage\":{\"@id\":\"https:\/\/babylove.se\/no\/produkt\/cam-cam-sanghimmel-aurora\/#primaryimage\"},\"image\":{\"@id\":\"https:\/\/babylove.se\/no\/produkt\/cam-cam-sanghimmel-aurora\/#primaryimage\"},\"thumbnailUrl\":\"https:\/\/babylove.se\/no\/wp-content\/uploads\/sites\/3\/2025\/07\/632ac6f053322.webp\",\"datePublished\":\"2025-07-19T08:52:03+00:00\",\"dateModified\":\"2026-04-08T11:48:15+00:00\",\"breadcrumb\":{\"@id\":\"https:\/\/babylove.se\/no\/produkt\/cam-cam-sanghimmel-aurora\/#breadcrumb\"},\"inLanguage\":\"nb-NO\",\"potentialAction\":[{\"@type\":\"ReadAction\",\"target\":[\"https:\/\/babylove.se\/no\/produkt\/cam-cam-sanghimmel-aurora\/\"]}]},{\"@type\":\"ImageObject\",\"inLanguage\":\"nb-NO\",\"@id\":\"https:\/\/babylove.se\/no\/produkt\/cam-cam-sanghimmel-aurora\/#primaryimage\",\"url\":\"https:\/\/babylove.se\/no\/wp-content\/uploads\/sites\/3\/2025\/07\/632ac6f053322.webp\",\"contentUrl\":\"https:\/\/babylove.se\/no\/wp-content\/uploads\/sites\/3\/2025\/07\/632ac6f053322.webp\",\"width\":1024,\"height\":1024},{\"@type\":\"BreadcrumbList\",\"@id\":\"https:\/\/babylove.se\/no\/produkt\/cam-cam-sanghimmel-aurora\/#breadcrumb\",\"itemListElement\":[{\"@type\":\"ListItem\",\"position\":1,\"name\":\"Hem\",\"item\":\"https:\/\/babylove.se\/no\/\"},{\"@type\":\"ListItem\",\"position\":2,\"name\":\"Butik\",\"item\":\"https:\/\/babylove.se\/no\/butik\/\"},{\"@type\":\"ListItem\",\"position\":3,\"name\":\"Cam cam, sengehimmel, Aurora\"}]},{\"@type\":\"WebSite\",\"@id\":\"https:\/\/babylove.se\/no\/#website\",\"url\":\"https:\/\/babylove.se\/no\/\",\"name\":\"Babylove Norska\",\"description\":\"\",\"potentialAction\":[{\"@type\":\"SearchAction\",\"target\":{\"@type\":\"EntryPoint\",\"urlTemplate\":\"https:\/\/babylove.se\/no\/?s={search_term_string}\"},\"query-input\":{\"@type\":\"PropertyValueSpecification\",\"valueRequired\":true,\"valueName\":\"search_term_string\"}}],\"inLanguage\":\"nb-NO\"}]}<\/script>\n<meta property=\"product:brand\" content=\"Cam Cam Copenhagen\" \/>\n<meta property=\"product:price:amount\" content=\"699.30\" \/>\n<meta property=\"product:price:currency\" content=\"SEK\" \/>\n<meta property=\"og:availability\" content=\"out of stock\" \/>\n<meta property=\"product:availability\" content=\"out of stock\" \/>\n<meta property=\"product:retailer_item_id\" content=\"772-P79-000-WW\" \/>\n<meta property=\"product:condition\" content=\"new\" \/>\n<!-- \/ Yoast SEO Premium plugin. -->","yoast_head_json":{"title":"Cam cam, sengehimmel, Aurora - Babylove Norska","robots":{"index":"noindex","follow":"follow","max-snippet":"max-snippet:-1","max-image-preview":"max-image-preview:large","max-video-preview":"max-video-preview:-1"},"og_locale":"nb_NO","og_type":"article","og_title":"Cam cam, sengehimmel, Aurora","og_description":"En meget sjarmerende og vakker sengehimmel laget av organisk bomull. I hvert rom hvor denne brukes vil en eventyrf\u00f8lelse spre seg. Perfekt for \u00e5 innrede barnerommet p\u00e5 en god m\u00e5te. For \u00e5 montere sengehimmelen trenger man bare en liten krok som man fester i taket og s\u00e5 henger opp sengehimmelen p\u00e5 den. n nPerfekt for [&hellip;]","og_url":"https:\/\/babylove.se\/no\/produkt\/cam-cam-sanghimmel-aurora\/","og_site_name":"Babylove Norska","article_modified_time":"2026-04-08T11:48:15+00:00","og_image":[{"width":1024,"height":1024,"url":"https:\/\/babylove.se\/no\/wp-content\/uploads\/sites\/3\/2025\/07\/632ac6f053322.webp","type":"image\/webp"}],"twitter_card":"summary_large_image","twitter_misc":{"Price":"699,30&nbsp;&#107;&#114;","Availability":"Out of stock"},"schema":{"@context":"https:\/\/schema.org","@graph":[{"@type":"WebPage","@id":"https:\/\/babylove.se\/no\/produkt\/cam-cam-sanghimmel-aurora\/","url":"https:\/\/babylove.se\/no\/produkt\/cam-cam-sanghimmel-aurora\/","name":"Cam cam, sengehimmel, Aurora - Babylove Norska","isPartOf":{"@id":"https:\/\/babylove.se\/no\/#website"},"primaryImageOfPage":{"@id":"https:\/\/babylove.se\/no\/produkt\/cam-cam-sanghimmel-aurora\/#primaryimage"},"image":{"@id":"https:\/\/babylove.se\/no\/produkt\/cam-cam-sanghimmel-aurora\/#primaryimage"},"thumbnailUrl":"https:\/\/babylove.se\/no\/wp-content\/uploads\/sites\/3\/2025\/07\/632ac6f053322.webp","datePublished":"2025-07-19T08:52:03+00:00","dateModified":"2026-04-08T11:48:15+00:00","breadcrumb":{"@id":"https:\/\/babylove.se\/no\/produkt\/cam-cam-sanghimmel-aurora\/#breadcrumb"},"inLanguage":"nb-NO","potentialAction":[{"@type":"ReadAction","target":["https:\/\/babylove.se\/no\/produkt\/cam-cam-sanghimmel-aurora\/"]}]},{"@type":"ImageObject","inLanguage":"nb-NO","@id":"https:\/\/babylove.se\/no\/produkt\/cam-cam-sanghimmel-aurora\/#primaryimage","url":"https:\/\/babylove.se\/no\/wp-content\/uploads\/sites\/3\/2025\/07\/632ac6f053322.webp","contentUrl":"https:\/\/babylove.se\/no\/wp-content\/uploads\/sites\/3\/2025\/07\/632ac6f053322.webp","width":1024,"height":1024},{"@type":"BreadcrumbList","@id":"https:\/\/babylove.se\/no\/produkt\/cam-cam-sanghimmel-aurora\/#breadcrumb","itemListElement":[{"@type":"ListItem","position":1,"name":"Hem","item":"https:\/\/babylove.se\/no\/"},{"@type":"ListItem","position":2,"name":"Butik","item":"https:\/\/babylove.se\/no\/butik\/"},{"@type":"ListItem","position":3,"name":"Cam cam, sengehimmel, Aurora"}]},{"@type":"WebSite","@id":"https:\/\/babylove.se\/no\/#website","url":"https:\/\/babylove.se\/no\/","name":"Babylove Norska","description":"","potentialAction":[{"@type":"SearchAction","target":{"@type":"EntryPoint","urlTemplate":"https:\/\/babylove.se\/no\/?s={search_term_string}"},"query-input":{"@type":"PropertyValueSpecification","valueRequired":true,"valueName":"search_term_string"}}],"inLanguage":"nb-NO"}]},"product_brand":"Cam Cam Copenhagen","product_price_amount":"699.30","product_price_currency":"SEK","og_availability":"out of stock","product_availability":"out of stock","product_retailer_item_id":"772-P79-000-WW","product_condition":"new"},"_links":{"self":[{"href":"https:\/\/babylove.se\/no\/wp-json\/wp\/v2\/product\/44386","targetHints":{"allow":["GET"]}}],"collection":[{"href":"https:\/\/babylove.se\/no\/wp-json\/wp\/v2\/product"}],"about":[{"href":"https:\/\/babylove.se\/no\/wp-json\/wp\/v2\/types\/product"}],"replies":[{"embeddable":true,"href":"https:\/\/babylove.se\/no\/wp-json\/wp\/v2\/comments?post=44386"}],"wp:featuredmedia":[{"embeddable":true,"href":"https:\/\/babylove.se\/no\/wp-json\/wp\/v2\/media\/44388"}],"wp:attachment":[{"href":"https:\/\/babylove.se\/no\/wp-json\/wp\/v2\/media?parent=44386"}],"wp:term":[{"taxonomy":"product_brand","embeddable":true,"href":"https:\/\/babylove.se\/no\/wp-json\/wp\/v2\/product_brand?post=44386"},{"taxonomy":"product_cat","embeddable":true,"href":"https:\/\/babylove.se\/no\/wp-json\/wp\/v2\/product_cat?post=44386"},{"taxonomy":"product_tag","embeddable":true,"href":"https:\/\/babylove.se\/no\/wp-json\/wp\/v2\/product_tag?post=44386"}],"curies":[{"name":"wp","href":"https:\/\/api.w.org\/{rel}","templated":true}]}}