{"id":4439,"date":"2025-07-18T20:22:26","date_gmt":"2025-07-18T19:22:26","guid":{"rendered":"https:\/\/babylove.se\/produkt\/form-living-forvaringskorg-val-rosa\/"},"modified":"2026-04-08T08:07:55","modified_gmt":"2026-04-08T07:07:55","slug":"form-living-oppbevaringskurv-hval-rosa","status":"publish","type":"product","link":"https:\/\/babylove.se\/no\/produkt\/form-living-oppbevaringskurv-hval-rosa\/","title":{"rendered":"Form Living Oppbevaringskurv Val, Rosa"},"content":{"rendered":"<p><strong>Form Living Oppbevaringskurv Hval, Rosa&nbsp;<\/strong><\/p>\n<p>En vakker og stilren oppbevaringskurv fra FORM Living. Med denne fine oppbevaringskurven blir det enkelt \u00e5 oppbevare alle tingene til barnet ditt. Oppbevaringskurven er laget i slitesterkt canvasstoff og har et vakkert design i form av hvaler.<\/p>\n<p>Et vakkert og praktisk sett fra FORM Living gj\u00f8r oppbevaringen i barnerommet ditt enklere. Oppbevaringsboksene er laget i slitesterkt og holdbart stoff, med et vakkert skogsmotiv som barnet ditt kommer til \u00e5 elske. Oppbevaringskurven er perfekt for \u00e5 oppbevare tepper, leker eller hvorfor ikke din babys bleier og vaskekluter. Praktisk, samtidig som det er en fin detalj til barneroms-innredningen.<\/p>\n<p><strong>M\u00e5l<\/strong>: 34 x 39 cm.<\/p>\n<p><strong>Materiale<\/strong>: Canvasstoff.<\/p>\n<p>Designer: <a href=\"https:\/\/babylove.se\/varumarken\/form-living\"><u>Form Living<\/u><\/a><\/p>\n","protected":false},"excerpt":{"rendered":"<p>Form Living Oppbevaringskurv Hval, Rosa&nbsp; En vakker og stilren oppbevaringskurv fra FORM Living. Med denne fine oppbevaringskurven blir det enkelt \u00e5 oppbevare alle tingene til barnet ditt. Oppbevaringskurven er laget i slitesterkt canvasstoff og har et vakkert design i form av hvaler. Et vakkert og praktisk sett fra FORM Living gj\u00f8r oppbevaringen i barnerommet ditt [&hellip;]<\/p>\n","protected":false},"featured_media":4441,"comment_status":"closed","ping_status":"open","template":"","meta":{"_acf_changed":false},"product_brand":[251],"product_cat":[252,25,43],"product_tag":[],"class_list":{"0":"post-4439","1":"product","2":"type-product","3":"status-publish","4":"has-post-thumbnail","6":"product_brand-form-living","7":"product_cat-form-living","8":"product_cat-ikke-bare-jenter","9":"product_cat-oppbevaringskurver","11":"first","12":"outofstock","13":"taxable","14":"shipping-taxable","15":"purchasable","16":"product-type-simple"},"acf":[],"yoast_head":"<!-- This site is optimized with the Yoast SEO Premium plugin v25.8 (Yoast SEO v27.2) - https:\/\/yoast.com\/product\/yoast-seo-premium-wordpress\/ -->\n<title>Form Living Oppbevaringskurv Val, Rosa - Babylove Norska<\/title>\n<meta name=\"description\" content=\"En vacker och stilren f\u00f6rvaringskorg fr\u00e5n FORM Living. Med denna fina f\u00f6rvaringskorg blir det enkelt att f\u00f6rvara ditt barns alla saker - K\u00f6p den h\u00e4r -\" \/>\n<meta name=\"robots\" content=\"noindex, follow, max-snippet:-1, max-image-preview:large, max-video-preview:-1\" \/>\n<meta property=\"og:locale\" content=\"nb_NO\" \/>\n<meta property=\"og:type\" content=\"article\" \/>\n<meta property=\"og:title\" content=\"Form Living Oppbevaringskurv Val, Rosa\" \/>\n<meta property=\"og:description\" content=\"En vacker och stilren f\u00f6rvaringskorg fr\u00e5n FORM Living. Med denna fina f\u00f6rvaringskorg blir det enkelt att f\u00f6rvara ditt barns alla saker - K\u00f6p den h\u00e4r -\" \/>\n<meta property=\"og:url\" content=\"https:\/\/babylove.se\/no\/produkt\/form-living-oppbevaringskurv-hval-rosa\/\" \/>\n<meta property=\"og:site_name\" content=\"Babylove Norska\" \/>\n<meta property=\"article:modified_time\" content=\"2026-04-08T07:07:55+00:00\" \/>\n<meta property=\"og:image\" content=\"https:\/\/babylove.se\/no\/wp-content\/uploads\/sites\/3\/2025\/07\/59ba6ca7b59ff.png\" \/>\n\t<meta property=\"og:image:width\" content=\"480\" \/>\n\t<meta property=\"og:image:height\" content=\"360\" \/>\n\t<meta property=\"og:image:type\" content=\"image\/png\" \/>\n<meta name=\"twitter:card\" content=\"summary_large_image\" \/>\n<meta name=\"twitter:label1\" content=\"Price\" \/>\n\t<meta name=\"twitter:data1\" content=\"169,00&nbsp;&#107;&#114;\" \/>\n\t<meta name=\"twitter:label2\" content=\"Availability\" \/>\n\t<meta name=\"twitter:data2\" content=\"Out of stock\" \/>\n<script type=\"application\/ld+json\" class=\"yoast-schema-graph\">{\"@context\":\"https:\/\/schema.org\",\"@graph\":[{\"@type\":\"WebPage\",\"@id\":\"https:\/\/babylove.se\/no\/produkt\/form-living-oppbevaringskurv-hval-rosa\/\",\"url\":\"https:\/\/babylove.se\/no\/produkt\/form-living-oppbevaringskurv-hval-rosa\/\",\"name\":\"Form Living Oppbevaringskurv Val, Rosa - Babylove Norska\",\"isPartOf\":{\"@id\":\"https:\/\/babylove.se\/no\/#website\"},\"primaryImageOfPage\":{\"@id\":\"https:\/\/babylove.se\/no\/produkt\/form-living-oppbevaringskurv-hval-rosa\/#primaryimage\"},\"image\":{\"@id\":\"https:\/\/babylove.se\/no\/produkt\/form-living-oppbevaringskurv-hval-rosa\/#primaryimage\"},\"thumbnailUrl\":\"https:\/\/babylove.se\/no\/wp-content\/uploads\/sites\/3\/2025\/07\/59ba6ca7b59ff.png\",\"datePublished\":\"2025-07-18T19:22:26+00:00\",\"dateModified\":\"2026-04-08T07:07:55+00:00\",\"description\":\"En vacker och stilren f\u00f6rvaringskorg fr\u00e5n FORM Living. Med denna fina f\u00f6rvaringskorg blir det enkelt att f\u00f6rvara ditt barns alla saker - K\u00f6p den h\u00e4r -\",\"breadcrumb\":{\"@id\":\"https:\/\/babylove.se\/no\/produkt\/form-living-oppbevaringskurv-hval-rosa\/#breadcrumb\"},\"inLanguage\":\"nb-NO\",\"potentialAction\":[{\"@type\":\"ReadAction\",\"target\":[\"https:\/\/babylove.se\/no\/produkt\/form-living-oppbevaringskurv-hval-rosa\/\"]}]},{\"@type\":\"ImageObject\",\"inLanguage\":\"nb-NO\",\"@id\":\"https:\/\/babylove.se\/no\/produkt\/form-living-oppbevaringskurv-hval-rosa\/#primaryimage\",\"url\":\"https:\/\/babylove.se\/no\/wp-content\/uploads\/sites\/3\/2025\/07\/59ba6ca7b59ff.png\",\"contentUrl\":\"https:\/\/babylove.se\/no\/wp-content\/uploads\/sites\/3\/2025\/07\/59ba6ca7b59ff.png\",\"width\":480,\"height\":360},{\"@type\":\"BreadcrumbList\",\"@id\":\"https:\/\/babylove.se\/no\/produkt\/form-living-oppbevaringskurv-hval-rosa\/#breadcrumb\",\"itemListElement\":[{\"@type\":\"ListItem\",\"position\":1,\"name\":\"Hem\",\"item\":\"https:\/\/babylove.se\/no\/\"},{\"@type\":\"ListItem\",\"position\":2,\"name\":\"Butik\",\"item\":\"https:\/\/babylove.se\/no\/butik\/\"},{\"@type\":\"ListItem\",\"position\":3,\"name\":\"Form Living Oppbevaringskurv Val, Rosa\"}]},{\"@type\":\"WebSite\",\"@id\":\"https:\/\/babylove.se\/no\/#website\",\"url\":\"https:\/\/babylove.se\/no\/\",\"name\":\"Babylove Norska\",\"description\":\"\",\"potentialAction\":[{\"@type\":\"SearchAction\",\"target\":{\"@type\":\"EntryPoint\",\"urlTemplate\":\"https:\/\/babylove.se\/no\/?s={search_term_string}\"},\"query-input\":{\"@type\":\"PropertyValueSpecification\",\"valueRequired\":true,\"valueName\":\"search_term_string\"}}],\"inLanguage\":\"nb-NO\"}]}<\/script>\n<meta property=\"product:brand\" content=\"Form Living\" \/>\n<meta property=\"product:price:amount\" content=\"169.00\" \/>\n<meta property=\"product:price:currency\" content=\"SEK\" \/>\n<meta property=\"og:availability\" content=\"out of stock\" \/>\n<meta property=\"product:availability\" content=\"out of stock\" \/>\n<meta property=\"product:retailer_item_id\" content=\"1402\" \/>\n<meta property=\"product:condition\" content=\"new\" \/>\n<!-- \/ Yoast SEO Premium plugin. -->","yoast_head_json":{"title":"Form Living Oppbevaringskurv Val, Rosa - Babylove Norska","description":"En vacker och stilren f\u00f6rvaringskorg fr\u00e5n FORM Living. Med denna fina f\u00f6rvaringskorg blir det enkelt att f\u00f6rvara ditt barns alla saker - K\u00f6p den h\u00e4r -","robots":{"index":"noindex","follow":"follow","max-snippet":"max-snippet:-1","max-image-preview":"max-image-preview:large","max-video-preview":"max-video-preview:-1"},"og_locale":"nb_NO","og_type":"article","og_title":"Form Living Oppbevaringskurv Val, Rosa","og_description":"En vacker och stilren f\u00f6rvaringskorg fr\u00e5n FORM Living. Med denna fina f\u00f6rvaringskorg blir det enkelt att f\u00f6rvara ditt barns alla saker - K\u00f6p den h\u00e4r -","og_url":"https:\/\/babylove.se\/no\/produkt\/form-living-oppbevaringskurv-hval-rosa\/","og_site_name":"Babylove Norska","article_modified_time":"2026-04-08T07:07:55+00:00","og_image":[{"width":480,"height":360,"url":"https:\/\/babylove.se\/no\/wp-content\/uploads\/sites\/3\/2025\/07\/59ba6ca7b59ff.png","type":"image\/png"}],"twitter_card":"summary_large_image","twitter_misc":{"Price":"169,00&nbsp;&#107;&#114;","Availability":"Out of stock"},"schema":{"@context":"https:\/\/schema.org","@graph":[{"@type":"WebPage","@id":"https:\/\/babylove.se\/no\/produkt\/form-living-oppbevaringskurv-hval-rosa\/","url":"https:\/\/babylove.se\/no\/produkt\/form-living-oppbevaringskurv-hval-rosa\/","name":"Form Living Oppbevaringskurv Val, Rosa - Babylove Norska","isPartOf":{"@id":"https:\/\/babylove.se\/no\/#website"},"primaryImageOfPage":{"@id":"https:\/\/babylove.se\/no\/produkt\/form-living-oppbevaringskurv-hval-rosa\/#primaryimage"},"image":{"@id":"https:\/\/babylove.se\/no\/produkt\/form-living-oppbevaringskurv-hval-rosa\/#primaryimage"},"thumbnailUrl":"https:\/\/babylove.se\/no\/wp-content\/uploads\/sites\/3\/2025\/07\/59ba6ca7b59ff.png","datePublished":"2025-07-18T19:22:26+00:00","dateModified":"2026-04-08T07:07:55+00:00","description":"En vacker och stilren f\u00f6rvaringskorg fr\u00e5n FORM Living. Med denna fina f\u00f6rvaringskorg blir det enkelt att f\u00f6rvara ditt barns alla saker - K\u00f6p den h\u00e4r -","breadcrumb":{"@id":"https:\/\/babylove.se\/no\/produkt\/form-living-oppbevaringskurv-hval-rosa\/#breadcrumb"},"inLanguage":"nb-NO","potentialAction":[{"@type":"ReadAction","target":["https:\/\/babylove.se\/no\/produkt\/form-living-oppbevaringskurv-hval-rosa\/"]}]},{"@type":"ImageObject","inLanguage":"nb-NO","@id":"https:\/\/babylove.se\/no\/produkt\/form-living-oppbevaringskurv-hval-rosa\/#primaryimage","url":"https:\/\/babylove.se\/no\/wp-content\/uploads\/sites\/3\/2025\/07\/59ba6ca7b59ff.png","contentUrl":"https:\/\/babylove.se\/no\/wp-content\/uploads\/sites\/3\/2025\/07\/59ba6ca7b59ff.png","width":480,"height":360},{"@type":"BreadcrumbList","@id":"https:\/\/babylove.se\/no\/produkt\/form-living-oppbevaringskurv-hval-rosa\/#breadcrumb","itemListElement":[{"@type":"ListItem","position":1,"name":"Hem","item":"https:\/\/babylove.se\/no\/"},{"@type":"ListItem","position":2,"name":"Butik","item":"https:\/\/babylove.se\/no\/butik\/"},{"@type":"ListItem","position":3,"name":"Form Living Oppbevaringskurv Val, Rosa"}]},{"@type":"WebSite","@id":"https:\/\/babylove.se\/no\/#website","url":"https:\/\/babylove.se\/no\/","name":"Babylove Norska","description":"","potentialAction":[{"@type":"SearchAction","target":{"@type":"EntryPoint","urlTemplate":"https:\/\/babylove.se\/no\/?s={search_term_string}"},"query-input":{"@type":"PropertyValueSpecification","valueRequired":true,"valueName":"search_term_string"}}],"inLanguage":"nb-NO"}]},"product_brand":"Form Living","product_price_amount":"169.00","product_price_currency":"SEK","og_availability":"out of stock","product_availability":"out of stock","product_retailer_item_id":"1402","product_condition":"new"},"_links":{"self":[{"href":"https:\/\/babylove.se\/no\/wp-json\/wp\/v2\/product\/4439","targetHints":{"allow":["GET"]}}],"collection":[{"href":"https:\/\/babylove.se\/no\/wp-json\/wp\/v2\/product"}],"about":[{"href":"https:\/\/babylove.se\/no\/wp-json\/wp\/v2\/types\/product"}],"replies":[{"embeddable":true,"href":"https:\/\/babylove.se\/no\/wp-json\/wp\/v2\/comments?post=4439"}],"wp:featuredmedia":[{"embeddable":true,"href":"https:\/\/babylove.se\/no\/wp-json\/wp\/v2\/media\/4441"}],"wp:attachment":[{"href":"https:\/\/babylove.se\/no\/wp-json\/wp\/v2\/media?parent=4439"}],"wp:term":[{"taxonomy":"product_brand","embeddable":true,"href":"https:\/\/babylove.se\/no\/wp-json\/wp\/v2\/product_brand?post=4439"},{"taxonomy":"product_cat","embeddable":true,"href":"https:\/\/babylove.se\/no\/wp-json\/wp\/v2\/product_cat?post=4439"},{"taxonomy":"product_tag","embeddable":true,"href":"https:\/\/babylove.se\/no\/wp-json\/wp\/v2\/product_tag?post=4439"}],"curies":[{"name":"wp","href":"https:\/\/api.w.org\/{rel}","templated":true}]}}