{"id":44439,"date":"2025-07-19T09:53:03","date_gmt":"2025-07-19T08:53:03","guid":{"rendered":"https:\/\/babylove.se\/produkt\/bokhylla-hus-s\/"},"modified":"2026-04-08T12:48:32","modified_gmt":"2026-04-08T11:48:32","slug":"bokhylle-hus-s","status":"publish","type":"product","link":"https:\/\/babylove.se\/no\/produkt\/bokhylle-hus-s\/","title":{"rendered":"Bokhylle hus S"},"content":{"rendered":"<p>Denne bokhyllen er perfekt for \u00e5 vise frem barnets dine favoritb\u00f8ker og sm\u00e5 skatter. Alle deres elskede eventyr er lett tilgjengelige, rett ved fingertuppene.<\/p>\n<p>Bokhyllen kan bestilles med eller uten hyllekant. Perfekt for barnets ditt f\u00f8rste bibliotek siden den vakkert eksponerer b\u00f8kene og oppfordrer barnet ditt til \u00e5 lese.<\/p>\n<p>Hyllen henges enkelt opp p\u00e5 veggen. Laget for h\u00e5nd av kryssfiner fra sertifiserte skogomr\u00e5der og malt i milj\u00f8vennlige giftfrie farger.<\/p>\n<p><strong>Info:&nbsp;<\/strong><\/p>\n<ul>\n<li>Fargevalg: hvit, lysebl\u00e5, lilla, mint, vanilje, pudderrosa, perlegr\u00e5, beige og natur<\/li>\n<li>Hyllekant: med eller uten<\/li>\n<li>H\u00e5ndlaget i Europa<\/li>\n<li>CE-sertifisert<\/li>\n<\/ul>\n<p><strong>M\u00e5l:<\/strong> 40 x 54 cm<\/p>\n<p><em>Obs! Spesialtilvirket vare, angrerett gjelder ikke.<\/em><\/p>\n","protected":false},"excerpt":{"rendered":"<p>Denne bokhyllen er perfekt for \u00e5 vise frem barnets dine favoritb\u00f8ker og sm\u00e5 skatter. Alle deres elskede eventyr er lett tilgjengelige, rett ved fingertuppene. Bokhyllen kan bestilles med eller uten hyllekant. Perfekt for barnets ditt f\u00f8rste bibliotek siden den vakkert eksponerer b\u00f8kene og oppfordrer barnet ditt til \u00e5 lese. Hyllen henges enkelt opp p\u00e5 veggen. [&hellip;]<\/p>\n","protected":false},"featured_media":44441,"comment_status":"closed","ping_status":"open","template":"","meta":{"_acf_changed":false},"product_brand":[826],"product_cat":[146,87,827,43,88],"product_tag":[1689],"class_list":{"0":"post-44439","1":"product","2":"type-product","3":"status-publish","4":"has-post-thumbnail","6":"product_brand-my-mini-home","7":"product_cat-bokoppbevaring","8":"product_cat-hyller","9":"product_cat-my-mini-home","10":"product_cat-oppbevaringskurver","11":"product_cat-veggmylle-barnerom","12":"product_tag-bestillingsvaror","13":"pa_farg-beige","14":"pa_farg-vit","15":"pa_farg-lila","16":"pa_farg-ljusbla","17":"pa_farg-mint","18":"pa_farg-natur","19":"pa_farg-parlgra","20":"pa_farg-puderrosa","21":"pa_farg-vanilj","22":"pa_hyllplansracke-med","23":"pa_hyllplansracke-utan","25":"first","26":"instock","27":"taxable","28":"shipping-taxable","29":"purchasable","30":"product-type-variable"},"acf":[],"yoast_head":"<!-- This site is optimized with the Yoast SEO Premium plugin v25.8 (Yoast SEO v27.2) - https:\/\/yoast.com\/product\/yoast-seo-premium-wordpress\/ -->\n<title>Bokhylle hus S - Babylove Norska<\/title>\n<meta name=\"robots\" content=\"noindex, follow, max-snippet:-1, max-image-preview:large, max-video-preview:-1\" \/>\n<meta property=\"og:locale\" content=\"nb_NO\" \/>\n<meta property=\"og:type\" content=\"article\" \/>\n<meta property=\"og:title\" content=\"Bokhylle hus S\" \/>\n<meta property=\"og:description\" content=\"Denne bokhyllen er perfekt for \u00e5 vise frem barnets dine favoritb\u00f8ker og sm\u00e5 skatter. Alle deres elskede eventyr er lett tilgjengelige, rett ved fingertuppene. Bokhyllen kan bestilles med eller uten hyllekant. Perfekt for barnets ditt f\u00f8rste bibliotek siden den vakkert eksponerer b\u00f8kene og oppfordrer barnet ditt til \u00e5 lese. Hyllen henges enkelt opp p\u00e5 veggen. [&hellip;]\" \/>\n<meta property=\"og:url\" content=\"https:\/\/babylove.se\/no\/produkt\/bokhylle-hus-s\/\" \/>\n<meta property=\"og:site_name\" content=\"Babylove Norska\" \/>\n<meta property=\"article:modified_time\" content=\"2026-04-08T11:48:32+00:00\" \/>\n<meta property=\"og:image\" content=\"https:\/\/babylove.se\/no\/wp-content\/uploads\/sites\/3\/2025\/07\/633419b347015.webp\" \/>\n\t<meta property=\"og:image:width\" content=\"500\" \/>\n\t<meta property=\"og:image:height\" content=\"500\" \/>\n\t<meta property=\"og:image:type\" content=\"image\/webp\" \/>\n<meta name=\"twitter:card\" content=\"summary_large_image\" \/>\n<meta name=\"twitter:label1\" content=\"Availability\" \/>\n\t<meta name=\"twitter:data1\" content=\"In stock\" \/>\n<script type=\"application\/ld+json\" class=\"yoast-schema-graph\">{\"@context\":\"https:\/\/schema.org\",\"@graph\":[{\"@type\":\"WebPage\",\"@id\":\"https:\/\/babylove.se\/no\/produkt\/bokhylle-hus-s\/\",\"url\":\"https:\/\/babylove.se\/no\/produkt\/bokhylle-hus-s\/\",\"name\":\"Bokhylle hus S - Babylove Norska\",\"isPartOf\":{\"@id\":\"https:\/\/babylove.se\/no\/#website\"},\"primaryImageOfPage\":{\"@id\":\"https:\/\/babylove.se\/no\/produkt\/bokhylle-hus-s\/#primaryimage\"},\"image\":{\"@id\":\"https:\/\/babylove.se\/no\/produkt\/bokhylle-hus-s\/#primaryimage\"},\"thumbnailUrl\":\"https:\/\/babylove.se\/no\/wp-content\/uploads\/sites\/3\/2025\/07\/633419b347015.webp\",\"datePublished\":\"2025-07-19T08:53:03+00:00\",\"dateModified\":\"2026-04-08T11:48:32+00:00\",\"breadcrumb\":{\"@id\":\"https:\/\/babylove.se\/no\/produkt\/bokhylle-hus-s\/#breadcrumb\"},\"inLanguage\":\"nb-NO\",\"potentialAction\":[{\"@type\":\"ReadAction\",\"target\":[\"https:\/\/babylove.se\/no\/produkt\/bokhylle-hus-s\/\"]}]},{\"@type\":\"ImageObject\",\"inLanguage\":\"nb-NO\",\"@id\":\"https:\/\/babylove.se\/no\/produkt\/bokhylle-hus-s\/#primaryimage\",\"url\":\"https:\/\/babylove.se\/no\/wp-content\/uploads\/sites\/3\/2025\/07\/633419b347015.webp\",\"contentUrl\":\"https:\/\/babylove.se\/no\/wp-content\/uploads\/sites\/3\/2025\/07\/633419b347015.webp\",\"width\":500,\"height\":500},{\"@type\":\"BreadcrumbList\",\"@id\":\"https:\/\/babylove.se\/no\/produkt\/bokhylle-hus-s\/#breadcrumb\",\"itemListElement\":[{\"@type\":\"ListItem\",\"position\":1,\"name\":\"Hem\",\"item\":\"https:\/\/babylove.se\/no\/\"},{\"@type\":\"ListItem\",\"position\":2,\"name\":\"Butik\",\"item\":\"https:\/\/babylove.se\/no\/butik\/\"},{\"@type\":\"ListItem\",\"position\":3,\"name\":\"Bokhylle hus S\"}]},{\"@type\":\"WebSite\",\"@id\":\"https:\/\/babylove.se\/no\/#website\",\"url\":\"https:\/\/babylove.se\/no\/\",\"name\":\"Babylove Norska\",\"description\":\"\",\"potentialAction\":[{\"@type\":\"SearchAction\",\"target\":{\"@type\":\"EntryPoint\",\"urlTemplate\":\"https:\/\/babylove.se\/no\/?s={search_term_string}\"},\"query-input\":{\"@type\":\"PropertyValueSpecification\",\"valueRequired\":true,\"valueName\":\"search_term_string\"}}],\"inLanguage\":\"nb-NO\"}]}<\/script>\n<meta property=\"product:brand\" content=\"My mini home\" \/>\n<meta property=\"og:availability\" content=\"instock\" \/>\n<meta property=\"product:availability\" content=\"instock\" \/>\n<meta property=\"product:retailer_item_id\" content=\"Bokhylla S-Vit-Med\" \/>\n<meta property=\"product:condition\" content=\"new\" \/>\n<!-- \/ Yoast SEO Premium plugin. -->","yoast_head_json":{"title":"Bokhylle hus S - Babylove Norska","robots":{"index":"noindex","follow":"follow","max-snippet":"max-snippet:-1","max-image-preview":"max-image-preview:large","max-video-preview":"max-video-preview:-1"},"og_locale":"nb_NO","og_type":"article","og_title":"Bokhylle hus S","og_description":"Denne bokhyllen er perfekt for \u00e5 vise frem barnets dine favoritb\u00f8ker og sm\u00e5 skatter. Alle deres elskede eventyr er lett tilgjengelige, rett ved fingertuppene. Bokhyllen kan bestilles med eller uten hyllekant. Perfekt for barnets ditt f\u00f8rste bibliotek siden den vakkert eksponerer b\u00f8kene og oppfordrer barnet ditt til \u00e5 lese. Hyllen henges enkelt opp p\u00e5 veggen. [&hellip;]","og_url":"https:\/\/babylove.se\/no\/produkt\/bokhylle-hus-s\/","og_site_name":"Babylove Norska","article_modified_time":"2026-04-08T11:48:32+00:00","og_image":[{"width":500,"height":500,"url":"https:\/\/babylove.se\/no\/wp-content\/uploads\/sites\/3\/2025\/07\/633419b347015.webp","type":"image\/webp"}],"twitter_card":"summary_large_image","twitter_misc":{"Availability":"In stock"},"schema":{"@context":"https:\/\/schema.org","@graph":[{"@type":"WebPage","@id":"https:\/\/babylove.se\/no\/produkt\/bokhylle-hus-s\/","url":"https:\/\/babylove.se\/no\/produkt\/bokhylle-hus-s\/","name":"Bokhylle hus S - Babylove Norska","isPartOf":{"@id":"https:\/\/babylove.se\/no\/#website"},"primaryImageOfPage":{"@id":"https:\/\/babylove.se\/no\/produkt\/bokhylle-hus-s\/#primaryimage"},"image":{"@id":"https:\/\/babylove.se\/no\/produkt\/bokhylle-hus-s\/#primaryimage"},"thumbnailUrl":"https:\/\/babylove.se\/no\/wp-content\/uploads\/sites\/3\/2025\/07\/633419b347015.webp","datePublished":"2025-07-19T08:53:03+00:00","dateModified":"2026-04-08T11:48:32+00:00","breadcrumb":{"@id":"https:\/\/babylove.se\/no\/produkt\/bokhylle-hus-s\/#breadcrumb"},"inLanguage":"nb-NO","potentialAction":[{"@type":"ReadAction","target":["https:\/\/babylove.se\/no\/produkt\/bokhylle-hus-s\/"]}]},{"@type":"ImageObject","inLanguage":"nb-NO","@id":"https:\/\/babylove.se\/no\/produkt\/bokhylle-hus-s\/#primaryimage","url":"https:\/\/babylove.se\/no\/wp-content\/uploads\/sites\/3\/2025\/07\/633419b347015.webp","contentUrl":"https:\/\/babylove.se\/no\/wp-content\/uploads\/sites\/3\/2025\/07\/633419b347015.webp","width":500,"height":500},{"@type":"BreadcrumbList","@id":"https:\/\/babylove.se\/no\/produkt\/bokhylle-hus-s\/#breadcrumb","itemListElement":[{"@type":"ListItem","position":1,"name":"Hem","item":"https:\/\/babylove.se\/no\/"},{"@type":"ListItem","position":2,"name":"Butik","item":"https:\/\/babylove.se\/no\/butik\/"},{"@type":"ListItem","position":3,"name":"Bokhylle hus S"}]},{"@type":"WebSite","@id":"https:\/\/babylove.se\/no\/#website","url":"https:\/\/babylove.se\/no\/","name":"Babylove Norska","description":"","potentialAction":[{"@type":"SearchAction","target":{"@type":"EntryPoint","urlTemplate":"https:\/\/babylove.se\/no\/?s={search_term_string}"},"query-input":{"@type":"PropertyValueSpecification","valueRequired":true,"valueName":"search_term_string"}}],"inLanguage":"nb-NO"}]},"product_brand":"My mini home","og_availability":"instock","product_availability":"instock","product_retailer_item_id":"Bokhylla S-Vit-Med","product_condition":"new"},"_links":{"self":[{"href":"https:\/\/babylove.se\/no\/wp-json\/wp\/v2\/product\/44439","targetHints":{"allow":["GET"]}}],"collection":[{"href":"https:\/\/babylove.se\/no\/wp-json\/wp\/v2\/product"}],"about":[{"href":"https:\/\/babylove.se\/no\/wp-json\/wp\/v2\/types\/product"}],"replies":[{"embeddable":true,"href":"https:\/\/babylove.se\/no\/wp-json\/wp\/v2\/comments?post=44439"}],"wp:featuredmedia":[{"embeddable":true,"href":"https:\/\/babylove.se\/no\/wp-json\/wp\/v2\/media\/44441"}],"wp:attachment":[{"href":"https:\/\/babylove.se\/no\/wp-json\/wp\/v2\/media?parent=44439"}],"wp:term":[{"taxonomy":"product_brand","embeddable":true,"href":"https:\/\/babylove.se\/no\/wp-json\/wp\/v2\/product_brand?post=44439"},{"taxonomy":"product_cat","embeddable":true,"href":"https:\/\/babylove.se\/no\/wp-json\/wp\/v2\/product_cat?post=44439"},{"taxonomy":"product_tag","embeddable":true,"href":"https:\/\/babylove.se\/no\/wp-json\/wp\/v2\/product_tag?post=44439"}],"curies":[{"name":"wp","href":"https:\/\/api.w.org\/{rel}","templated":true}]}}