{"id":44482,"date":"2025-07-19T09:53:46","date_gmt":"2025-07-19T08:53:46","guid":{"rendered":"https:\/\/babylove.se\/produkt\/hussang-med-sangbord-och-rutschkana-more-than-a-bed\/"},"modified":"2026-04-08T12:48:38","modified_gmt":"2026-04-08T11:48:38","slug":"hussang-med-sangbord-og-rutsjebane-more-than-a-bed","status":"publish","type":"product","link":"https:\/\/babylove.se\/no\/produkt\/hussang-med-sangbord-og-rutsjebane-more-than-a-bed\/","title":{"rendered":"Husseng med nattbord og rutsjebane, More than a bed"},"content":{"rendered":"<p>Her er den perfekte juniorseng for alle barn som elsker tull og lek! \u00c5 finne en sove- og lekeplass som b\u00e5de er praktisk og pen er ikke enkelt, men her er svaret p\u00e5 det.<\/p>\n<p>Med denne fantastiske husseng kan barnet ditt ha sin egen festning med en klatrevegg! Rutsjebanen som enkelt festes p\u00e5 vinduet vil gi mange timer med lek og gj\u00f8re det g\u00f8y \u00e5 st\u00e5 opp om morgenen. P\u00e5 nattbordet med den medf\u00f8lgende nattlampen kan barnet ditt stille sin favorittbok eller leker.<\/p>\n<p>Du kan enkelt dekorere barneseng med fine vimpler eller lysslynger for \u00e5 f\u00e5 mer effekt.&nbsp;<\/p>\n<p><strong>Info:&nbsp;<\/strong><\/p>\n<ul>\n<li>Rutsjebane, ringeklokke og lampe medf\u00f8lger.<\/li>\n<li>Fargevalg: hvit, lysebl\u00e5, lilla, mint, vanilje, puderrosa, perlegr\u00e5, beige og natur.<\/li>\n<li>Inngangsside: velg mellom h\u00f8yre og venstre.&nbsp;<\/li>\n<li>Finnes i tre sengem\u00e5l: 90&#215;180 cm, 90&#215;190 cm og 90&#215;200 cm.<\/li>\n<li>100% FSC-sertifisert tre som sikrer at virket kommer fra ansvarlig skogbruk.<\/li>\n<\/ul>\n<p><strong>M\u00e5l<\/strong>:<\/p>\n<ul>\n<li>H\u00f8yde total: 120 cm.<\/li>\n<li>Rutsjebane lengde: 90 cm.<\/li>\n<li>M\u00e5lene er oppgitt i sengem\u00e5l\/madrassst\u00f8rrelse.&nbsp;<\/li>\n<li>\n<p>Madrass f\u00f8lger ikke med, men ta gjerne en titt i v\u00e5rt store madrassutvalg. Vi anbefaler en skummadrass med tykkelse p\u00e5 ca 10-12 cm.<\/p>\n<\/li>\n<\/ul>\n<p><span>Designer:&nbsp;<\/span><a href=\"https:\/\/babylove.se\/varumarken\/my-mini-home\"><span>My Mini Home<\/span><\/a><\/p>\n<p><em>Obs! Spesialtilvirket vare, angrerett gjelder ikke. Dette er en seng produsert og tilpasset for barn.&nbsp;<\/em><\/p>\n<p><em><em>Seng leveres umontert og b\u00f8r settes sammen i rommet den skal brukes i.<\/em><\/em><\/p>\n","protected":false},"excerpt":{"rendered":"<p>Her er den perfekte juniorseng for alle barn som elsker tull og lek! \u00c5 finne en sove- og lekeplass som b\u00e5de er praktisk og pen er ikke enkelt, men her er svaret p\u00e5 det. Med denne fantastiske husseng kan barnet ditt ha sin egen festning med en klatrevegg! Rutsjebanen som enkelt festes p\u00e5 vinduet vil [&hellip;]<\/p>\n","protected":false},"featured_media":44484,"comment_status":"closed","ping_status":"open","template":"","meta":{"_acf_changed":false},"product_brand":[826],"product_cat":[217,269,827,40],"product_tag":[1689],"class_list":{"0":"post-44482","1":"product","2":"type-product","3":"status-publish","4":"has-post-thumbnail","6":"product_brand-my-mini-home","7":"product_cat-sengesanger","8":"product_cat-juniorsenger","9":"product_cat-my-mini-home","10":"product_cat-soverom-barn","11":"product_tag-bestillingsvaror","12":"pa_entresida-hoger","13":"pa_entresida-vanster","14":"pa_storlek-90x180-cm","15":"pa_storlek-90x190cm","16":"pa_storlek-90x200cm","18":"first","19":"instock","20":"taxable","21":"shipping-taxable","22":"purchasable","23":"product-type-variable"},"acf":[],"yoast_head":"<!-- This site is optimized with the Yoast SEO Premium plugin v25.8 (Yoast SEO v27.2) - https:\/\/yoast.com\/product\/yoast-seo-premium-wordpress\/ -->\n<title>Husseng med nattbord og rutsjebane, More than a bed - Babylove Norska<\/title>\n<meta name=\"robots\" content=\"noindex, follow, max-snippet:-1, max-image-preview:large, max-video-preview:-1\" \/>\n<meta property=\"og:locale\" content=\"nb_NO\" \/>\n<meta property=\"og:type\" content=\"article\" \/>\n<meta property=\"og:title\" content=\"Husseng med nattbord og rutsjebane, More than a bed\" \/>\n<meta property=\"og:description\" content=\"Her er den perfekte juniorseng for alle barn som elsker tull og lek! \u00c5 finne en sove- og lekeplass som b\u00e5de er praktisk og pen er ikke enkelt, men her er svaret p\u00e5 det. Med denne fantastiske husseng kan barnet ditt ha sin egen festning med en klatrevegg! Rutsjebanen som enkelt festes p\u00e5 vinduet vil [&hellip;]\" \/>\n<meta property=\"og:url\" content=\"https:\/\/babylove.se\/no\/produkt\/hussang-med-sangbord-og-rutsjebane-more-than-a-bed\/\" \/>\n<meta property=\"og:site_name\" content=\"Babylove Norska\" \/>\n<meta property=\"article:modified_time\" content=\"2026-04-08T11:48:38+00:00\" \/>\n<meta property=\"og:image\" content=\"https:\/\/babylove.se\/no\/wp-content\/uploads\/sites\/3\/2025\/07\/63354058beb2d.webp\" \/>\n\t<meta property=\"og:image:width\" content=\"1000\" \/>\n\t<meta property=\"og:image:height\" content=\"814\" \/>\n\t<meta property=\"og:image:type\" content=\"image\/webp\" \/>\n<meta name=\"twitter:card\" content=\"summary_large_image\" \/>\n<meta name=\"twitter:label1\" content=\"Availability\" \/>\n\t<meta name=\"twitter:data1\" content=\"In stock\" \/>\n<script type=\"application\/ld+json\" class=\"yoast-schema-graph\">{\"@context\":\"https:\/\/schema.org\",\"@graph\":[{\"@type\":\"WebPage\",\"@id\":\"https:\/\/babylove.se\/no\/produkt\/hussang-med-sangbord-og-rutsjebane-more-than-a-bed\/\",\"url\":\"https:\/\/babylove.se\/no\/produkt\/hussang-med-sangbord-og-rutsjebane-more-than-a-bed\/\",\"name\":\"Husseng med nattbord og rutsjebane, More than a bed - Babylove Norska\",\"isPartOf\":{\"@id\":\"https:\/\/babylove.se\/no\/#website\"},\"primaryImageOfPage\":{\"@id\":\"https:\/\/babylove.se\/no\/produkt\/hussang-med-sangbord-og-rutsjebane-more-than-a-bed\/#primaryimage\"},\"image\":{\"@id\":\"https:\/\/babylove.se\/no\/produkt\/hussang-med-sangbord-og-rutsjebane-more-than-a-bed\/#primaryimage\"},\"thumbnailUrl\":\"https:\/\/babylove.se\/no\/wp-content\/uploads\/sites\/3\/2025\/07\/63354058beb2d.webp\",\"datePublished\":\"2025-07-19T08:53:46+00:00\",\"dateModified\":\"2026-04-08T11:48:38+00:00\",\"breadcrumb\":{\"@id\":\"https:\/\/babylove.se\/no\/produkt\/hussang-med-sangbord-og-rutsjebane-more-than-a-bed\/#breadcrumb\"},\"inLanguage\":\"nb-NO\",\"potentialAction\":[{\"@type\":\"ReadAction\",\"target\":[\"https:\/\/babylove.se\/no\/produkt\/hussang-med-sangbord-og-rutsjebane-more-than-a-bed\/\"]}]},{\"@type\":\"ImageObject\",\"inLanguage\":\"nb-NO\",\"@id\":\"https:\/\/babylove.se\/no\/produkt\/hussang-med-sangbord-og-rutsjebane-more-than-a-bed\/#primaryimage\",\"url\":\"https:\/\/babylove.se\/no\/wp-content\/uploads\/sites\/3\/2025\/07\/63354058beb2d.webp\",\"contentUrl\":\"https:\/\/babylove.se\/no\/wp-content\/uploads\/sites\/3\/2025\/07\/63354058beb2d.webp\",\"width\":1000,\"height\":814},{\"@type\":\"BreadcrumbList\",\"@id\":\"https:\/\/babylove.se\/no\/produkt\/hussang-med-sangbord-og-rutsjebane-more-than-a-bed\/#breadcrumb\",\"itemListElement\":[{\"@type\":\"ListItem\",\"position\":1,\"name\":\"Hem\",\"item\":\"https:\/\/babylove.se\/no\/\"},{\"@type\":\"ListItem\",\"position\":2,\"name\":\"Butik\",\"item\":\"https:\/\/babylove.se\/no\/butik\/\"},{\"@type\":\"ListItem\",\"position\":3,\"name\":\"Husseng med nattbord og rutsjebane, More than a bed\"}]},{\"@type\":\"WebSite\",\"@id\":\"https:\/\/babylove.se\/no\/#website\",\"url\":\"https:\/\/babylove.se\/no\/\",\"name\":\"Babylove Norska\",\"description\":\"\",\"potentialAction\":[{\"@type\":\"SearchAction\",\"target\":{\"@type\":\"EntryPoint\",\"urlTemplate\":\"https:\/\/babylove.se\/no\/?s={search_term_string}\"},\"query-input\":{\"@type\":\"PropertyValueSpecification\",\"valueRequired\":true,\"valueName\":\"search_term_string\"}}],\"inLanguage\":\"nb-NO\"}]}<\/script>\n<meta property=\"product:brand\" content=\"My mini home\" \/>\n<meta property=\"og:availability\" content=\"instock\" \/>\n<meta property=\"product:availability\" content=\"instock\" \/>\n<meta property=\"product:retailer_item_id\" content=\"90x180-cm-H\u00f6ger\" \/>\n<meta property=\"product:condition\" content=\"new\" \/>\n<!-- \/ Yoast SEO Premium plugin. -->","yoast_head_json":{"title":"Husseng med nattbord og rutsjebane, More than a bed - Babylove Norska","robots":{"index":"noindex","follow":"follow","max-snippet":"max-snippet:-1","max-image-preview":"max-image-preview:large","max-video-preview":"max-video-preview:-1"},"og_locale":"nb_NO","og_type":"article","og_title":"Husseng med nattbord og rutsjebane, More than a bed","og_description":"Her er den perfekte juniorseng for alle barn som elsker tull og lek! \u00c5 finne en sove- og lekeplass som b\u00e5de er praktisk og pen er ikke enkelt, men her er svaret p\u00e5 det. Med denne fantastiske husseng kan barnet ditt ha sin egen festning med en klatrevegg! Rutsjebanen som enkelt festes p\u00e5 vinduet vil [&hellip;]","og_url":"https:\/\/babylove.se\/no\/produkt\/hussang-med-sangbord-og-rutsjebane-more-than-a-bed\/","og_site_name":"Babylove Norska","article_modified_time":"2026-04-08T11:48:38+00:00","og_image":[{"width":1000,"height":814,"url":"https:\/\/babylove.se\/no\/wp-content\/uploads\/sites\/3\/2025\/07\/63354058beb2d.webp","type":"image\/webp"}],"twitter_card":"summary_large_image","twitter_misc":{"Availability":"In stock"},"schema":{"@context":"https:\/\/schema.org","@graph":[{"@type":"WebPage","@id":"https:\/\/babylove.se\/no\/produkt\/hussang-med-sangbord-og-rutsjebane-more-than-a-bed\/","url":"https:\/\/babylove.se\/no\/produkt\/hussang-med-sangbord-og-rutsjebane-more-than-a-bed\/","name":"Husseng med nattbord og rutsjebane, More than a bed - Babylove Norska","isPartOf":{"@id":"https:\/\/babylove.se\/no\/#website"},"primaryImageOfPage":{"@id":"https:\/\/babylove.se\/no\/produkt\/hussang-med-sangbord-og-rutsjebane-more-than-a-bed\/#primaryimage"},"image":{"@id":"https:\/\/babylove.se\/no\/produkt\/hussang-med-sangbord-og-rutsjebane-more-than-a-bed\/#primaryimage"},"thumbnailUrl":"https:\/\/babylove.se\/no\/wp-content\/uploads\/sites\/3\/2025\/07\/63354058beb2d.webp","datePublished":"2025-07-19T08:53:46+00:00","dateModified":"2026-04-08T11:48:38+00:00","breadcrumb":{"@id":"https:\/\/babylove.se\/no\/produkt\/hussang-med-sangbord-og-rutsjebane-more-than-a-bed\/#breadcrumb"},"inLanguage":"nb-NO","potentialAction":[{"@type":"ReadAction","target":["https:\/\/babylove.se\/no\/produkt\/hussang-med-sangbord-og-rutsjebane-more-than-a-bed\/"]}]},{"@type":"ImageObject","inLanguage":"nb-NO","@id":"https:\/\/babylove.se\/no\/produkt\/hussang-med-sangbord-og-rutsjebane-more-than-a-bed\/#primaryimage","url":"https:\/\/babylove.se\/no\/wp-content\/uploads\/sites\/3\/2025\/07\/63354058beb2d.webp","contentUrl":"https:\/\/babylove.se\/no\/wp-content\/uploads\/sites\/3\/2025\/07\/63354058beb2d.webp","width":1000,"height":814},{"@type":"BreadcrumbList","@id":"https:\/\/babylove.se\/no\/produkt\/hussang-med-sangbord-og-rutsjebane-more-than-a-bed\/#breadcrumb","itemListElement":[{"@type":"ListItem","position":1,"name":"Hem","item":"https:\/\/babylove.se\/no\/"},{"@type":"ListItem","position":2,"name":"Butik","item":"https:\/\/babylove.se\/no\/butik\/"},{"@type":"ListItem","position":3,"name":"Husseng med nattbord og rutsjebane, More than a bed"}]},{"@type":"WebSite","@id":"https:\/\/babylove.se\/no\/#website","url":"https:\/\/babylove.se\/no\/","name":"Babylove Norska","description":"","potentialAction":[{"@type":"SearchAction","target":{"@type":"EntryPoint","urlTemplate":"https:\/\/babylove.se\/no\/?s={search_term_string}"},"query-input":{"@type":"PropertyValueSpecification","valueRequired":true,"valueName":"search_term_string"}}],"inLanguage":"nb-NO"}]},"product_brand":"My mini home","og_availability":"instock","product_availability":"instock","product_retailer_item_id":"90x180-cm-H\u00f6ger","product_condition":"new"},"_links":{"self":[{"href":"https:\/\/babylove.se\/no\/wp-json\/wp\/v2\/product\/44482","targetHints":{"allow":["GET"]}}],"collection":[{"href":"https:\/\/babylove.se\/no\/wp-json\/wp\/v2\/product"}],"about":[{"href":"https:\/\/babylove.se\/no\/wp-json\/wp\/v2\/types\/product"}],"replies":[{"embeddable":true,"href":"https:\/\/babylove.se\/no\/wp-json\/wp\/v2\/comments?post=44482"}],"wp:featuredmedia":[{"embeddable":true,"href":"https:\/\/babylove.se\/no\/wp-json\/wp\/v2\/media\/44484"}],"wp:attachment":[{"href":"https:\/\/babylove.se\/no\/wp-json\/wp\/v2\/media?parent=44482"}],"wp:term":[{"taxonomy":"product_brand","embeddable":true,"href":"https:\/\/babylove.se\/no\/wp-json\/wp\/v2\/product_brand?post=44482"},{"taxonomy":"product_cat","embeddable":true,"href":"https:\/\/babylove.se\/no\/wp-json\/wp\/v2\/product_cat?post=44482"},{"taxonomy":"product_tag","embeddable":true,"href":"https:\/\/babylove.se\/no\/wp-json\/wp\/v2\/product_tag?post=44482"}],"curies":[{"name":"wp","href":"https:\/\/api.w.org\/{rel}","templated":true}]}}