{"id":44519,"date":"2025-07-19T09:54:20","date_gmt":"2025-07-19T08:54:20","guid":{"rendered":"https:\/\/babylove.se\/produkt\/bord-till-barnrummet-roundabout\/"},"modified":"2026-04-08T12:48:43","modified_gmt":"2026-04-08T11:48:43","slug":"bord-til-barnerommet-roundabout","status":"publish","type":"product","link":"https:\/\/babylove.se\/no\/produkt\/bord-til-barnerommet-roundabout\/","title":{"rendered":"Bord til barnerommet, Roundabout"},"content":{"rendered":"<p>My Mini Home er eksperter p\u00e5 \u00e5 skape vakre barnem\u00f8bler!<\/p>\n<p>Ditt barn kommer garantert til \u00e5 ha mange gode stunder ved dette bordet, hvor det kan sitte og pusle eller male s\u00e5 snart de \u00f8nsker det. Bordet passer perfekt sammen med krakken og stolene fra samme serie!&nbsp;<\/p>\n<p>Laget for h\u00e5nd av kryssfiner fra sertifiserte skogsomr\u00e5der og malt med milj\u00f8vennlige giftfrie farger.&nbsp;<\/p>\n<p><strong>Info:&nbsp;<\/strong><\/p>\n<ul>\n<li>Fargevalg: hvit, lysebl\u00e5, lilla, mint, vanilje, pudderrosa, perlegr\u00e5, beige og natur<\/li>\n<li>Produsert for h\u00e5nd i Europa<\/li>\n<li>CE-sertifisert<\/li>\n<\/ul>\n<p><strong>M\u00e5l:<\/strong><\/p>\n<ul>\n<li><span>H\u00f8yde: 48,5 cm<\/span><\/li>\n<li>Bordplate: 65 cm x 65 cm<\/li>\n<\/ul>\n<p data-empty=\"true\">Designer: <a href=\"https:\/\/babylove.se\/varumarken\/my-mini-home\">My Mini Home<\/a><\/p>\n<p><em>Obs! Spesialtilvirket vare, angrerett gjelder ikke.<\/em><\/p>\n","protected":false},"excerpt":{"rendered":"<p>My Mini Home er eksperter p\u00e5 \u00e5 skape vakre barnem\u00f8bler! Ditt barn kommer garantert til \u00e5 ha mange gode stunder ved dette bordet, hvor det kan sitte og pusle eller male s\u00e5 snart de \u00f8nsker det. Bordet passer perfekt sammen med krakken og stolene fra samme serie!&nbsp; Laget for h\u00e5nd av kryssfiner fra sertifiserte skogsomr\u00e5der [&hellip;]<\/p>\n","protected":false},"featured_media":44521,"comment_status":"closed","ping_status":"open","template":"","meta":{"_acf_changed":false},"product_brand":[826],"product_cat":[85,827],"product_tag":[1689],"class_list":{"0":"post-44519","1":"product","2":"type-product","3":"status-publish","4":"has-post-thumbnail","6":"product_brand-my-mini-home","7":"product_cat-bord","8":"product_cat-my-mini-home","9":"product_tag-bestillingsvaror","10":"pa_farg-beige","11":"pa_farg-vit","12":"pa_farg-lila","13":"pa_farg-ljusbla","14":"pa_farg-mint","15":"pa_farg-natur","16":"pa_farg-parlgra","17":"pa_farg-puderrosa","18":"pa_farg-vanilj","20":"first","21":"instock","22":"taxable","23":"shipping-taxable","24":"purchasable","25":"product-type-variable"},"acf":[],"yoast_head":"<!-- This site is optimized with the Yoast SEO Premium plugin v25.8 (Yoast SEO v27.2) - https:\/\/yoast.com\/product\/yoast-seo-premium-wordpress\/ -->\n<title>Bord til barnerommet, Roundabout - Babylove Norska<\/title>\n<meta name=\"robots\" content=\"noindex, follow, max-snippet:-1, max-image-preview:large, max-video-preview:-1\" \/>\n<meta property=\"og:locale\" content=\"nb_NO\" \/>\n<meta property=\"og:type\" content=\"article\" \/>\n<meta property=\"og:title\" content=\"Bord til barnerommet, Roundabout\" \/>\n<meta property=\"og:description\" content=\"My Mini Home er eksperter p\u00e5 \u00e5 skape vakre barnem\u00f8bler! Ditt barn kommer garantert til \u00e5 ha mange gode stunder ved dette bordet, hvor det kan sitte og pusle eller male s\u00e5 snart de \u00f8nsker det. Bordet passer perfekt sammen med krakken og stolene fra samme serie!&nbsp; Laget for h\u00e5nd av kryssfiner fra sertifiserte skogsomr\u00e5der [&hellip;]\" \/>\n<meta property=\"og:url\" content=\"https:\/\/babylove.se\/no\/produkt\/bord-til-barnerommet-roundabout\/\" \/>\n<meta property=\"og:site_name\" content=\"Babylove Norska\" \/>\n<meta property=\"article:modified_time\" content=\"2026-04-08T11:48:43+00:00\" \/>\n<meta property=\"og:image\" content=\"https:\/\/babylove.se\/no\/wp-content\/uploads\/sites\/3\/2025\/07\/63354dbcd2453.webp\" \/>\n\t<meta property=\"og:image:width\" content=\"1024\" \/>\n\t<meta property=\"og:image:height\" content=\"1049\" \/>\n\t<meta property=\"og:image:type\" content=\"image\/webp\" \/>\n<meta name=\"twitter:card\" content=\"summary_large_image\" \/>\n<meta name=\"twitter:label1\" content=\"Availability\" \/>\n\t<meta name=\"twitter:data1\" content=\"In stock\" \/>\n<script type=\"application\/ld+json\" class=\"yoast-schema-graph\">{\"@context\":\"https:\/\/schema.org\",\"@graph\":[{\"@type\":\"WebPage\",\"@id\":\"https:\/\/babylove.se\/no\/produkt\/bord-til-barnerommet-roundabout\/\",\"url\":\"https:\/\/babylove.se\/no\/produkt\/bord-til-barnerommet-roundabout\/\",\"name\":\"Bord til barnerommet, Roundabout - Babylove Norska\",\"isPartOf\":{\"@id\":\"https:\/\/babylove.se\/no\/#website\"},\"primaryImageOfPage\":{\"@id\":\"https:\/\/babylove.se\/no\/produkt\/bord-til-barnerommet-roundabout\/#primaryimage\"},\"image\":{\"@id\":\"https:\/\/babylove.se\/no\/produkt\/bord-til-barnerommet-roundabout\/#primaryimage\"},\"thumbnailUrl\":\"https:\/\/babylove.se\/no\/wp-content\/uploads\/sites\/3\/2025\/07\/63354dbcd2453.webp\",\"datePublished\":\"2025-07-19T08:54:20+00:00\",\"dateModified\":\"2026-04-08T11:48:43+00:00\",\"breadcrumb\":{\"@id\":\"https:\/\/babylove.se\/no\/produkt\/bord-til-barnerommet-roundabout\/#breadcrumb\"},\"inLanguage\":\"nb-NO\",\"potentialAction\":[{\"@type\":\"ReadAction\",\"target\":[\"https:\/\/babylove.se\/no\/produkt\/bord-til-barnerommet-roundabout\/\"]}]},{\"@type\":\"ImageObject\",\"inLanguage\":\"nb-NO\",\"@id\":\"https:\/\/babylove.se\/no\/produkt\/bord-til-barnerommet-roundabout\/#primaryimage\",\"url\":\"https:\/\/babylove.se\/no\/wp-content\/uploads\/sites\/3\/2025\/07\/63354dbcd2453.webp\",\"contentUrl\":\"https:\/\/babylove.se\/no\/wp-content\/uploads\/sites\/3\/2025\/07\/63354dbcd2453.webp\",\"width\":1024,\"height\":1049},{\"@type\":\"BreadcrumbList\",\"@id\":\"https:\/\/babylove.se\/no\/produkt\/bord-til-barnerommet-roundabout\/#breadcrumb\",\"itemListElement\":[{\"@type\":\"ListItem\",\"position\":1,\"name\":\"Hem\",\"item\":\"https:\/\/babylove.se\/no\/\"},{\"@type\":\"ListItem\",\"position\":2,\"name\":\"Butik\",\"item\":\"https:\/\/babylove.se\/no\/butik\/\"},{\"@type\":\"ListItem\",\"position\":3,\"name\":\"Bord til barnerommet, Roundabout\"}]},{\"@type\":\"WebSite\",\"@id\":\"https:\/\/babylove.se\/no\/#website\",\"url\":\"https:\/\/babylove.se\/no\/\",\"name\":\"Babylove Norska\",\"description\":\"\",\"potentialAction\":[{\"@type\":\"SearchAction\",\"target\":{\"@type\":\"EntryPoint\",\"urlTemplate\":\"https:\/\/babylove.se\/no\/?s={search_term_string}\"},\"query-input\":{\"@type\":\"PropertyValueSpecification\",\"valueRequired\":true,\"valueName\":\"search_term_string\"}}],\"inLanguage\":\"nb-NO\"}]}<\/script>\n<meta property=\"product:brand\" content=\"My mini home\" \/>\n<meta property=\"og:availability\" content=\"instock\" \/>\n<meta property=\"product:availability\" content=\"instock\" \/>\n<meta property=\"product:retailer_item_id\" content=\"Roundaboutbord-Vit\" \/>\n<meta property=\"product:condition\" content=\"new\" \/>\n<!-- \/ Yoast SEO Premium plugin. -->","yoast_head_json":{"title":"Bord til barnerommet, Roundabout - Babylove Norska","robots":{"index":"noindex","follow":"follow","max-snippet":"max-snippet:-1","max-image-preview":"max-image-preview:large","max-video-preview":"max-video-preview:-1"},"og_locale":"nb_NO","og_type":"article","og_title":"Bord til barnerommet, Roundabout","og_description":"My Mini Home er eksperter p\u00e5 \u00e5 skape vakre barnem\u00f8bler! Ditt barn kommer garantert til \u00e5 ha mange gode stunder ved dette bordet, hvor det kan sitte og pusle eller male s\u00e5 snart de \u00f8nsker det. Bordet passer perfekt sammen med krakken og stolene fra samme serie!&nbsp; Laget for h\u00e5nd av kryssfiner fra sertifiserte skogsomr\u00e5der [&hellip;]","og_url":"https:\/\/babylove.se\/no\/produkt\/bord-til-barnerommet-roundabout\/","og_site_name":"Babylove Norska","article_modified_time":"2026-04-08T11:48:43+00:00","og_image":[{"width":1024,"height":1049,"url":"https:\/\/babylove.se\/no\/wp-content\/uploads\/sites\/3\/2025\/07\/63354dbcd2453.webp","type":"image\/webp"}],"twitter_card":"summary_large_image","twitter_misc":{"Availability":"In stock"},"schema":{"@context":"https:\/\/schema.org","@graph":[{"@type":"WebPage","@id":"https:\/\/babylove.se\/no\/produkt\/bord-til-barnerommet-roundabout\/","url":"https:\/\/babylove.se\/no\/produkt\/bord-til-barnerommet-roundabout\/","name":"Bord til barnerommet, Roundabout - Babylove Norska","isPartOf":{"@id":"https:\/\/babylove.se\/no\/#website"},"primaryImageOfPage":{"@id":"https:\/\/babylove.se\/no\/produkt\/bord-til-barnerommet-roundabout\/#primaryimage"},"image":{"@id":"https:\/\/babylove.se\/no\/produkt\/bord-til-barnerommet-roundabout\/#primaryimage"},"thumbnailUrl":"https:\/\/babylove.se\/no\/wp-content\/uploads\/sites\/3\/2025\/07\/63354dbcd2453.webp","datePublished":"2025-07-19T08:54:20+00:00","dateModified":"2026-04-08T11:48:43+00:00","breadcrumb":{"@id":"https:\/\/babylove.se\/no\/produkt\/bord-til-barnerommet-roundabout\/#breadcrumb"},"inLanguage":"nb-NO","potentialAction":[{"@type":"ReadAction","target":["https:\/\/babylove.se\/no\/produkt\/bord-til-barnerommet-roundabout\/"]}]},{"@type":"ImageObject","inLanguage":"nb-NO","@id":"https:\/\/babylove.se\/no\/produkt\/bord-til-barnerommet-roundabout\/#primaryimage","url":"https:\/\/babylove.se\/no\/wp-content\/uploads\/sites\/3\/2025\/07\/63354dbcd2453.webp","contentUrl":"https:\/\/babylove.se\/no\/wp-content\/uploads\/sites\/3\/2025\/07\/63354dbcd2453.webp","width":1024,"height":1049},{"@type":"BreadcrumbList","@id":"https:\/\/babylove.se\/no\/produkt\/bord-til-barnerommet-roundabout\/#breadcrumb","itemListElement":[{"@type":"ListItem","position":1,"name":"Hem","item":"https:\/\/babylove.se\/no\/"},{"@type":"ListItem","position":2,"name":"Butik","item":"https:\/\/babylove.se\/no\/butik\/"},{"@type":"ListItem","position":3,"name":"Bord til barnerommet, Roundabout"}]},{"@type":"WebSite","@id":"https:\/\/babylove.se\/no\/#website","url":"https:\/\/babylove.se\/no\/","name":"Babylove Norska","description":"","potentialAction":[{"@type":"SearchAction","target":{"@type":"EntryPoint","urlTemplate":"https:\/\/babylove.se\/no\/?s={search_term_string}"},"query-input":{"@type":"PropertyValueSpecification","valueRequired":true,"valueName":"search_term_string"}}],"inLanguage":"nb-NO"}]},"product_brand":"My mini home","og_availability":"instock","product_availability":"instock","product_retailer_item_id":"Roundaboutbord-Vit","product_condition":"new"},"_links":{"self":[{"href":"https:\/\/babylove.se\/no\/wp-json\/wp\/v2\/product\/44519","targetHints":{"allow":["GET"]}}],"collection":[{"href":"https:\/\/babylove.se\/no\/wp-json\/wp\/v2\/product"}],"about":[{"href":"https:\/\/babylove.se\/no\/wp-json\/wp\/v2\/types\/product"}],"replies":[{"embeddable":true,"href":"https:\/\/babylove.se\/no\/wp-json\/wp\/v2\/comments?post=44519"}],"wp:featuredmedia":[{"embeddable":true,"href":"https:\/\/babylove.se\/no\/wp-json\/wp\/v2\/media\/44521"}],"wp:attachment":[{"href":"https:\/\/babylove.se\/no\/wp-json\/wp\/v2\/media?parent=44519"}],"wp:term":[{"taxonomy":"product_brand","embeddable":true,"href":"https:\/\/babylove.se\/no\/wp-json\/wp\/v2\/product_brand?post=44519"},{"taxonomy":"product_cat","embeddable":true,"href":"https:\/\/babylove.se\/no\/wp-json\/wp\/v2\/product_cat?post=44519"},{"taxonomy":"product_tag","embeddable":true,"href":"https:\/\/babylove.se\/no\/wp-json\/wp\/v2\/product_tag?post=44519"}],"curies":[{"name":"wp","href":"https:\/\/api.w.org\/{rel}","templated":true}]}}