{"id":44648,"date":"2025-07-19T09:55:59","date_gmt":"2025-07-19T08:55:59","guid":{"rendered":"https:\/\/babylove.se\/produkt\/byraskaprumsavdelare-car-center\/"},"modified":"2026-04-08T12:49:12","modified_gmt":"2026-04-08T11:49:12","slug":"byraskapromsdeler-bil-senter","status":"publish","type":"product","link":"https:\/\/babylove.se\/no\/produkt\/byraskapromsdeler-bil-senter\/","title":{"rendered":"Kommode\/skap\/romskiller, Car Center"},"content":{"rendered":"<p>Car Center er den perfekte m\u00f8belen for alle bilinteresserte barn! Utrolig vakker m\u00f8bel som vil bidra mye til barnerommets innredning.<\/p>\n<p>Et unikt skap med tre hylleplaner som kan brukes til garderobe, oppbevaring av leker og garasje! Barnet ditt setter enkelt sammen den medf\u00f8lgende bilbanen selv, noe som stimulerer og oppmuntrer barnets kreativitet og lek. Skapets hyller tas enkelt bort for \u00e5 omgj\u00f8re kommoden til en avskjermer.&nbsp;<\/p>\n<p>Du skaper en personlig og unik m\u00f8bel siden du selv velger fargen p\u00e5 skapets sider, hyller og d\u00f8rer.<\/p>\n<p>Laget for h\u00e5nd av kryssfiner fra sertifiserte skogomr\u00e5der.<\/p>\n<p><strong>Info:&nbsp;<\/strong><\/p>\n<ul>\n<li>Fargevalg: hvit, lysebl\u00e5, lilla, mint, vanilje, pudderrosa, perle gr\u00e5, beige og natur<\/li>\n<li>Produsert for h\u00e5nd i Europa<\/li>\n<li>CE-sertifisert<\/li>\n<\/ul>\n<p><strong>M\u00e5l<\/strong>:<\/p>\n<ul>\n<li>Bredde: 74 cm<\/li>\n<li>Dybde: 44 cm<\/li>\n<li>H\u00f8yde: 87 cm<\/li>\n<\/ul>\n<p data-empty=\"true\">Designer:<span>&nbsp;<\/span><a href=\"https:\/\/babylove.se\/varumarken\/my-mini-home\">My Mini Home<\/a><\/p>\n<p><em>Obs! Spesiallaget vare, angrerett gjelder ikke.<\/em><\/p>\n","protected":false},"excerpt":{"rendered":"<p>Car Center er den perfekte m\u00f8belen for alle bilinteresserte barn! Utrolig vakker m\u00f8bel som vil bidra mye til barnerommets innredning. Et unikt skap med tre hylleplaner som kan brukes til garderobe, oppbevaring av leker og garasje! Barnet ditt setter enkelt sammen den medf\u00f8lgende bilbanen selv, noe som stimulerer og oppmuntrer barnets kreativitet og lek. Skapets [&hellip;]<\/p>\n","protected":false},"featured_media":44650,"comment_status":"closed","ping_status":"open","template":"","meta":{"_acf_changed":false},"product_brand":[826],"product_cat":[595,367,827,43,838],"product_tag":[1689],"class_list":{"0":"post-44648","1":"product","2":"type-product","3":"status-publish","4":"has-post-thumbnail","6":"product_brand-my-mini-home","7":"product_cat-garderobe","8":"product_cat-byra","9":"product_cat-my-mini-home","10":"product_cat-oppbevaringskurver","11":"product_cat-skap","12":"product_tag-bestillingsvaror","14":"first","15":"instock","16":"taxable","17":"shipping-taxable","18":"purchasable","19":"product-type-simple"},"acf":[],"yoast_head":"<!-- This site is optimized with the Yoast SEO Premium plugin v25.8 (Yoast SEO v27.2) - https:\/\/yoast.com\/product\/yoast-seo-premium-wordpress\/ -->\n<title>Kommode\/skap\/romskiller, Car Center - Babylove Norska<\/title>\n<meta name=\"robots\" content=\"noindex, follow, max-snippet:-1, max-image-preview:large, max-video-preview:-1\" \/>\n<meta property=\"og:locale\" content=\"nb_NO\" \/>\n<meta property=\"og:type\" content=\"article\" \/>\n<meta property=\"og:title\" content=\"Kommode\/skap\/romskiller, Car Center\" \/>\n<meta property=\"og:description\" content=\"Car Center er den perfekte m\u00f8belen for alle bilinteresserte barn! Utrolig vakker m\u00f8bel som vil bidra mye til barnerommets innredning. Et unikt skap med tre hylleplaner som kan brukes til garderobe, oppbevaring av leker og garasje! Barnet ditt setter enkelt sammen den medf\u00f8lgende bilbanen selv, noe som stimulerer og oppmuntrer barnets kreativitet og lek. Skapets [&hellip;]\" \/>\n<meta property=\"og:url\" content=\"https:\/\/babylove.se\/no\/produkt\/byraskapromsdeler-bil-senter\/\" \/>\n<meta property=\"og:site_name\" content=\"Babylove Norska\" \/>\n<meta property=\"article:modified_time\" content=\"2026-04-08T11:49:12+00:00\" \/>\n<meta property=\"og:image\" content=\"https:\/\/babylove.se\/no\/wp-content\/uploads\/sites\/3\/2025\/07\/633693c03ec1d.webp\" \/>\n\t<meta property=\"og:image:width\" content=\"800\" \/>\n\t<meta property=\"og:image:height\" content=\"800\" \/>\n\t<meta property=\"og:image:type\" content=\"image\/webp\" \/>\n<meta name=\"twitter:card\" content=\"summary_large_image\" \/>\n<meta name=\"twitter:label1\" content=\"Price\" \/>\n\t<meta name=\"twitter:data1\" content=\"5 299,00&nbsp;&#107;&#114;\" \/>\n\t<meta name=\"twitter:label2\" content=\"Availability\" \/>\n\t<meta name=\"twitter:data2\" content=\"In stock\" \/>\n<script type=\"application\/ld+json\" class=\"yoast-schema-graph\">{\"@context\":\"https:\/\/schema.org\",\"@graph\":[{\"@type\":\"WebPage\",\"@id\":\"https:\/\/babylove.se\/no\/produkt\/byraskapromsdeler-bil-senter\/\",\"url\":\"https:\/\/babylove.se\/no\/produkt\/byraskapromsdeler-bil-senter\/\",\"name\":\"Kommode\/skap\/romskiller, Car Center - Babylove Norska\",\"isPartOf\":{\"@id\":\"https:\/\/babylove.se\/no\/#website\"},\"primaryImageOfPage\":{\"@id\":\"https:\/\/babylove.se\/no\/produkt\/byraskapromsdeler-bil-senter\/#primaryimage\"},\"image\":{\"@id\":\"https:\/\/babylove.se\/no\/produkt\/byraskapromsdeler-bil-senter\/#primaryimage\"},\"thumbnailUrl\":\"https:\/\/babylove.se\/no\/wp-content\/uploads\/sites\/3\/2025\/07\/633693c03ec1d.webp\",\"datePublished\":\"2025-07-19T08:55:59+00:00\",\"dateModified\":\"2026-04-08T11:49:12+00:00\",\"breadcrumb\":{\"@id\":\"https:\/\/babylove.se\/no\/produkt\/byraskapromsdeler-bil-senter\/#breadcrumb\"},\"inLanguage\":\"nb-NO\",\"potentialAction\":[{\"@type\":\"ReadAction\",\"target\":[\"https:\/\/babylove.se\/no\/produkt\/byraskapromsdeler-bil-senter\/\"]}]},{\"@type\":\"ImageObject\",\"inLanguage\":\"nb-NO\",\"@id\":\"https:\/\/babylove.se\/no\/produkt\/byraskapromsdeler-bil-senter\/#primaryimage\",\"url\":\"https:\/\/babylove.se\/no\/wp-content\/uploads\/sites\/3\/2025\/07\/633693c03ec1d.webp\",\"contentUrl\":\"https:\/\/babylove.se\/no\/wp-content\/uploads\/sites\/3\/2025\/07\/633693c03ec1d.webp\",\"width\":800,\"height\":800},{\"@type\":\"BreadcrumbList\",\"@id\":\"https:\/\/babylove.se\/no\/produkt\/byraskapromsdeler-bil-senter\/#breadcrumb\",\"itemListElement\":[{\"@type\":\"ListItem\",\"position\":1,\"name\":\"Hem\",\"item\":\"https:\/\/babylove.se\/no\/\"},{\"@type\":\"ListItem\",\"position\":2,\"name\":\"Butik\",\"item\":\"https:\/\/babylove.se\/no\/butik\/\"},{\"@type\":\"ListItem\",\"position\":3,\"name\":\"Kommode\/skap\/romskiller, Car Center\"}]},{\"@type\":\"WebSite\",\"@id\":\"https:\/\/babylove.se\/no\/#website\",\"url\":\"https:\/\/babylove.se\/no\/\",\"name\":\"Babylove Norska\",\"description\":\"\",\"potentialAction\":[{\"@type\":\"SearchAction\",\"target\":{\"@type\":\"EntryPoint\",\"urlTemplate\":\"https:\/\/babylove.se\/no\/?s={search_term_string}\"},\"query-input\":{\"@type\":\"PropertyValueSpecification\",\"valueRequired\":true,\"valueName\":\"search_term_string\"}}],\"inLanguage\":\"nb-NO\"}]}<\/script>\n<meta property=\"product:brand\" content=\"My mini home\" \/>\n<meta property=\"product:price:amount\" content=\"5299.00\" \/>\n<meta property=\"product:price:currency\" content=\"SEK\" \/>\n<meta property=\"og:availability\" content=\"instock\" \/>\n<meta property=\"product:availability\" content=\"instock\" \/>\n<meta property=\"product:retailer_item_id\" content=\"6612\" \/>\n<meta property=\"product:condition\" content=\"new\" \/>\n<!-- \/ Yoast SEO Premium plugin. -->","yoast_head_json":{"title":"Kommode\/skap\/romskiller, Car Center - Babylove Norska","robots":{"index":"noindex","follow":"follow","max-snippet":"max-snippet:-1","max-image-preview":"max-image-preview:large","max-video-preview":"max-video-preview:-1"},"og_locale":"nb_NO","og_type":"article","og_title":"Kommode\/skap\/romskiller, Car Center","og_description":"Car Center er den perfekte m\u00f8belen for alle bilinteresserte barn! Utrolig vakker m\u00f8bel som vil bidra mye til barnerommets innredning. Et unikt skap med tre hylleplaner som kan brukes til garderobe, oppbevaring av leker og garasje! Barnet ditt setter enkelt sammen den medf\u00f8lgende bilbanen selv, noe som stimulerer og oppmuntrer barnets kreativitet og lek. Skapets [&hellip;]","og_url":"https:\/\/babylove.se\/no\/produkt\/byraskapromsdeler-bil-senter\/","og_site_name":"Babylove Norska","article_modified_time":"2026-04-08T11:49:12+00:00","og_image":[{"width":800,"height":800,"url":"https:\/\/babylove.se\/no\/wp-content\/uploads\/sites\/3\/2025\/07\/633693c03ec1d.webp","type":"image\/webp"}],"twitter_card":"summary_large_image","twitter_misc":{"Price":"5 299,00&nbsp;&#107;&#114;","Availability":"In stock"},"schema":{"@context":"https:\/\/schema.org","@graph":[{"@type":"WebPage","@id":"https:\/\/babylove.se\/no\/produkt\/byraskapromsdeler-bil-senter\/","url":"https:\/\/babylove.se\/no\/produkt\/byraskapromsdeler-bil-senter\/","name":"Kommode\/skap\/romskiller, Car Center - Babylove Norska","isPartOf":{"@id":"https:\/\/babylove.se\/no\/#website"},"primaryImageOfPage":{"@id":"https:\/\/babylove.se\/no\/produkt\/byraskapromsdeler-bil-senter\/#primaryimage"},"image":{"@id":"https:\/\/babylove.se\/no\/produkt\/byraskapromsdeler-bil-senter\/#primaryimage"},"thumbnailUrl":"https:\/\/babylove.se\/no\/wp-content\/uploads\/sites\/3\/2025\/07\/633693c03ec1d.webp","datePublished":"2025-07-19T08:55:59+00:00","dateModified":"2026-04-08T11:49:12+00:00","breadcrumb":{"@id":"https:\/\/babylove.se\/no\/produkt\/byraskapromsdeler-bil-senter\/#breadcrumb"},"inLanguage":"nb-NO","potentialAction":[{"@type":"ReadAction","target":["https:\/\/babylove.se\/no\/produkt\/byraskapromsdeler-bil-senter\/"]}]},{"@type":"ImageObject","inLanguage":"nb-NO","@id":"https:\/\/babylove.se\/no\/produkt\/byraskapromsdeler-bil-senter\/#primaryimage","url":"https:\/\/babylove.se\/no\/wp-content\/uploads\/sites\/3\/2025\/07\/633693c03ec1d.webp","contentUrl":"https:\/\/babylove.se\/no\/wp-content\/uploads\/sites\/3\/2025\/07\/633693c03ec1d.webp","width":800,"height":800},{"@type":"BreadcrumbList","@id":"https:\/\/babylove.se\/no\/produkt\/byraskapromsdeler-bil-senter\/#breadcrumb","itemListElement":[{"@type":"ListItem","position":1,"name":"Hem","item":"https:\/\/babylove.se\/no\/"},{"@type":"ListItem","position":2,"name":"Butik","item":"https:\/\/babylove.se\/no\/butik\/"},{"@type":"ListItem","position":3,"name":"Kommode\/skap\/romskiller, Car Center"}]},{"@type":"WebSite","@id":"https:\/\/babylove.se\/no\/#website","url":"https:\/\/babylove.se\/no\/","name":"Babylove Norska","description":"","potentialAction":[{"@type":"SearchAction","target":{"@type":"EntryPoint","urlTemplate":"https:\/\/babylove.se\/no\/?s={search_term_string}"},"query-input":{"@type":"PropertyValueSpecification","valueRequired":true,"valueName":"search_term_string"}}],"inLanguage":"nb-NO"}]},"product_brand":"My mini home","product_price_amount":"5299.00","product_price_currency":"SEK","og_availability":"instock","product_availability":"instock","product_retailer_item_id":"6612","product_condition":"new"},"_links":{"self":[{"href":"https:\/\/babylove.se\/no\/wp-json\/wp\/v2\/product\/44648","targetHints":{"allow":["GET"]}}],"collection":[{"href":"https:\/\/babylove.se\/no\/wp-json\/wp\/v2\/product"}],"about":[{"href":"https:\/\/babylove.se\/no\/wp-json\/wp\/v2\/types\/product"}],"replies":[{"embeddable":true,"href":"https:\/\/babylove.se\/no\/wp-json\/wp\/v2\/comments?post=44648"}],"wp:featuredmedia":[{"embeddable":true,"href":"https:\/\/babylove.se\/no\/wp-json\/wp\/v2\/media\/44650"}],"wp:attachment":[{"href":"https:\/\/babylove.se\/no\/wp-json\/wp\/v2\/media?parent=44648"}],"wp:term":[{"taxonomy":"product_brand","embeddable":true,"href":"https:\/\/babylove.se\/no\/wp-json\/wp\/v2\/product_brand?post=44648"},{"taxonomy":"product_cat","embeddable":true,"href":"https:\/\/babylove.se\/no\/wp-json\/wp\/v2\/product_cat?post=44648"},{"taxonomy":"product_tag","embeddable":true,"href":"https:\/\/babylove.se\/no\/wp-json\/wp\/v2\/product_tag?post=44648"}],"curies":[{"name":"wp","href":"https:\/\/api.w.org\/{rel}","templated":true}]}}