{"id":44659,"date":"2025-07-19T09:55:59","date_gmt":"2025-07-19T08:55:59","guid":{"rendered":"https:\/\/babylove.se\/produkt\/my-mini-ranch\/"},"modified":"2026-04-08T12:49:15","modified_gmt":"2026-04-08T11:49:15","slug":"mitt-mini-ranch","status":"publish","type":"product","link":"https:\/\/babylove.se\/no\/produkt\/mitt-mini-ranch\/","title":{"rendered":"Mitt mini-ranch"},"content":{"rendered":"<p>Denne store h\u00e5ndlagde ranchen fra My Mini Home, rommer mange muligheter!<\/p>\n<p>Forvandl den til et stall for alle favoritfirbeinte venner! Eller kanskje en parkeringsgarasje for minibiler. Bare fantasien setter grenser!<\/p>\n<p>Laget uten spillvirke fra den sertifiserte kryssfiner og kan variere litt i nyanse.<\/p>\n<p><strong>Info:&nbsp;<\/strong><\/p>\n<ul>\n<li>Produsert for h\u00e5nd i Europa<\/li>\n<li>CE-sertifisert<\/li>\n<\/ul>\n<p><strong>M\u00e5l<\/strong>:<strong>&nbsp;<\/strong>62\u00d747 cm. H\u00f8yde: 32 cm.&nbsp;<\/p>\n<p>Designer: <a href=\"https:\/\/babylove.se\/varumarken\/my-mini-home\">My Mini Home<\/a><\/p>\n<p><em>Obs! Spesialprodusert vare, angrerett gjelder ikke.<\/em><\/p>\n","protected":false},"excerpt":{"rendered":"<p>Denne store h\u00e5ndlagde ranchen fra My Mini Home, rommer mange muligheter! Forvandl den til et stall for alle favoritfirbeinte venner! Eller kanskje en parkeringsgarasje for minibiler. Bare fantasien setter grenser! Laget uten spillvirke fra den sertifiserte kryssfiner og kan variere litt i nyanse. Info:&nbsp; Produsert for h\u00e5nd i Europa CE-sertifisert M\u00e5l:&nbsp;62\u00d747 cm. H\u00f8yde: 32 cm.&nbsp; [&hellip;]<\/p>\n","protected":false},"featured_media":44661,"comment_status":"closed","ping_status":"open","template":"","meta":{"_acf_changed":false},"product_brand":[826],"product_cat":[137,90,72,68,827,112],"product_tag":[1689],"class_list":{"0":"post-44659","1":"product","2":"type-product","3":"status-publish","4":"has-post-thumbnail","6":"product_brand-my-mini-home","7":"product_cat-bilverden","8":"product_cat-dyr","9":"product_cat-julegaver","10":"product_cat-leker","11":"product_cat-my-mini-home","12":"product_cat-treleker","13":"product_tag-bestillingsvaror","15":"first","16":"instock","17":"taxable","18":"shipping-taxable","19":"purchasable","20":"product-type-simple"},"acf":[],"yoast_head":"<!-- This site is optimized with the Yoast SEO Premium plugin v25.8 (Yoast SEO v27.2) - https:\/\/yoast.com\/product\/yoast-seo-premium-wordpress\/ -->\n<title>Mitt mini-ranch - Babylove Norska<\/title>\n<meta name=\"robots\" content=\"noindex, follow, max-snippet:-1, max-image-preview:large, max-video-preview:-1\" \/>\n<meta property=\"og:locale\" content=\"nb_NO\" \/>\n<meta property=\"og:type\" content=\"article\" \/>\n<meta property=\"og:title\" content=\"Mitt mini-ranch\" \/>\n<meta property=\"og:description\" content=\"Denne store h\u00e5ndlagde ranchen fra My Mini Home, rommer mange muligheter! Forvandl den til et stall for alle favoritfirbeinte venner! Eller kanskje en parkeringsgarasje for minibiler. Bare fantasien setter grenser! Laget uten spillvirke fra den sertifiserte kryssfiner og kan variere litt i nyanse. Info:&nbsp; Produsert for h\u00e5nd i Europa CE-sertifisert M\u00e5l:&nbsp;62\u00d747 cm. H\u00f8yde: 32 cm.&nbsp; [&hellip;]\" \/>\n<meta property=\"og:url\" content=\"https:\/\/babylove.se\/no\/produkt\/mitt-mini-ranch\/\" \/>\n<meta property=\"og:site_name\" content=\"Babylove Norska\" \/>\n<meta property=\"article:modified_time\" content=\"2026-04-08T11:49:15+00:00\" \/>\n<meta property=\"og:image\" content=\"https:\/\/babylove.se\/no\/wp-content\/uploads\/sites\/3\/2025\/07\/63369cf095ed3.webp\" \/>\n\t<meta property=\"og:image:width\" content=\"1000\" \/>\n\t<meta property=\"og:image:height\" content=\"845\" \/>\n\t<meta property=\"og:image:type\" content=\"image\/webp\" \/>\n<meta name=\"twitter:card\" content=\"summary_large_image\" \/>\n<meta name=\"twitter:label1\" content=\"Price\" \/>\n\t<meta name=\"twitter:data1\" content=\"1 999,00&nbsp;&#107;&#114;\" \/>\n\t<meta name=\"twitter:label2\" content=\"Availability\" \/>\n\t<meta name=\"twitter:data2\" content=\"In stock\" \/>\n<script type=\"application\/ld+json\" class=\"yoast-schema-graph\">{\"@context\":\"https:\/\/schema.org\",\"@graph\":[{\"@type\":\"WebPage\",\"@id\":\"https:\/\/babylove.se\/no\/produkt\/mitt-mini-ranch\/\",\"url\":\"https:\/\/babylove.se\/no\/produkt\/mitt-mini-ranch\/\",\"name\":\"Mitt mini-ranch - Babylove Norska\",\"isPartOf\":{\"@id\":\"https:\/\/babylove.se\/no\/#website\"},\"primaryImageOfPage\":{\"@id\":\"https:\/\/babylove.se\/no\/produkt\/mitt-mini-ranch\/#primaryimage\"},\"image\":{\"@id\":\"https:\/\/babylove.se\/no\/produkt\/mitt-mini-ranch\/#primaryimage\"},\"thumbnailUrl\":\"https:\/\/babylove.se\/no\/wp-content\/uploads\/sites\/3\/2025\/07\/63369cf095ed3.webp\",\"datePublished\":\"2025-07-19T08:55:59+00:00\",\"dateModified\":\"2026-04-08T11:49:15+00:00\",\"breadcrumb\":{\"@id\":\"https:\/\/babylove.se\/no\/produkt\/mitt-mini-ranch\/#breadcrumb\"},\"inLanguage\":\"nb-NO\",\"potentialAction\":[{\"@type\":\"ReadAction\",\"target\":[\"https:\/\/babylove.se\/no\/produkt\/mitt-mini-ranch\/\"]}]},{\"@type\":\"ImageObject\",\"inLanguage\":\"nb-NO\",\"@id\":\"https:\/\/babylove.se\/no\/produkt\/mitt-mini-ranch\/#primaryimage\",\"url\":\"https:\/\/babylove.se\/no\/wp-content\/uploads\/sites\/3\/2025\/07\/63369cf095ed3.webp\",\"contentUrl\":\"https:\/\/babylove.se\/no\/wp-content\/uploads\/sites\/3\/2025\/07\/63369cf095ed3.webp\",\"width\":1000,\"height\":845},{\"@type\":\"BreadcrumbList\",\"@id\":\"https:\/\/babylove.se\/no\/produkt\/mitt-mini-ranch\/#breadcrumb\",\"itemListElement\":[{\"@type\":\"ListItem\",\"position\":1,\"name\":\"Hem\",\"item\":\"https:\/\/babylove.se\/no\/\"},{\"@type\":\"ListItem\",\"position\":2,\"name\":\"Butik\",\"item\":\"https:\/\/babylove.se\/no\/butik\/\"},{\"@type\":\"ListItem\",\"position\":3,\"name\":\"Mitt mini-ranch\"}]},{\"@type\":\"WebSite\",\"@id\":\"https:\/\/babylove.se\/no\/#website\",\"url\":\"https:\/\/babylove.se\/no\/\",\"name\":\"Babylove Norska\",\"description\":\"\",\"potentialAction\":[{\"@type\":\"SearchAction\",\"target\":{\"@type\":\"EntryPoint\",\"urlTemplate\":\"https:\/\/babylove.se\/no\/?s={search_term_string}\"},\"query-input\":{\"@type\":\"PropertyValueSpecification\",\"valueRequired\":true,\"valueName\":\"search_term_string\"}}],\"inLanguage\":\"nb-NO\"}]}<\/script>\n<meta property=\"product:brand\" content=\"My mini home\" \/>\n<meta property=\"product:price:amount\" content=\"1999.00\" \/>\n<meta property=\"product:price:currency\" content=\"SEK\" \/>\n<meta property=\"og:availability\" content=\"instock\" \/>\n<meta property=\"product:availability\" content=\"instock\" \/>\n<meta property=\"product:retailer_item_id\" content=\"My Mini Ranch\" \/>\n<meta property=\"product:condition\" content=\"new\" \/>\n<!-- \/ Yoast SEO Premium plugin. -->","yoast_head_json":{"title":"Mitt mini-ranch - Babylove Norska","robots":{"index":"noindex","follow":"follow","max-snippet":"max-snippet:-1","max-image-preview":"max-image-preview:large","max-video-preview":"max-video-preview:-1"},"og_locale":"nb_NO","og_type":"article","og_title":"Mitt mini-ranch","og_description":"Denne store h\u00e5ndlagde ranchen fra My Mini Home, rommer mange muligheter! Forvandl den til et stall for alle favoritfirbeinte venner! Eller kanskje en parkeringsgarasje for minibiler. Bare fantasien setter grenser! Laget uten spillvirke fra den sertifiserte kryssfiner og kan variere litt i nyanse. Info:&nbsp; Produsert for h\u00e5nd i Europa CE-sertifisert M\u00e5l:&nbsp;62\u00d747 cm. H\u00f8yde: 32 cm.&nbsp; [&hellip;]","og_url":"https:\/\/babylove.se\/no\/produkt\/mitt-mini-ranch\/","og_site_name":"Babylove Norska","article_modified_time":"2026-04-08T11:49:15+00:00","og_image":[{"width":1000,"height":845,"url":"https:\/\/babylove.se\/no\/wp-content\/uploads\/sites\/3\/2025\/07\/63369cf095ed3.webp","type":"image\/webp"}],"twitter_card":"summary_large_image","twitter_misc":{"Price":"1 999,00&nbsp;&#107;&#114;","Availability":"In stock"},"schema":{"@context":"https:\/\/schema.org","@graph":[{"@type":"WebPage","@id":"https:\/\/babylove.se\/no\/produkt\/mitt-mini-ranch\/","url":"https:\/\/babylove.se\/no\/produkt\/mitt-mini-ranch\/","name":"Mitt mini-ranch - Babylove Norska","isPartOf":{"@id":"https:\/\/babylove.se\/no\/#website"},"primaryImageOfPage":{"@id":"https:\/\/babylove.se\/no\/produkt\/mitt-mini-ranch\/#primaryimage"},"image":{"@id":"https:\/\/babylove.se\/no\/produkt\/mitt-mini-ranch\/#primaryimage"},"thumbnailUrl":"https:\/\/babylove.se\/no\/wp-content\/uploads\/sites\/3\/2025\/07\/63369cf095ed3.webp","datePublished":"2025-07-19T08:55:59+00:00","dateModified":"2026-04-08T11:49:15+00:00","breadcrumb":{"@id":"https:\/\/babylove.se\/no\/produkt\/mitt-mini-ranch\/#breadcrumb"},"inLanguage":"nb-NO","potentialAction":[{"@type":"ReadAction","target":["https:\/\/babylove.se\/no\/produkt\/mitt-mini-ranch\/"]}]},{"@type":"ImageObject","inLanguage":"nb-NO","@id":"https:\/\/babylove.se\/no\/produkt\/mitt-mini-ranch\/#primaryimage","url":"https:\/\/babylove.se\/no\/wp-content\/uploads\/sites\/3\/2025\/07\/63369cf095ed3.webp","contentUrl":"https:\/\/babylove.se\/no\/wp-content\/uploads\/sites\/3\/2025\/07\/63369cf095ed3.webp","width":1000,"height":845},{"@type":"BreadcrumbList","@id":"https:\/\/babylove.se\/no\/produkt\/mitt-mini-ranch\/#breadcrumb","itemListElement":[{"@type":"ListItem","position":1,"name":"Hem","item":"https:\/\/babylove.se\/no\/"},{"@type":"ListItem","position":2,"name":"Butik","item":"https:\/\/babylove.se\/no\/butik\/"},{"@type":"ListItem","position":3,"name":"Mitt mini-ranch"}]},{"@type":"WebSite","@id":"https:\/\/babylove.se\/no\/#website","url":"https:\/\/babylove.se\/no\/","name":"Babylove Norska","description":"","potentialAction":[{"@type":"SearchAction","target":{"@type":"EntryPoint","urlTemplate":"https:\/\/babylove.se\/no\/?s={search_term_string}"},"query-input":{"@type":"PropertyValueSpecification","valueRequired":true,"valueName":"search_term_string"}}],"inLanguage":"nb-NO"}]},"product_brand":"My mini home","product_price_amount":"1999.00","product_price_currency":"SEK","og_availability":"instock","product_availability":"instock","product_retailer_item_id":"My Mini Ranch","product_condition":"new"},"_links":{"self":[{"href":"https:\/\/babylove.se\/no\/wp-json\/wp\/v2\/product\/44659","targetHints":{"allow":["GET"]}}],"collection":[{"href":"https:\/\/babylove.se\/no\/wp-json\/wp\/v2\/product"}],"about":[{"href":"https:\/\/babylove.se\/no\/wp-json\/wp\/v2\/types\/product"}],"replies":[{"embeddable":true,"href":"https:\/\/babylove.se\/no\/wp-json\/wp\/v2\/comments?post=44659"}],"wp:featuredmedia":[{"embeddable":true,"href":"https:\/\/babylove.se\/no\/wp-json\/wp\/v2\/media\/44661"}],"wp:attachment":[{"href":"https:\/\/babylove.se\/no\/wp-json\/wp\/v2\/media?parent=44659"}],"wp:term":[{"taxonomy":"product_brand","embeddable":true,"href":"https:\/\/babylove.se\/no\/wp-json\/wp\/v2\/product_brand?post=44659"},{"taxonomy":"product_cat","embeddable":true,"href":"https:\/\/babylove.se\/no\/wp-json\/wp\/v2\/product_cat?post=44659"},{"taxonomy":"product_tag","embeddable":true,"href":"https:\/\/babylove.se\/no\/wp-json\/wp\/v2\/product_tag?post=44659"}],"curies":[{"name":"wp","href":"https:\/\/api.w.org\/{rel}","templated":true}]}}