{"id":44667,"date":"2025-07-19T09:55:59","date_gmt":"2025-07-19T08:55:59","guid":{"rendered":"https:\/\/babylove.se\/produkt\/garderob-kladstang-hus-the-mini-dressing-room\/"},"modified":"2026-04-08T12:49:17","modified_gmt":"2026-04-08T11:49:17","slug":"garderobe-kleshenger-hus-the-mini-pakledningsrom","status":"publish","type":"product","link":"https:\/\/babylove.se\/no\/produkt\/garderobe-kleshenger-hus-the-mini-pakledningsrom\/","title":{"rendered":"Garderobe kleshenger hus, The Mini Dressing Room"},"content":{"rendered":"<p>The Mini Dressing Room er det perfekte klesskapet for alle barn som &#8220;kan selv&#8221;!<\/p>\n<p>Med en stabil h\u00f8yde p\u00e5 120 cm, f\u00e5r barnet en f\u00f8lelse av \u00e5 g\u00e5 inn i sitt kleshus og selv velge ut dagens antrekk eller hvorfor ikke bruke klesskapet som oppbevaring av ditt barns favorittleker? The Mini Dressing room best\u00e5r av en klestang og flere skohyller.<\/p>\n<p>Laget for h\u00e5nd av kryssfiner fra sertifiserte skogsomr\u00e5der.<\/p>\n<p><strong>Info:&nbsp;<\/strong><\/p>\n<ul>\n<li>Fargevalg: hvit, lysebl\u00e5, lilla, mint, vanilje, pudderrosa, perlegr\u00e5, beige og natur<\/li>\n<li>Produsert for h\u00e5nd i Europa<\/li>\n<li>CE-sertifisert<\/li>\n<\/ul>\n<p><strong>M\u00e5l<\/strong>:<\/p>\n<ul>\n<li>Bredde: 96 cm<\/li>\n<li>Dybde: 55 cm<\/li>\n<li>H\u00f8yde: 120 cm<\/li>\n<\/ul>\n<p>Designer:<span>&nbsp;<\/span><a href=\"https:\/\/babylove.se\/varumarken\/my-mini-home\">My Mini Home<\/a><\/p>\n<p><em>Obs! Spesialtilvirket vare, angrerett gjelder ikke.<\/em><\/p>\n","protected":false},"excerpt":{"rendered":"<p>The Mini Dressing Room er det perfekte klesskapet for alle barn som &#8220;kan selv&#8221;! Med en stabil h\u00f8yde p\u00e5 120 cm, f\u00e5r barnet en f\u00f8lelse av \u00e5 g\u00e5 inn i sitt kleshus og selv velge ut dagens antrekk eller hvorfor ikke bruke klesskapet som oppbevaring av ditt barns favorittleker? The Mini Dressing room best\u00e5r av [&hellip;]<\/p>\n","protected":false},"featured_media":44669,"comment_status":"closed","ping_status":"open","template":"","meta":{"_acf_changed":false},"product_brand":[826],"product_cat":[595,827],"product_tag":[1689],"class_list":{"0":"post-44667","1":"product","2":"type-product","3":"status-publish","4":"has-post-thumbnail","6":"product_brand-my-mini-home","7":"product_cat-garderobe","8":"product_cat-my-mini-home","9":"product_tag-bestillingsvaror","11":"first","12":"instock","13":"taxable","14":"shipping-taxable","15":"purchasable","16":"product-type-simple"},"acf":[],"yoast_head":"<!-- This site is optimized with the Yoast SEO Premium plugin v25.8 (Yoast SEO v27.2) - https:\/\/yoast.com\/product\/yoast-seo-premium-wordpress\/ -->\n<title>Garderobe kleshenger hus, The Mini Dressing Room - Babylove Norska<\/title>\n<meta name=\"robots\" content=\"noindex, follow, max-snippet:-1, max-image-preview:large, max-video-preview:-1\" \/>\n<meta property=\"og:locale\" content=\"nb_NO\" \/>\n<meta property=\"og:type\" content=\"article\" \/>\n<meta property=\"og:title\" content=\"Garderobe kleshenger hus, The Mini Dressing Room\" \/>\n<meta property=\"og:description\" content=\"The Mini Dressing Room er det perfekte klesskapet for alle barn som &#8220;kan selv&#8221;! Med en stabil h\u00f8yde p\u00e5 120 cm, f\u00e5r barnet en f\u00f8lelse av \u00e5 g\u00e5 inn i sitt kleshus og selv velge ut dagens antrekk eller hvorfor ikke bruke klesskapet som oppbevaring av ditt barns favorittleker? The Mini Dressing room best\u00e5r av [&hellip;]\" \/>\n<meta property=\"og:url\" content=\"https:\/\/babylove.se\/no\/produkt\/garderobe-kleshenger-hus-the-mini-pakledningsrom\/\" \/>\n<meta property=\"og:site_name\" content=\"Babylove Norska\" \/>\n<meta property=\"article:modified_time\" content=\"2026-04-08T11:49:17+00:00\" \/>\n<meta property=\"og:image\" content=\"https:\/\/babylove.se\/no\/wp-content\/uploads\/sites\/3\/2025\/07\/6336a13b211ea.webp\" \/>\n\t<meta property=\"og:image:width\" content=\"1000\" \/>\n\t<meta property=\"og:image:height\" content=\"1043\" \/>\n\t<meta property=\"og:image:type\" content=\"image\/webp\" \/>\n<meta name=\"twitter:card\" content=\"summary_large_image\" \/>\n<meta name=\"twitter:label1\" content=\"Price\" \/>\n\t<meta name=\"twitter:data1\" content=\"3 699,00&nbsp;&#107;&#114;\" \/>\n\t<meta name=\"twitter:label2\" content=\"Availability\" \/>\n\t<meta name=\"twitter:data2\" content=\"In stock\" \/>\n<script type=\"application\/ld+json\" class=\"yoast-schema-graph\">{\"@context\":\"https:\/\/schema.org\",\"@graph\":[{\"@type\":\"WebPage\",\"@id\":\"https:\/\/babylove.se\/no\/produkt\/garderobe-kleshenger-hus-the-mini-pakledningsrom\/\",\"url\":\"https:\/\/babylove.se\/no\/produkt\/garderobe-kleshenger-hus-the-mini-pakledningsrom\/\",\"name\":\"Garderobe kleshenger hus, The Mini Dressing Room - Babylove Norska\",\"isPartOf\":{\"@id\":\"https:\/\/babylove.se\/no\/#website\"},\"primaryImageOfPage\":{\"@id\":\"https:\/\/babylove.se\/no\/produkt\/garderobe-kleshenger-hus-the-mini-pakledningsrom\/#primaryimage\"},\"image\":{\"@id\":\"https:\/\/babylove.se\/no\/produkt\/garderobe-kleshenger-hus-the-mini-pakledningsrom\/#primaryimage\"},\"thumbnailUrl\":\"https:\/\/babylove.se\/no\/wp-content\/uploads\/sites\/3\/2025\/07\/6336a13b211ea.webp\",\"datePublished\":\"2025-07-19T08:55:59+00:00\",\"dateModified\":\"2026-04-08T11:49:17+00:00\",\"breadcrumb\":{\"@id\":\"https:\/\/babylove.se\/no\/produkt\/garderobe-kleshenger-hus-the-mini-pakledningsrom\/#breadcrumb\"},\"inLanguage\":\"nb-NO\",\"potentialAction\":[{\"@type\":\"ReadAction\",\"target\":[\"https:\/\/babylove.se\/no\/produkt\/garderobe-kleshenger-hus-the-mini-pakledningsrom\/\"]}]},{\"@type\":\"ImageObject\",\"inLanguage\":\"nb-NO\",\"@id\":\"https:\/\/babylove.se\/no\/produkt\/garderobe-kleshenger-hus-the-mini-pakledningsrom\/#primaryimage\",\"url\":\"https:\/\/babylove.se\/no\/wp-content\/uploads\/sites\/3\/2025\/07\/6336a13b211ea.webp\",\"contentUrl\":\"https:\/\/babylove.se\/no\/wp-content\/uploads\/sites\/3\/2025\/07\/6336a13b211ea.webp\",\"width\":1000,\"height\":1043},{\"@type\":\"BreadcrumbList\",\"@id\":\"https:\/\/babylove.se\/no\/produkt\/garderobe-kleshenger-hus-the-mini-pakledningsrom\/#breadcrumb\",\"itemListElement\":[{\"@type\":\"ListItem\",\"position\":1,\"name\":\"Hem\",\"item\":\"https:\/\/babylove.se\/no\/\"},{\"@type\":\"ListItem\",\"position\":2,\"name\":\"Butik\",\"item\":\"https:\/\/babylove.se\/no\/butik\/\"},{\"@type\":\"ListItem\",\"position\":3,\"name\":\"Garderobe kleshenger hus, The Mini Dressing Room\"}]},{\"@type\":\"WebSite\",\"@id\":\"https:\/\/babylove.se\/no\/#website\",\"url\":\"https:\/\/babylove.se\/no\/\",\"name\":\"Babylove Norska\",\"description\":\"\",\"potentialAction\":[{\"@type\":\"SearchAction\",\"target\":{\"@type\":\"EntryPoint\",\"urlTemplate\":\"https:\/\/babylove.se\/no\/?s={search_term_string}\"},\"query-input\":{\"@type\":\"PropertyValueSpecification\",\"valueRequired\":true,\"valueName\":\"search_term_string\"}}],\"inLanguage\":\"nb-NO\"}]}<\/script>\n<meta property=\"product:brand\" content=\"My mini home\" \/>\n<meta property=\"product:price:amount\" content=\"3699.00\" \/>\n<meta property=\"product:price:currency\" content=\"SEK\" \/>\n<meta property=\"og:availability\" content=\"instock\" \/>\n<meta property=\"product:availability\" content=\"instock\" \/>\n<meta property=\"product:retailer_item_id\" content=\"The Mini Dressing Room\" \/>\n<meta property=\"product:condition\" content=\"new\" \/>\n<!-- \/ Yoast SEO Premium plugin. -->","yoast_head_json":{"title":"Garderobe kleshenger hus, The Mini Dressing Room - Babylove Norska","robots":{"index":"noindex","follow":"follow","max-snippet":"max-snippet:-1","max-image-preview":"max-image-preview:large","max-video-preview":"max-video-preview:-1"},"og_locale":"nb_NO","og_type":"article","og_title":"Garderobe kleshenger hus, The Mini Dressing Room","og_description":"The Mini Dressing Room er det perfekte klesskapet for alle barn som &#8220;kan selv&#8221;! Med en stabil h\u00f8yde p\u00e5 120 cm, f\u00e5r barnet en f\u00f8lelse av \u00e5 g\u00e5 inn i sitt kleshus og selv velge ut dagens antrekk eller hvorfor ikke bruke klesskapet som oppbevaring av ditt barns favorittleker? The Mini Dressing room best\u00e5r av [&hellip;]","og_url":"https:\/\/babylove.se\/no\/produkt\/garderobe-kleshenger-hus-the-mini-pakledningsrom\/","og_site_name":"Babylove Norska","article_modified_time":"2026-04-08T11:49:17+00:00","og_image":[{"width":1000,"height":1043,"url":"https:\/\/babylove.se\/no\/wp-content\/uploads\/sites\/3\/2025\/07\/6336a13b211ea.webp","type":"image\/webp"}],"twitter_card":"summary_large_image","twitter_misc":{"Price":"3 699,00&nbsp;&#107;&#114;","Availability":"In stock"},"schema":{"@context":"https:\/\/schema.org","@graph":[{"@type":"WebPage","@id":"https:\/\/babylove.se\/no\/produkt\/garderobe-kleshenger-hus-the-mini-pakledningsrom\/","url":"https:\/\/babylove.se\/no\/produkt\/garderobe-kleshenger-hus-the-mini-pakledningsrom\/","name":"Garderobe kleshenger hus, The Mini Dressing Room - Babylove Norska","isPartOf":{"@id":"https:\/\/babylove.se\/no\/#website"},"primaryImageOfPage":{"@id":"https:\/\/babylove.se\/no\/produkt\/garderobe-kleshenger-hus-the-mini-pakledningsrom\/#primaryimage"},"image":{"@id":"https:\/\/babylove.se\/no\/produkt\/garderobe-kleshenger-hus-the-mini-pakledningsrom\/#primaryimage"},"thumbnailUrl":"https:\/\/babylove.se\/no\/wp-content\/uploads\/sites\/3\/2025\/07\/6336a13b211ea.webp","datePublished":"2025-07-19T08:55:59+00:00","dateModified":"2026-04-08T11:49:17+00:00","breadcrumb":{"@id":"https:\/\/babylove.se\/no\/produkt\/garderobe-kleshenger-hus-the-mini-pakledningsrom\/#breadcrumb"},"inLanguage":"nb-NO","potentialAction":[{"@type":"ReadAction","target":["https:\/\/babylove.se\/no\/produkt\/garderobe-kleshenger-hus-the-mini-pakledningsrom\/"]}]},{"@type":"ImageObject","inLanguage":"nb-NO","@id":"https:\/\/babylove.se\/no\/produkt\/garderobe-kleshenger-hus-the-mini-pakledningsrom\/#primaryimage","url":"https:\/\/babylove.se\/no\/wp-content\/uploads\/sites\/3\/2025\/07\/6336a13b211ea.webp","contentUrl":"https:\/\/babylove.se\/no\/wp-content\/uploads\/sites\/3\/2025\/07\/6336a13b211ea.webp","width":1000,"height":1043},{"@type":"BreadcrumbList","@id":"https:\/\/babylove.se\/no\/produkt\/garderobe-kleshenger-hus-the-mini-pakledningsrom\/#breadcrumb","itemListElement":[{"@type":"ListItem","position":1,"name":"Hem","item":"https:\/\/babylove.se\/no\/"},{"@type":"ListItem","position":2,"name":"Butik","item":"https:\/\/babylove.se\/no\/butik\/"},{"@type":"ListItem","position":3,"name":"Garderobe kleshenger hus, The Mini Dressing Room"}]},{"@type":"WebSite","@id":"https:\/\/babylove.se\/no\/#website","url":"https:\/\/babylove.se\/no\/","name":"Babylove Norska","description":"","potentialAction":[{"@type":"SearchAction","target":{"@type":"EntryPoint","urlTemplate":"https:\/\/babylove.se\/no\/?s={search_term_string}"},"query-input":{"@type":"PropertyValueSpecification","valueRequired":true,"valueName":"search_term_string"}}],"inLanguage":"nb-NO"}]},"product_brand":"My mini home","product_price_amount":"3699.00","product_price_currency":"SEK","og_availability":"instock","product_availability":"instock","product_retailer_item_id":"The Mini Dressing Room","product_condition":"new"},"_links":{"self":[{"href":"https:\/\/babylove.se\/no\/wp-json\/wp\/v2\/product\/44667","targetHints":{"allow":["GET"]}}],"collection":[{"href":"https:\/\/babylove.se\/no\/wp-json\/wp\/v2\/product"}],"about":[{"href":"https:\/\/babylove.se\/no\/wp-json\/wp\/v2\/types\/product"}],"replies":[{"embeddable":true,"href":"https:\/\/babylove.se\/no\/wp-json\/wp\/v2\/comments?post=44667"}],"wp:featuredmedia":[{"embeddable":true,"href":"https:\/\/babylove.se\/no\/wp-json\/wp\/v2\/media\/44669"}],"wp:attachment":[{"href":"https:\/\/babylove.se\/no\/wp-json\/wp\/v2\/media?parent=44667"}],"wp:term":[{"taxonomy":"product_brand","embeddable":true,"href":"https:\/\/babylove.se\/no\/wp-json\/wp\/v2\/product_brand?post=44667"},{"taxonomy":"product_cat","embeddable":true,"href":"https:\/\/babylove.se\/no\/wp-json\/wp\/v2\/product_cat?post=44667"},{"taxonomy":"product_tag","embeddable":true,"href":"https:\/\/babylove.se\/no\/wp-json\/wp\/v2\/product_tag?post=44667"}],"curies":[{"name":"wp","href":"https:\/\/api.w.org\/{rel}","templated":true}]}}