{"id":44689,"date":"2025-07-19T09:56:27","date_gmt":"2025-07-19T08:56:27","guid":{"rendered":"https:\/\/babylove.se\/produkt\/the-screen-skrivbord-och-rumsvdelare-2-i-1\/"},"modified":"2026-05-11T13:05:24","modified_gmt":"2026-05-11T12:05:24","slug":"the-screen-skrivebord-og-romdeler-2-i-1","status":"publish","type":"product","link":"https:\/\/babylove.se\/no\/produkt\/the-screen-skrivebord-og-romdeler-2-i-1\/","title":{"rendered":"The Screen ? skrivebord og romavdeler 2 i 1"},"content":{"rendered":"<p>Abra kadabra sim salabim!<\/p>\n<p>Dette magiske 2-i-1 m\u00f8belet fra My Mini Home er den perfekte detaljen p\u00e5 barnerommet.<\/p>\n<p>Med noen enkle trinn, helt uten verkt\u00f8y, kan det brukes som et skrivebord eller en romavdeler. Et unikt produkt med mange bruksomr\u00e5der som kan brukes i mange \u00e5r i takt med at barnets interesser endrer seg.<\/p>\n<p>Laget for h\u00e5nd av kryssfiner fra sertifiserte skogomr\u00e5der og malt i milj\u00f8vennlige giftfrie farger.&nbsp;<\/p>\n<p><strong>Info:&nbsp;<\/strong><\/p>\n<ul>\n<li>Fargevalg: hvit, lysebl\u00e5, lilla, mint, vanilje, pudderrosa, perlepr\u00e5, beige og natur<\/li>\n<li>Produsert for h\u00e5nd i Europa<\/li>\n<li>CE-sertifisert<\/li>\n<\/ul>\n<p><strong>M\u00e5l:<\/strong><\/p>\n<ul>\n<li>Bredde: 84 cm<\/li>\n<li>H\u00f8yde: 120 cm<\/li>\n<li>Dybde: 42 cm<\/li>\n<li>H\u00f8yde skrivebord: 49,5 cm<\/li>\n<\/ul>\n<p data-empty=\"true\">Designer: <a href=\"https:\/\/babylove.se\/varumarken\/my-mini-home\">My Mini Home<\/a><\/p>\n<p><em>Obs! Spesialtilvirket vare, angrerett gjelder ikke.<\/em><\/p>\n","protected":false},"excerpt":{"rendered":"<p>Abra kadabra sim salabim! Dette magiske 2-i-1 m\u00f8belet fra My Mini Home er den perfekte detaljen p\u00e5 barnerommet. Med noen enkle trinn, helt uten verkt\u00f8y, kan det brukes som et skrivebord eller en romavdeler. Et unikt produkt med mange bruksomr\u00e5der som kan brukes i mange \u00e5r i takt med at barnets interesser endrer seg. Laget [&hellip;]<\/p>\n","protected":false},"featured_media":44691,"comment_status":"closed","ping_status":"open","template":"","meta":{"_acf_changed":false},"product_brand":[826],"product_cat":[147,85,827,359],"product_tag":[1689],"class_list":{"0":"post-44689","1":"product","2":"type-product","3":"status-publish","4":"has-post-thumbnail","6":"product_brand-my-mini-home","7":"product_cat-back-to-school","8":"product_cat-bord","9":"product_cat-my-mini-home","10":"product_cat-skrivebord","11":"product_tag-bestillingsvaror","12":"pa_farg-beige","13":"pa_farg-vit","14":"pa_farg-lila","15":"pa_farg-ljusbla","16":"pa_farg-mint","17":"pa_farg-natur","18":"pa_farg-parlgra","19":"pa_farg-puderrosa","20":"pa_farg-vanilj","22":"first","23":"instock","24":"taxable","25":"shipping-taxable","26":"purchasable","27":"product-type-variable"},"acf":[],"yoast_head":"<!-- This site is optimized with the Yoast SEO Premium plugin v25.8 (Yoast SEO v27.2) - https:\/\/yoast.com\/product\/yoast-seo-premium-wordpress\/ -->\n<title>The Screen ? skrivebord og romavdeler 2 i 1 - Babylove Norska<\/title>\n<meta name=\"robots\" content=\"noindex, follow, max-snippet:-1, max-image-preview:large, max-video-preview:-1\" \/>\n<meta property=\"og:locale\" content=\"nb_NO\" \/>\n<meta property=\"og:type\" content=\"article\" \/>\n<meta property=\"og:title\" content=\"The Screen ? skrivebord og romavdeler 2 i 1\" \/>\n<meta property=\"og:description\" content=\"Abra kadabra sim salabim! Dette magiske 2-i-1 m\u00f8belet fra My Mini Home er den perfekte detaljen p\u00e5 barnerommet. Med noen enkle trinn, helt uten verkt\u00f8y, kan det brukes som et skrivebord eller en romavdeler. Et unikt produkt med mange bruksomr\u00e5der som kan brukes i mange \u00e5r i takt med at barnets interesser endrer seg. Laget [&hellip;]\" \/>\n<meta property=\"og:url\" content=\"https:\/\/babylove.se\/no\/produkt\/the-screen-skrivebord-og-romdeler-2-i-1\/\" \/>\n<meta property=\"og:site_name\" content=\"Babylove Norska\" \/>\n<meta property=\"article:modified_time\" content=\"2026-05-11T12:05:24+00:00\" \/>\n<meta property=\"og:image\" content=\"https:\/\/babylove.se\/no\/wp-content\/uploads\/sites\/3\/2025\/07\/6336ae1a9ac12.webp\" \/>\n\t<meta property=\"og:image:width\" content=\"500\" \/>\n\t<meta property=\"og:image:height\" content=\"500\" \/>\n\t<meta property=\"og:image:type\" content=\"image\/webp\" \/>\n<meta name=\"twitter:card\" content=\"summary_large_image\" \/>\n<meta name=\"twitter:label1\" content=\"Availability\" \/>\n\t<meta name=\"twitter:data1\" content=\"In stock\" \/>\n<script type=\"application\/ld+json\" class=\"yoast-schema-graph\">{\"@context\":\"https:\/\/schema.org\",\"@graph\":[{\"@type\":\"WebPage\",\"@id\":\"https:\/\/babylove.se\/no\/produkt\/the-screen-skrivebord-og-romdeler-2-i-1\/\",\"url\":\"https:\/\/babylove.se\/no\/produkt\/the-screen-skrivebord-og-romdeler-2-i-1\/\",\"name\":\"The Screen ? skrivebord og romavdeler 2 i 1 - Babylove Norska\",\"isPartOf\":{\"@id\":\"https:\/\/babylove.se\/no\/#website\"},\"primaryImageOfPage\":{\"@id\":\"https:\/\/babylove.se\/no\/produkt\/the-screen-skrivebord-og-romdeler-2-i-1\/#primaryimage\"},\"image\":{\"@id\":\"https:\/\/babylove.se\/no\/produkt\/the-screen-skrivebord-og-romdeler-2-i-1\/#primaryimage\"},\"thumbnailUrl\":\"https:\/\/babylove.se\/no\/wp-content\/uploads\/sites\/3\/2025\/07\/6336ae1a9ac12.webp\",\"datePublished\":\"2025-07-19T08:56:27+00:00\",\"dateModified\":\"2026-05-11T12:05:24+00:00\",\"breadcrumb\":{\"@id\":\"https:\/\/babylove.se\/no\/produkt\/the-screen-skrivebord-og-romdeler-2-i-1\/#breadcrumb\"},\"inLanguage\":\"nb-NO\",\"potentialAction\":[{\"@type\":\"ReadAction\",\"target\":[\"https:\/\/babylove.se\/no\/produkt\/the-screen-skrivebord-og-romdeler-2-i-1\/\"]}]},{\"@type\":\"ImageObject\",\"inLanguage\":\"nb-NO\",\"@id\":\"https:\/\/babylove.se\/no\/produkt\/the-screen-skrivebord-og-romdeler-2-i-1\/#primaryimage\",\"url\":\"https:\/\/babylove.se\/no\/wp-content\/uploads\/sites\/3\/2025\/07\/6336ae1a9ac12.webp\",\"contentUrl\":\"https:\/\/babylove.se\/no\/wp-content\/uploads\/sites\/3\/2025\/07\/6336ae1a9ac12.webp\",\"width\":500,\"height\":500},{\"@type\":\"BreadcrumbList\",\"@id\":\"https:\/\/babylove.se\/no\/produkt\/the-screen-skrivebord-og-romdeler-2-i-1\/#breadcrumb\",\"itemListElement\":[{\"@type\":\"ListItem\",\"position\":1,\"name\":\"Hem\",\"item\":\"https:\/\/babylove.se\/no\/\"},{\"@type\":\"ListItem\",\"position\":2,\"name\":\"Butik\",\"item\":\"https:\/\/babylove.se\/no\/butik\/\"},{\"@type\":\"ListItem\",\"position\":3,\"name\":\"The Screen ? skrivebord og romavdeler 2 i 1\"}]},{\"@type\":\"WebSite\",\"@id\":\"https:\/\/babylove.se\/no\/#website\",\"url\":\"https:\/\/babylove.se\/no\/\",\"name\":\"Babylove Norska\",\"description\":\"\",\"potentialAction\":[{\"@type\":\"SearchAction\",\"target\":{\"@type\":\"EntryPoint\",\"urlTemplate\":\"https:\/\/babylove.se\/no\/?s={search_term_string}\"},\"query-input\":{\"@type\":\"PropertyValueSpecification\",\"valueRequired\":true,\"valueName\":\"search_term_string\"}}],\"inLanguage\":\"nb-NO\"}]}<\/script>\n<meta property=\"product:brand\" content=\"My mini home\" \/>\n<meta property=\"og:availability\" content=\"instock\" \/>\n<meta property=\"product:availability\" content=\"instock\" \/>\n<meta property=\"product:retailer_item_id\" content=\"TheScreen2in1-Vit\" \/>\n<meta property=\"product:condition\" content=\"new\" \/>\n<!-- \/ Yoast SEO Premium plugin. -->","yoast_head_json":{"title":"The Screen ? skrivebord og romavdeler 2 i 1 - Babylove Norska","robots":{"index":"noindex","follow":"follow","max-snippet":"max-snippet:-1","max-image-preview":"max-image-preview:large","max-video-preview":"max-video-preview:-1"},"og_locale":"nb_NO","og_type":"article","og_title":"The Screen ? skrivebord og romavdeler 2 i 1","og_description":"Abra kadabra sim salabim! Dette magiske 2-i-1 m\u00f8belet fra My Mini Home er den perfekte detaljen p\u00e5 barnerommet. Med noen enkle trinn, helt uten verkt\u00f8y, kan det brukes som et skrivebord eller en romavdeler. Et unikt produkt med mange bruksomr\u00e5der som kan brukes i mange \u00e5r i takt med at barnets interesser endrer seg. Laget [&hellip;]","og_url":"https:\/\/babylove.se\/no\/produkt\/the-screen-skrivebord-og-romdeler-2-i-1\/","og_site_name":"Babylove Norska","article_modified_time":"2026-05-11T12:05:24+00:00","og_image":[{"width":500,"height":500,"url":"https:\/\/babylove.se\/no\/wp-content\/uploads\/sites\/3\/2025\/07\/6336ae1a9ac12.webp","type":"image\/webp"}],"twitter_card":"summary_large_image","twitter_misc":{"Availability":"In stock"},"schema":{"@context":"https:\/\/schema.org","@graph":[{"@type":"WebPage","@id":"https:\/\/babylove.se\/no\/produkt\/the-screen-skrivebord-og-romdeler-2-i-1\/","url":"https:\/\/babylove.se\/no\/produkt\/the-screen-skrivebord-og-romdeler-2-i-1\/","name":"The Screen ? skrivebord og romavdeler 2 i 1 - Babylove Norska","isPartOf":{"@id":"https:\/\/babylove.se\/no\/#website"},"primaryImageOfPage":{"@id":"https:\/\/babylove.se\/no\/produkt\/the-screen-skrivebord-og-romdeler-2-i-1\/#primaryimage"},"image":{"@id":"https:\/\/babylove.se\/no\/produkt\/the-screen-skrivebord-og-romdeler-2-i-1\/#primaryimage"},"thumbnailUrl":"https:\/\/babylove.se\/no\/wp-content\/uploads\/sites\/3\/2025\/07\/6336ae1a9ac12.webp","datePublished":"2025-07-19T08:56:27+00:00","dateModified":"2026-05-11T12:05:24+00:00","breadcrumb":{"@id":"https:\/\/babylove.se\/no\/produkt\/the-screen-skrivebord-og-romdeler-2-i-1\/#breadcrumb"},"inLanguage":"nb-NO","potentialAction":[{"@type":"ReadAction","target":["https:\/\/babylove.se\/no\/produkt\/the-screen-skrivebord-og-romdeler-2-i-1\/"]}]},{"@type":"ImageObject","inLanguage":"nb-NO","@id":"https:\/\/babylove.se\/no\/produkt\/the-screen-skrivebord-og-romdeler-2-i-1\/#primaryimage","url":"https:\/\/babylove.se\/no\/wp-content\/uploads\/sites\/3\/2025\/07\/6336ae1a9ac12.webp","contentUrl":"https:\/\/babylove.se\/no\/wp-content\/uploads\/sites\/3\/2025\/07\/6336ae1a9ac12.webp","width":500,"height":500},{"@type":"BreadcrumbList","@id":"https:\/\/babylove.se\/no\/produkt\/the-screen-skrivebord-og-romdeler-2-i-1\/#breadcrumb","itemListElement":[{"@type":"ListItem","position":1,"name":"Hem","item":"https:\/\/babylove.se\/no\/"},{"@type":"ListItem","position":2,"name":"Butik","item":"https:\/\/babylove.se\/no\/butik\/"},{"@type":"ListItem","position":3,"name":"The Screen ? skrivebord og romavdeler 2 i 1"}]},{"@type":"WebSite","@id":"https:\/\/babylove.se\/no\/#website","url":"https:\/\/babylove.se\/no\/","name":"Babylove Norska","description":"","potentialAction":[{"@type":"SearchAction","target":{"@type":"EntryPoint","urlTemplate":"https:\/\/babylove.se\/no\/?s={search_term_string}"},"query-input":{"@type":"PropertyValueSpecification","valueRequired":true,"valueName":"search_term_string"}}],"inLanguage":"nb-NO"}]},"product_brand":"My mini home","og_availability":"instock","product_availability":"instock","product_retailer_item_id":"TheScreen2in1-Vit","product_condition":"new"},"_links":{"self":[{"href":"https:\/\/babylove.se\/no\/wp-json\/wp\/v2\/product\/44689","targetHints":{"allow":["GET"]}}],"collection":[{"href":"https:\/\/babylove.se\/no\/wp-json\/wp\/v2\/product"}],"about":[{"href":"https:\/\/babylove.se\/no\/wp-json\/wp\/v2\/types\/product"}],"replies":[{"embeddable":true,"href":"https:\/\/babylove.se\/no\/wp-json\/wp\/v2\/comments?post=44689"}],"wp:featuredmedia":[{"embeddable":true,"href":"https:\/\/babylove.se\/no\/wp-json\/wp\/v2\/media\/44691"}],"wp:attachment":[{"href":"https:\/\/babylove.se\/no\/wp-json\/wp\/v2\/media?parent=44689"}],"wp:term":[{"taxonomy":"product_brand","embeddable":true,"href":"https:\/\/babylove.se\/no\/wp-json\/wp\/v2\/product_brand?post=44689"},{"taxonomy":"product_cat","embeddable":true,"href":"https:\/\/babylove.se\/no\/wp-json\/wp\/v2\/product_cat?post=44689"},{"taxonomy":"product_tag","embeddable":true,"href":"https:\/\/babylove.se\/no\/wp-json\/wp\/v2\/product_tag?post=44689"}],"curies":[{"name":"wp","href":"https:\/\/api.w.org\/{rel}","templated":true}]}}