{"id":4474,"date":"2025-07-18T20:22:44","date_gmt":"2025-07-18T19:22:44","guid":{"rendered":"https:\/\/babylove.se\/produkt\/poster-bunnys-butterflies-till-barnrummet-schmooks\/"},"modified":"2026-04-08T08:08:14","modified_gmt":"2026-04-08T07:08:14","slug":"plakater-kaniner-sommerfugler-til-barnerommet-schmooks","status":"publish","type":"product","link":"https:\/\/babylove.se\/no\/produkt\/plakater-kaniner-sommerfugler-til-barnerommet-schmooks\/","title":{"rendered":"Poster Bunny&#8217;s Butterflies, tavle til barnerommet, Schmooks"},"content":{"rendered":"<p><strong>Plakat &#8220;Bunny&#8217;s Butterflies&#8221;, tavle til barnerommet, Schmooks &nbsp;<\/strong><\/p>\n<p>Et sv\u00e6rt spesielt produkt! Schmooks nye \u00abLimited Edition Collection\u00bb som omfatter fem forskjellige kunstverk i bare 250 eksemplarer av hver, i hele verden. Hver enkelt tavle er trykket og deretter setter kunstneren p\u00e5 en del av ekte gull, noe som gj\u00f8r at hver tavle er helt unik.<\/p>\n<p>\u00abBunny&#8217;s Butterflies\u00bb med en h\u00e5ndlaget stjerne av ekte gull.&nbsp;<\/p>\n<p>Perfekt som gave ved d\u00e5p, bursdagen eller annen h\u00f8ytid.&nbsp;<\/p>\n<p><strong>M\u00e5l<\/strong>: Et ekstra stort kunstverk. Den trykte flaten er 42.0 x 59.4. Trykket kommer ikke med en hvit kant.<\/p>\n<p>Signert, Tittel, Nummerert og datert. P\u00e5 baksiden finnes et elegant segl av gull.<\/p>\n<p>Om designeren: Schmook har et bredt utvalg av tidl\u00f8se kunstverk som stimulerer din fantasi og gjenopplever barndommen med magiske landskap, spennende eventyr og de vakreste vesener du kan tenke deg. Schmooks fantastiske trykk er en perfekt detalj til barnerommet som skaper glede og fine minner. Profesjonell utf\u00f8relse med h\u00f8yeste kvalitet av papir og farger som ikke blekner. De er dessuten fargerike og har en underbart myk finish. Fraktes til deg med stor omhu, i r\u00f8r for \u00e5 bevare formen.&nbsp;<\/p>\n<p>Designer: <a href=\"https:\/\/babylove.se\/varumarken\/schmooks\"><u>Schmooks<\/u><\/a><\/p>\n","protected":false},"excerpt":{"rendered":"<p>Plakat &#8220;Bunny&#8217;s Butterflies&#8221;, tavle til barnerommet, Schmooks &nbsp; Et sv\u00e6rt spesielt produkt! Schmooks nye \u00abLimited Edition Collection\u00bb som omfatter fem forskjellige kunstverk i bare 250 eksemplarer av hver, i hele verden. Hver enkelt tavle er trykket og deretter setter kunstneren p\u00e5 en del av ekte gull, noe som gj\u00f8r at hver tavle er helt unik. [&hellip;]<\/p>\n","protected":false},"featured_media":4476,"comment_status":"closed","ping_status":"open","template":"","meta":{"_acf_changed":false},"product_brand":[254],"product_cat":[199,26,25,255,256],"product_tag":[],"class_list":{"0":"post-4474","1":"product","2":"type-product","3":"status-publish","4":"has-post-thumbnail","6":"product_brand-schmooks","7":"product_cat-blomstrete","8":"product_cat-kjop-produkter-som-ikke-bare-er-for-gutter","9":"product_cat-ikke-bare-jenter","10":"product_cat-plakater","11":"product_cat-schmooks","13":"first","14":"outofstock","15":"taxable","16":"shipping-taxable","17":"purchasable","18":"product-type-simple"},"acf":[],"yoast_head":"<!-- This site is optimized with the Yoast SEO Premium plugin v25.8 (Yoast SEO v27.2) - https:\/\/yoast.com\/product\/yoast-seo-premium-wordpress\/ -->\n<title>Poster Bunny&#039;s Butterflies, tavle til barnerommet, Schmooks - Babylove Norska<\/title>\n<meta name=\"description\" content=\"En mycket speciell Produkt! Varje enskild tavla \u00e4r tryckt och sedan s\u00e4tter konstn\u00e4ren dit en del av \u00e4kta guld, vilket g\u00f6r att varje tavla \u00e4r helt unik.\" \/>\n<meta name=\"robots\" content=\"noindex, follow, max-snippet:-1, max-image-preview:large, max-video-preview:-1\" \/>\n<meta property=\"og:locale\" content=\"nb_NO\" \/>\n<meta property=\"og:type\" content=\"article\" \/>\n<meta property=\"og:title\" content=\"Poster Bunny&#039;s Butterflies, tavle til barnerommet, Schmooks\" \/>\n<meta property=\"og:description\" content=\"En mycket speciell Produkt! Varje enskild tavla \u00e4r tryckt och sedan s\u00e4tter konstn\u00e4ren dit en del av \u00e4kta guld, vilket g\u00f6r att varje tavla \u00e4r helt unik.\" \/>\n<meta property=\"og:url\" content=\"https:\/\/babylove.se\/no\/produkt\/plakater-kaniner-sommerfugler-til-barnerommet-schmooks\/\" \/>\n<meta property=\"og:site_name\" content=\"Babylove Norska\" \/>\n<meta property=\"article:modified_time\" content=\"2026-04-08T07:08:14+00:00\" \/>\n<meta property=\"og:image\" content=\"https:\/\/babylove.se\/no\/wp-content\/uploads\/sites\/3\/2025\/07\/59bac5b700298.png\" \/>\n\t<meta property=\"og:image:width\" content=\"534\" \/>\n\t<meta property=\"og:image:height\" content=\"750\" \/>\n\t<meta property=\"og:image:type\" content=\"image\/png\" \/>\n<meta name=\"twitter:card\" content=\"summary_large_image\" \/>\n<meta name=\"twitter:label1\" content=\"Price\" \/>\n\t<meta name=\"twitter:data1\" content=\"599,00&nbsp;&#107;&#114;\" \/>\n\t<meta name=\"twitter:label2\" content=\"Availability\" \/>\n\t<meta name=\"twitter:data2\" content=\"Out of stock\" \/>\n<script type=\"application\/ld+json\" class=\"yoast-schema-graph\">{\"@context\":\"https:\/\/schema.org\",\"@graph\":[{\"@type\":\"WebPage\",\"@id\":\"https:\/\/babylove.se\/no\/produkt\/plakater-kaniner-sommerfugler-til-barnerommet-schmooks\/\",\"url\":\"https:\/\/babylove.se\/no\/produkt\/plakater-kaniner-sommerfugler-til-barnerommet-schmooks\/\",\"name\":\"Poster Bunny's Butterflies, tavle til barnerommet, Schmooks - Babylove Norska\",\"isPartOf\":{\"@id\":\"https:\/\/babylove.se\/no\/#website\"},\"primaryImageOfPage\":{\"@id\":\"https:\/\/babylove.se\/no\/produkt\/plakater-kaniner-sommerfugler-til-barnerommet-schmooks\/#primaryimage\"},\"image\":{\"@id\":\"https:\/\/babylove.se\/no\/produkt\/plakater-kaniner-sommerfugler-til-barnerommet-schmooks\/#primaryimage\"},\"thumbnailUrl\":\"https:\/\/babylove.se\/no\/wp-content\/uploads\/sites\/3\/2025\/07\/59bac5b700298.png\",\"datePublished\":\"2025-07-18T19:22:44+00:00\",\"dateModified\":\"2026-04-08T07:08:14+00:00\",\"description\":\"En mycket speciell Produkt! Varje enskild tavla \u00e4r tryckt och sedan s\u00e4tter konstn\u00e4ren dit en del av \u00e4kta guld, vilket g\u00f6r att varje tavla \u00e4r helt unik.\",\"breadcrumb\":{\"@id\":\"https:\/\/babylove.se\/no\/produkt\/plakater-kaniner-sommerfugler-til-barnerommet-schmooks\/#breadcrumb\"},\"inLanguage\":\"nb-NO\",\"potentialAction\":[{\"@type\":\"ReadAction\",\"target\":[\"https:\/\/babylove.se\/no\/produkt\/plakater-kaniner-sommerfugler-til-barnerommet-schmooks\/\"]}]},{\"@type\":\"ImageObject\",\"inLanguage\":\"nb-NO\",\"@id\":\"https:\/\/babylove.se\/no\/produkt\/plakater-kaniner-sommerfugler-til-barnerommet-schmooks\/#primaryimage\",\"url\":\"https:\/\/babylove.se\/no\/wp-content\/uploads\/sites\/3\/2025\/07\/59bac5b700298.png\",\"contentUrl\":\"https:\/\/babylove.se\/no\/wp-content\/uploads\/sites\/3\/2025\/07\/59bac5b700298.png\",\"width\":534,\"height\":750},{\"@type\":\"BreadcrumbList\",\"@id\":\"https:\/\/babylove.se\/no\/produkt\/plakater-kaniner-sommerfugler-til-barnerommet-schmooks\/#breadcrumb\",\"itemListElement\":[{\"@type\":\"ListItem\",\"position\":1,\"name\":\"Hem\",\"item\":\"https:\/\/babylove.se\/no\/\"},{\"@type\":\"ListItem\",\"position\":2,\"name\":\"Butik\",\"item\":\"https:\/\/babylove.se\/no\/butik\/\"},{\"@type\":\"ListItem\",\"position\":3,\"name\":\"Poster Bunny&#8217;s Butterflies, tavle til barnerommet, Schmooks\"}]},{\"@type\":\"WebSite\",\"@id\":\"https:\/\/babylove.se\/no\/#website\",\"url\":\"https:\/\/babylove.se\/no\/\",\"name\":\"Babylove Norska\",\"description\":\"\",\"potentialAction\":[{\"@type\":\"SearchAction\",\"target\":{\"@type\":\"EntryPoint\",\"urlTemplate\":\"https:\/\/babylove.se\/no\/?s={search_term_string}\"},\"query-input\":{\"@type\":\"PropertyValueSpecification\",\"valueRequired\":true,\"valueName\":\"search_term_string\"}}],\"inLanguage\":\"nb-NO\"}]}<\/script>\n<meta property=\"product:brand\" content=\"Schmooks\" \/>\n<meta property=\"product:price:amount\" content=\"599.00\" \/>\n<meta property=\"product:price:currency\" content=\"SEK\" \/>\n<meta property=\"og:availability\" content=\"out of stock\" \/>\n<meta property=\"product:availability\" content=\"out of stock\" \/>\n<meta property=\"product:retailer_item_id\" content=\"1410\" \/>\n<meta property=\"product:condition\" content=\"new\" \/>\n<!-- \/ Yoast SEO Premium plugin. -->","yoast_head_json":{"title":"Poster Bunny's Butterflies, tavle til barnerommet, Schmooks - Babylove Norska","description":"En mycket speciell Produkt! Varje enskild tavla \u00e4r tryckt och sedan s\u00e4tter konstn\u00e4ren dit en del av \u00e4kta guld, vilket g\u00f6r att varje tavla \u00e4r helt unik.","robots":{"index":"noindex","follow":"follow","max-snippet":"max-snippet:-1","max-image-preview":"max-image-preview:large","max-video-preview":"max-video-preview:-1"},"og_locale":"nb_NO","og_type":"article","og_title":"Poster Bunny's Butterflies, tavle til barnerommet, Schmooks","og_description":"En mycket speciell Produkt! Varje enskild tavla \u00e4r tryckt och sedan s\u00e4tter konstn\u00e4ren dit en del av \u00e4kta guld, vilket g\u00f6r att varje tavla \u00e4r helt unik.","og_url":"https:\/\/babylove.se\/no\/produkt\/plakater-kaniner-sommerfugler-til-barnerommet-schmooks\/","og_site_name":"Babylove Norska","article_modified_time":"2026-04-08T07:08:14+00:00","og_image":[{"width":534,"height":750,"url":"https:\/\/babylove.se\/no\/wp-content\/uploads\/sites\/3\/2025\/07\/59bac5b700298.png","type":"image\/png"}],"twitter_card":"summary_large_image","twitter_misc":{"Price":"599,00&nbsp;&#107;&#114;","Availability":"Out of stock"},"schema":{"@context":"https:\/\/schema.org","@graph":[{"@type":"WebPage","@id":"https:\/\/babylove.se\/no\/produkt\/plakater-kaniner-sommerfugler-til-barnerommet-schmooks\/","url":"https:\/\/babylove.se\/no\/produkt\/plakater-kaniner-sommerfugler-til-barnerommet-schmooks\/","name":"Poster Bunny's Butterflies, tavle til barnerommet, Schmooks - Babylove Norska","isPartOf":{"@id":"https:\/\/babylove.se\/no\/#website"},"primaryImageOfPage":{"@id":"https:\/\/babylove.se\/no\/produkt\/plakater-kaniner-sommerfugler-til-barnerommet-schmooks\/#primaryimage"},"image":{"@id":"https:\/\/babylove.se\/no\/produkt\/plakater-kaniner-sommerfugler-til-barnerommet-schmooks\/#primaryimage"},"thumbnailUrl":"https:\/\/babylove.se\/no\/wp-content\/uploads\/sites\/3\/2025\/07\/59bac5b700298.png","datePublished":"2025-07-18T19:22:44+00:00","dateModified":"2026-04-08T07:08:14+00:00","description":"En mycket speciell Produkt! Varje enskild tavla \u00e4r tryckt och sedan s\u00e4tter konstn\u00e4ren dit en del av \u00e4kta guld, vilket g\u00f6r att varje tavla \u00e4r helt unik.","breadcrumb":{"@id":"https:\/\/babylove.se\/no\/produkt\/plakater-kaniner-sommerfugler-til-barnerommet-schmooks\/#breadcrumb"},"inLanguage":"nb-NO","potentialAction":[{"@type":"ReadAction","target":["https:\/\/babylove.se\/no\/produkt\/plakater-kaniner-sommerfugler-til-barnerommet-schmooks\/"]}]},{"@type":"ImageObject","inLanguage":"nb-NO","@id":"https:\/\/babylove.se\/no\/produkt\/plakater-kaniner-sommerfugler-til-barnerommet-schmooks\/#primaryimage","url":"https:\/\/babylove.se\/no\/wp-content\/uploads\/sites\/3\/2025\/07\/59bac5b700298.png","contentUrl":"https:\/\/babylove.se\/no\/wp-content\/uploads\/sites\/3\/2025\/07\/59bac5b700298.png","width":534,"height":750},{"@type":"BreadcrumbList","@id":"https:\/\/babylove.se\/no\/produkt\/plakater-kaniner-sommerfugler-til-barnerommet-schmooks\/#breadcrumb","itemListElement":[{"@type":"ListItem","position":1,"name":"Hem","item":"https:\/\/babylove.se\/no\/"},{"@type":"ListItem","position":2,"name":"Butik","item":"https:\/\/babylove.se\/no\/butik\/"},{"@type":"ListItem","position":3,"name":"Poster Bunny&#8217;s Butterflies, tavle til barnerommet, Schmooks"}]},{"@type":"WebSite","@id":"https:\/\/babylove.se\/no\/#website","url":"https:\/\/babylove.se\/no\/","name":"Babylove Norska","description":"","potentialAction":[{"@type":"SearchAction","target":{"@type":"EntryPoint","urlTemplate":"https:\/\/babylove.se\/no\/?s={search_term_string}"},"query-input":{"@type":"PropertyValueSpecification","valueRequired":true,"valueName":"search_term_string"}}],"inLanguage":"nb-NO"}]},"product_brand":"Schmooks","product_price_amount":"599.00","product_price_currency":"SEK","og_availability":"out of stock","product_availability":"out of stock","product_retailer_item_id":"1410","product_condition":"new"},"_links":{"self":[{"href":"https:\/\/babylove.se\/no\/wp-json\/wp\/v2\/product\/4474","targetHints":{"allow":["GET"]}}],"collection":[{"href":"https:\/\/babylove.se\/no\/wp-json\/wp\/v2\/product"}],"about":[{"href":"https:\/\/babylove.se\/no\/wp-json\/wp\/v2\/types\/product"}],"replies":[{"embeddable":true,"href":"https:\/\/babylove.se\/no\/wp-json\/wp\/v2\/comments?post=4474"}],"wp:featuredmedia":[{"embeddable":true,"href":"https:\/\/babylove.se\/no\/wp-json\/wp\/v2\/media\/4476"}],"wp:attachment":[{"href":"https:\/\/babylove.se\/no\/wp-json\/wp\/v2\/media?parent=4474"}],"wp:term":[{"taxonomy":"product_brand","embeddable":true,"href":"https:\/\/babylove.se\/no\/wp-json\/wp\/v2\/product_brand?post=4474"},{"taxonomy":"product_cat","embeddable":true,"href":"https:\/\/babylove.se\/no\/wp-json\/wp\/v2\/product_cat?post=4474"},{"taxonomy":"product_tag","embeddable":true,"href":"https:\/\/babylove.se\/no\/wp-json\/wp\/v2\/product_tag?post=4474"}],"curies":[{"name":"wp","href":"https:\/\/api.w.org\/{rel}","templated":true}]}}