{"id":44785,"date":"2025-07-19T09:58:03","date_gmt":"2025-07-19T08:58:03","guid":{"rendered":"https:\/\/babylove.se\/produkt\/minikok-med-leksakskok-och-kokso\/"},"modified":"2026-04-08T12:49:38","modified_gmt":"2026-04-08T11:49:38","slug":"minikjokken-med-lekekjokken-og-kjokkenoy","status":"publish","type":"product","link":"https:\/\/babylove.se\/no\/produkt\/minikjokken-med-lekekjokken-og-kjokkenoy\/","title":{"rendered":"Minikj\u00f8kken med lekekj\u00f8kken og kj\u00f8kken\u00f8y"},"content":{"rendered":"<p>Dette store h\u00e5ndlagde minikj\u00f8kkenet med lekekj\u00f8kken og kj\u00f8kken\u00f8y fra My Mini Home, rommer mange muligheter!<\/p>\n<p>Aldri f\u00f8r har det v\u00e6rt enklere \u00e5 p\u00e5 en sikker (og stilsikker) m\u00e5te la stjernekokkenem ta plass i kj\u00f8kkenet!<\/p>\n<p>Inneholder alt som en kommende mesterkok trenger i sitt kj\u00f8kken:<\/p>\n<ul>\n<li>komfyr med 3 plater<\/li>\n<li>oppvaskkum<\/li>\n<li>oppbevaringsskap&nbsp;<\/li>\n<li>oppbevaringshylle<\/li>\n<li>tre plikkgryter<\/li>\n<li>kjevle<\/li>\n<li>morter<\/li>\n<li>tregaffel og kniv<\/li>\n<li>honningdipper<\/li>\n<li>eske med kritter<\/li>\n<\/ul>\n<p>P\u00e5 sideveggen kan man enkelt henge opp de fine kj\u00f8kkenredskapene i de medf\u00f8lgende plikkgrytene. L\u00e5rene kan \u00e5pnes for smidig oppbevaring. Etter at maten er ferdig er det bare \u00e5 vaske opp disken i vasken. Bon app\u00e9tit!<\/p>\n<p><strong>Info:&nbsp;<\/strong><\/p>\n<ul>\n<li>Fargevalg: hvit, lysebl\u00e5, lilla, mint, vanilje, pudderrosa, perlegr\u00e5, beige og natur<\/li>\n<li>Laget for h\u00e5nd i Europa<\/li>\n<li>CE-sertifisert<\/li>\n<\/ul>\n<p><strong>M\u00e5l kj\u00f8kken:<\/strong><\/p>\n<ul>\n<li><span>H\u00f8yde total: 100<\/span> cm<\/li>\n<li>H\u00f8yde bordplate: 50 cm<\/li>\n<li>Bredde: 65 cm<\/li>\n<li>Dybde: 31,5 cm<\/li>\n<\/ul>\n<p><strong>M\u00e5l kj\u00f8kken\u00f8y:<\/strong><\/p>\n<ul type=\"disc\">\n<li>H\u00f8yde total: 100 cm<\/li>\n<li>H\u00f8yde bordplate: 50 cm<\/li>\n<li>Bredde: 55 cm<\/li>\n<li>Dybde: 59 cm<\/li>\n<\/ul>\n<p>Designer: <a href=\"https:\/\/babylove.se\/varumarken\/my-mini-home\">My Mini Home<\/a><\/p>\n<p><em>Obs! Knapper kan ha en annen farge enn p\u00e5 bildet! Stolen f\u00f8lger ikke med!<\/em><\/p>\n<p><em>Obs! Spesialtilvirket vare, angrerett gjelder ikke.<\/em><\/p>\n","protected":false},"excerpt":{"rendered":"<p>Dette store h\u00e5ndlagde minikj\u00f8kkenet med lekekj\u00f8kken og kj\u00f8kken\u00f8y fra My Mini Home, rommer mange muligheter! Aldri f\u00f8r har det v\u00e6rt enklere \u00e5 p\u00e5 en sikker (og stilsikker) m\u00e5te la stjernekokkenem ta plass i kj\u00f8kkenet! Inneholder alt som en kommende mesterkok trenger i sitt kj\u00f8kken: komfyr med 3 plater oppvaskkum oppbevaringsskap&nbsp; oppbevaringshylle tre plikkgryter kjevle morter [&hellip;]<\/p>\n","protected":false},"featured_media":44787,"comment_status":"closed","ping_status":"open","template":"","meta":{"_acf_changed":false},"product_brand":[826],"product_cat":[1774,253,68,827,112],"product_tag":[1689],"class_list":{"0":"post-44785","1":"product","2":"type-product","3":"status-publish","4":"has-post-thumbnail","6":"product_brand-my-mini-home","7":"product_cat-late-leker","8":"product_cat-lekemat-kjokken","9":"product_cat-leker","10":"product_cat-my-mini-home","11":"product_cat-treleker","12":"product_tag-bestillingsvaror","13":"pa_farg-beige","14":"pa_farg-vit","15":"pa_farg-lila","16":"pa_farg-ljusbla","17":"pa_farg-mint","18":"pa_farg-natur","19":"pa_farg-parlgra","20":"pa_farg-puderrosa","21":"pa_farg-vanilj","23":"first","24":"instock","25":"taxable","26":"shipping-taxable","27":"purchasable","28":"product-type-variable"},"acf":[],"yoast_head":"<!-- This site is optimized with the Yoast SEO Premium plugin v25.8 (Yoast SEO v27.2) - https:\/\/yoast.com\/product\/yoast-seo-premium-wordpress\/ -->\n<title>Minikj\u00f8kken med lekekj\u00f8kken og kj\u00f8kken\u00f8y - Babylove Norska<\/title>\n<meta name=\"robots\" content=\"noindex, follow, max-snippet:-1, max-image-preview:large, max-video-preview:-1\" \/>\n<meta property=\"og:locale\" content=\"nb_NO\" \/>\n<meta property=\"og:type\" content=\"article\" \/>\n<meta property=\"og:title\" content=\"Minikj\u00f8kken med lekekj\u00f8kken og kj\u00f8kken\u00f8y\" \/>\n<meta property=\"og:description\" content=\"Dette store h\u00e5ndlagde minikj\u00f8kkenet med lekekj\u00f8kken og kj\u00f8kken\u00f8y fra My Mini Home, rommer mange muligheter! Aldri f\u00f8r har det v\u00e6rt enklere \u00e5 p\u00e5 en sikker (og stilsikker) m\u00e5te la stjernekokkenem ta plass i kj\u00f8kkenet! Inneholder alt som en kommende mesterkok trenger i sitt kj\u00f8kken: komfyr med 3 plater oppvaskkum oppbevaringsskap&nbsp; oppbevaringshylle tre plikkgryter kjevle morter [&hellip;]\" \/>\n<meta property=\"og:url\" content=\"https:\/\/babylove.se\/no\/produkt\/minikjokken-med-lekekjokken-og-kjokkenoy\/\" \/>\n<meta property=\"og:site_name\" content=\"Babylove Norska\" \/>\n<meta property=\"article:modified_time\" content=\"2026-04-08T11:49:38+00:00\" \/>\n<meta property=\"og:image\" content=\"https:\/\/babylove.se\/no\/wp-content\/uploads\/sites\/3\/2025\/07\/633a89d77f946.jpeg\" \/>\n\t<meta property=\"og:image:width\" content=\"751\" \/>\n\t<meta property=\"og:image:height\" content=\"536\" \/>\n\t<meta property=\"og:image:type\" content=\"image\/jpeg\" \/>\n<meta name=\"twitter:card\" content=\"summary_large_image\" \/>\n<meta name=\"twitter:label1\" content=\"Availability\" \/>\n\t<meta name=\"twitter:data1\" content=\"In stock\" \/>\n<script type=\"application\/ld+json\" class=\"yoast-schema-graph\">{\"@context\":\"https:\/\/schema.org\",\"@graph\":[{\"@type\":\"WebPage\",\"@id\":\"https:\/\/babylove.se\/no\/produkt\/minikjokken-med-lekekjokken-og-kjokkenoy\/\",\"url\":\"https:\/\/babylove.se\/no\/produkt\/minikjokken-med-lekekjokken-og-kjokkenoy\/\",\"name\":\"Minikj\u00f8kken med lekekj\u00f8kken og kj\u00f8kken\u00f8y - Babylove Norska\",\"isPartOf\":{\"@id\":\"https:\/\/babylove.se\/no\/#website\"},\"primaryImageOfPage\":{\"@id\":\"https:\/\/babylove.se\/no\/produkt\/minikjokken-med-lekekjokken-og-kjokkenoy\/#primaryimage\"},\"image\":{\"@id\":\"https:\/\/babylove.se\/no\/produkt\/minikjokken-med-lekekjokken-og-kjokkenoy\/#primaryimage\"},\"thumbnailUrl\":\"https:\/\/babylove.se\/no\/wp-content\/uploads\/sites\/3\/2025\/07\/633a89d77f946.jpeg\",\"datePublished\":\"2025-07-19T08:58:03+00:00\",\"dateModified\":\"2026-04-08T11:49:38+00:00\",\"breadcrumb\":{\"@id\":\"https:\/\/babylove.se\/no\/produkt\/minikjokken-med-lekekjokken-og-kjokkenoy\/#breadcrumb\"},\"inLanguage\":\"nb-NO\",\"potentialAction\":[{\"@type\":\"ReadAction\",\"target\":[\"https:\/\/babylove.se\/no\/produkt\/minikjokken-med-lekekjokken-og-kjokkenoy\/\"]}]},{\"@type\":\"ImageObject\",\"inLanguage\":\"nb-NO\",\"@id\":\"https:\/\/babylove.se\/no\/produkt\/minikjokken-med-lekekjokken-og-kjokkenoy\/#primaryimage\",\"url\":\"https:\/\/babylove.se\/no\/wp-content\/uploads\/sites\/3\/2025\/07\/633a89d77f946.jpeg\",\"contentUrl\":\"https:\/\/babylove.se\/no\/wp-content\/uploads\/sites\/3\/2025\/07\/633a89d77f946.jpeg\",\"width\":751,\"height\":536},{\"@type\":\"BreadcrumbList\",\"@id\":\"https:\/\/babylove.se\/no\/produkt\/minikjokken-med-lekekjokken-og-kjokkenoy\/#breadcrumb\",\"itemListElement\":[{\"@type\":\"ListItem\",\"position\":1,\"name\":\"Hem\",\"item\":\"https:\/\/babylove.se\/no\/\"},{\"@type\":\"ListItem\",\"position\":2,\"name\":\"Butik\",\"item\":\"https:\/\/babylove.se\/no\/butik\/\"},{\"@type\":\"ListItem\",\"position\":3,\"name\":\"Minikj\u00f8kken med lekekj\u00f8kken og kj\u00f8kken\u00f8y\"}]},{\"@type\":\"WebSite\",\"@id\":\"https:\/\/babylove.se\/no\/#website\",\"url\":\"https:\/\/babylove.se\/no\/\",\"name\":\"Babylove Norska\",\"description\":\"\",\"potentialAction\":[{\"@type\":\"SearchAction\",\"target\":{\"@type\":\"EntryPoint\",\"urlTemplate\":\"https:\/\/babylove.se\/no\/?s={search_term_string}\"},\"query-input\":{\"@type\":\"PropertyValueSpecification\",\"valueRequired\":true,\"valueName\":\"search_term_string\"}}],\"inLanguage\":\"nb-NO\"}]}<\/script>\n<meta property=\"product:brand\" content=\"My mini home\" \/>\n<meta property=\"og:availability\" content=\"instock\" \/>\n<meta property=\"product:availability\" content=\"instock\" \/>\n<meta property=\"product:retailer_item_id\" content=\"Leksaksk\u00f6kmed\u00f6-Vit\" \/>\n<meta property=\"product:condition\" content=\"new\" \/>\n<!-- \/ Yoast SEO Premium plugin. -->","yoast_head_json":{"title":"Minikj\u00f8kken med lekekj\u00f8kken og kj\u00f8kken\u00f8y - Babylove Norska","robots":{"index":"noindex","follow":"follow","max-snippet":"max-snippet:-1","max-image-preview":"max-image-preview:large","max-video-preview":"max-video-preview:-1"},"og_locale":"nb_NO","og_type":"article","og_title":"Minikj\u00f8kken med lekekj\u00f8kken og kj\u00f8kken\u00f8y","og_description":"Dette store h\u00e5ndlagde minikj\u00f8kkenet med lekekj\u00f8kken og kj\u00f8kken\u00f8y fra My Mini Home, rommer mange muligheter! Aldri f\u00f8r har det v\u00e6rt enklere \u00e5 p\u00e5 en sikker (og stilsikker) m\u00e5te la stjernekokkenem ta plass i kj\u00f8kkenet! Inneholder alt som en kommende mesterkok trenger i sitt kj\u00f8kken: komfyr med 3 plater oppvaskkum oppbevaringsskap&nbsp; oppbevaringshylle tre plikkgryter kjevle morter [&hellip;]","og_url":"https:\/\/babylove.se\/no\/produkt\/minikjokken-med-lekekjokken-og-kjokkenoy\/","og_site_name":"Babylove Norska","article_modified_time":"2026-04-08T11:49:38+00:00","og_image":[{"width":751,"height":536,"url":"https:\/\/babylove.se\/no\/wp-content\/uploads\/sites\/3\/2025\/07\/633a89d77f946.jpeg","type":"image\/jpeg"}],"twitter_card":"summary_large_image","twitter_misc":{"Availability":"In stock"},"schema":{"@context":"https:\/\/schema.org","@graph":[{"@type":"WebPage","@id":"https:\/\/babylove.se\/no\/produkt\/minikjokken-med-lekekjokken-og-kjokkenoy\/","url":"https:\/\/babylove.se\/no\/produkt\/minikjokken-med-lekekjokken-og-kjokkenoy\/","name":"Minikj\u00f8kken med lekekj\u00f8kken og kj\u00f8kken\u00f8y - Babylove Norska","isPartOf":{"@id":"https:\/\/babylove.se\/no\/#website"},"primaryImageOfPage":{"@id":"https:\/\/babylove.se\/no\/produkt\/minikjokken-med-lekekjokken-og-kjokkenoy\/#primaryimage"},"image":{"@id":"https:\/\/babylove.se\/no\/produkt\/minikjokken-med-lekekjokken-og-kjokkenoy\/#primaryimage"},"thumbnailUrl":"https:\/\/babylove.se\/no\/wp-content\/uploads\/sites\/3\/2025\/07\/633a89d77f946.jpeg","datePublished":"2025-07-19T08:58:03+00:00","dateModified":"2026-04-08T11:49:38+00:00","breadcrumb":{"@id":"https:\/\/babylove.se\/no\/produkt\/minikjokken-med-lekekjokken-og-kjokkenoy\/#breadcrumb"},"inLanguage":"nb-NO","potentialAction":[{"@type":"ReadAction","target":["https:\/\/babylove.se\/no\/produkt\/minikjokken-med-lekekjokken-og-kjokkenoy\/"]}]},{"@type":"ImageObject","inLanguage":"nb-NO","@id":"https:\/\/babylove.se\/no\/produkt\/minikjokken-med-lekekjokken-og-kjokkenoy\/#primaryimage","url":"https:\/\/babylove.se\/no\/wp-content\/uploads\/sites\/3\/2025\/07\/633a89d77f946.jpeg","contentUrl":"https:\/\/babylove.se\/no\/wp-content\/uploads\/sites\/3\/2025\/07\/633a89d77f946.jpeg","width":751,"height":536},{"@type":"BreadcrumbList","@id":"https:\/\/babylove.se\/no\/produkt\/minikjokken-med-lekekjokken-og-kjokkenoy\/#breadcrumb","itemListElement":[{"@type":"ListItem","position":1,"name":"Hem","item":"https:\/\/babylove.se\/no\/"},{"@type":"ListItem","position":2,"name":"Butik","item":"https:\/\/babylove.se\/no\/butik\/"},{"@type":"ListItem","position":3,"name":"Minikj\u00f8kken med lekekj\u00f8kken og kj\u00f8kken\u00f8y"}]},{"@type":"WebSite","@id":"https:\/\/babylove.se\/no\/#website","url":"https:\/\/babylove.se\/no\/","name":"Babylove Norska","description":"","potentialAction":[{"@type":"SearchAction","target":{"@type":"EntryPoint","urlTemplate":"https:\/\/babylove.se\/no\/?s={search_term_string}"},"query-input":{"@type":"PropertyValueSpecification","valueRequired":true,"valueName":"search_term_string"}}],"inLanguage":"nb-NO"}]},"product_brand":"My mini home","og_availability":"instock","product_availability":"instock","product_retailer_item_id":"Leksaksk\u00f6kmed\u00f6-Vit","product_condition":"new"},"_links":{"self":[{"href":"https:\/\/babylove.se\/no\/wp-json\/wp\/v2\/product\/44785","targetHints":{"allow":["GET"]}}],"collection":[{"href":"https:\/\/babylove.se\/no\/wp-json\/wp\/v2\/product"}],"about":[{"href":"https:\/\/babylove.se\/no\/wp-json\/wp\/v2\/types\/product"}],"replies":[{"embeddable":true,"href":"https:\/\/babylove.se\/no\/wp-json\/wp\/v2\/comments?post=44785"}],"wp:featuredmedia":[{"embeddable":true,"href":"https:\/\/babylove.se\/no\/wp-json\/wp\/v2\/media\/44787"}],"wp:attachment":[{"href":"https:\/\/babylove.se\/no\/wp-json\/wp\/v2\/media?parent=44785"}],"wp:term":[{"taxonomy":"product_brand","embeddable":true,"href":"https:\/\/babylove.se\/no\/wp-json\/wp\/v2\/product_brand?post=44785"},{"taxonomy":"product_cat","embeddable":true,"href":"https:\/\/babylove.se\/no\/wp-json\/wp\/v2\/product_cat?post=44785"},{"taxonomy":"product_tag","embeddable":true,"href":"https:\/\/babylove.se\/no\/wp-json\/wp\/v2\/product_tag?post=44785"}],"curies":[{"name":"wp","href":"https:\/\/api.w.org\/{rel}","templated":true}]}}