{"id":44807,"date":"2025-07-19T09:58:27","date_gmt":"2025-07-19T08:58:27","guid":{"rendered":"https:\/\/babylove.se\/produkt\/kokso-med-griffeltavla\/"},"modified":"2026-04-08T12:49:41","modified_gmt":"2026-04-08T11:49:41","slug":"kokso-med-griffeltavle","status":"publish","type":"product","link":"https:\/\/babylove.se\/no\/produkt\/kokso-med-griffeltavle\/","title":{"rendered":"Kj\u00f8kken\u00f8y med skifertavle"},"content":{"rendered":"<p>Denne store h\u00e5ndlagde kj\u00f8kken\u00f8ya fra My Mini Home, rommer mange muligheter!<\/p>\n<p>Aldri f\u00f8r har det v\u00e6rt enklere \u00e5 p\u00e5 en trygg (og stilsikker) m\u00e5te la stjernekokker ta plass i kj\u00f8kkenet! Kj\u00f8kken\u00f8ya er laget med stor omhu. En fin detalj er tavla hvor barnet kan skrive hva som kommer til \u00e5 serveres til middag. Bon app\u00e9tit!<\/p>\n<p><strong>Info:&nbsp;<\/strong><\/p>\n<ul>\n<li>Fargevalg: hvit, lysebl\u00e5, lilla, mint, vanilje, pudderrosa, peregr\u00e5, beige og natur<\/li>\n<li>Produsert for h\u00e5nd i Europa<\/li>\n<li>CE-sertifisert<\/li>\n<\/ul>\n<p><strong>M\u00e5l:<\/strong><\/p>\n<ul>\n<li>H\u00f8yde total: 100 cm<\/li>\n<li>H\u00f8yde bordplate: 50 cm<\/li>\n<li>Bredde: 55 cm<\/li>\n<li>Dybde: 59 cm<\/li>\n<\/ul>\n<p>Designer: <a href=\"https:\/\/babylove.se\/varumarken\/my-mini-home\">My Mini Home<\/a><\/p>\n<p><em>Obs! Lekekj\u00f8kkenet og <em>stolen f\u00f8lger ikke med!<\/em><\/em><\/p>\n<p><em>Obs! Spesialtilvirket vare, angrerett gjelder ikke.<\/em><\/p>\n","protected":false},"excerpt":{"rendered":"<p>Denne store h\u00e5ndlagde kj\u00f8kken\u00f8ya fra My Mini Home, rommer mange muligheter! Aldri f\u00f8r har det v\u00e6rt enklere \u00e5 p\u00e5 en trygg (og stilsikker) m\u00e5te la stjernekokker ta plass i kj\u00f8kkenet! Kj\u00f8kken\u00f8ya er laget med stor omhu. En fin detalj er tavla hvor barnet kan skrive hva som kommer til \u00e5 serveres til middag. Bon app\u00e9tit! [&hellip;]<\/p>\n","protected":false},"featured_media":44809,"comment_status":"closed","ping_status":"open","template":"","meta":{"_acf_changed":false},"product_brand":[826],"product_cat":[1774,253,68,827,112],"product_tag":[1689],"class_list":{"0":"post-44807","1":"product","2":"type-product","3":"status-publish","4":"has-post-thumbnail","6":"product_brand-my-mini-home","7":"product_cat-late-leker","8":"product_cat-lekemat-kjokken","9":"product_cat-leker","10":"product_cat-my-mini-home","11":"product_cat-treleker","12":"product_tag-bestillingsvaror","13":"pa_farg-beige","14":"pa_farg-vit","15":"pa_farg-lila","16":"pa_farg-ljusbla","17":"pa_farg-mint","18":"pa_farg-natur","19":"pa_farg-parlgra","20":"pa_farg-puderrosa","21":"pa_farg-vanilj","23":"first","24":"instock","25":"taxable","26":"shipping-taxable","27":"purchasable","28":"product-type-variable"},"acf":[],"yoast_head":"<!-- This site is optimized with the Yoast SEO Premium plugin v25.8 (Yoast SEO v27.2) - https:\/\/yoast.com\/product\/yoast-seo-premium-wordpress\/ -->\n<title>Kj\u00f8kken\u00f8y med skifertavle - Babylove Norska<\/title>\n<meta name=\"robots\" content=\"noindex, follow, max-snippet:-1, max-image-preview:large, max-video-preview:-1\" \/>\n<meta property=\"og:locale\" content=\"nb_NO\" \/>\n<meta property=\"og:type\" content=\"article\" \/>\n<meta property=\"og:title\" content=\"Kj\u00f8kken\u00f8y med skifertavle\" \/>\n<meta property=\"og:description\" content=\"Denne store h\u00e5ndlagde kj\u00f8kken\u00f8ya fra My Mini Home, rommer mange muligheter! Aldri f\u00f8r har det v\u00e6rt enklere \u00e5 p\u00e5 en trygg (og stilsikker) m\u00e5te la stjernekokker ta plass i kj\u00f8kkenet! Kj\u00f8kken\u00f8ya er laget med stor omhu. En fin detalj er tavla hvor barnet kan skrive hva som kommer til \u00e5 serveres til middag. Bon app\u00e9tit! [&hellip;]\" \/>\n<meta property=\"og:url\" content=\"https:\/\/babylove.se\/no\/produkt\/kokso-med-griffeltavle\/\" \/>\n<meta property=\"og:site_name\" content=\"Babylove Norska\" \/>\n<meta property=\"article:modified_time\" content=\"2026-04-08T11:49:41+00:00\" \/>\n<meta property=\"og:image\" content=\"https:\/\/babylove.se\/no\/wp-content\/uploads\/sites\/3\/2025\/07\/633a8e18d2383.jpeg\" \/>\n\t<meta property=\"og:image:width\" content=\"680\" \/>\n\t<meta property=\"og:image:height\" content=\"826\" \/>\n\t<meta property=\"og:image:type\" content=\"image\/jpeg\" \/>\n<meta name=\"twitter:card\" content=\"summary_large_image\" \/>\n<meta name=\"twitter:label1\" content=\"Availability\" \/>\n\t<meta name=\"twitter:data1\" content=\"In stock\" \/>\n<script type=\"application\/ld+json\" class=\"yoast-schema-graph\">{\"@context\":\"https:\/\/schema.org\",\"@graph\":[{\"@type\":\"WebPage\",\"@id\":\"https:\/\/babylove.se\/no\/produkt\/kokso-med-griffeltavle\/\",\"url\":\"https:\/\/babylove.se\/no\/produkt\/kokso-med-griffeltavle\/\",\"name\":\"Kj\u00f8kken\u00f8y med skifertavle - Babylove Norska\",\"isPartOf\":{\"@id\":\"https:\/\/babylove.se\/no\/#website\"},\"primaryImageOfPage\":{\"@id\":\"https:\/\/babylove.se\/no\/produkt\/kokso-med-griffeltavle\/#primaryimage\"},\"image\":{\"@id\":\"https:\/\/babylove.se\/no\/produkt\/kokso-med-griffeltavle\/#primaryimage\"},\"thumbnailUrl\":\"https:\/\/babylove.se\/no\/wp-content\/uploads\/sites\/3\/2025\/07\/633a8e18d2383.jpeg\",\"datePublished\":\"2025-07-19T08:58:27+00:00\",\"dateModified\":\"2026-04-08T11:49:41+00:00\",\"breadcrumb\":{\"@id\":\"https:\/\/babylove.se\/no\/produkt\/kokso-med-griffeltavle\/#breadcrumb\"},\"inLanguage\":\"nb-NO\",\"potentialAction\":[{\"@type\":\"ReadAction\",\"target\":[\"https:\/\/babylove.se\/no\/produkt\/kokso-med-griffeltavle\/\"]}]},{\"@type\":\"ImageObject\",\"inLanguage\":\"nb-NO\",\"@id\":\"https:\/\/babylove.se\/no\/produkt\/kokso-med-griffeltavle\/#primaryimage\",\"url\":\"https:\/\/babylove.se\/no\/wp-content\/uploads\/sites\/3\/2025\/07\/633a8e18d2383.jpeg\",\"contentUrl\":\"https:\/\/babylove.se\/no\/wp-content\/uploads\/sites\/3\/2025\/07\/633a8e18d2383.jpeg\",\"width\":680,\"height\":826},{\"@type\":\"BreadcrumbList\",\"@id\":\"https:\/\/babylove.se\/no\/produkt\/kokso-med-griffeltavle\/#breadcrumb\",\"itemListElement\":[{\"@type\":\"ListItem\",\"position\":1,\"name\":\"Hem\",\"item\":\"https:\/\/babylove.se\/no\/\"},{\"@type\":\"ListItem\",\"position\":2,\"name\":\"Butik\",\"item\":\"https:\/\/babylove.se\/no\/butik\/\"},{\"@type\":\"ListItem\",\"position\":3,\"name\":\"Kj\u00f8kken\u00f8y med skifertavle\"}]},{\"@type\":\"WebSite\",\"@id\":\"https:\/\/babylove.se\/no\/#website\",\"url\":\"https:\/\/babylove.se\/no\/\",\"name\":\"Babylove Norska\",\"description\":\"\",\"potentialAction\":[{\"@type\":\"SearchAction\",\"target\":{\"@type\":\"EntryPoint\",\"urlTemplate\":\"https:\/\/babylove.se\/no\/?s={search_term_string}\"},\"query-input\":{\"@type\":\"PropertyValueSpecification\",\"valueRequired\":true,\"valueName\":\"search_term_string\"}}],\"inLanguage\":\"nb-NO\"}]}<\/script>\n<meta property=\"product:brand\" content=\"My mini home\" \/>\n<meta property=\"og:availability\" content=\"instock\" \/>\n<meta property=\"product:availability\" content=\"instock\" \/>\n<meta property=\"product:retailer_item_id\" content=\"K\u00f6ks\u00f6-Vit\" \/>\n<meta property=\"product:condition\" content=\"new\" \/>\n<!-- \/ Yoast SEO Premium plugin. -->","yoast_head_json":{"title":"Kj\u00f8kken\u00f8y med skifertavle - Babylove Norska","robots":{"index":"noindex","follow":"follow","max-snippet":"max-snippet:-1","max-image-preview":"max-image-preview:large","max-video-preview":"max-video-preview:-1"},"og_locale":"nb_NO","og_type":"article","og_title":"Kj\u00f8kken\u00f8y med skifertavle","og_description":"Denne store h\u00e5ndlagde kj\u00f8kken\u00f8ya fra My Mini Home, rommer mange muligheter! Aldri f\u00f8r har det v\u00e6rt enklere \u00e5 p\u00e5 en trygg (og stilsikker) m\u00e5te la stjernekokker ta plass i kj\u00f8kkenet! Kj\u00f8kken\u00f8ya er laget med stor omhu. En fin detalj er tavla hvor barnet kan skrive hva som kommer til \u00e5 serveres til middag. Bon app\u00e9tit! [&hellip;]","og_url":"https:\/\/babylove.se\/no\/produkt\/kokso-med-griffeltavle\/","og_site_name":"Babylove Norska","article_modified_time":"2026-04-08T11:49:41+00:00","og_image":[{"width":680,"height":826,"url":"https:\/\/babylove.se\/no\/wp-content\/uploads\/sites\/3\/2025\/07\/633a8e18d2383.jpeg","type":"image\/jpeg"}],"twitter_card":"summary_large_image","twitter_misc":{"Availability":"In stock"},"schema":{"@context":"https:\/\/schema.org","@graph":[{"@type":"WebPage","@id":"https:\/\/babylove.se\/no\/produkt\/kokso-med-griffeltavle\/","url":"https:\/\/babylove.se\/no\/produkt\/kokso-med-griffeltavle\/","name":"Kj\u00f8kken\u00f8y med skifertavle - Babylove Norska","isPartOf":{"@id":"https:\/\/babylove.se\/no\/#website"},"primaryImageOfPage":{"@id":"https:\/\/babylove.se\/no\/produkt\/kokso-med-griffeltavle\/#primaryimage"},"image":{"@id":"https:\/\/babylove.se\/no\/produkt\/kokso-med-griffeltavle\/#primaryimage"},"thumbnailUrl":"https:\/\/babylove.se\/no\/wp-content\/uploads\/sites\/3\/2025\/07\/633a8e18d2383.jpeg","datePublished":"2025-07-19T08:58:27+00:00","dateModified":"2026-04-08T11:49:41+00:00","breadcrumb":{"@id":"https:\/\/babylove.se\/no\/produkt\/kokso-med-griffeltavle\/#breadcrumb"},"inLanguage":"nb-NO","potentialAction":[{"@type":"ReadAction","target":["https:\/\/babylove.se\/no\/produkt\/kokso-med-griffeltavle\/"]}]},{"@type":"ImageObject","inLanguage":"nb-NO","@id":"https:\/\/babylove.se\/no\/produkt\/kokso-med-griffeltavle\/#primaryimage","url":"https:\/\/babylove.se\/no\/wp-content\/uploads\/sites\/3\/2025\/07\/633a8e18d2383.jpeg","contentUrl":"https:\/\/babylove.se\/no\/wp-content\/uploads\/sites\/3\/2025\/07\/633a8e18d2383.jpeg","width":680,"height":826},{"@type":"BreadcrumbList","@id":"https:\/\/babylove.se\/no\/produkt\/kokso-med-griffeltavle\/#breadcrumb","itemListElement":[{"@type":"ListItem","position":1,"name":"Hem","item":"https:\/\/babylove.se\/no\/"},{"@type":"ListItem","position":2,"name":"Butik","item":"https:\/\/babylove.se\/no\/butik\/"},{"@type":"ListItem","position":3,"name":"Kj\u00f8kken\u00f8y med skifertavle"}]},{"@type":"WebSite","@id":"https:\/\/babylove.se\/no\/#website","url":"https:\/\/babylove.se\/no\/","name":"Babylove Norska","description":"","potentialAction":[{"@type":"SearchAction","target":{"@type":"EntryPoint","urlTemplate":"https:\/\/babylove.se\/no\/?s={search_term_string}"},"query-input":{"@type":"PropertyValueSpecification","valueRequired":true,"valueName":"search_term_string"}}],"inLanguage":"nb-NO"}]},"product_brand":"My mini home","og_availability":"instock","product_availability":"instock","product_retailer_item_id":"K\u00f6ks\u00f6-Vit","product_condition":"new"},"_links":{"self":[{"href":"https:\/\/babylove.se\/no\/wp-json\/wp\/v2\/product\/44807","targetHints":{"allow":["GET"]}}],"collection":[{"href":"https:\/\/babylove.se\/no\/wp-json\/wp\/v2\/product"}],"about":[{"href":"https:\/\/babylove.se\/no\/wp-json\/wp\/v2\/types\/product"}],"replies":[{"embeddable":true,"href":"https:\/\/babylove.se\/no\/wp-json\/wp\/v2\/comments?post=44807"}],"wp:featuredmedia":[{"embeddable":true,"href":"https:\/\/babylove.se\/no\/wp-json\/wp\/v2\/media\/44809"}],"wp:attachment":[{"href":"https:\/\/babylove.se\/no\/wp-json\/wp\/v2\/media?parent=44807"}],"wp:term":[{"taxonomy":"product_brand","embeddable":true,"href":"https:\/\/babylove.se\/no\/wp-json\/wp\/v2\/product_brand?post=44807"},{"taxonomy":"product_cat","embeddable":true,"href":"https:\/\/babylove.se\/no\/wp-json\/wp\/v2\/product_cat?post=44807"},{"taxonomy":"product_tag","embeddable":true,"href":"https:\/\/babylove.se\/no\/wp-json\/wp\/v2\/product_tag?post=44807"}],"curies":[{"name":"wp","href":"https:\/\/api.w.org\/{rel}","templated":true}]}}