{"id":44825,"date":"2025-07-19T09:58:48","date_gmt":"2025-07-19T08:58:48","guid":{"rendered":"https:\/\/babylove.se\/produkt\/golvhylla-hus-rotunda-house\/"},"modified":"2026-04-08T12:49:44","modified_gmt":"2026-04-08T11:49:44","slug":"gulvhylle-hus-rotunda-house","status":"publish","type":"product","link":"https:\/\/babylove.se\/no\/produkt\/gulvhylle-hus-rotunda-house\/","title":{"rendered":"Gulvhylle hus, Rotunda House"},"content":{"rendered":"<p>Denne bokhyllen er perfekt for \u00e5 vise barnets dine favorittb\u00f8ker og sm\u00e5 skatter. Alle deres elskede eventyr er lett tilgjengelige, akkurat ved fingerspissene.<\/p>\n<p>Hyllen har to dype hylleplaner og fungerer som dukkehus, bokhylle, eller ved oppbevaring av leker og b\u00f8ker. Perfekt for barnets ditt f\u00f8rste bibliotek siden det vakkert eksponerer b\u00f8kene og oppmuntrer barnet ditt til \u00e5 lese.<\/p>\n<p>Laget for h\u00e5nd av kryssfiner fra sertifiserte skogomr\u00e5der og malt i milj\u00f8vennlige giftfrie farger.<\/p>\n<p><strong>Info:&nbsp;<\/strong><\/p>\n<ul>\n<li>Fargevalg: hvit, lysbl\u00e5, lilla, mint, vanilje, pudderrosa, perlegr\u00e5, beige og natur<\/li>\n<li>Produsert for h\u00e5nd i Europa<\/li>\n<li>CE-sertifisert<\/li>\n<\/ul>\n<p><strong>M\u00e5l:<\/strong> 50 x 41 cm<\/p>\n<p>Designer: <a href=\"https:\/\/babylove.se\/varumarken\/my-mini-home\">My Mini Home<\/a><\/p>\n<p><em>Obs! Spesialtilvirket vare, angrerett gjelder ikke.<\/em><\/p>\n","protected":false},"excerpt":{"rendered":"<p>Denne bokhyllen er perfekt for \u00e5 vise barnets dine favorittb\u00f8ker og sm\u00e5 skatter. Alle deres elskede eventyr er lett tilgjengelige, akkurat ved fingerspissene. Hyllen har to dype hylleplaner og fungerer som dukkehus, bokhylle, eller ved oppbevaring av leker og b\u00f8ker. Perfekt for barnets ditt f\u00f8rste bibliotek siden det vakkert eksponerer b\u00f8kene og oppmuntrer barnet ditt [&hellip;]<\/p>\n","protected":false},"featured_media":44827,"comment_status":"closed","ping_status":"open","template":"","meta":{"_acf_changed":false},"product_brand":[826],"product_cat":[146,89,87,827,43],"product_tag":[1689],"class_list":{"0":"post-44825","1":"product","2":"type-product","3":"status-publish","4":"has-post-thumbnail","6":"product_brand-my-mini-home","7":"product_cat-bokoppbevaring","8":"product_cat-dukkehus","9":"product_cat-hyller","10":"product_cat-my-mini-home","11":"product_cat-oppbevaringskurver","12":"product_tag-bestillingsvaror","14":"first","15":"instock","16":"taxable","17":"shipping-taxable","18":"purchasable","19":"product-type-simple"},"acf":[],"yoast_head":"<!-- This site is optimized with the Yoast SEO Premium plugin v25.8 (Yoast SEO v27.2) - https:\/\/yoast.com\/product\/yoast-seo-premium-wordpress\/ -->\n<title>Gulvhylle hus, Rotunda House - Babylove Norska<\/title>\n<meta name=\"robots\" content=\"noindex, follow, max-snippet:-1, max-image-preview:large, max-video-preview:-1\" \/>\n<meta property=\"og:locale\" content=\"nb_NO\" \/>\n<meta property=\"og:type\" content=\"article\" \/>\n<meta property=\"og:title\" content=\"Gulvhylle hus, Rotunda House\" \/>\n<meta property=\"og:description\" content=\"Denne bokhyllen er perfekt for \u00e5 vise barnets dine favorittb\u00f8ker og sm\u00e5 skatter. Alle deres elskede eventyr er lett tilgjengelige, akkurat ved fingerspissene. Hyllen har to dype hylleplaner og fungerer som dukkehus, bokhylle, eller ved oppbevaring av leker og b\u00f8ker. Perfekt for barnets ditt f\u00f8rste bibliotek siden det vakkert eksponerer b\u00f8kene og oppmuntrer barnet ditt [&hellip;]\" \/>\n<meta property=\"og:url\" content=\"https:\/\/babylove.se\/no\/produkt\/gulvhylle-hus-rotunda-house\/\" \/>\n<meta property=\"og:site_name\" content=\"Babylove Norska\" \/>\n<meta property=\"article:modified_time\" content=\"2026-04-08T11:49:44+00:00\" \/>\n<meta property=\"og:image\" content=\"https:\/\/babylove.se\/no\/wp-content\/uploads\/sites\/3\/2025\/07\/633a9425c1392.webp\" \/>\n\t<meta property=\"og:image:width\" content=\"772\" \/>\n\t<meta property=\"og:image:height\" content=\"704\" \/>\n\t<meta property=\"og:image:type\" content=\"image\/webp\" \/>\n<meta name=\"twitter:card\" content=\"summary_large_image\" \/>\n<meta name=\"twitter:label1\" content=\"Price\" \/>\n\t<meta name=\"twitter:data1\" content=\"1 799,00&nbsp;&#107;&#114;\" \/>\n\t<meta name=\"twitter:label2\" content=\"Availability\" \/>\n\t<meta name=\"twitter:data2\" content=\"In stock\" \/>\n<script type=\"application\/ld+json\" class=\"yoast-schema-graph\">{\"@context\":\"https:\/\/schema.org\",\"@graph\":[{\"@type\":\"WebPage\",\"@id\":\"https:\/\/babylove.se\/no\/produkt\/gulvhylle-hus-rotunda-house\/\",\"url\":\"https:\/\/babylove.se\/no\/produkt\/gulvhylle-hus-rotunda-house\/\",\"name\":\"Gulvhylle hus, Rotunda House - Babylove Norska\",\"isPartOf\":{\"@id\":\"https:\/\/babylove.se\/no\/#website\"},\"primaryImageOfPage\":{\"@id\":\"https:\/\/babylove.se\/no\/produkt\/gulvhylle-hus-rotunda-house\/#primaryimage\"},\"image\":{\"@id\":\"https:\/\/babylove.se\/no\/produkt\/gulvhylle-hus-rotunda-house\/#primaryimage\"},\"thumbnailUrl\":\"https:\/\/babylove.se\/no\/wp-content\/uploads\/sites\/3\/2025\/07\/633a9425c1392.webp\",\"datePublished\":\"2025-07-19T08:58:48+00:00\",\"dateModified\":\"2026-04-08T11:49:44+00:00\",\"breadcrumb\":{\"@id\":\"https:\/\/babylove.se\/no\/produkt\/gulvhylle-hus-rotunda-house\/#breadcrumb\"},\"inLanguage\":\"nb-NO\",\"potentialAction\":[{\"@type\":\"ReadAction\",\"target\":[\"https:\/\/babylove.se\/no\/produkt\/gulvhylle-hus-rotunda-house\/\"]}]},{\"@type\":\"ImageObject\",\"inLanguage\":\"nb-NO\",\"@id\":\"https:\/\/babylove.se\/no\/produkt\/gulvhylle-hus-rotunda-house\/#primaryimage\",\"url\":\"https:\/\/babylove.se\/no\/wp-content\/uploads\/sites\/3\/2025\/07\/633a9425c1392.webp\",\"contentUrl\":\"https:\/\/babylove.se\/no\/wp-content\/uploads\/sites\/3\/2025\/07\/633a9425c1392.webp\",\"width\":772,\"height\":704},{\"@type\":\"BreadcrumbList\",\"@id\":\"https:\/\/babylove.se\/no\/produkt\/gulvhylle-hus-rotunda-house\/#breadcrumb\",\"itemListElement\":[{\"@type\":\"ListItem\",\"position\":1,\"name\":\"Hem\",\"item\":\"https:\/\/babylove.se\/no\/\"},{\"@type\":\"ListItem\",\"position\":2,\"name\":\"Butik\",\"item\":\"https:\/\/babylove.se\/no\/butik\/\"},{\"@type\":\"ListItem\",\"position\":3,\"name\":\"Gulvhylle hus, Rotunda House\"}]},{\"@type\":\"WebSite\",\"@id\":\"https:\/\/babylove.se\/no\/#website\",\"url\":\"https:\/\/babylove.se\/no\/\",\"name\":\"Babylove Norska\",\"description\":\"\",\"potentialAction\":[{\"@type\":\"SearchAction\",\"target\":{\"@type\":\"EntryPoint\",\"urlTemplate\":\"https:\/\/babylove.se\/no\/?s={search_term_string}\"},\"query-input\":{\"@type\":\"PropertyValueSpecification\",\"valueRequired\":true,\"valueName\":\"search_term_string\"}}],\"inLanguage\":\"nb-NO\"}]}<\/script>\n<meta property=\"product:brand\" content=\"My mini home\" \/>\n<meta property=\"product:price:amount\" content=\"1799.00\" \/>\n<meta property=\"product:price:currency\" content=\"SEK\" \/>\n<meta property=\"og:availability\" content=\"instock\" \/>\n<meta property=\"product:availability\" content=\"instock\" \/>\n<meta property=\"product:retailer_item_id\" content=\"Rotunda House\" \/>\n<meta property=\"product:condition\" content=\"new\" \/>\n<!-- \/ Yoast SEO Premium plugin. -->","yoast_head_json":{"title":"Gulvhylle hus, Rotunda House - Babylove Norska","robots":{"index":"noindex","follow":"follow","max-snippet":"max-snippet:-1","max-image-preview":"max-image-preview:large","max-video-preview":"max-video-preview:-1"},"og_locale":"nb_NO","og_type":"article","og_title":"Gulvhylle hus, Rotunda House","og_description":"Denne bokhyllen er perfekt for \u00e5 vise barnets dine favorittb\u00f8ker og sm\u00e5 skatter. Alle deres elskede eventyr er lett tilgjengelige, akkurat ved fingerspissene. Hyllen har to dype hylleplaner og fungerer som dukkehus, bokhylle, eller ved oppbevaring av leker og b\u00f8ker. Perfekt for barnets ditt f\u00f8rste bibliotek siden det vakkert eksponerer b\u00f8kene og oppmuntrer barnet ditt [&hellip;]","og_url":"https:\/\/babylove.se\/no\/produkt\/gulvhylle-hus-rotunda-house\/","og_site_name":"Babylove Norska","article_modified_time":"2026-04-08T11:49:44+00:00","og_image":[{"width":772,"height":704,"url":"https:\/\/babylove.se\/no\/wp-content\/uploads\/sites\/3\/2025\/07\/633a9425c1392.webp","type":"image\/webp"}],"twitter_card":"summary_large_image","twitter_misc":{"Price":"1 799,00&nbsp;&#107;&#114;","Availability":"In stock"},"schema":{"@context":"https:\/\/schema.org","@graph":[{"@type":"WebPage","@id":"https:\/\/babylove.se\/no\/produkt\/gulvhylle-hus-rotunda-house\/","url":"https:\/\/babylove.se\/no\/produkt\/gulvhylle-hus-rotunda-house\/","name":"Gulvhylle hus, Rotunda House - Babylove Norska","isPartOf":{"@id":"https:\/\/babylove.se\/no\/#website"},"primaryImageOfPage":{"@id":"https:\/\/babylove.se\/no\/produkt\/gulvhylle-hus-rotunda-house\/#primaryimage"},"image":{"@id":"https:\/\/babylove.se\/no\/produkt\/gulvhylle-hus-rotunda-house\/#primaryimage"},"thumbnailUrl":"https:\/\/babylove.se\/no\/wp-content\/uploads\/sites\/3\/2025\/07\/633a9425c1392.webp","datePublished":"2025-07-19T08:58:48+00:00","dateModified":"2026-04-08T11:49:44+00:00","breadcrumb":{"@id":"https:\/\/babylove.se\/no\/produkt\/gulvhylle-hus-rotunda-house\/#breadcrumb"},"inLanguage":"nb-NO","potentialAction":[{"@type":"ReadAction","target":["https:\/\/babylove.se\/no\/produkt\/gulvhylle-hus-rotunda-house\/"]}]},{"@type":"ImageObject","inLanguage":"nb-NO","@id":"https:\/\/babylove.se\/no\/produkt\/gulvhylle-hus-rotunda-house\/#primaryimage","url":"https:\/\/babylove.se\/no\/wp-content\/uploads\/sites\/3\/2025\/07\/633a9425c1392.webp","contentUrl":"https:\/\/babylove.se\/no\/wp-content\/uploads\/sites\/3\/2025\/07\/633a9425c1392.webp","width":772,"height":704},{"@type":"BreadcrumbList","@id":"https:\/\/babylove.se\/no\/produkt\/gulvhylle-hus-rotunda-house\/#breadcrumb","itemListElement":[{"@type":"ListItem","position":1,"name":"Hem","item":"https:\/\/babylove.se\/no\/"},{"@type":"ListItem","position":2,"name":"Butik","item":"https:\/\/babylove.se\/no\/butik\/"},{"@type":"ListItem","position":3,"name":"Gulvhylle hus, Rotunda House"}]},{"@type":"WebSite","@id":"https:\/\/babylove.se\/no\/#website","url":"https:\/\/babylove.se\/no\/","name":"Babylove Norska","description":"","potentialAction":[{"@type":"SearchAction","target":{"@type":"EntryPoint","urlTemplate":"https:\/\/babylove.se\/no\/?s={search_term_string}"},"query-input":{"@type":"PropertyValueSpecification","valueRequired":true,"valueName":"search_term_string"}}],"inLanguage":"nb-NO"}]},"product_brand":"My mini home","product_price_amount":"1799.00","product_price_currency":"SEK","og_availability":"instock","product_availability":"instock","product_retailer_item_id":"Rotunda House","product_condition":"new"},"_links":{"self":[{"href":"https:\/\/babylove.se\/no\/wp-json\/wp\/v2\/product\/44825","targetHints":{"allow":["GET"]}}],"collection":[{"href":"https:\/\/babylove.se\/no\/wp-json\/wp\/v2\/product"}],"about":[{"href":"https:\/\/babylove.se\/no\/wp-json\/wp\/v2\/types\/product"}],"replies":[{"embeddable":true,"href":"https:\/\/babylove.se\/no\/wp-json\/wp\/v2\/comments?post=44825"}],"wp:featuredmedia":[{"embeddable":true,"href":"https:\/\/babylove.se\/no\/wp-json\/wp\/v2\/media\/44827"}],"wp:attachment":[{"href":"https:\/\/babylove.se\/no\/wp-json\/wp\/v2\/media?parent=44825"}],"wp:term":[{"taxonomy":"product_brand","embeddable":true,"href":"https:\/\/babylove.se\/no\/wp-json\/wp\/v2\/product_brand?post=44825"},{"taxonomy":"product_cat","embeddable":true,"href":"https:\/\/babylove.se\/no\/wp-json\/wp\/v2\/product_cat?post=44825"},{"taxonomy":"product_tag","embeddable":true,"href":"https:\/\/babylove.se\/no\/wp-json\/wp\/v2\/product_tag?post=44825"}],"curies":[{"name":"wp","href":"https:\/\/api.w.org\/{rel}","templated":true}]}}