{"id":44948,"date":"2025-07-19T09:59:46","date_gmt":"2025-07-19T08:59:46","guid":{"rendered":"https:\/\/babylove.se\/produkt\/jabadabado-veterinarbalte\/"},"modified":"2026-04-08T12:51:11","modified_gmt":"2026-04-08T11:51:11","slug":"jabadabado-veterinaerbelte","status":"publish","type":"product","link":"https:\/\/babylove.se\/no\/produkt\/jabadabado-veterinaerbelte\/","title":{"rendered":"JaBaDaBaDo veterin\u00e6rbelte"},"content":{"rendered":"<p>N\u00e5 kan ditt barn unders\u00f8ke og ta vare p\u00e5 familiens kj\u00e6ledyr hjemme med dette fantastiske veterin\u00e6rsettet fra svenske JaBaDaBaDo! <\/p>\n<p><span style=\"background-color: initial; text-align: initial;\">Et tidl\u00f8st leket\u00f8y som ditt barn vil leke med om og om igjen, og igjen, og igjen&#8230; Lytt til hjertet, gi en spr\u00f8yte eller ta temperaturen. <\/span> <\/p>\n<p>\u00c5 leke veterin\u00e6r gj\u00f8r mer nytte enn man kan tro. Det trener ditt barns motorikk og tankevirksomhet. <\/p>\n<p>Inneholder et justerbart belte med en hatt, en halskrage, et termometer, en spr\u00f8yte, en reflekshammer, en tube med salve og et stetoskop. <\/p>\n<p>Vasker\u00e5d: utvendig vask med svamp. <\/p>\n<p><strong>M\u00e5l<\/strong>: 19 x 7 x 28 cm. Omkrets 40-80 cm. <\/p>\n<p><strong>Materiale<\/strong>: Tre <\/p>\n<p>Designer: <a href=\"https:\/\/babylove.se\/varumarken\/jabadabado\"><u>JaBaDaBaDo<\/u><\/a><\/p>\n","protected":false},"excerpt":{"rendered":"<p>N\u00e5 kan ditt barn unders\u00f8ke og ta vare p\u00e5 familiens kj\u00e6ledyr hjemme med dette fantastiske veterin\u00e6rsettet fra svenske JaBaDaBaDo! Et tidl\u00f8st leket\u00f8y som ditt barn vil leke med om og om igjen, og igjen, og igjen&#8230; Lytt til hjertet, gi en spr\u00f8yte eller ta temperaturen. \u00c5 leke veterin\u00e6r gj\u00f8r mer nytte enn man kan tro. [&hellip;]<\/p>\n","protected":false},"featured_media":44950,"comment_status":"closed","ping_status":"closed","template":"","meta":{"_acf_changed":false},"product_brand":[273],"product_cat":[70,274,72,1774,68,322,112],"product_tag":[1709],"class_list":{"0":"post-44948","1":"product","2":"type-product","3":"status-publish","4":"has-post-thumbnail","6":"product_brand-jabadabado","7":"product_cat-gaver","8":"product_cat-jabadabado","9":"product_cat-julegaver","10":"product_cat-late-leker","11":"product_cat-leker","12":"product_cat-rollespill","13":"product_cat-treleker","14":"product_tag-utforsalg","16":"first","17":"instock","18":"taxable","19":"shipping-taxable","20":"purchasable","21":"product-type-simple"},"acf":[],"yoast_head":"<!-- This site is optimized with the Yoast SEO Premium plugin v25.8 (Yoast SEO v27.2) - https:\/\/yoast.com\/product\/yoast-seo-premium-wordpress\/ -->\n<title>JaBaDaBaDo veterin\u00e6rbelte - Babylove Norska<\/title>\n<meta name=\"robots\" content=\"noindex, follow, max-snippet:-1, max-image-preview:large, max-video-preview:-1\" \/>\n<meta property=\"og:locale\" content=\"nb_NO\" \/>\n<meta property=\"og:type\" content=\"article\" \/>\n<meta property=\"og:title\" content=\"JaBaDaBaDo veterin\u00e6rbelte\" \/>\n<meta property=\"og:description\" content=\"N\u00e5 kan ditt barn unders\u00f8ke og ta vare p\u00e5 familiens kj\u00e6ledyr hjemme med dette fantastiske veterin\u00e6rsettet fra svenske JaBaDaBaDo! Et tidl\u00f8st leket\u00f8y som ditt barn vil leke med om og om igjen, og igjen, og igjen&#8230; Lytt til hjertet, gi en spr\u00f8yte eller ta temperaturen. \u00c5 leke veterin\u00e6r gj\u00f8r mer nytte enn man kan tro. [&hellip;]\" \/>\n<meta property=\"og:url\" content=\"https:\/\/babylove.se\/no\/produkt\/jabadabado-veterinaerbelte\/\" \/>\n<meta property=\"og:site_name\" content=\"Babylove Norska\" \/>\n<meta property=\"article:modified_time\" content=\"2026-04-08T11:51:11+00:00\" \/>\n<meta property=\"og:image\" content=\"https:\/\/babylove.se\/no\/wp-content\/uploads\/sites\/3\/2025\/07\/633bcd4f66e6f.jpeg\" \/>\n\t<meta property=\"og:image:width\" content=\"1772\" \/>\n\t<meta property=\"og:image:height\" content=\"1772\" \/>\n\t<meta property=\"og:image:type\" content=\"image\/jpeg\" \/>\n<meta name=\"twitter:card\" content=\"summary_large_image\" \/>\n<meta name=\"twitter:label1\" content=\"Price\" \/>\n\t<meta name=\"twitter:data1\" content=\"239,00&nbsp;&#107;&#114;\" \/>\n\t<meta name=\"twitter:label2\" content=\"Availability\" \/>\n\t<meta name=\"twitter:data2\" content=\"In stock\" \/>\n<script type=\"application\/ld+json\" class=\"yoast-schema-graph\">{\"@context\":\"https:\/\/schema.org\",\"@graph\":[{\"@type\":\"WebPage\",\"@id\":\"https:\/\/babylove.se\/no\/produkt\/jabadabado-veterinaerbelte\/\",\"url\":\"https:\/\/babylove.se\/no\/produkt\/jabadabado-veterinaerbelte\/\",\"name\":\"JaBaDaBaDo veterin\u00e6rbelte - Babylove Norska\",\"isPartOf\":{\"@id\":\"https:\/\/babylove.se\/no\/#website\"},\"primaryImageOfPage\":{\"@id\":\"https:\/\/babylove.se\/no\/produkt\/jabadabado-veterinaerbelte\/#primaryimage\"},\"image\":{\"@id\":\"https:\/\/babylove.se\/no\/produkt\/jabadabado-veterinaerbelte\/#primaryimage\"},\"thumbnailUrl\":\"https:\/\/babylove.se\/no\/wp-content\/uploads\/sites\/3\/2025\/07\/633bcd4f66e6f.jpeg\",\"datePublished\":\"2025-07-19T08:59:46+00:00\",\"dateModified\":\"2026-04-08T11:51:11+00:00\",\"breadcrumb\":{\"@id\":\"https:\/\/babylove.se\/no\/produkt\/jabadabado-veterinaerbelte\/#breadcrumb\"},\"inLanguage\":\"nb-NO\",\"potentialAction\":[{\"@type\":\"ReadAction\",\"target\":[\"https:\/\/babylove.se\/no\/produkt\/jabadabado-veterinaerbelte\/\"]}]},{\"@type\":\"ImageObject\",\"inLanguage\":\"nb-NO\",\"@id\":\"https:\/\/babylove.se\/no\/produkt\/jabadabado-veterinaerbelte\/#primaryimage\",\"url\":\"https:\/\/babylove.se\/no\/wp-content\/uploads\/sites\/3\/2025\/07\/633bcd4f66e6f.jpeg\",\"contentUrl\":\"https:\/\/babylove.se\/no\/wp-content\/uploads\/sites\/3\/2025\/07\/633bcd4f66e6f.jpeg\",\"width\":1772,\"height\":1772},{\"@type\":\"BreadcrumbList\",\"@id\":\"https:\/\/babylove.se\/no\/produkt\/jabadabado-veterinaerbelte\/#breadcrumb\",\"itemListElement\":[{\"@type\":\"ListItem\",\"position\":1,\"name\":\"Hem\",\"item\":\"https:\/\/babylove.se\/no\/\"},{\"@type\":\"ListItem\",\"position\":2,\"name\":\"Butik\",\"item\":\"https:\/\/babylove.se\/no\/butik\/\"},{\"@type\":\"ListItem\",\"position\":3,\"name\":\"JaBaDaBaDo veterin\u00e6rbelte\"}]},{\"@type\":\"WebSite\",\"@id\":\"https:\/\/babylove.se\/no\/#website\",\"url\":\"https:\/\/babylove.se\/no\/\",\"name\":\"Babylove Norska\",\"description\":\"\",\"potentialAction\":[{\"@type\":\"SearchAction\",\"target\":{\"@type\":\"EntryPoint\",\"urlTemplate\":\"https:\/\/babylove.se\/no\/?s={search_term_string}\"},\"query-input\":{\"@type\":\"PropertyValueSpecification\",\"valueRequired\":true,\"valueName\":\"search_term_string\"}}],\"inLanguage\":\"nb-NO\"}]}<\/script>\n<meta property=\"product:brand\" content=\"JaBaDaBaDo\" \/>\n<meta property=\"product:price:amount\" content=\"239.00\" \/>\n<meta property=\"product:price:currency\" content=\"SEK\" \/>\n<meta property=\"og:availability\" content=\"instock\" \/>\n<meta property=\"product:availability\" content=\"instock\" \/>\n<meta property=\"product:retailer_item_id\" content=\"W7219\" \/>\n<meta property=\"product:condition\" content=\"new\" \/>\n<!-- \/ Yoast SEO Premium plugin. -->","yoast_head_json":{"title":"JaBaDaBaDo veterin\u00e6rbelte - Babylove Norska","robots":{"index":"noindex","follow":"follow","max-snippet":"max-snippet:-1","max-image-preview":"max-image-preview:large","max-video-preview":"max-video-preview:-1"},"og_locale":"nb_NO","og_type":"article","og_title":"JaBaDaBaDo veterin\u00e6rbelte","og_description":"N\u00e5 kan ditt barn unders\u00f8ke og ta vare p\u00e5 familiens kj\u00e6ledyr hjemme med dette fantastiske veterin\u00e6rsettet fra svenske JaBaDaBaDo! Et tidl\u00f8st leket\u00f8y som ditt barn vil leke med om og om igjen, og igjen, og igjen&#8230; Lytt til hjertet, gi en spr\u00f8yte eller ta temperaturen. \u00c5 leke veterin\u00e6r gj\u00f8r mer nytte enn man kan tro. [&hellip;]","og_url":"https:\/\/babylove.se\/no\/produkt\/jabadabado-veterinaerbelte\/","og_site_name":"Babylove Norska","article_modified_time":"2026-04-08T11:51:11+00:00","og_image":[{"width":1772,"height":1772,"url":"https:\/\/babylove.se\/no\/wp-content\/uploads\/sites\/3\/2025\/07\/633bcd4f66e6f.jpeg","type":"image\/jpeg"}],"twitter_card":"summary_large_image","twitter_misc":{"Price":"239,00&nbsp;&#107;&#114;","Availability":"In stock"},"schema":{"@context":"https:\/\/schema.org","@graph":[{"@type":"WebPage","@id":"https:\/\/babylove.se\/no\/produkt\/jabadabado-veterinaerbelte\/","url":"https:\/\/babylove.se\/no\/produkt\/jabadabado-veterinaerbelte\/","name":"JaBaDaBaDo veterin\u00e6rbelte - Babylove Norska","isPartOf":{"@id":"https:\/\/babylove.se\/no\/#website"},"primaryImageOfPage":{"@id":"https:\/\/babylove.se\/no\/produkt\/jabadabado-veterinaerbelte\/#primaryimage"},"image":{"@id":"https:\/\/babylove.se\/no\/produkt\/jabadabado-veterinaerbelte\/#primaryimage"},"thumbnailUrl":"https:\/\/babylove.se\/no\/wp-content\/uploads\/sites\/3\/2025\/07\/633bcd4f66e6f.jpeg","datePublished":"2025-07-19T08:59:46+00:00","dateModified":"2026-04-08T11:51:11+00:00","breadcrumb":{"@id":"https:\/\/babylove.se\/no\/produkt\/jabadabado-veterinaerbelte\/#breadcrumb"},"inLanguage":"nb-NO","potentialAction":[{"@type":"ReadAction","target":["https:\/\/babylove.se\/no\/produkt\/jabadabado-veterinaerbelte\/"]}]},{"@type":"ImageObject","inLanguage":"nb-NO","@id":"https:\/\/babylove.se\/no\/produkt\/jabadabado-veterinaerbelte\/#primaryimage","url":"https:\/\/babylove.se\/no\/wp-content\/uploads\/sites\/3\/2025\/07\/633bcd4f66e6f.jpeg","contentUrl":"https:\/\/babylove.se\/no\/wp-content\/uploads\/sites\/3\/2025\/07\/633bcd4f66e6f.jpeg","width":1772,"height":1772},{"@type":"BreadcrumbList","@id":"https:\/\/babylove.se\/no\/produkt\/jabadabado-veterinaerbelte\/#breadcrumb","itemListElement":[{"@type":"ListItem","position":1,"name":"Hem","item":"https:\/\/babylove.se\/no\/"},{"@type":"ListItem","position":2,"name":"Butik","item":"https:\/\/babylove.se\/no\/butik\/"},{"@type":"ListItem","position":3,"name":"JaBaDaBaDo veterin\u00e6rbelte"}]},{"@type":"WebSite","@id":"https:\/\/babylove.se\/no\/#website","url":"https:\/\/babylove.se\/no\/","name":"Babylove Norska","description":"","potentialAction":[{"@type":"SearchAction","target":{"@type":"EntryPoint","urlTemplate":"https:\/\/babylove.se\/no\/?s={search_term_string}"},"query-input":{"@type":"PropertyValueSpecification","valueRequired":true,"valueName":"search_term_string"}}],"inLanguage":"nb-NO"}]},"product_brand":"JaBaDaBaDo","product_price_amount":"239.00","product_price_currency":"SEK","og_availability":"instock","product_availability":"instock","product_retailer_item_id":"W7219","product_condition":"new"},"_links":{"self":[{"href":"https:\/\/babylove.se\/no\/wp-json\/wp\/v2\/product\/44948","targetHints":{"allow":["GET"]}}],"collection":[{"href":"https:\/\/babylove.se\/no\/wp-json\/wp\/v2\/product"}],"about":[{"href":"https:\/\/babylove.se\/no\/wp-json\/wp\/v2\/types\/product"}],"replies":[{"embeddable":true,"href":"https:\/\/babylove.se\/no\/wp-json\/wp\/v2\/comments?post=44948"}],"wp:featuredmedia":[{"embeddable":true,"href":"https:\/\/babylove.se\/no\/wp-json\/wp\/v2\/media\/44950"}],"wp:attachment":[{"href":"https:\/\/babylove.se\/no\/wp-json\/wp\/v2\/media?parent=44948"}],"wp:term":[{"taxonomy":"product_brand","embeddable":true,"href":"https:\/\/babylove.se\/no\/wp-json\/wp\/v2\/product_brand?post=44948"},{"taxonomy":"product_cat","embeddable":true,"href":"https:\/\/babylove.se\/no\/wp-json\/wp\/v2\/product_cat?post=44948"},{"taxonomy":"product_tag","embeddable":true,"href":"https:\/\/babylove.se\/no\/wp-json\/wp\/v2\/product_tag?post=44948"}],"curies":[{"name":"wp","href":"https:\/\/api.w.org\/{rel}","templated":true}]}}