{"id":45000,"date":"2025-07-19T10:00:21","date_gmt":"2025-07-19T09:00:21","guid":{"rendered":"https:\/\/babylove.se\/produkt\/numero-74-sovpase-sammet-cocoon-winter-sage-green\/"},"modified":"2026-04-08T12:51:37","modified_gmt":"2026-04-08T11:51:37","slug":"nummer-74-sovepose-floyel-cocoon-winter-salvie-gronn","status":"publish","type":"product","link":"https:\/\/babylove.se\/no\/produkt\/nummer-74-sovepose-floyel-cocoon-winter-salvie-gronn\/","title":{"rendered":"Numero 74, sovepose fl\u00f8yel Cocoon Winter, Sage Green"},"content":{"rendered":"<p>Fantastisk vakker sovepose fra utrolig popul\u00e6re Numero 74.<\/p>\n<p>Soveposen kneppes over skuldrene med to knapper. Den har ogs\u00e5 en praktisk, skjult glidel\u00e5s p\u00e5 den ene siden slik at du enkelt kan regulere varmen s\u00e5 barnet ditt ikke blir for varmt. <span>I tillegg er soveposen ermel\u00f8s slik at barnet ikke f\u00f8ler seg innelukket.&nbsp;<\/span>Mest egnet for kj\u00f8lige rom mellom 13 og 19 \u00b0C.<\/p>\n<p>Alle tekstiler fra det spanske Numero 74 er vasket med et deilig skyllemiddel med en subtil duft som forsvinner etter f\u00f8rste vask.&nbsp;<\/p>\n<p>Produsert i samsvar med standard EN 16781 for barnesikkerhet i Portugal. Soveposen er GOTS-sertifisert som sikrer at produktet er \u00f8kologisk, b\u00e6rekraftig og produsert under gode arbeidsforhold.&nbsp;<\/p>\n<p><strong>M\u00e5l<\/strong>: ca 65 x 41 cm. Passer de fleste babyer mellom 0-6 m\u00e5neder (maks lengde 65 cm).&nbsp;<\/p>\n<p><strong>Materiale<\/strong>: 98 % \u00f8kologisk GOTS-sertifisert bomull &amp; 2 % elastan. Fyll: 100% polyester.&nbsp;<\/p>\n<p>Designer: <a href=\"https:\/\/babylove.se\/varumarken\/numero-74\">Numero 74<\/a><\/p>\n","protected":false},"excerpt":{"rendered":"<p>Fantastisk vakker sovepose fra utrolig popul\u00e6re Numero 74. Soveposen kneppes over skuldrene med to knapper. Den har ogs\u00e5 en praktisk, skjult glidel\u00e5s p\u00e5 den ene siden slik at du enkelt kan regulere varmen s\u00e5 barnet ditt ikke blir for varmt. I tillegg er soveposen ermel\u00f8s slik at barnet ikke f\u00f8ler seg innelukket.&nbsp;Mest egnet for kj\u00f8lige [&hellip;]<\/p>\n","protected":false},"featured_media":45002,"comment_status":"closed","ping_status":"open","template":"","meta":{"_acf_changed":false},"product_brand":[1313],"product_cat":[1314,47],"product_tag":[],"class_list":{"0":"post-45000","1":"product","2":"type-product","3":"status-publish","4":"has-post-thumbnail","6":"product_brand-numero-74","7":"product_cat-numero-74","8":"product_cat-babywraps","10":"first","11":"outofstock","12":"taxable","13":"shipping-taxable","14":"purchasable","15":"product-type-simple"},"acf":[],"yoast_head":"<!-- This site is optimized with the Yoast SEO Premium plugin v25.8 (Yoast SEO v27.2) - https:\/\/yoast.com\/product\/yoast-seo-premium-wordpress\/ -->\n<title>Numero 74, sovepose fl\u00f8yel Cocoon Winter, Sage Green - Babylove Norska<\/title>\n<meta name=\"robots\" content=\"noindex, follow, max-snippet:-1, max-image-preview:large, max-video-preview:-1\" \/>\n<meta property=\"og:locale\" content=\"nb_NO\" \/>\n<meta property=\"og:type\" content=\"article\" \/>\n<meta property=\"og:title\" content=\"Numero 74, sovepose fl\u00f8yel Cocoon Winter, Sage Green\" \/>\n<meta property=\"og:description\" content=\"Fantastisk vakker sovepose fra utrolig popul\u00e6re Numero 74. Soveposen kneppes over skuldrene med to knapper. Den har ogs\u00e5 en praktisk, skjult glidel\u00e5s p\u00e5 den ene siden slik at du enkelt kan regulere varmen s\u00e5 barnet ditt ikke blir for varmt. I tillegg er soveposen ermel\u00f8s slik at barnet ikke f\u00f8ler seg innelukket.&nbsp;Mest egnet for kj\u00f8lige [&hellip;]\" \/>\n<meta property=\"og:url\" content=\"https:\/\/babylove.se\/no\/produkt\/nummer-74-sovepose-floyel-cocoon-winter-salvie-gronn\/\" \/>\n<meta property=\"og:site_name\" content=\"Babylove Norska\" \/>\n<meta property=\"article:modified_time\" content=\"2026-04-08T11:51:37+00:00\" \/>\n<meta property=\"og:image\" content=\"https:\/\/babylove.se\/no\/wp-content\/uploads\/sites\/3\/2025\/07\/633bfa132338d.jpeg\" \/>\n\t<meta property=\"og:image:width\" content=\"750\" \/>\n\t<meta property=\"og:image:height\" content=\"750\" \/>\n\t<meta property=\"og:image:type\" content=\"image\/jpeg\" \/>\n<meta name=\"twitter:card\" content=\"summary_large_image\" \/>\n<meta name=\"twitter:label1\" content=\"Price\" \/>\n\t<meta name=\"twitter:data1\" content=\"849,00&nbsp;&#107;&#114;\" \/>\n\t<meta name=\"twitter:label2\" content=\"Availability\" \/>\n\t<meta name=\"twitter:data2\" content=\"Out of stock\" \/>\n<script type=\"application\/ld+json\" class=\"yoast-schema-graph\">{\"@context\":\"https:\/\/schema.org\",\"@graph\":[{\"@type\":\"WebPage\",\"@id\":\"https:\/\/babylove.se\/no\/produkt\/nummer-74-sovepose-floyel-cocoon-winter-salvie-gronn\/\",\"url\":\"https:\/\/babylove.se\/no\/produkt\/nummer-74-sovepose-floyel-cocoon-winter-salvie-gronn\/\",\"name\":\"Numero 74, sovepose fl\u00f8yel Cocoon Winter, Sage Green - Babylove Norska\",\"isPartOf\":{\"@id\":\"https:\/\/babylove.se\/no\/#website\"},\"primaryImageOfPage\":{\"@id\":\"https:\/\/babylove.se\/no\/produkt\/nummer-74-sovepose-floyel-cocoon-winter-salvie-gronn\/#primaryimage\"},\"image\":{\"@id\":\"https:\/\/babylove.se\/no\/produkt\/nummer-74-sovepose-floyel-cocoon-winter-salvie-gronn\/#primaryimage\"},\"thumbnailUrl\":\"https:\/\/babylove.se\/no\/wp-content\/uploads\/sites\/3\/2025\/07\/633bfa132338d.jpeg\",\"datePublished\":\"2025-07-19T09:00:21+00:00\",\"dateModified\":\"2026-04-08T11:51:37+00:00\",\"breadcrumb\":{\"@id\":\"https:\/\/babylove.se\/no\/produkt\/nummer-74-sovepose-floyel-cocoon-winter-salvie-gronn\/#breadcrumb\"},\"inLanguage\":\"nb-NO\",\"potentialAction\":[{\"@type\":\"ReadAction\",\"target\":[\"https:\/\/babylove.se\/no\/produkt\/nummer-74-sovepose-floyel-cocoon-winter-salvie-gronn\/\"]}]},{\"@type\":\"ImageObject\",\"inLanguage\":\"nb-NO\",\"@id\":\"https:\/\/babylove.se\/no\/produkt\/nummer-74-sovepose-floyel-cocoon-winter-salvie-gronn\/#primaryimage\",\"url\":\"https:\/\/babylove.se\/no\/wp-content\/uploads\/sites\/3\/2025\/07\/633bfa132338d.jpeg\",\"contentUrl\":\"https:\/\/babylove.se\/no\/wp-content\/uploads\/sites\/3\/2025\/07\/633bfa132338d.jpeg\",\"width\":750,\"height\":750},{\"@type\":\"BreadcrumbList\",\"@id\":\"https:\/\/babylove.se\/no\/produkt\/nummer-74-sovepose-floyel-cocoon-winter-salvie-gronn\/#breadcrumb\",\"itemListElement\":[{\"@type\":\"ListItem\",\"position\":1,\"name\":\"Hem\",\"item\":\"https:\/\/babylove.se\/no\/\"},{\"@type\":\"ListItem\",\"position\":2,\"name\":\"Butik\",\"item\":\"https:\/\/babylove.se\/no\/butik\/\"},{\"@type\":\"ListItem\",\"position\":3,\"name\":\"Numero 74, sovepose fl\u00f8yel Cocoon Winter, Sage Green\"}]},{\"@type\":\"WebSite\",\"@id\":\"https:\/\/babylove.se\/no\/#website\",\"url\":\"https:\/\/babylove.se\/no\/\",\"name\":\"Babylove Norska\",\"description\":\"\",\"potentialAction\":[{\"@type\":\"SearchAction\",\"target\":{\"@type\":\"EntryPoint\",\"urlTemplate\":\"https:\/\/babylove.se\/no\/?s={search_term_string}\"},\"query-input\":{\"@type\":\"PropertyValueSpecification\",\"valueRequired\":true,\"valueName\":\"search_term_string\"}}],\"inLanguage\":\"nb-NO\"}]}<\/script>\n<meta property=\"product:brand\" content=\"Numero 74\" \/>\n<meta property=\"product:price:amount\" content=\"849.00\" \/>\n<meta property=\"product:price:currency\" content=\"SEK\" \/>\n<meta property=\"og:availability\" content=\"out of stock\" \/>\n<meta property=\"product:availability\" content=\"out of stock\" \/>\n<meta property=\"product:retailer_item_id\" content=\"7400000134072\" \/>\n<meta property=\"product:condition\" content=\"new\" \/>\n<!-- \/ Yoast SEO Premium plugin. -->","yoast_head_json":{"title":"Numero 74, sovepose fl\u00f8yel Cocoon Winter, Sage Green - Babylove Norska","robots":{"index":"noindex","follow":"follow","max-snippet":"max-snippet:-1","max-image-preview":"max-image-preview:large","max-video-preview":"max-video-preview:-1"},"og_locale":"nb_NO","og_type":"article","og_title":"Numero 74, sovepose fl\u00f8yel Cocoon Winter, Sage Green","og_description":"Fantastisk vakker sovepose fra utrolig popul\u00e6re Numero 74. Soveposen kneppes over skuldrene med to knapper. Den har ogs\u00e5 en praktisk, skjult glidel\u00e5s p\u00e5 den ene siden slik at du enkelt kan regulere varmen s\u00e5 barnet ditt ikke blir for varmt. I tillegg er soveposen ermel\u00f8s slik at barnet ikke f\u00f8ler seg innelukket.&nbsp;Mest egnet for kj\u00f8lige [&hellip;]","og_url":"https:\/\/babylove.se\/no\/produkt\/nummer-74-sovepose-floyel-cocoon-winter-salvie-gronn\/","og_site_name":"Babylove Norska","article_modified_time":"2026-04-08T11:51:37+00:00","og_image":[{"width":750,"height":750,"url":"https:\/\/babylove.se\/no\/wp-content\/uploads\/sites\/3\/2025\/07\/633bfa132338d.jpeg","type":"image\/jpeg"}],"twitter_card":"summary_large_image","twitter_misc":{"Price":"849,00&nbsp;&#107;&#114;","Availability":"Out of stock"},"schema":{"@context":"https:\/\/schema.org","@graph":[{"@type":"WebPage","@id":"https:\/\/babylove.se\/no\/produkt\/nummer-74-sovepose-floyel-cocoon-winter-salvie-gronn\/","url":"https:\/\/babylove.se\/no\/produkt\/nummer-74-sovepose-floyel-cocoon-winter-salvie-gronn\/","name":"Numero 74, sovepose fl\u00f8yel Cocoon Winter, Sage Green - Babylove Norska","isPartOf":{"@id":"https:\/\/babylove.se\/no\/#website"},"primaryImageOfPage":{"@id":"https:\/\/babylove.se\/no\/produkt\/nummer-74-sovepose-floyel-cocoon-winter-salvie-gronn\/#primaryimage"},"image":{"@id":"https:\/\/babylove.se\/no\/produkt\/nummer-74-sovepose-floyel-cocoon-winter-salvie-gronn\/#primaryimage"},"thumbnailUrl":"https:\/\/babylove.se\/no\/wp-content\/uploads\/sites\/3\/2025\/07\/633bfa132338d.jpeg","datePublished":"2025-07-19T09:00:21+00:00","dateModified":"2026-04-08T11:51:37+00:00","breadcrumb":{"@id":"https:\/\/babylove.se\/no\/produkt\/nummer-74-sovepose-floyel-cocoon-winter-salvie-gronn\/#breadcrumb"},"inLanguage":"nb-NO","potentialAction":[{"@type":"ReadAction","target":["https:\/\/babylove.se\/no\/produkt\/nummer-74-sovepose-floyel-cocoon-winter-salvie-gronn\/"]}]},{"@type":"ImageObject","inLanguage":"nb-NO","@id":"https:\/\/babylove.se\/no\/produkt\/nummer-74-sovepose-floyel-cocoon-winter-salvie-gronn\/#primaryimage","url":"https:\/\/babylove.se\/no\/wp-content\/uploads\/sites\/3\/2025\/07\/633bfa132338d.jpeg","contentUrl":"https:\/\/babylove.se\/no\/wp-content\/uploads\/sites\/3\/2025\/07\/633bfa132338d.jpeg","width":750,"height":750},{"@type":"BreadcrumbList","@id":"https:\/\/babylove.se\/no\/produkt\/nummer-74-sovepose-floyel-cocoon-winter-salvie-gronn\/#breadcrumb","itemListElement":[{"@type":"ListItem","position":1,"name":"Hem","item":"https:\/\/babylove.se\/no\/"},{"@type":"ListItem","position":2,"name":"Butik","item":"https:\/\/babylove.se\/no\/butik\/"},{"@type":"ListItem","position":3,"name":"Numero 74, sovepose fl\u00f8yel Cocoon Winter, Sage Green"}]},{"@type":"WebSite","@id":"https:\/\/babylove.se\/no\/#website","url":"https:\/\/babylove.se\/no\/","name":"Babylove Norska","description":"","potentialAction":[{"@type":"SearchAction","target":{"@type":"EntryPoint","urlTemplate":"https:\/\/babylove.se\/no\/?s={search_term_string}"},"query-input":{"@type":"PropertyValueSpecification","valueRequired":true,"valueName":"search_term_string"}}],"inLanguage":"nb-NO"}]},"product_brand":"Numero 74","product_price_amount":"849.00","product_price_currency":"SEK","og_availability":"out of stock","product_availability":"out of stock","product_retailer_item_id":"7400000134072","product_condition":"new"},"_links":{"self":[{"href":"https:\/\/babylove.se\/no\/wp-json\/wp\/v2\/product\/45000","targetHints":{"allow":["GET"]}}],"collection":[{"href":"https:\/\/babylove.se\/no\/wp-json\/wp\/v2\/product"}],"about":[{"href":"https:\/\/babylove.se\/no\/wp-json\/wp\/v2\/types\/product"}],"replies":[{"embeddable":true,"href":"https:\/\/babylove.se\/no\/wp-json\/wp\/v2\/comments?post=45000"}],"wp:featuredmedia":[{"embeddable":true,"href":"https:\/\/babylove.se\/no\/wp-json\/wp\/v2\/media\/45002"}],"wp:attachment":[{"href":"https:\/\/babylove.se\/no\/wp-json\/wp\/v2\/media?parent=45000"}],"wp:term":[{"taxonomy":"product_brand","embeddable":true,"href":"https:\/\/babylove.se\/no\/wp-json\/wp\/v2\/product_brand?post=45000"},{"taxonomy":"product_cat","embeddable":true,"href":"https:\/\/babylove.se\/no\/wp-json\/wp\/v2\/product_cat?post=45000"},{"taxonomy":"product_tag","embeddable":true,"href":"https:\/\/babylove.se\/no\/wp-json\/wp\/v2\/product_tag?post=45000"}],"curies":[{"name":"wp","href":"https:\/\/api.w.org\/{rel}","templated":true}]}}