{"id":45057,"date":"2025-07-19T10:00:58","date_gmt":"2025-07-19T09:00:58","guid":{"rendered":"https:\/\/babylove.se\/produkt\/liewood-gitta-lekmatta-peach-sea-shell-mix\/"},"modified":"2026-04-08T12:52:06","modified_gmt":"2026-04-08T11:52:06","slug":"liewood-gitta-lekematte-peach-sea-shell-mix","status":"publish","type":"product","link":"https:\/\/babylove.se\/no\/produkt\/liewood-gitta-lekematte-peach-sea-shell-mix\/","title":{"rendered":"Liewood, Gitta lekematte, Peach sea shell mix"},"content":{"rendered":"<p>En s\u00f8t og smart lekematte som barnet ditt kan rulle rundt p\u00e5 uten problemer. Det unike med matten er tykkelsen som gir barnet en deilig f\u00f8lelse og samtidig et stabilt grunnlag \u00e5 leke p\u00e5. Lekemattens st\u00f8rrelse gj\u00f8r at barnet ditt med letthet kan ha favorittleksakene sine p\u00e5 den, eller hvorfor ikke babygymmen. <\/p>\n<p><strong>Materiale:<\/strong> 100 % \u00f8kologisk bomull. Fylling: 100% polyester. <\/p>\n<p><strong>M\u00e5l<\/strong>: Diameter 100 cm <\/p>\n<p>Designer: <a href=\"https:\/\/babylove.se\/varumarken\/liewood\"><u>Liewood<\/u><\/a><\/p>\n","protected":false},"excerpt":{"rendered":"<p>En s\u00f8t og smart lekematte som barnet ditt kan rulle rundt p\u00e5 uten problemer. Det unike med matten er tykkelsen som gir barnet en deilig f\u00f8lelse og samtidig et stabilt grunnlag \u00e5 leke p\u00e5. Lekemattens st\u00f8rrelse gj\u00f8r at barnet ditt med letthet kan ha favorittleksakene sine p\u00e5 den, eller hvorfor ikke babygymmen. Materiale: 100 % [&hellip;]<\/p>\n","protected":false},"featured_media":45059,"comment_status":"closed","ping_status":"closed","template":"","meta":{"_acf_changed":false},"product_brand":[282],"product_cat":[52,283,135],"product_tag":[1709],"class_list":{"0":"post-45057","1":"product","2":"type-product","3":"status-publish","4":"has-post-thumbnail","6":"product_brand-liewood","7":"product_cat-lekematter","8":"product_cat-liewood","9":"product_cat-tepper","10":"product_tag-utforsalg","12":"first","13":"instock","14":"taxable","15":"shipping-taxable","16":"purchasable","17":"product-type-simple"},"acf":[],"yoast_head":"<!-- This site is optimized with the Yoast SEO Premium plugin v25.8 (Yoast SEO v27.2) - https:\/\/yoast.com\/product\/yoast-seo-premium-wordpress\/ -->\n<title>Liewood, Gitta lekematte, Peach sea shell mix - Babylove Norska<\/title>\n<meta name=\"robots\" content=\"noindex, follow, max-snippet:-1, max-image-preview:large, max-video-preview:-1\" \/>\n<meta property=\"og:locale\" content=\"nb_NO\" \/>\n<meta property=\"og:type\" content=\"article\" \/>\n<meta property=\"og:title\" content=\"Liewood, Gitta lekematte, Peach sea shell mix\" \/>\n<meta property=\"og:description\" content=\"En s\u00f8t og smart lekematte som barnet ditt kan rulle rundt p\u00e5 uten problemer. Det unike med matten er tykkelsen som gir barnet en deilig f\u00f8lelse og samtidig et stabilt grunnlag \u00e5 leke p\u00e5. Lekemattens st\u00f8rrelse gj\u00f8r at barnet ditt med letthet kan ha favorittleksakene sine p\u00e5 den, eller hvorfor ikke babygymmen. Materiale: 100 % [&hellip;]\" \/>\n<meta property=\"og:url\" content=\"https:\/\/babylove.se\/no\/produkt\/liewood-gitta-lekematte-peach-sea-shell-mix\/\" \/>\n<meta property=\"og:site_name\" content=\"Babylove Norska\" \/>\n<meta property=\"article:modified_time\" content=\"2026-04-08T11:52:06+00:00\" \/>\n<meta property=\"og:image\" content=\"https:\/\/babylove.se\/no\/wp-content\/uploads\/sites\/3\/2025\/07\/633d25231ef3d.jpeg\" \/>\n\t<meta property=\"og:image:width\" content=\"591\" \/>\n\t<meta property=\"og:image:height\" content=\"538\" \/>\n\t<meta property=\"og:image:type\" content=\"image\/jpeg\" \/>\n<meta name=\"twitter:card\" content=\"summary_large_image\" \/>\n<meta name=\"twitter:label1\" content=\"Price\" \/>\n\t<meta name=\"twitter:data1\" content=\"999,00&nbsp;&#107;&#114;\" \/>\n\t<meta name=\"twitter:label2\" content=\"Availability\" \/>\n\t<meta name=\"twitter:data2\" content=\"In stock\" \/>\n<script type=\"application\/ld+json\" class=\"yoast-schema-graph\">{\"@context\":\"https:\/\/schema.org\",\"@graph\":[{\"@type\":\"WebPage\",\"@id\":\"https:\/\/babylove.se\/no\/produkt\/liewood-gitta-lekematte-peach-sea-shell-mix\/\",\"url\":\"https:\/\/babylove.se\/no\/produkt\/liewood-gitta-lekematte-peach-sea-shell-mix\/\",\"name\":\"Liewood, Gitta lekematte, Peach sea shell mix - Babylove Norska\",\"isPartOf\":{\"@id\":\"https:\/\/babylove.se\/no\/#website\"},\"primaryImageOfPage\":{\"@id\":\"https:\/\/babylove.se\/no\/produkt\/liewood-gitta-lekematte-peach-sea-shell-mix\/#primaryimage\"},\"image\":{\"@id\":\"https:\/\/babylove.se\/no\/produkt\/liewood-gitta-lekematte-peach-sea-shell-mix\/#primaryimage\"},\"thumbnailUrl\":\"https:\/\/babylove.se\/no\/wp-content\/uploads\/sites\/3\/2025\/07\/633d25231ef3d.jpeg\",\"datePublished\":\"2025-07-19T09:00:58+00:00\",\"dateModified\":\"2026-04-08T11:52:06+00:00\",\"breadcrumb\":{\"@id\":\"https:\/\/babylove.se\/no\/produkt\/liewood-gitta-lekematte-peach-sea-shell-mix\/#breadcrumb\"},\"inLanguage\":\"nb-NO\",\"potentialAction\":[{\"@type\":\"ReadAction\",\"target\":[\"https:\/\/babylove.se\/no\/produkt\/liewood-gitta-lekematte-peach-sea-shell-mix\/\"]}]},{\"@type\":\"ImageObject\",\"inLanguage\":\"nb-NO\",\"@id\":\"https:\/\/babylove.se\/no\/produkt\/liewood-gitta-lekematte-peach-sea-shell-mix\/#primaryimage\",\"url\":\"https:\/\/babylove.se\/no\/wp-content\/uploads\/sites\/3\/2025\/07\/633d25231ef3d.jpeg\",\"contentUrl\":\"https:\/\/babylove.se\/no\/wp-content\/uploads\/sites\/3\/2025\/07\/633d25231ef3d.jpeg\",\"width\":591,\"height\":538},{\"@type\":\"BreadcrumbList\",\"@id\":\"https:\/\/babylove.se\/no\/produkt\/liewood-gitta-lekematte-peach-sea-shell-mix\/#breadcrumb\",\"itemListElement\":[{\"@type\":\"ListItem\",\"position\":1,\"name\":\"Hem\",\"item\":\"https:\/\/babylove.se\/no\/\"},{\"@type\":\"ListItem\",\"position\":2,\"name\":\"Butik\",\"item\":\"https:\/\/babylove.se\/no\/butik\/\"},{\"@type\":\"ListItem\",\"position\":3,\"name\":\"Liewood, Gitta lekematte, Peach sea shell mix\"}]},{\"@type\":\"WebSite\",\"@id\":\"https:\/\/babylove.se\/no\/#website\",\"url\":\"https:\/\/babylove.se\/no\/\",\"name\":\"Babylove Norska\",\"description\":\"\",\"potentialAction\":[{\"@type\":\"SearchAction\",\"target\":{\"@type\":\"EntryPoint\",\"urlTemplate\":\"https:\/\/babylove.se\/no\/?s={search_term_string}\"},\"query-input\":{\"@type\":\"PropertyValueSpecification\",\"valueRequired\":true,\"valueName\":\"search_term_string\"}}],\"inLanguage\":\"nb-NO\"}]}<\/script>\n<meta property=\"product:brand\" content=\"Liewood\" \/>\n<meta property=\"product:price:amount\" content=\"999.00\" \/>\n<meta property=\"product:price:currency\" content=\"SEK\" \/>\n<meta property=\"og:availability\" content=\"instock\" \/>\n<meta property=\"product:availability\" content=\"instock\" \/>\n<meta property=\"product:retailer_item_id\" content=\"LW148092210\" \/>\n<meta property=\"product:condition\" content=\"new\" \/>\n<!-- \/ Yoast SEO Premium plugin. -->","yoast_head_json":{"title":"Liewood, Gitta lekematte, Peach sea shell mix - Babylove Norska","robots":{"index":"noindex","follow":"follow","max-snippet":"max-snippet:-1","max-image-preview":"max-image-preview:large","max-video-preview":"max-video-preview:-1"},"og_locale":"nb_NO","og_type":"article","og_title":"Liewood, Gitta lekematte, Peach sea shell mix","og_description":"En s\u00f8t og smart lekematte som barnet ditt kan rulle rundt p\u00e5 uten problemer. Det unike med matten er tykkelsen som gir barnet en deilig f\u00f8lelse og samtidig et stabilt grunnlag \u00e5 leke p\u00e5. Lekemattens st\u00f8rrelse gj\u00f8r at barnet ditt med letthet kan ha favorittleksakene sine p\u00e5 den, eller hvorfor ikke babygymmen. Materiale: 100 % [&hellip;]","og_url":"https:\/\/babylove.se\/no\/produkt\/liewood-gitta-lekematte-peach-sea-shell-mix\/","og_site_name":"Babylove Norska","article_modified_time":"2026-04-08T11:52:06+00:00","og_image":[{"width":591,"height":538,"url":"https:\/\/babylove.se\/no\/wp-content\/uploads\/sites\/3\/2025\/07\/633d25231ef3d.jpeg","type":"image\/jpeg"}],"twitter_card":"summary_large_image","twitter_misc":{"Price":"999,00&nbsp;&#107;&#114;","Availability":"In stock"},"schema":{"@context":"https:\/\/schema.org","@graph":[{"@type":"WebPage","@id":"https:\/\/babylove.se\/no\/produkt\/liewood-gitta-lekematte-peach-sea-shell-mix\/","url":"https:\/\/babylove.se\/no\/produkt\/liewood-gitta-lekematte-peach-sea-shell-mix\/","name":"Liewood, Gitta lekematte, Peach sea shell mix - Babylove Norska","isPartOf":{"@id":"https:\/\/babylove.se\/no\/#website"},"primaryImageOfPage":{"@id":"https:\/\/babylove.se\/no\/produkt\/liewood-gitta-lekematte-peach-sea-shell-mix\/#primaryimage"},"image":{"@id":"https:\/\/babylove.se\/no\/produkt\/liewood-gitta-lekematte-peach-sea-shell-mix\/#primaryimage"},"thumbnailUrl":"https:\/\/babylove.se\/no\/wp-content\/uploads\/sites\/3\/2025\/07\/633d25231ef3d.jpeg","datePublished":"2025-07-19T09:00:58+00:00","dateModified":"2026-04-08T11:52:06+00:00","breadcrumb":{"@id":"https:\/\/babylove.se\/no\/produkt\/liewood-gitta-lekematte-peach-sea-shell-mix\/#breadcrumb"},"inLanguage":"nb-NO","potentialAction":[{"@type":"ReadAction","target":["https:\/\/babylove.se\/no\/produkt\/liewood-gitta-lekematte-peach-sea-shell-mix\/"]}]},{"@type":"ImageObject","inLanguage":"nb-NO","@id":"https:\/\/babylove.se\/no\/produkt\/liewood-gitta-lekematte-peach-sea-shell-mix\/#primaryimage","url":"https:\/\/babylove.se\/no\/wp-content\/uploads\/sites\/3\/2025\/07\/633d25231ef3d.jpeg","contentUrl":"https:\/\/babylove.se\/no\/wp-content\/uploads\/sites\/3\/2025\/07\/633d25231ef3d.jpeg","width":591,"height":538},{"@type":"BreadcrumbList","@id":"https:\/\/babylove.se\/no\/produkt\/liewood-gitta-lekematte-peach-sea-shell-mix\/#breadcrumb","itemListElement":[{"@type":"ListItem","position":1,"name":"Hem","item":"https:\/\/babylove.se\/no\/"},{"@type":"ListItem","position":2,"name":"Butik","item":"https:\/\/babylove.se\/no\/butik\/"},{"@type":"ListItem","position":3,"name":"Liewood, Gitta lekematte, Peach sea shell mix"}]},{"@type":"WebSite","@id":"https:\/\/babylove.se\/no\/#website","url":"https:\/\/babylove.se\/no\/","name":"Babylove Norska","description":"","potentialAction":[{"@type":"SearchAction","target":{"@type":"EntryPoint","urlTemplate":"https:\/\/babylove.se\/no\/?s={search_term_string}"},"query-input":{"@type":"PropertyValueSpecification","valueRequired":true,"valueName":"search_term_string"}}],"inLanguage":"nb-NO"}]},"product_brand":"Liewood","product_price_amount":"999.00","product_price_currency":"SEK","og_availability":"instock","product_availability":"instock","product_retailer_item_id":"LW148092210","product_condition":"new"},"_links":{"self":[{"href":"https:\/\/babylove.se\/no\/wp-json\/wp\/v2\/product\/45057","targetHints":{"allow":["GET"]}}],"collection":[{"href":"https:\/\/babylove.se\/no\/wp-json\/wp\/v2\/product"}],"about":[{"href":"https:\/\/babylove.se\/no\/wp-json\/wp\/v2\/types\/product"}],"replies":[{"embeddable":true,"href":"https:\/\/babylove.se\/no\/wp-json\/wp\/v2\/comments?post=45057"}],"wp:featuredmedia":[{"embeddable":true,"href":"https:\/\/babylove.se\/no\/wp-json\/wp\/v2\/media\/45059"}],"wp:attachment":[{"href":"https:\/\/babylove.se\/no\/wp-json\/wp\/v2\/media?parent=45057"}],"wp:term":[{"taxonomy":"product_brand","embeddable":true,"href":"https:\/\/babylove.se\/no\/wp-json\/wp\/v2\/product_brand?post=45057"},{"taxonomy":"product_cat","embeddable":true,"href":"https:\/\/babylove.se\/no\/wp-json\/wp\/v2\/product_cat?post=45057"},{"taxonomy":"product_tag","embeddable":true,"href":"https:\/\/babylove.se\/no\/wp-json\/wp\/v2\/product_tag?post=45057"}],"curies":[{"name":"wp","href":"https:\/\/api.w.org\/{rel}","templated":true}]}}