{"id":45062,"date":"2025-07-19T10:00:58","date_gmt":"2025-07-19T09:00:58","guid":{"rendered":"https:\/\/babylove.se\/produkt\/liewood-neil-pipmugg-silikonkopp-peach-sea-shell-mix\/"},"modified":"2026-04-08T12:52:09","modified_gmt":"2026-04-08T11:52:09","slug":"liewood-neil-pippekopp-silikonkopp-fersken-sjoskjell-miks","status":"publish","type":"product","link":"https:\/\/babylove.se\/no\/produkt\/liewood-neil-pippekopp-silikonkopp-fersken-sjoskjell-miks\/","title":{"rendered":"Liewood, Neil t\u00e5tekopp silikonkopp, Peach sea shell mix"},"content":{"rendered":"<p>Gj\u00f8r m\u00e5ltidet til noe ekstra, med denne fine pipekruset fra danske Liewood, det velkjente interi\u00f8rmerket. Kruset har 2 praktiske h\u00e5ndtak som letter selvstendig drikking. <\/p>\n<p>Kruset er laget i 100 % silikon fri for BPA . <\/p>\n<p><strong>M\u00e5l<\/strong>: Diameter 7 cm. H\u00f8yde 10,5 cm. <\/p>\n<p>Vaskeanvisning: T\u00e5ler maskinoppvask ?Trygg bruk i ovn og mikrob\u00f8lgeovn ? Frysebeskyttelse ned til -20 grader <\/p>\n<p>Designer: <a href=\"https:\/\/babylove.se\/varumarken\/liewood\">Liewood<\/a><\/p>\n","protected":false},"excerpt":{"rendered":"<p>Gj\u00f8r m\u00e5ltidet til noe ekstra, med denne fine pipekruset fra danske Liewood, det velkjente interi\u00f8rmerket. Kruset har 2 praktiske h\u00e5ndtak som letter selvstendig drikking. Kruset er laget i 100 % silikon fri for BPA . M\u00e5l: Diameter 7 cm. H\u00f8yde 10,5 cm. Vaskeanvisning: T\u00e5ler maskinoppvask ?Trygg bruk i ovn og mikrob\u00f8lgeovn ? Frysebeskyttelse ned til [&hellip;]<\/p>\n","protected":false},"featured_media":45064,"comment_status":"closed","ping_status":"closed","template":"","meta":{"_acf_changed":false},"product_brand":[282],"product_cat":[845,283],"product_tag":[],"class_list":{"0":"post-45062","1":"product","2":"type-product","3":"status-publish","4":"has-post-thumbnail","6":"product_brand-liewood","7":"product_cat-kopper-krus","8":"product_cat-liewood","10":"first","11":"outofstock","12":"taxable","13":"shipping-taxable","14":"purchasable","15":"product-type-simple"},"acf":[],"yoast_head":"<!-- This site is optimized with the Yoast SEO Premium plugin v25.8 (Yoast SEO v27.2) - https:\/\/yoast.com\/product\/yoast-seo-premium-wordpress\/ -->\n<title>Liewood, Neil t\u00e5tekopp silikonkopp, Peach sea shell mix - Babylove Norska<\/title>\n<meta name=\"robots\" content=\"noindex, follow, max-snippet:-1, max-image-preview:large, max-video-preview:-1\" \/>\n<meta property=\"og:locale\" content=\"nb_NO\" \/>\n<meta property=\"og:type\" content=\"article\" \/>\n<meta property=\"og:title\" content=\"Liewood, Neil t\u00e5tekopp silikonkopp, Peach sea shell mix\" \/>\n<meta property=\"og:description\" content=\"Gj\u00f8r m\u00e5ltidet til noe ekstra, med denne fine pipekruset fra danske Liewood, det velkjente interi\u00f8rmerket. Kruset har 2 praktiske h\u00e5ndtak som letter selvstendig drikking. Kruset er laget i 100 % silikon fri for BPA . M\u00e5l: Diameter 7 cm. H\u00f8yde 10,5 cm. Vaskeanvisning: T\u00e5ler maskinoppvask ?Trygg bruk i ovn og mikrob\u00f8lgeovn ? Frysebeskyttelse ned til [&hellip;]\" \/>\n<meta property=\"og:url\" content=\"https:\/\/babylove.se\/no\/produkt\/liewood-neil-pippekopp-silikonkopp-fersken-sjoskjell-miks\/\" \/>\n<meta property=\"og:site_name\" content=\"Babylove Norska\" \/>\n<meta property=\"article:modified_time\" content=\"2026-04-08T11:52:09+00:00\" \/>\n<meta property=\"og:image\" content=\"https:\/\/babylove.se\/no\/wp-content\/uploads\/sites\/3\/2025\/07\/633d281d2f6d7.jpeg\" \/>\n\t<meta property=\"og:image:width\" content=\"1182\" \/>\n\t<meta property=\"og:image:height\" content=\"1048\" \/>\n\t<meta property=\"og:image:type\" content=\"image\/jpeg\" \/>\n<meta name=\"twitter:card\" content=\"summary_large_image\" \/>\n<meta name=\"twitter:label1\" content=\"Price\" \/>\n\t<meta name=\"twitter:data1\" content=\"179,00&nbsp;&#107;&#114;\" \/>\n\t<meta name=\"twitter:label2\" content=\"Availability\" \/>\n\t<meta name=\"twitter:data2\" content=\"Out of stock\" \/>\n<script type=\"application\/ld+json\" class=\"yoast-schema-graph\">{\"@context\":\"https:\/\/schema.org\",\"@graph\":[{\"@type\":\"WebPage\",\"@id\":\"https:\/\/babylove.se\/no\/produkt\/liewood-neil-pippekopp-silikonkopp-fersken-sjoskjell-miks\/\",\"url\":\"https:\/\/babylove.se\/no\/produkt\/liewood-neil-pippekopp-silikonkopp-fersken-sjoskjell-miks\/\",\"name\":\"Liewood, Neil t\u00e5tekopp silikonkopp, Peach sea shell mix - Babylove Norska\",\"isPartOf\":{\"@id\":\"https:\/\/babylove.se\/no\/#website\"},\"primaryImageOfPage\":{\"@id\":\"https:\/\/babylove.se\/no\/produkt\/liewood-neil-pippekopp-silikonkopp-fersken-sjoskjell-miks\/#primaryimage\"},\"image\":{\"@id\":\"https:\/\/babylove.se\/no\/produkt\/liewood-neil-pippekopp-silikonkopp-fersken-sjoskjell-miks\/#primaryimage\"},\"thumbnailUrl\":\"https:\/\/babylove.se\/no\/wp-content\/uploads\/sites\/3\/2025\/07\/633d281d2f6d7.jpeg\",\"datePublished\":\"2025-07-19T09:00:58+00:00\",\"dateModified\":\"2026-04-08T11:52:09+00:00\",\"breadcrumb\":{\"@id\":\"https:\/\/babylove.se\/no\/produkt\/liewood-neil-pippekopp-silikonkopp-fersken-sjoskjell-miks\/#breadcrumb\"},\"inLanguage\":\"nb-NO\",\"potentialAction\":[{\"@type\":\"ReadAction\",\"target\":[\"https:\/\/babylove.se\/no\/produkt\/liewood-neil-pippekopp-silikonkopp-fersken-sjoskjell-miks\/\"]}]},{\"@type\":\"ImageObject\",\"inLanguage\":\"nb-NO\",\"@id\":\"https:\/\/babylove.se\/no\/produkt\/liewood-neil-pippekopp-silikonkopp-fersken-sjoskjell-miks\/#primaryimage\",\"url\":\"https:\/\/babylove.se\/no\/wp-content\/uploads\/sites\/3\/2025\/07\/633d281d2f6d7.jpeg\",\"contentUrl\":\"https:\/\/babylove.se\/no\/wp-content\/uploads\/sites\/3\/2025\/07\/633d281d2f6d7.jpeg\",\"width\":1182,\"height\":1048},{\"@type\":\"BreadcrumbList\",\"@id\":\"https:\/\/babylove.se\/no\/produkt\/liewood-neil-pippekopp-silikonkopp-fersken-sjoskjell-miks\/#breadcrumb\",\"itemListElement\":[{\"@type\":\"ListItem\",\"position\":1,\"name\":\"Hem\",\"item\":\"https:\/\/babylove.se\/no\/\"},{\"@type\":\"ListItem\",\"position\":2,\"name\":\"Butik\",\"item\":\"https:\/\/babylove.se\/no\/butik\/\"},{\"@type\":\"ListItem\",\"position\":3,\"name\":\"Liewood, Neil t\u00e5tekopp silikonkopp, Peach sea shell mix\"}]},{\"@type\":\"WebSite\",\"@id\":\"https:\/\/babylove.se\/no\/#website\",\"url\":\"https:\/\/babylove.se\/no\/\",\"name\":\"Babylove Norska\",\"description\":\"\",\"potentialAction\":[{\"@type\":\"SearchAction\",\"target\":{\"@type\":\"EntryPoint\",\"urlTemplate\":\"https:\/\/babylove.se\/no\/?s={search_term_string}\"},\"query-input\":{\"@type\":\"PropertyValueSpecification\",\"valueRequired\":true,\"valueName\":\"search_term_string\"}}],\"inLanguage\":\"nb-NO\"}]}<\/script>\n<meta property=\"product:brand\" content=\"Liewood\" \/>\n<meta property=\"product:price:amount\" content=\"179.00\" \/>\n<meta property=\"product:price:currency\" content=\"SEK\" \/>\n<meta property=\"og:availability\" content=\"out of stock\" \/>\n<meta property=\"product:availability\" content=\"out of stock\" \/>\n<meta property=\"product:retailer_item_id\" content=\"LW130602210\" \/>\n<meta property=\"product:condition\" content=\"new\" \/>\n<!-- \/ Yoast SEO Premium plugin. -->","yoast_head_json":{"title":"Liewood, Neil t\u00e5tekopp silikonkopp, Peach sea shell mix - Babylove Norska","robots":{"index":"noindex","follow":"follow","max-snippet":"max-snippet:-1","max-image-preview":"max-image-preview:large","max-video-preview":"max-video-preview:-1"},"og_locale":"nb_NO","og_type":"article","og_title":"Liewood, Neil t\u00e5tekopp silikonkopp, Peach sea shell mix","og_description":"Gj\u00f8r m\u00e5ltidet til noe ekstra, med denne fine pipekruset fra danske Liewood, det velkjente interi\u00f8rmerket. Kruset har 2 praktiske h\u00e5ndtak som letter selvstendig drikking. Kruset er laget i 100 % silikon fri for BPA . M\u00e5l: Diameter 7 cm. H\u00f8yde 10,5 cm. Vaskeanvisning: T\u00e5ler maskinoppvask ?Trygg bruk i ovn og mikrob\u00f8lgeovn ? Frysebeskyttelse ned til [&hellip;]","og_url":"https:\/\/babylove.se\/no\/produkt\/liewood-neil-pippekopp-silikonkopp-fersken-sjoskjell-miks\/","og_site_name":"Babylove Norska","article_modified_time":"2026-04-08T11:52:09+00:00","og_image":[{"width":1182,"height":1048,"url":"https:\/\/babylove.se\/no\/wp-content\/uploads\/sites\/3\/2025\/07\/633d281d2f6d7.jpeg","type":"image\/jpeg"}],"twitter_card":"summary_large_image","twitter_misc":{"Price":"179,00&nbsp;&#107;&#114;","Availability":"Out of stock"},"schema":{"@context":"https:\/\/schema.org","@graph":[{"@type":"WebPage","@id":"https:\/\/babylove.se\/no\/produkt\/liewood-neil-pippekopp-silikonkopp-fersken-sjoskjell-miks\/","url":"https:\/\/babylove.se\/no\/produkt\/liewood-neil-pippekopp-silikonkopp-fersken-sjoskjell-miks\/","name":"Liewood, Neil t\u00e5tekopp silikonkopp, Peach sea shell mix - Babylove Norska","isPartOf":{"@id":"https:\/\/babylove.se\/no\/#website"},"primaryImageOfPage":{"@id":"https:\/\/babylove.se\/no\/produkt\/liewood-neil-pippekopp-silikonkopp-fersken-sjoskjell-miks\/#primaryimage"},"image":{"@id":"https:\/\/babylove.se\/no\/produkt\/liewood-neil-pippekopp-silikonkopp-fersken-sjoskjell-miks\/#primaryimage"},"thumbnailUrl":"https:\/\/babylove.se\/no\/wp-content\/uploads\/sites\/3\/2025\/07\/633d281d2f6d7.jpeg","datePublished":"2025-07-19T09:00:58+00:00","dateModified":"2026-04-08T11:52:09+00:00","breadcrumb":{"@id":"https:\/\/babylove.se\/no\/produkt\/liewood-neil-pippekopp-silikonkopp-fersken-sjoskjell-miks\/#breadcrumb"},"inLanguage":"nb-NO","potentialAction":[{"@type":"ReadAction","target":["https:\/\/babylove.se\/no\/produkt\/liewood-neil-pippekopp-silikonkopp-fersken-sjoskjell-miks\/"]}]},{"@type":"ImageObject","inLanguage":"nb-NO","@id":"https:\/\/babylove.se\/no\/produkt\/liewood-neil-pippekopp-silikonkopp-fersken-sjoskjell-miks\/#primaryimage","url":"https:\/\/babylove.se\/no\/wp-content\/uploads\/sites\/3\/2025\/07\/633d281d2f6d7.jpeg","contentUrl":"https:\/\/babylove.se\/no\/wp-content\/uploads\/sites\/3\/2025\/07\/633d281d2f6d7.jpeg","width":1182,"height":1048},{"@type":"BreadcrumbList","@id":"https:\/\/babylove.se\/no\/produkt\/liewood-neil-pippekopp-silikonkopp-fersken-sjoskjell-miks\/#breadcrumb","itemListElement":[{"@type":"ListItem","position":1,"name":"Hem","item":"https:\/\/babylove.se\/no\/"},{"@type":"ListItem","position":2,"name":"Butik","item":"https:\/\/babylove.se\/no\/butik\/"},{"@type":"ListItem","position":3,"name":"Liewood, Neil t\u00e5tekopp silikonkopp, Peach sea shell mix"}]},{"@type":"WebSite","@id":"https:\/\/babylove.se\/no\/#website","url":"https:\/\/babylove.se\/no\/","name":"Babylove Norska","description":"","potentialAction":[{"@type":"SearchAction","target":{"@type":"EntryPoint","urlTemplate":"https:\/\/babylove.se\/no\/?s={search_term_string}"},"query-input":{"@type":"PropertyValueSpecification","valueRequired":true,"valueName":"search_term_string"}}],"inLanguage":"nb-NO"}]},"product_brand":"Liewood","product_price_amount":"179.00","product_price_currency":"SEK","og_availability":"out of stock","product_availability":"out of stock","product_retailer_item_id":"LW130602210","product_condition":"new"},"_links":{"self":[{"href":"https:\/\/babylove.se\/no\/wp-json\/wp\/v2\/product\/45062","targetHints":{"allow":["GET"]}}],"collection":[{"href":"https:\/\/babylove.se\/no\/wp-json\/wp\/v2\/product"}],"about":[{"href":"https:\/\/babylove.se\/no\/wp-json\/wp\/v2\/types\/product"}],"replies":[{"embeddable":true,"href":"https:\/\/babylove.se\/no\/wp-json\/wp\/v2\/comments?post=45062"}],"wp:featuredmedia":[{"embeddable":true,"href":"https:\/\/babylove.se\/no\/wp-json\/wp\/v2\/media\/45064"}],"wp:attachment":[{"href":"https:\/\/babylove.se\/no\/wp-json\/wp\/v2\/media?parent=45062"}],"wp:term":[{"taxonomy":"product_brand","embeddable":true,"href":"https:\/\/babylove.se\/no\/wp-json\/wp\/v2\/product_brand?post=45062"},{"taxonomy":"product_cat","embeddable":true,"href":"https:\/\/babylove.se\/no\/wp-json\/wp\/v2\/product_cat?post=45062"},{"taxonomy":"product_tag","embeddable":true,"href":"https:\/\/babylove.se\/no\/wp-json\/wp\/v2\/product_tag?post=45062"}],"curies":[{"name":"wp","href":"https:\/\/api.w.org\/{rel}","templated":true}]}}