{"id":45116,"date":"2025-07-19T10:01:28","date_gmt":"2025-07-19T09:01:28","guid":{"rendered":"https:\/\/babylove.se\/produkt\/sassbelle-vaggkrok-mustard-stjarna\/"},"modified":"2026-04-08T12:52:39","modified_gmt":"2026-04-08T11:52:39","slug":"sassbelle-veggkrok-sennep-stjerne","status":"publish","type":"product","link":"https:\/\/babylove.se\/no\/produkt\/sassbelle-veggkrok-sennep-stjerne\/","title":{"rendered":"Sass&#038;Belle, veggkrok stjerne, 2-pakk"},"content":{"rendered":"<p>To supers\u00f8te og praktiske kroker til barnerommet fra britiske Sass &amp; Belle. <\/p>\n<p>Med disse krokene har du mulighet til \u00e5 henge opp morgendagens plagg eller ditt barns fine veske. Sett dem p\u00e5 en h\u00f8yde slik at ditt barn n\u00e5r og du kan bruke dem pedagogisk og \u00f8ke ditt barns interesse for kledsvalg og \u00e5 holde orden og reda. <\/p>\n<p><strong>M\u00e5l<\/strong>: 13,5 x 7 cm. Kommer i 2-pack &#8211; en sennepsgul og en rosa. <\/p>\n<p><strong>Material<\/strong>: MDF <\/p>\n<p>Designer: <a href=\"https:\/\/babylove.se\/varumarken\/sass-belle\">Sass &amp; Belle<\/a><\/p>\n","protected":false},"excerpt":{"rendered":"<p>To supers\u00f8te og praktiske kroker til barnerommet fra britiske Sass &amp; Belle. Med disse krokene har du mulighet til \u00e5 henge opp morgendagens plagg eller ditt barns fine veske. Sett dem p\u00e5 en h\u00f8yde slik at ditt barn n\u00e5r og du kan bruke dem pedagogisk og \u00f8ke ditt barns interesse for kledsvalg og \u00e5 holde [&hellip;]<\/p>\n","protected":false},"featured_media":45118,"comment_status":"open","ping_status":"closed","template":"","meta":{"_acf_changed":false},"product_brand":[683],"product_cat":[684,94],"product_tag":[],"class_list":{"0":"post-45116","1":"product","2":"type-product","3":"status-publish","4":"has-post-thumbnail","6":"product_brand-sassbelle","7":"product_cat-sass-belle","8":"product_cat-vegghengeere","10":"first","11":"outofstock","12":"taxable","13":"shipping-taxable","14":"purchasable","15":"product-type-simple"},"acf":[],"yoast_head":"<!-- This site is optimized with the Yoast SEO Premium plugin v25.8 (Yoast SEO v27.2) - https:\/\/yoast.com\/product\/yoast-seo-premium-wordpress\/ -->\n<title>Sass&amp;Belle, veggkrok stjerne, 2-pakk - Babylove Norska<\/title>\n<meta name=\"robots\" content=\"noindex, follow, max-snippet:-1, max-image-preview:large, max-video-preview:-1\" \/>\n<meta property=\"og:locale\" content=\"nb_NO\" \/>\n<meta property=\"og:type\" content=\"article\" \/>\n<meta property=\"og:title\" content=\"Sass&amp;Belle, veggkrok stjerne, 2-pakk\" \/>\n<meta property=\"og:description\" content=\"To supers\u00f8te og praktiske kroker til barnerommet fra britiske Sass &amp; Belle. Med disse krokene har du mulighet til \u00e5 henge opp morgendagens plagg eller ditt barns fine veske. Sett dem p\u00e5 en h\u00f8yde slik at ditt barn n\u00e5r og du kan bruke dem pedagogisk og \u00f8ke ditt barns interesse for kledsvalg og \u00e5 holde [&hellip;]\" \/>\n<meta property=\"og:url\" content=\"https:\/\/babylove.se\/no\/produkt\/sassbelle-veggkrok-sennep-stjerne\/\" \/>\n<meta property=\"og:site_name\" content=\"Babylove Norska\" \/>\n<meta property=\"article:modified_time\" content=\"2026-04-08T11:52:39+00:00\" \/>\n<meta property=\"og:image\" content=\"https:\/\/babylove.se\/no\/wp-content\/uploads\/sites\/3\/2025\/07\/65cf2eb062b1c.jpeg\" \/>\n\t<meta property=\"og:image:width\" content=\"1099\" \/>\n\t<meta property=\"og:image:height\" content=\"1099\" \/>\n\t<meta property=\"og:image:type\" content=\"image\/jpeg\" \/>\n<meta name=\"twitter:card\" content=\"summary_large_image\" \/>\n<meta name=\"twitter:label1\" content=\"Price\" \/>\n\t<meta name=\"twitter:data1\" content=\"69,00&nbsp;&#107;&#114;\" \/>\n\t<meta name=\"twitter:label2\" content=\"Availability\" \/>\n\t<meta name=\"twitter:data2\" content=\"Out of stock\" \/>\n<script type=\"application\/ld+json\" class=\"yoast-schema-graph\">{\"@context\":\"https:\/\/schema.org\",\"@graph\":[{\"@type\":\"WebPage\",\"@id\":\"https:\/\/babylove.se\/no\/produkt\/sassbelle-veggkrok-sennep-stjerne\/\",\"url\":\"https:\/\/babylove.se\/no\/produkt\/sassbelle-veggkrok-sennep-stjerne\/\",\"name\":\"Sass&Belle, veggkrok stjerne, 2-pakk - Babylove Norska\",\"isPartOf\":{\"@id\":\"https:\/\/babylove.se\/no\/#website\"},\"primaryImageOfPage\":{\"@id\":\"https:\/\/babylove.se\/no\/produkt\/sassbelle-veggkrok-sennep-stjerne\/#primaryimage\"},\"image\":{\"@id\":\"https:\/\/babylove.se\/no\/produkt\/sassbelle-veggkrok-sennep-stjerne\/#primaryimage\"},\"thumbnailUrl\":\"https:\/\/babylove.se\/no\/wp-content\/uploads\/sites\/3\/2025\/07\/65cf2eb062b1c.jpeg\",\"datePublished\":\"2025-07-19T09:01:28+00:00\",\"dateModified\":\"2026-04-08T11:52:39+00:00\",\"breadcrumb\":{\"@id\":\"https:\/\/babylove.se\/no\/produkt\/sassbelle-veggkrok-sennep-stjerne\/#breadcrumb\"},\"inLanguage\":\"nb-NO\",\"potentialAction\":[{\"@type\":\"ReadAction\",\"target\":[\"https:\/\/babylove.se\/no\/produkt\/sassbelle-veggkrok-sennep-stjerne\/\"]}]},{\"@type\":\"ImageObject\",\"inLanguage\":\"nb-NO\",\"@id\":\"https:\/\/babylove.se\/no\/produkt\/sassbelle-veggkrok-sennep-stjerne\/#primaryimage\",\"url\":\"https:\/\/babylove.se\/no\/wp-content\/uploads\/sites\/3\/2025\/07\/65cf2eb062b1c.jpeg\",\"contentUrl\":\"https:\/\/babylove.se\/no\/wp-content\/uploads\/sites\/3\/2025\/07\/65cf2eb062b1c.jpeg\",\"width\":1099,\"height\":1099},{\"@type\":\"BreadcrumbList\",\"@id\":\"https:\/\/babylove.se\/no\/produkt\/sassbelle-veggkrok-sennep-stjerne\/#breadcrumb\",\"itemListElement\":[{\"@type\":\"ListItem\",\"position\":1,\"name\":\"Hem\",\"item\":\"https:\/\/babylove.se\/no\/\"},{\"@type\":\"ListItem\",\"position\":2,\"name\":\"Butik\",\"item\":\"https:\/\/babylove.se\/no\/butik\/\"},{\"@type\":\"ListItem\",\"position\":3,\"name\":\"Sass&#038;Belle, veggkrok stjerne, 2-pakk\"}]},{\"@type\":\"WebSite\",\"@id\":\"https:\/\/babylove.se\/no\/#website\",\"url\":\"https:\/\/babylove.se\/no\/\",\"name\":\"Babylove Norska\",\"description\":\"\",\"potentialAction\":[{\"@type\":\"SearchAction\",\"target\":{\"@type\":\"EntryPoint\",\"urlTemplate\":\"https:\/\/babylove.se\/no\/?s={search_term_string}\"},\"query-input\":{\"@type\":\"PropertyValueSpecification\",\"valueRequired\":true,\"valueName\":\"search_term_string\"}}],\"inLanguage\":\"nb-NO\"}]}<\/script>\n<meta property=\"product:brand\" content=\"Sass&amp;Belle\" \/>\n<meta property=\"product:price:amount\" content=\"69.00\" \/>\n<meta property=\"product:price:currency\" content=\"SEK\" \/>\n<meta property=\"og:availability\" content=\"out of stock\" \/>\n<meta property=\"product:availability\" content=\"out of stock\" \/>\n<meta property=\"product:retailer_item_id\" content=\"HEART626\" \/>\n<meta property=\"product:condition\" content=\"new\" \/>\n<!-- \/ Yoast SEO Premium plugin. -->","yoast_head_json":{"title":"Sass&Belle, veggkrok stjerne, 2-pakk - Babylove Norska","robots":{"index":"noindex","follow":"follow","max-snippet":"max-snippet:-1","max-image-preview":"max-image-preview:large","max-video-preview":"max-video-preview:-1"},"og_locale":"nb_NO","og_type":"article","og_title":"Sass&Belle, veggkrok stjerne, 2-pakk","og_description":"To supers\u00f8te og praktiske kroker til barnerommet fra britiske Sass &amp; Belle. Med disse krokene har du mulighet til \u00e5 henge opp morgendagens plagg eller ditt barns fine veske. Sett dem p\u00e5 en h\u00f8yde slik at ditt barn n\u00e5r og du kan bruke dem pedagogisk og \u00f8ke ditt barns interesse for kledsvalg og \u00e5 holde [&hellip;]","og_url":"https:\/\/babylove.se\/no\/produkt\/sassbelle-veggkrok-sennep-stjerne\/","og_site_name":"Babylove Norska","article_modified_time":"2026-04-08T11:52:39+00:00","og_image":[{"width":1099,"height":1099,"url":"https:\/\/babylove.se\/no\/wp-content\/uploads\/sites\/3\/2025\/07\/65cf2eb062b1c.jpeg","type":"image\/jpeg"}],"twitter_card":"summary_large_image","twitter_misc":{"Price":"69,00&nbsp;&#107;&#114;","Availability":"Out of stock"},"schema":{"@context":"https:\/\/schema.org","@graph":[{"@type":"WebPage","@id":"https:\/\/babylove.se\/no\/produkt\/sassbelle-veggkrok-sennep-stjerne\/","url":"https:\/\/babylove.se\/no\/produkt\/sassbelle-veggkrok-sennep-stjerne\/","name":"Sass&Belle, veggkrok stjerne, 2-pakk - Babylove Norska","isPartOf":{"@id":"https:\/\/babylove.se\/no\/#website"},"primaryImageOfPage":{"@id":"https:\/\/babylove.se\/no\/produkt\/sassbelle-veggkrok-sennep-stjerne\/#primaryimage"},"image":{"@id":"https:\/\/babylove.se\/no\/produkt\/sassbelle-veggkrok-sennep-stjerne\/#primaryimage"},"thumbnailUrl":"https:\/\/babylove.se\/no\/wp-content\/uploads\/sites\/3\/2025\/07\/65cf2eb062b1c.jpeg","datePublished":"2025-07-19T09:01:28+00:00","dateModified":"2026-04-08T11:52:39+00:00","breadcrumb":{"@id":"https:\/\/babylove.se\/no\/produkt\/sassbelle-veggkrok-sennep-stjerne\/#breadcrumb"},"inLanguage":"nb-NO","potentialAction":[{"@type":"ReadAction","target":["https:\/\/babylove.se\/no\/produkt\/sassbelle-veggkrok-sennep-stjerne\/"]}]},{"@type":"ImageObject","inLanguage":"nb-NO","@id":"https:\/\/babylove.se\/no\/produkt\/sassbelle-veggkrok-sennep-stjerne\/#primaryimage","url":"https:\/\/babylove.se\/no\/wp-content\/uploads\/sites\/3\/2025\/07\/65cf2eb062b1c.jpeg","contentUrl":"https:\/\/babylove.se\/no\/wp-content\/uploads\/sites\/3\/2025\/07\/65cf2eb062b1c.jpeg","width":1099,"height":1099},{"@type":"BreadcrumbList","@id":"https:\/\/babylove.se\/no\/produkt\/sassbelle-veggkrok-sennep-stjerne\/#breadcrumb","itemListElement":[{"@type":"ListItem","position":1,"name":"Hem","item":"https:\/\/babylove.se\/no\/"},{"@type":"ListItem","position":2,"name":"Butik","item":"https:\/\/babylove.se\/no\/butik\/"},{"@type":"ListItem","position":3,"name":"Sass&#038;Belle, veggkrok stjerne, 2-pakk"}]},{"@type":"WebSite","@id":"https:\/\/babylove.se\/no\/#website","url":"https:\/\/babylove.se\/no\/","name":"Babylove Norska","description":"","potentialAction":[{"@type":"SearchAction","target":{"@type":"EntryPoint","urlTemplate":"https:\/\/babylove.se\/no\/?s={search_term_string}"},"query-input":{"@type":"PropertyValueSpecification","valueRequired":true,"valueName":"search_term_string"}}],"inLanguage":"nb-NO"}]},"product_brand":"Sass&amp;Belle","product_price_amount":"69.00","product_price_currency":"SEK","og_availability":"out of stock","product_availability":"out of stock","product_retailer_item_id":"HEART626","product_condition":"new"},"_links":{"self":[{"href":"https:\/\/babylove.se\/no\/wp-json\/wp\/v2\/product\/45116","targetHints":{"allow":["GET"]}}],"collection":[{"href":"https:\/\/babylove.se\/no\/wp-json\/wp\/v2\/product"}],"about":[{"href":"https:\/\/babylove.se\/no\/wp-json\/wp\/v2\/types\/product"}],"replies":[{"embeddable":true,"href":"https:\/\/babylove.se\/no\/wp-json\/wp\/v2\/comments?post=45116"}],"wp:featuredmedia":[{"embeddable":true,"href":"https:\/\/babylove.se\/no\/wp-json\/wp\/v2\/media\/45118"}],"wp:attachment":[{"href":"https:\/\/babylove.se\/no\/wp-json\/wp\/v2\/media?parent=45116"}],"wp:term":[{"taxonomy":"product_brand","embeddable":true,"href":"https:\/\/babylove.se\/no\/wp-json\/wp\/v2\/product_brand?post=45116"},{"taxonomy":"product_cat","embeddable":true,"href":"https:\/\/babylove.se\/no\/wp-json\/wp\/v2\/product_cat?post=45116"},{"taxonomy":"product_tag","embeddable":true,"href":"https:\/\/babylove.se\/no\/wp-json\/wp\/v2\/product_tag?post=45116"}],"curies":[{"name":"wp","href":"https:\/\/api.w.org\/{rel}","templated":true}]}}