{"id":45273,"date":"2025-07-19T10:03:11","date_gmt":"2025-07-19T09:03:11","guid":{"rendered":"https:\/\/babylove.se\/produkt\/numero-74-kudde-stjarna-natural\/"},"modified":"2026-04-08T12:53:33","modified_gmt":"2026-04-08T11:53:33","slug":"nummer-74-pute-stjerne-natural","status":"publish","type":"product","link":"https:\/\/babylove.se\/no\/produkt\/nummer-74-pute-stjerne-natural\/","title":{"rendered":"Numero 74, pute stjerne, Natural"},"content":{"rendered":"<p>Fantastisk vakker stjernepute i bomull fra utrolig popul\u00e6re Numero 74.<\/p>\n<p>Det vakre utf\u00f8relsen er \u00e9n ting, men de fantastiske materialvalgene gj\u00f8r det ogs\u00e5 til en klemfavoritt hos barna. Hvis du bare skal kj\u00f8pe ett interi\u00f8rprodukt til barnerommet, er dette det du skal kj\u00f8pe!<\/p>\n<p>Alle tekstiler fra det spanske Numero 74 er vasket med et deilig skyllemiddel med en subtil duft som forsvinner etter f\u00f8rste vask.&nbsp;<\/p>\n<p>Puten er GOTS-sertifisert som sikrer at produktet er \u00f8kologisk, b\u00e6rekraftig og produsert under gode arbeidsforhold. Siden puten er h\u00e5ndlaget kan mindre variasjoner i farge og form forekomme.&nbsp;<\/p>\n<p><strong>M\u00e5l<\/strong>: Finnes i to st\u00f8rrelser:<\/p>\n<ul>\n<li>Liten: 40 x 40 cm<\/li>\n<li>Mellom: 50 x 50 cm<\/li>\n<\/ul>\n<p><strong>Materiale<\/strong>: 100 % \u00f8kologisk GOTS-sertifisert bomull. Fyll: 100% polyester.&nbsp;<\/p>\n<p>Designer: <a href=\"https:\/\/babylove.se\/varumarken\/numero-74\">Numero 74<\/a><\/p>\n","protected":false},"excerpt":{"rendered":"<p>Fantastisk vakker stjernepute i bomull fra utrolig popul\u00e6re Numero 74. Det vakre utf\u00f8relsen er \u00e9n ting, men de fantastiske materialvalgene gj\u00f8r det ogs\u00e5 til en klemfavoritt hos barna. Hvis du bare skal kj\u00f8pe ett interi\u00f8rprodukt til barnerommet, er dette det du skal kj\u00f8pe! Alle tekstiler fra det spanske Numero 74 er vasket med et deilig [&hellip;]<\/p>\n","protected":false},"featured_media":45275,"comment_status":"closed","ping_status":"open","template":"","meta":{"_acf_changed":false},"product_brand":[1313],"product_cat":[1314,105,40],"product_tag":[],"class_list":{"0":"post-45273","1":"product","2":"type-product","3":"status-publish","4":"has-post-thumbnail","6":"product_brand-numero-74","7":"product_cat-numero-74","8":"product_cat-puter","9":"product_cat-soverom-barn","10":"pa_storlek-liten","11":"pa_storlek-mellan","13":"first","14":"outofstock","15":"taxable","16":"shipping-taxable","17":"purchasable","18":"product-type-variable"},"acf":[],"yoast_head":"<!-- This site is optimized with the Yoast SEO Premium plugin v25.8 (Yoast SEO v27.2) - https:\/\/yoast.com\/product\/yoast-seo-premium-wordpress\/ -->\n<title>Numero 74, pute stjerne, Natural - Babylove Norska<\/title>\n<meta name=\"robots\" content=\"noindex, follow, max-snippet:-1, max-image-preview:large, max-video-preview:-1\" \/>\n<meta property=\"og:locale\" content=\"nb_NO\" \/>\n<meta property=\"og:type\" content=\"article\" \/>\n<meta property=\"og:title\" content=\"Numero 74, pute stjerne, Natural\" \/>\n<meta property=\"og:description\" content=\"Fantastisk vakker stjernepute i bomull fra utrolig popul\u00e6re Numero 74. Det vakre utf\u00f8relsen er \u00e9n ting, men de fantastiske materialvalgene gj\u00f8r det ogs\u00e5 til en klemfavoritt hos barna. Hvis du bare skal kj\u00f8pe ett interi\u00f8rprodukt til barnerommet, er dette det du skal kj\u00f8pe! Alle tekstiler fra det spanske Numero 74 er vasket med et deilig [&hellip;]\" \/>\n<meta property=\"og:url\" content=\"https:\/\/babylove.se\/no\/produkt\/nummer-74-pute-stjerne-natural\/\" \/>\n<meta property=\"og:site_name\" content=\"Babylove Norska\" \/>\n<meta property=\"article:modified_time\" content=\"2026-04-08T11:53:33+00:00\" \/>\n<meta property=\"og:image\" content=\"https:\/\/babylove.se\/no\/wp-content\/uploads\/sites\/3\/2025\/07\/633e873686746.jpeg\" \/>\n\t<meta property=\"og:image:width\" content=\"640\" \/>\n\t<meta property=\"og:image:height\" content=\"640\" \/>\n\t<meta property=\"og:image:type\" content=\"image\/jpeg\" \/>\n<meta name=\"twitter:card\" content=\"summary_large_image\" \/>\n<meta name=\"twitter:label1\" content=\"Availability\" \/>\n\t<meta name=\"twitter:data1\" content=\"Out of stock\" \/>\n<script type=\"application\/ld+json\" class=\"yoast-schema-graph\">{\"@context\":\"https:\/\/schema.org\",\"@graph\":[{\"@type\":\"WebPage\",\"@id\":\"https:\/\/babylove.se\/no\/produkt\/nummer-74-pute-stjerne-natural\/\",\"url\":\"https:\/\/babylove.se\/no\/produkt\/nummer-74-pute-stjerne-natural\/\",\"name\":\"Numero 74, pute stjerne, Natural - Babylove Norska\",\"isPartOf\":{\"@id\":\"https:\/\/babylove.se\/no\/#website\"},\"primaryImageOfPage\":{\"@id\":\"https:\/\/babylove.se\/no\/produkt\/nummer-74-pute-stjerne-natural\/#primaryimage\"},\"image\":{\"@id\":\"https:\/\/babylove.se\/no\/produkt\/nummer-74-pute-stjerne-natural\/#primaryimage\"},\"thumbnailUrl\":\"https:\/\/babylove.se\/no\/wp-content\/uploads\/sites\/3\/2025\/07\/633e873686746.jpeg\",\"datePublished\":\"2025-07-19T09:03:11+00:00\",\"dateModified\":\"2026-04-08T11:53:33+00:00\",\"breadcrumb\":{\"@id\":\"https:\/\/babylove.se\/no\/produkt\/nummer-74-pute-stjerne-natural\/#breadcrumb\"},\"inLanguage\":\"nb-NO\",\"potentialAction\":[{\"@type\":\"ReadAction\",\"target\":[\"https:\/\/babylove.se\/no\/produkt\/nummer-74-pute-stjerne-natural\/\"]}]},{\"@type\":\"ImageObject\",\"inLanguage\":\"nb-NO\",\"@id\":\"https:\/\/babylove.se\/no\/produkt\/nummer-74-pute-stjerne-natural\/#primaryimage\",\"url\":\"https:\/\/babylove.se\/no\/wp-content\/uploads\/sites\/3\/2025\/07\/633e873686746.jpeg\",\"contentUrl\":\"https:\/\/babylove.se\/no\/wp-content\/uploads\/sites\/3\/2025\/07\/633e873686746.jpeg\",\"width\":640,\"height\":640},{\"@type\":\"BreadcrumbList\",\"@id\":\"https:\/\/babylove.se\/no\/produkt\/nummer-74-pute-stjerne-natural\/#breadcrumb\",\"itemListElement\":[{\"@type\":\"ListItem\",\"position\":1,\"name\":\"Hem\",\"item\":\"https:\/\/babylove.se\/no\/\"},{\"@type\":\"ListItem\",\"position\":2,\"name\":\"Butik\",\"item\":\"https:\/\/babylove.se\/no\/butik\/\"},{\"@type\":\"ListItem\",\"position\":3,\"name\":\"Numero 74, pute stjerne, Natural\"}]},{\"@type\":\"WebSite\",\"@id\":\"https:\/\/babylove.se\/no\/#website\",\"url\":\"https:\/\/babylove.se\/no\/\",\"name\":\"Babylove Norska\",\"description\":\"\",\"potentialAction\":[{\"@type\":\"SearchAction\",\"target\":{\"@type\":\"EntryPoint\",\"urlTemplate\":\"https:\/\/babylove.se\/no\/?s={search_term_string}\"},\"query-input\":{\"@type\":\"PropertyValueSpecification\",\"valueRequired\":true,\"valueName\":\"search_term_string\"}}],\"inLanguage\":\"nb-NO\"}]}<\/script>\n<meta property=\"product:brand\" content=\"Numero 74\" \/>\n<meta property=\"og:availability\" content=\"out of stock\" \/>\n<meta property=\"product:availability\" content=\"out of stock\" \/>\n<meta property=\"product:retailer_item_id\" content=\"7400000061255\" \/>\n<meta property=\"product:condition\" content=\"new\" \/>\n<!-- \/ Yoast SEO Premium plugin. -->","yoast_head_json":{"title":"Numero 74, pute stjerne, Natural - Babylove Norska","robots":{"index":"noindex","follow":"follow","max-snippet":"max-snippet:-1","max-image-preview":"max-image-preview:large","max-video-preview":"max-video-preview:-1"},"og_locale":"nb_NO","og_type":"article","og_title":"Numero 74, pute stjerne, Natural","og_description":"Fantastisk vakker stjernepute i bomull fra utrolig popul\u00e6re Numero 74. Det vakre utf\u00f8relsen er \u00e9n ting, men de fantastiske materialvalgene gj\u00f8r det ogs\u00e5 til en klemfavoritt hos barna. Hvis du bare skal kj\u00f8pe ett interi\u00f8rprodukt til barnerommet, er dette det du skal kj\u00f8pe! Alle tekstiler fra det spanske Numero 74 er vasket med et deilig [&hellip;]","og_url":"https:\/\/babylove.se\/no\/produkt\/nummer-74-pute-stjerne-natural\/","og_site_name":"Babylove Norska","article_modified_time":"2026-04-08T11:53:33+00:00","og_image":[{"width":640,"height":640,"url":"https:\/\/babylove.se\/no\/wp-content\/uploads\/sites\/3\/2025\/07\/633e873686746.jpeg","type":"image\/jpeg"}],"twitter_card":"summary_large_image","twitter_misc":{"Availability":"Out of stock"},"schema":{"@context":"https:\/\/schema.org","@graph":[{"@type":"WebPage","@id":"https:\/\/babylove.se\/no\/produkt\/nummer-74-pute-stjerne-natural\/","url":"https:\/\/babylove.se\/no\/produkt\/nummer-74-pute-stjerne-natural\/","name":"Numero 74, pute stjerne, Natural - Babylove Norska","isPartOf":{"@id":"https:\/\/babylove.se\/no\/#website"},"primaryImageOfPage":{"@id":"https:\/\/babylove.se\/no\/produkt\/nummer-74-pute-stjerne-natural\/#primaryimage"},"image":{"@id":"https:\/\/babylove.se\/no\/produkt\/nummer-74-pute-stjerne-natural\/#primaryimage"},"thumbnailUrl":"https:\/\/babylove.se\/no\/wp-content\/uploads\/sites\/3\/2025\/07\/633e873686746.jpeg","datePublished":"2025-07-19T09:03:11+00:00","dateModified":"2026-04-08T11:53:33+00:00","breadcrumb":{"@id":"https:\/\/babylove.se\/no\/produkt\/nummer-74-pute-stjerne-natural\/#breadcrumb"},"inLanguage":"nb-NO","potentialAction":[{"@type":"ReadAction","target":["https:\/\/babylove.se\/no\/produkt\/nummer-74-pute-stjerne-natural\/"]}]},{"@type":"ImageObject","inLanguage":"nb-NO","@id":"https:\/\/babylove.se\/no\/produkt\/nummer-74-pute-stjerne-natural\/#primaryimage","url":"https:\/\/babylove.se\/no\/wp-content\/uploads\/sites\/3\/2025\/07\/633e873686746.jpeg","contentUrl":"https:\/\/babylove.se\/no\/wp-content\/uploads\/sites\/3\/2025\/07\/633e873686746.jpeg","width":640,"height":640},{"@type":"BreadcrumbList","@id":"https:\/\/babylove.se\/no\/produkt\/nummer-74-pute-stjerne-natural\/#breadcrumb","itemListElement":[{"@type":"ListItem","position":1,"name":"Hem","item":"https:\/\/babylove.se\/no\/"},{"@type":"ListItem","position":2,"name":"Butik","item":"https:\/\/babylove.se\/no\/butik\/"},{"@type":"ListItem","position":3,"name":"Numero 74, pute stjerne, Natural"}]},{"@type":"WebSite","@id":"https:\/\/babylove.se\/no\/#website","url":"https:\/\/babylove.se\/no\/","name":"Babylove Norska","description":"","potentialAction":[{"@type":"SearchAction","target":{"@type":"EntryPoint","urlTemplate":"https:\/\/babylove.se\/no\/?s={search_term_string}"},"query-input":{"@type":"PropertyValueSpecification","valueRequired":true,"valueName":"search_term_string"}}],"inLanguage":"nb-NO"}]},"product_brand":"Numero 74","og_availability":"out of stock","product_availability":"out of stock","product_retailer_item_id":"7400000061255","product_condition":"new"},"_links":{"self":[{"href":"https:\/\/babylove.se\/no\/wp-json\/wp\/v2\/product\/45273","targetHints":{"allow":["GET"]}}],"collection":[{"href":"https:\/\/babylove.se\/no\/wp-json\/wp\/v2\/product"}],"about":[{"href":"https:\/\/babylove.se\/no\/wp-json\/wp\/v2\/types\/product"}],"replies":[{"embeddable":true,"href":"https:\/\/babylove.se\/no\/wp-json\/wp\/v2\/comments?post=45273"}],"wp:featuredmedia":[{"embeddable":true,"href":"https:\/\/babylove.se\/no\/wp-json\/wp\/v2\/media\/45275"}],"wp:attachment":[{"href":"https:\/\/babylove.se\/no\/wp-json\/wp\/v2\/media?parent=45273"}],"wp:term":[{"taxonomy":"product_brand","embeddable":true,"href":"https:\/\/babylove.se\/no\/wp-json\/wp\/v2\/product_brand?post=45273"},{"taxonomy":"product_cat","embeddable":true,"href":"https:\/\/babylove.se\/no\/wp-json\/wp\/v2\/product_cat?post=45273"},{"taxonomy":"product_tag","embeddable":true,"href":"https:\/\/babylove.se\/no\/wp-json\/wp\/v2\/product_tag?post=45273"}],"curies":[{"name":"wp","href":"https:\/\/api.w.org\/{rel}","templated":true}]}}